{"id":9248,"date":"2025-10-10T12:13:17","date_gmt":"2025-10-10T12:13:17","guid":{"rendered":"https:\/\/canserrat.org\/?page_id=9248"},"modified":"2025-10-10T12:19:23","modified_gmt":"2025-10-10T12:19:23","slug":"critical-reading","status":"publish","type":"page","link":"https:\/\/canserrat.org\/es\/critical-reading","title":{"rendered":"CRITICAL READING"},"content":{"rendered":"<img decoding=\"async\" loading=\"lazy\" class=\" wp-image-9230 aligncenter\" src=\"http:\/\/canserrat.org\/wp-content\/uploads\/2025\/10\/POST-5-240x300.png\" alt=\"\" width=\"277\" height=\"346\" srcset=\"https:\/\/canserrat.org\/wp-content\/uploads\/2025\/10\/POST-5-240x300.png 240w, https:\/\/canserrat.org\/wp-content\/uploads\/2025\/10\/POST-5-819x1024.png 819w, https:\/\/canserrat.org\/wp-content\/uploads\/2025\/10\/POST-5.png 1080w\" sizes=\"(max-width: 277px) 100vw, 277px\" \/><\/p>\n<p>&nbsp;<\/p>\n<p><span style=\"font-weight: 400;\">Sesiones individuales de lectura cr\u00edtica de manuscritos o proyectos en curso (solo proyecto narrativo y ensayo).<\/span><\/p>\n<p><span style=\"font-weight: 400;\">Critical Reading es la tutor\u00eda para ti si necesitas feedback sobre un texto en particular<\/span><\/p>\n<p>El coste es de 350\u20ac (hasta 100 p\u00e1ginas).<\/p>\n<p>&nbsp;<\/p>\n<p><strong>TUTORAS:\u00a0<\/strong><\/p>\n<p><b>SOPHIE BLAIS<\/b><b><br \/>\n<\/b><i><span style=\"font-weight: 400;\">Idiomas: ingl\u00e9s, franc\u00e9s, espa\u00f1ol, catal\u00e1n<\/span><\/i><\/p>\n<p><span style=\"font-weight: 400;\">Sophie es gestora cultural y directora de Can Serrat. Estudi\u00f3 artes visuales en la Universidad de Estrasburgo y fotograf\u00eda en la escuela ICART-Photo de Par\u00eds. Complet\u00f3 m\u00e1sters en estudios cinematogr\u00e1ficos y fotogr\u00e1ficos, as\u00ed como en gesti\u00f3n y mediaci\u00f3n cultural en la Universidad Louis Lumi\u00e8re de Lyon. Entre 2010 y 2015, trabaj\u00f3 simult\u00e1neamente como fot\u00f3grafa para un diario regional y como mediadora en el campo del arte contempor\u00e1neo, la literatura y la edici\u00f3n. Trabaj\u00f3 para el Museo Nicephore Ni\u00e9pce, el LUX Art Center, las Rencontres Internationales de la Photographie de Arles y el Creux de l\u2019Enfer.<\/span><\/p>\n<p><span style=\"font-weight: 400;\">Desde 2015, trabaja en Can Serrat, centrando su atenci\u00f3n en la obtenci\u00f3n de financiaci\u00f3n p\u00fablica para la residencia y para los artistas\/escritores residentes. Sophie tambi\u00e9n ha establecido colaboraciones con varios programas culturales y educativos tanto a nivel nacional como internacional, con el objetivo de mejorar el proceso de mentor\u00eda creativa para los artistas y escritores residentes. Algunas colaboraciones destacadas incluyen Artists at Risk, Artist Protection Fund, el Ministerio de Cultura de Taipei y EESI Poitiers-Angoul\u00eame.<\/span><\/p>\n<p><span style=\"font-weight: 400;\">Desde 2020, con la creaci\u00f3n del programa REMOTA en colaboraci\u00f3n con guion_bajo, Sophie ha mostrado inter\u00e9s en expandir la atenci\u00f3n comunitaria y la mentor\u00eda de procesos para los artistas y escritores. Adem\u00e1s, como parte de su investigaci\u00f3n y su inter\u00e9s personal en el desarrollo del programa CRUCERO, realiz\u00f3 un proceso de coaching profesional de tres meses en 2022 con una graduada reciente del programa de certificaci\u00f3n HEC.<\/span><\/p>\n<p><span style=\"font-weight: 400;\">Sophie dedica una parte significativa de su tiempo de trabajo a participar en conversaciones con artistas y escritores sobre sus proyectos, procesos y carreras en general. Tiene una naturaleza inquisitiva y pasa tiempo observando y reflexionando sobre su entorno, abordando la realidad con una perspectiva filos\u00f3fica y emp\u00e1tica.<\/span><\/p>\n<p>&nbsp;<\/p>\n<p><b>SARAH GOODCHILD ROBB<\/b><i><span style=\"font-weight: 400;\"><br \/>\n<\/span><\/i><i><span style=\"font-weight: 400;\">Idiomas: ingl\u00e9s.<\/span><\/i><\/p>\n<p><span style=\"font-weight: 400;\">Sarah Goodchild Robb es la Coordinadora de Programaci\u00f3n en Can Serrat. Obtuvo su licenciatura en Historia del Arte y Franc\u00e9s en Bard College en Simon\u2019s Rock y complet\u00f3 un MFA en Pr\u00e1ctica de Estudio en The City College de Nueva York, CUNY. All\u00ed fue nominada para una beca de Maestr\u00eda de la Dedalus Foundation y recibi\u00f3 la beca Therese Ralston McCabe Connor Award Study Abroad, que le permiti\u00f3 realizar una residencia en Picture Berlin en Alemania. Mientras completaba su maestr\u00eda, realiz\u00f3 una pasant\u00eda de investigaci\u00f3n en el Whitney Museum of American Art en Nueva York. Antes de sus estudios, trabaj\u00f3 como administradora de arte y educadora en una organizaci\u00f3n sin fines de lucro en Portland, OR. En 2018, cofund\u00f3 MODS con la artista visual Maria Kim (2018-2023), una iniciativa internacional de apoyo virtual para artistas en activo.<\/span><\/p>\n<p><span style=\"font-weight: 400;\">Los proyectos e intereses especiales en la residencia incluyen la gesti\u00f3n de Narrativa Colectiva, una residencia tem\u00e1tica de co-creaci\u00f3n; Other Tongue, un taller experimental de traducci\u00f3n; y la edici\u00f3n y redacci\u00f3n del cat\u00e1logo bienal. En 2021, complet\u00f3 un curso de Cr\u00edtica de Arte y Redacci\u00f3n con Node Curatorial Studies Online para perfeccionar sus propias habilidades de escritura y creatividad. Durante los \u00faltimos a\u00f1os, ha le\u00eddo miles de solicitudes al servir en todos los jurados de Can Serrat tanto para el arte contempor\u00e1neo como para las presentaciones de escritura. Escribir sobre el propio trabajo es una habilidad importante que se asemeja a un acto de traducci\u00f3n. A Sarah le gusta ayudar a las personas a editar sus declaraciones, descripciones de proyectos, subvenciones y solicitudes en una prosa clara y accesible de una manera relajada y colaborativa que comienza con una conversaci\u00f3n sobre d\u00f3nde se encuentran en su pr\u00e1ctica.<\/span><\/p>\n<p>&nbsp;<\/p>\n<p><b>NATALIA ROMERO<\/b><i><span style=\"font-weight: 400;\"><br \/>\n<\/span><\/i><i><span style=\"font-weight: 400;\">Idiomas: espa\u00f1ol<\/span><\/i><\/p>\n<p><span style=\"font-weight: 400;\">Ha publicado los libros de poes\u00eda \u201cPuede que la muerte mienta\u201d (P\u00e1nico el p\u00e1nico), \u201cEl principio luminoso\u201d y \u201cEl amor sostiene el peso de la noche\u201d (Caleta Olivia), as\u00ed como los libros para la infancia \u201cABC\u201d, \u201cMi primera cocina\u201d (Periplo), \u201cD\u00f3nde est\u00e1 lo que no est\u00e1\u201d (Syncretic Press) y el ensayo \u201cEl otro lado de las cosas. La poes\u00eda como restauraci\u00f3n de una voz en la obra de Diana Bellessi\u201d (Blatt&amp;R\u00edos).<\/span><\/p>\n<p><span style=\"font-weight: 400;\">Es Licenciada en Ciencias de la Comunicaci\u00f3n (UBA) y Mag\u00edster en Escritura Creativa (UNTREF). Obtuvo la Beca Creaci\u00f3n y de Finalizaci\u00f3n de Proyecto del FNA para trabajar en su primera novela, \u201cEl precioso ruido de un coraz\u00f3n\u201d, y la beca Can Serrat para participar en la residencia de artistas en El Bruc (Barcelona) con el mismo proyecto. Participa como docente del programa de formaci\u00f3n de artistas PAC (Galer\u00eda Gachi Prieto) y coordina talleres de escritura desde 2014.<\/span><\/p>\n<p>&nbsp;<\/p>\n<p><b>PAOLA CABALLERO DAZA<\/b><i><span style=\"font-weight: 400;\"><br \/>\n<\/span><\/i><i><span style=\"font-weight: 400;\">Idiomas: espa\u00f1ol<\/span><\/i><\/p>\n<p><span style=\"font-weight: 400;\">Es gestora cultural, escritora, fundadora y directora de la fundaci\u00f3n guion bajo, as\u00ed como lectora y coordinadora del programa Cruceros (en espa\u00f1ol). Estudi\u00f3 literatura (Uniandes, Col.), complet\u00f3 un m\u00e1ster en Estudios de Asia y \u00c1frica (Colmex) y obtuvo un diploma en Escrituras Expandidas: lenguaje, ciencia y arte (Unam, M\u00e9x). Actualmente cursa el M\u00e1ster en Creaci\u00f3n literaria (UBF, Barcelona). Ha ejercido como pre-lectora, lectora y miembro de jurados para diversas becas, premios e incentivos nacionales e internacionales.<\/span><\/p>\n<p><span style=\"font-weight: 400;\">Entre sus publicaciones destaca &#8220;Voy y vengo&#8221; (El Peregrino Ediciones, 2015). Su novela \u201cCamas gemelas\u201d (Caj\u00f3n de sastre, 2020) fue finalista del Premio Nacional de Novela (MinCultura, Col, 2022), con traducciones en proceso al \u00e1rabe (Madarat for Research and Publishing) y al griego (World books).<\/span>","protected":false},"excerpt":{"rendered":"<p>&nbsp; Sesiones individuales de lectura cr\u00edtica de manuscritos o proyectos en curso (solo proyecto narrativo y ensayo). Critical Reading es la tutor\u00eda para ti si necesitas feedback sobre un texto en particular El coste es de 350\u20ac (hasta 100 p\u00e1ginas). &hellip; <a href=\"https:\/\/canserrat.org\/es\/critical-reading\">Continuar<\/a><\/p>\n","protected":false},"author":4,"featured_media":0,"parent":0,"menu_order":0,"comment_status":"closed","ping_status":"closed","template":"","meta":{"_monsterinsights_skip_tracking":false,"_monsterinsights_sitenote_active":false,"_monsterinsights_sitenote_note":"","_monsterinsights_sitenote_category":0,"footnotes":""},"_links":{"self":[{"href":"https:\/\/canserrat.org\/es\/wp-json\/wp\/v2\/pages\/9248"}],"collection":[{"href":"https:\/\/canserrat.org\/es\/wp-json\/wp\/v2\/pages"}],"about":[{"href":"https:\/\/canserrat.org\/es\/wp-json\/wp\/v2\/types\/page"}],"author":[{"embeddable":true,"href":"https:\/\/canserrat.org\/es\/wp-json\/wp\/v2\/users\/4"}],"replies":[{"embeddable":true,"href":"https:\/\/canserrat.org\/es\/wp-json\/wp\/v2\/comments?post=9248"}],"version-history":[{"count":3,"href":"https:\/\/canserrat.org\/es\/wp-json\/wp\/v2\/pages\/9248\/revisions"}],"predecessor-version":[{"id":9251,"href":"https:\/\/canserrat.org\/es\/wp-json\/wp\/v2\/pages\/9248\/revisions\/9251"}],"wp:attachment":[{"href":"https:\/\/canserrat.org\/es\/wp-json\/wp\/v2\/media?parent=9248"}],"curies":[{"name":"wp","href":"https:\/\/api.w.org\/{rel}","templated":true}]}}