{"id":9190,"date":"2025-10-09T14:22:06","date_gmt":"2025-10-09T14:22:06","guid":{"rendered":"https:\/\/canserrat.org\/?page_id=9190"},"modified":"2025-10-10T11:44:07","modified_gmt":"2025-10-10T11:44:07","slug":"vidriera","status":"publish","type":"page","link":"https:\/\/canserrat.org\/es\/espanol-cruceros\/vidriera","title":{"rendered":"VIDRIERA"},"content":{"rendered":"<img decoding=\"async\" loading=\"lazy\" class=\" wp-image-9229 aligncenter\" src=\"http:\/\/canserrat.org\/wp-content\/uploads\/2025\/10\/POST-4-240x300.png\" alt=\"\" width=\"285\" height=\"356\" srcset=\"https:\/\/canserrat.org\/wp-content\/uploads\/2025\/10\/POST-4-240x300.png 240w, https:\/\/canserrat.org\/wp-content\/uploads\/2025\/10\/POST-4-819x1024.png 819w, https:\/\/canserrat.org\/wp-content\/uploads\/2025\/10\/POST-4.png 1080w\" sizes=\"(max-width: 285px) 100vw, 285px\" \/><\/p>\n<p>&nbsp;<\/p>\n<p><span style=\"font-weight: 400;\">Sesiones personalizadas con una experta en comunicaci\u00f3n para ayudar a les artistas en el proceso de narrarse a s\u00ed mismes con el objetivo de optimizar sus recursos y maximizar el potencial de su trabajo.<\/span><\/p>\n<p><span style=\"font-weight: 400;\">Vidriera no propone una receta homog\u00e9nea, sino todo lo contrario: una estrategia \u00fanica para cada persona seg\u00fan sus recursos y objetivos.<\/span><\/p>\n<p>&nbsp;<\/p>\n<p><span style=\"font-weight: 400;\">Vidriera es la tutor\u00eda para ti si te sientes perdida o paralizada por el agobiante entorno digital, si no est\u00e1s c\u00f3moda con c\u00f3mo te muestras en RRSS, o si simplemente te gustar\u00eda tener m\u00e1s herramientas para comunicarte y\/o feedback personalizado sobre tu web o presencia en RRSS.\u00a0<\/span><\/p>\n<p><span style=\"font-weight: 400;\">Las sesiones duran una hora y se recomienda hacer dos como m\u00ednimo.<\/span><\/p>\n<p>Coste de la sesi\u00f3n, 60\u20ac.<\/p>\n<p>&nbsp;<\/p>\n<p><strong>TUTORA:<\/strong><\/p>\n<p><b>ANA NEMIROVSKY<\/b><i><span style=\"font-weight: 400;\"><br \/>\n<\/span><\/i><i><span style=\"font-weight: 400;\">Idiomas: espa\u00f1ol, ingl\u00e9s, catal\u00e1n.<\/span><\/i><\/p>\n<p><span style=\"font-weight: 400;\">Es Licenciada en Ciencias Pol\u00edticas (UBA), curs\u00f3 la Diplomatura en Comunicaci\u00f3n Pol\u00edtica y Educaci\u00f3n Medi\u00e1tica (CLACSO) y actualmente estudia el M\u00e1ster en escritura de gui\u00f3n audiovisual (UB-UDL). Tambi\u00e9n se form\u00f3 en la Carrera Corta de Historia del Arte (AAMNBA) y cursos de Periodismo Narrativo (Revista Anfibia).<\/span><\/p>\n<p><span style=\"font-weight: 400;\">Co-cre\u00f3 y administr\u00f3 el proyecto curatorial @amordel2000, con m\u00e1s de 200 mil seguidores en Instagram. Dict\u00f3 un curso de Teor\u00eda Feminista orientado a artistas y realiz\u00f3 consultorias de comunicaci\u00f3n para ONGs y medios de comunicaci\u00f3n. Se desempe\u00f1\u00f3 como creadora de contenidos period\u00edsticos en Cosecha Roja y produjo el video ensayo \u201c\u00bfQui\u00e9nes son los due\u00f1os de los medios de comunicaci\u00f3n en Argentina?\u201d. En 2022 obtuvo el Premio Juana Manso a la Comunicaci\u00f3n Feminista en la categor\u00eda Redes Sociales. Actualmente es la Responsable de Comunicaci\u00f3n de Can Serrat.<\/span>","protected":false},"excerpt":{"rendered":"<p>&nbsp; Sesiones personalizadas con una experta en comunicaci\u00f3n para ayudar a les artistas en el proceso de narrarse a s\u00ed mismes con el objetivo de optimizar sus recursos y maximizar el potencial de su trabajo. Vidriera no propone una receta &hellip; <a href=\"https:\/\/canserrat.org\/es\/espanol-cruceros\/vidriera\">Continuar<\/a><\/p>\n","protected":false},"author":4,"featured_media":0,"parent":7857,"menu_order":0,"comment_status":"closed","ping_status":"closed","template":"","meta":{"_monsterinsights_skip_tracking":false,"_monsterinsights_sitenote_active":false,"_monsterinsights_sitenote_note":"","_monsterinsights_sitenote_category":0,"footnotes":""},"_links":{"self":[{"href":"https:\/\/canserrat.org\/es\/wp-json\/wp\/v2\/pages\/9190"}],"collection":[{"href":"https:\/\/canserrat.org\/es\/wp-json\/wp\/v2\/pages"}],"about":[{"href":"https:\/\/canserrat.org\/es\/wp-json\/wp\/v2\/types\/page"}],"author":[{"embeddable":true,"href":"https:\/\/canserrat.org\/es\/wp-json\/wp\/v2\/users\/4"}],"replies":[{"embeddable":true,"href":"https:\/\/canserrat.org\/es\/wp-json\/wp\/v2\/comments?post=9190"}],"version-history":[{"count":5,"href":"https:\/\/canserrat.org\/es\/wp-json\/wp\/v2\/pages\/9190\/revisions"}],"predecessor-version":[{"id":9237,"href":"https:\/\/canserrat.org\/es\/wp-json\/wp\/v2\/pages\/9190\/revisions\/9237"}],"up":[{"embeddable":true,"href":"https:\/\/canserrat.org\/es\/wp-json\/wp\/v2\/pages\/7857"}],"wp:attachment":[{"href":"https:\/\/canserrat.org\/es\/wp-json\/wp\/v2\/media?parent=9190"}],"curies":[{"name":"wp","href":"https:\/\/api.w.org\/{rel}","templated":true}]}}