{"id":9185,"date":"2025-10-09T13:54:52","date_gmt":"2025-10-09T13:54:52","guid":{"rendered":"https:\/\/canserrat.org\/?page_id=9185"},"modified":"2025-10-10T12:09:12","modified_gmt":"2025-10-10T12:09:12","slug":"co-pilot","status":"publish","type":"page","link":"https:\/\/canserrat.org\/es\/espanol-cruceros\/co-pilot","title":{"rendered":"CO-PILOT"},"content":{"rendered":"<img decoding=\"async\" loading=\"lazy\" class=\" wp-image-9227 aligncenter\" src=\"http:\/\/canserrat.org\/wp-content\/uploads\/2025\/10\/POST-2-240x300.png\" alt=\"\" width=\"298\" height=\"373\" srcset=\"https:\/\/canserrat.org\/wp-content\/uploads\/2025\/10\/POST-2-240x300.png 240w, https:\/\/canserrat.org\/wp-content\/uploads\/2025\/10\/POST-2-819x1024.png 819w, https:\/\/canserrat.org\/wp-content\/uploads\/2025\/10\/POST-2.png 1080w\" sizes=\"(max-width: 298px) 100vw, 298px\" \/><\/p>\n<p>&nbsp;<\/p>\n<p><span style=\"font-weight: 400;\">Sesi\u00f3n individualizada con un coach para acompa\u00f1ar un momento espec\u00edfico de la carrera art\u00edstica o literaria. Las sesiones ofrecer\u00e1n apoyo emocional, facilitar\u00e1n el desarrollo profesional y permitir\u00e1n que las personas alcancen sus aspiraciones.<\/span><\/p>\n<p><span style=\"font-weight: 400;\">Co-pilot es la tutor\u00eda para ti si buscas un acompa\u00f1amiento a mediano plazo, un co-piloto para un tramo de la ruta. Co-pilot es alguien que te da la mano y te brinda la confianza necesaria para continuar tu camino.<\/span><\/p>\n<p><span style=\"font-weight: 400;\">Sesiones de 1 hora (primera sesi\u00f3n, 1 hora y 30 minutos). Se recomienda hacer cinco sesiones como m\u00ednimo.<\/span><\/p>\n<p>Primera sesi\u00f3n 80 \u20ac (1h30) \u2013 luego, 60 \u20ac<\/p>\n<p>&nbsp;<\/p>\n<p><span style=\"font-weight: 400;\">\u00a0<\/span><b>TUTORES:<\/b><\/p>\n<p><b>SOPHIE BLAIS<\/b><b><br \/>\n<\/b><i><span style=\"font-weight: 400;\">Idiomas: ingl\u00e9s, franc\u00e9s, espa\u00f1ol, catal\u00e1n<\/span><\/i><\/p>\n<p><span style=\"font-weight: 400;\">Sophie es gestora cultural y directora de Can Serrat. Estudi\u00f3 artes visuales en la Universidad de Estrasburgo y fotograf\u00eda en la escuela ICART-Photo de Par\u00eds. Complet\u00f3 m\u00e1sters en estudios cinematogr\u00e1ficos y fotogr\u00e1ficos, as\u00ed como en gesti\u00f3n y mediaci\u00f3n cultural en la Universidad Louis Lumi\u00e8re de Lyon. Entre 2010 y 2015, trabaj\u00f3 simult\u00e1neamente como fot\u00f3grafa para un diario regional y como mediadora en el campo del arte contempor\u00e1neo, la literatura y la edici\u00f3n. Trabaj\u00f3 para el Museo Nicephore Ni\u00e9pce, el LUX Art Center, las Rencontres Internationales de la Photographie de Arles y el Creux de l\u2019Enfer.<\/span><\/p>\n<p><span style=\"font-weight: 400;\">Desde 2015, trabaja en Can Serrat, centrando su atenci\u00f3n en la obtenci\u00f3n de financiaci\u00f3n p\u00fablica para la residencia y para los artistas\/escritores residentes. Sophie tambi\u00e9n ha establecido colaboraciones con varios programas culturales y educativos tanto a nivel nacional como internacional, con el objetivo de mejorar el proceso de mentor\u00eda creativa para los artistas y escritores residentes. Algunas colaboraciones destacadas incluyen Artists at Risk, Artist Protection Fund, el Ministerio de Cultura de Taipei y EESI Poitiers-Angoul\u00eame.<\/span><\/p>\n<p><span style=\"font-weight: 400;\">Desde 2020, con la creaci\u00f3n del programa REMOTA en colaboraci\u00f3n con guion_bajo, Sophie ha mostrado inter\u00e9s en expandir la atenci\u00f3n comunitaria y la mentor\u00eda de procesos para los artistas y escritores. Adem\u00e1s, como parte de su investigaci\u00f3n y su inter\u00e9s personal en el desarrollo del programa CRUCERO, realiz\u00f3 un proceso de coaching profesional de tres meses en 2022 con una graduada reciente del programa de certificaci\u00f3n HEC.<\/span><\/p>\n<p><span style=\"font-weight: 400;\">Sophie dedica una parte significativa de su tiempo de trabajo a participar en conversaciones con artistas y escritores sobre sus proyectos, procesos y carreras en general. Tiene una naturaleza inquisitiva y pasa tiempo observando y reflexionando sobre su entorno, abordando la realidad con una perspectiva filos\u00f3fica y emp\u00e1tica.<\/span><\/p>\n<p data-start=\"175\" data-end=\"636\">\n<p data-start=\"175\" data-end=\"636\"><b>ELY DAOU<\/b><b><br \/>\n<\/b><i><span style=\"font-weight: 400;\">Idiomas: ingl\u00e9s, franc\u00e9s<\/span><\/i><\/p>\n<p data-start=\"175\" data-end=\"636\">Su obra explora la condici\u00f3n humana y la experiencia de la persistencia. A menudo parte de preguntas, h\u00e1bitos y datos personales, desarrollando procesos de largo plazo que se despliegan a trav\u00e9s de acciones duracionales y resultados visuales. Su pr\u00e1ctica incluye performance y trabajos conceptuales definidos por estrictas reglas autoimpuestas, que con frecuencia se acercan deliberadamente a lo absurdo: repetir sin prop\u00f3sito, continuar m\u00e1s all\u00e1 de la raz\u00f3n.<\/p>\n<p data-start=\"638\" data-end=\"891\">M\u00e1s que ofrecer respuestas o resultados, su trabajo abraza la contradicci\u00f3n y deja que el gesto hable por s\u00ed mismo. Se resiste a los significados impuestos y genera un espacio para la incertidumbre, mientras la acci\u00f3n contin\u00faa sin necesitar un motivo.<\/p>\n<p data-start=\"893\" data-end=\"1130\">Desde hace m\u00e1s de una d\u00e9cada trabaja a tiempo completo como artista independiente, sin una base fija ni ingresos estables, rechazando conscientemente roles que comprometan su tiempo o reduzcan su pr\u00e1ctica a una l\u00f3gica de productividad.<\/p>\n<p data-start=\"1132\" data-end=\"1572\">Tambi\u00e9n cuenta con experiencia en tutor\u00edas y acompa\u00f1amiento cr\u00edtico de artistas, entre ellos en <em data-start=\"1228\" data-end=\"1258\">Met\u00e0fora Studio Arts Program<\/em> y en la residencia art\u00edstica <em data-start=\"1288\" data-end=\"1300\">Can Serrat<\/em>, donde su enfoque promueve la reflexi\u00f3n, la claridad de intenci\u00f3n y la libertad de permanecer en la duda. Adem\u00e1s, ha formado parte de jurados de selecci\u00f3n para residencias y convocatorias, aportando la misma atenci\u00f3n y cuidado en la evaluaci\u00f3n de propuestas art\u00edsticas.<\/p>\n<p>&nbsp;<\/p>\n<p><b>TAMY KOGAN<\/b><i><span style=\"font-weight: 400;\"><br \/>\n<\/span><\/i><i><span style=\"font-weight: 400;\">Idiomas: espa\u00f1ol, ingl\u00e9s<\/span><\/i><\/p>\n<p><span style=\"font-weight: 400;\">Tamy (ellos\/ellas)Tamy (elle) es psic\u00f3logx, escritorx y artista de Argentina que realiza una pr\u00e1ctica transdisciplinaria centrada en la identidad y situada en la intersecci\u00f3n del artivismo, los derechos humanos, las diversidades y la salud mental. Comenz\u00f3 a trabajar en psicolog\u00eda cl\u00ednica cl\u00ednico en 2012 y convirti\u00e9ndose en referente de g\u00e9nero en diversos \u00e1mbitos, como la Red de Psic\u00f3logxs Feministas de Argentina, acompa\u00f1ando a personas de la comunidad LGBTQ+, no mon\u00f3gama, artistas, escritores, personas que viven en el extranjero e identidades disidentes.<\/span><\/p>\n<p><span style=\"font-weight: 400;\">Tamy integra las artes y la psicolog\u00eda considerando el proceso terap\u00e9utico como un proceso creativo en s\u00ed mismo, y facilitando espacios abiertos co-creados donde es posible aportar cualquier pieza art\u00edstica o expresiva para trabajar. Trabajando desde una perspectiva de despatologizaci\u00f3n y descentralizaci\u00f3n del poder, considera que cada persona es una experta en s\u00ed misma y su vida, y acompa\u00f1a esos caminos mediante conversaciones terap\u00e9uticas, pr\u00e1cticas narrativas, t\u00e9cnicas corporales y diferentes enfoques psicol\u00f3gicos de acuerdo con la singularidad y preferencias de la persona\/situaci\u00f3n. Puedes consultar m\u00e1s sobre el trabajo de Tamy aqu\u00ed:<\/span><a href=\"https:\/\/tamarakogan.webflow.io\/bio\"> <i><span style=\"font-weight: 400;\">https:\/\/tamarakogan.webflow.io\/bio<\/span><\/i><\/a><span style=\"font-weight: 400;\">.<\/span><\/p>\n<p><span style=\"font-weight: 400;\">\u00a0<\/span><\/p>\n<p><b>DORIAN BRAUN<\/b><i><span style=\"font-weight: 400;\"><br \/>\n<\/span><\/i><i><span style=\"font-weight: 400;\">Idiomas: ingl\u00e9s<\/span><\/i><\/p>\n<p><span style=\"font-weight: 400;\">Su formaci\u00f3n principal es en coaching del desarrollo, y tiene una acreditaci\u00f3n de Practicante Senior con el Consejo Europeo de Mentor\u00eda y Coaching (EMCC). Obtuvo una Distinci\u00f3n a nivel de m\u00e1ster en Coaching y Mentor\u00eda en la Universidad Oxford Brooks, y ha presentado su investigaci\u00f3n en la Conferencia Internacional de Coaching y Mentor\u00eda. Adem\u00e1s, sus art\u00edculos se han publicado en la revista l\u00edder entre profesionales, Coaching at Work, y en la revista acad\u00e9mica International Journal of Evidence-Based Coaching and Mentoring.<\/span><\/p>\n<p><span style=\"font-weight: 400;\">Como artista, Dorian se gradu\u00f3 con honores de 1a clase en Bellas Artes en Duncan of Jordanstone College of Art, y a partir de ah\u00ed recibi\u00f3 m\u00faltiples premios, incluyendo el Friends of the Royal Scottish Academy y la John Kinross Scholarship (tambi\u00e9n de la RSA). Despu\u00e9s de la beca, expuso por toda Europa y Escocia, incluyendo el RSA New Contemporaries y el Platform en Edimburgo, as\u00ed como la Bienal de Twente en Holanda. Recientemente, complet\u00f3 una residencia con el Bothy Project en la isla de Eigg en 2022. Actualmente trabaja como coach y es uno de los directores fundadores de Kinder Croft CIC, una escuela forestal en la costa noroeste de Escocia. Tambi\u00e9n fue uno de los directores fundadores de The Project Caf\u00e9 CIC, una organizaci\u00f3n de arte comunitario en el centro de Glasgow.<\/span>","protected":false},"excerpt":{"rendered":"<p>&nbsp; Sesi\u00f3n individualizada con un coach para acompa\u00f1ar un momento espec\u00edfico de la carrera art\u00edstica o literaria. Las sesiones ofrecer\u00e1n apoyo emocional, facilitar\u00e1n el desarrollo profesional y permitir\u00e1n que las personas alcancen sus aspiraciones. Co-pilot es la tutor\u00eda para ti &hellip; <a href=\"https:\/\/canserrat.org\/es\/espanol-cruceros\/co-pilot\">Continuar<\/a><\/p>\n","protected":false},"author":4,"featured_media":0,"parent":7857,"menu_order":0,"comment_status":"closed","ping_status":"closed","template":"","meta":{"_monsterinsights_skip_tracking":false,"_monsterinsights_sitenote_active":false,"_monsterinsights_sitenote_note":"","_monsterinsights_sitenote_category":0,"footnotes":""},"_links":{"self":[{"href":"https:\/\/canserrat.org\/es\/wp-json\/wp\/v2\/pages\/9185"}],"collection":[{"href":"https:\/\/canserrat.org\/es\/wp-json\/wp\/v2\/pages"}],"about":[{"href":"https:\/\/canserrat.org\/es\/wp-json\/wp\/v2\/types\/page"}],"author":[{"embeddable":true,"href":"https:\/\/canserrat.org\/es\/wp-json\/wp\/v2\/users\/4"}],"replies":[{"embeddable":true,"href":"https:\/\/canserrat.org\/es\/wp-json\/wp\/v2\/comments?post=9185"}],"version-history":[{"count":6,"href":"https:\/\/canserrat.org\/es\/wp-json\/wp\/v2\/pages\/9185\/revisions"}],"predecessor-version":[{"id":9247,"href":"https:\/\/canserrat.org\/es\/wp-json\/wp\/v2\/pages\/9185\/revisions\/9247"}],"up":[{"embeddable":true,"href":"https:\/\/canserrat.org\/es\/wp-json\/wp\/v2\/pages\/7857"}],"wp:attachment":[{"href":"https:\/\/canserrat.org\/es\/wp-json\/wp\/v2\/media?parent=9185"}],"curies":[{"name":"wp","href":"https:\/\/api.w.org\/{rel}","templated":true}]}}