{"id":8930,"date":"2025-07-09T09:50:57","date_gmt":"2025-07-09T09:50:57","guid":{"rendered":"https:\/\/canserrat.org\/?page_id=8930"},"modified":"2026-01-29T14:03:01","modified_gmt":"2026-01-29T14:03:01","slug":"rolling-artist-residency-2026-barcelona","status":"publish","type":"page","link":"https:\/\/canserrat.org\/es\/rolling-artist-residency-2026-barcelona","title":{"rendered":"Rolling Residency"},"content":{"rendered":"<span style=\"font-weight: 400;\">Can Serrat, de aproximadamente <\/span>1.187 m\u00b2<span style=\"font-weight: 400;\">, es una antigua mas\u00eda catalana cl\u00e1sica situada en El Bruc, un peque\u00f1o pueblo a los pies de la monta\u00f1a de Montserrat, a 45 km de Barcelona. La casa fue adquirida en 1989 por once artistas noruegos, que iniciaron un largo proceso de renovaci\u00f3n.<\/span><\/p>\n<p><span style=\"font-weight: 400;\">El entorno natural es una parte fundamental de la experiencia: un agradable paseo te lleva desde la casa hasta el pie de la monta\u00f1a, con vistas abiertas a las agujas de Montserrat. Can Serrat ofrece diversos espacios de trabajo y talleres en un contexto natural intenso y cambiante.<\/span><\/p>\n<p><span style=\"font-weight: 400;\">Can Serrat es un espacio de creaci\u00f3n y de procesos.<\/span><span style=\"font-weight: 400;\"><br \/>\n<\/span><span style=\"font-weight: 400;\"> Can Serrat es una comunidad.<\/span><\/p>\n<p><span style=\"font-weight: 400;\">Las actividades parten de una metodolog\u00eda de trabajo definida y se desarrollan en relaci\u00f3n con las historias y las imaginaciones que se construyen colectivamente a lo largo de la residencia. Nos interesan especialmente los procesos sin presi\u00f3n de resultado, las investigaciones abiertas, la duda, la curiosidad y el debate como motores de trabajo.<\/span><\/p>\n<p><span style=\"font-weight: 400;\">Esta convocatoria est\u00e1 abierta durante todo el a\u00f1o para residencias que tendr\u00e1n lugar a lo largo de 2026.<\/span><\/p>\n<p><span style=\"font-weight: 400;\">A finales de cada mes, el equipo de Can Serrat revisa las solicitudes recibidas y contacta con las personas seleccionadas para proponer el siguiente per\u00edodo disponible, en funci\u00f3n de la disponibilidad de la casa y del proyecto.<\/span><\/p>\n<p><span style=\"font-weight: 400;\">Las personas seleccionadas dispondr\u00e1n de tiempo y espacio para trabajar en sus propios proyectos, al tiempo que formar\u00e1n parte de la vida comunitaria de Can Serrat.<\/span><\/p>\n<p>&nbsp;<\/p>\n<p><strong>INVITACIONES<\/strong><\/p>\n<p><span style=\"font-weight: 400;\">Can Serrat ofrece un n\u00famero limitado de invitaciones parcialmente subvencionadas por el Departamento de Cultura de la Generalitat de Catalunya para formar parte del programa de residencias durante 2026, sujetas a la disponibilidad de la casa.<\/span><\/p>\n<p><span style=\"font-weight: 400;\">No se trata de una beca completa, sino de una invitaci\u00f3n con una subvenci\u00f3n parcial sobre el coste real de la residencia.<\/span><\/p>\n<p><span style=\"font-weight: 400;\">El coste real de un mes de residencia en Can Serrat es de <\/span>3.148,14 \u20ac<span style=\"font-weight: 400;\">.<\/span><\/p>\n<p><span style=\"font-weight: 400;\">Opciones con subvenci\u00f3n parcial:<\/span><\/p>\n<p><b>Opci\u00f3n 1 \u00b7 Habitaci\u00f3n compartida (hasta 2 personas)<\/b><b><br \/>\n<\/b><span style=\"font-weight: 400;\"> 998,70 \u20ac \/ mes<\/span><\/p>\n<p><b>Opci\u00f3n 2 \u00b7 Habitaci\u00f3n privada<\/b><b><br \/>\n<\/b><span style=\"font-weight: 400;\"> 1.578,90 \u20ac \/ mes<\/span><\/p>\n<p><b>Opci\u00f3n 3 \u00b7 Solo estudio (sin alojamiento)<\/b><b><br \/>\n<\/b><span style=\"font-weight: 400;\"> 254,50 \u20ac \/ mes<\/span><\/p>\n<p><i><span style=\"font-weight: 400;\">Las opciones 1 y 2 incluyen una o dos cenas comunitarias semanales preparadas por la cocinera, alimentos b\u00e1sicos (caf\u00e9, t\u00e9, condimentos y algunos productos frescos y secos, seg\u00fan disponibilidad) y picapica en algunas actividades.<\/span><\/i><\/p>\n<p>&nbsp;<\/p>\n<p><strong>CONDICIONES DE LA RESIDENCIA<\/strong><\/p>\n<p><span style=\"font-weight: 400;\">Las personas residentes en Can Serrat disponen de:<\/span><\/p>\n<ul>\n<li><span style=\"font-weight: 400;\">Acceso completo a todos los espacios y recursos compartidos<\/span><\/li>\n<li><span style=\"font-weight: 400;\">Uso libre de las \u00e1reas de trabajo, equipamientos y talleres<\/span><\/li>\n<li><span style=\"font-weight: 400;\">Participaci\u00f3n en las actividades y la vida comunitaria<\/span><\/li>\n<li><span style=\"font-weight: 400;\">Transporte cubierto para las actividades organizadas por Can Serrat<\/span><\/li>\n<li><span style=\"font-weight: 400;\">Conexi\u00f3n con el entorno local y su tejido cultural<\/span><\/li>\n<li><span style=\"font-weight: 400;\">Visibilidad del proyecto y del proceso a trav\u00e9s de los canales de Can Serrat<\/span><\/li>\n<li><span style=\"font-weight: 400;\">Inclusi\u00f3n del proceso en el archivo digital de residentes<\/span><\/li>\n<li><span style=\"font-weight: 400;\">Sesiones de seguimiento y acompa\u00f1amiento con miembros del equipo<\/span><\/li>\n<\/ul>\n<p><span style=\"font-weight: 400;\">Can Serrat entiende la casa como un espacio comunitario que se cuida colectivamente. Por este motivo, todas las personas residentes participan en tareas semanales de mantenimiento y limpieza de los espacios compartidos (cocina, jard\u00edn, comedor y ba\u00f1os).<\/span><\/p>\n<p>&nbsp;<\/p>\n<p><strong>\u00bfQUI\u00c9N PUEDE SOLICITARLO? \u00b7 ELEGIBILIDAD<\/strong><\/p>\n<p><span style=\"font-weight: 400;\">La convocatoria est\u00e1 abierta a personas de cualquier procedencia, trayectoria y disciplina, en diferentes etapas de su pr\u00e1ctica. Se anima a individuos, d\u00faos y colectivos a presentar sus solicitudes.<\/span><\/p>\n<p><span style=\"font-weight: 400;\">No es necesario ser artista profesional ni tener menos de 35 a\u00f1os.<\/span><\/p>\n<p><span style=\"font-weight: 400;\">Se puede aplicar de manera individual, en d\u00fao o como colectivo.<\/span><\/p>\n<p>&nbsp;<\/p>\n<p><strong>PROCEDIMIENTO DE SOLICITUD Y DOCUMENTOS NECESARIOS<\/strong><\/p>\n<p><span style=\"font-weight: 400;\">Para aplicar a la convocatoria es necesario completar el <\/span><strong><a href=\"https:\/\/forms.gle\/RWRkEDmnRu1ewPcw7\">FORMULARIO<\/a><\/strong><span style=\"font-weight: 400;\"> de solicitud y adjuntar un \u00fanico archivo PDF titulado:\u00a0<\/span><b>apellido_nombre_RollingCall<\/b><\/p>\n<p><span style=\"font-weight: 400;\">Este PDF debe incluir:<\/span><\/p>\n<p><span style=\"font-weight: 400;\">\u2013 <\/span><b>Proyectos visuales y multidisciplinares<\/b><b><br \/>\n<\/b><span style=\"font-weight: 400;\"> Un v\u00eddeo (m\u00e1x. 3 minutos), o una serie de im\u00e1genes (m\u00e1x. 10), o una nota de voz presentando el proyecto (m\u00e1x. 3 minutos).<\/span><\/p>\n<p><span style=\"font-weight: 400;\">\u2013 <\/span><b>Proyectos de escritura<\/b><b><br \/>\n<\/b><span style=\"font-weight: 400;\"> Una muestra de 1 p\u00e1gina de proyecto(s) de escritura y una nota de voz leyendo la muestra (m\u00e1x. 3 minutos).<\/span><\/p>\n<p><span style=\"font-weight: 400;\">\u2013 <\/span><b>Para todos los proyectos<\/b><b><br \/>\n<\/b><span style=\"font-weight: 400;\"> \u00b7 Un resumen del proyecto para Can Serrat (aprox. 250 palabras)<\/span><span style=\"font-weight: 400;\"><br \/>\n<\/span><span style=\"font-weight: 400;\"> \u00b7 Enlace a la p\u00e1gina web, si procede<\/span><\/p>\n<p><span style=\"font-weight: 400;\">No se solicita curr\u00edculum ni declaraci\u00f3n de artista.<\/span><span style=\"font-weight: 400;\"><br \/>\n<\/span><span style=\"font-weight: 400;\"> Nos interesa el proyecto, el proceso y la manera de pensarlo.<\/span><\/p>\n<p><span style=\"font-weight: 400;\">Es importante que los enlaces a v\u00eddeos o audios est\u00e9n <\/span>incrustados dentro del PDF (SoundCloud, YouTube, etc.).<\/p>\n<p>Las solicitudes pueden presentarse en catal\u00e1n, castellano, franc\u00e9s o ingl\u00e9s<span style=\"font-weight: 400;\">. Actualmente no podemos aceptar solicitudes en otros idiomas.<\/span><\/p>\n<p>&nbsp;<\/p>\n<p><strong>FECHAS CLAVE<\/strong><\/p>\n<p><span style=\"font-weight: 400;\">Periodo de aplicaci\u00f3n: convocatoria abierta de manera continua durante todo el a\u00f1o.<\/span><span style=\"font-weight: 400;\"><br \/>\n<\/span><span style=\"font-weight: 400;\"> Comunicaci\u00f3n de resultados: a principios de cada mes.<\/span><span style=\"font-weight: 400;\"><br \/>\n<\/span><span style=\"font-weight: 400;\"> Periodo de residencia: entre <\/span>2 semanas y 2 meses<span style=\"font-weight: 400;\">, seg\u00fan disponibilidad, a lo largo de <\/span>2026<span style=\"font-weight: 400;\">.<\/span><\/p>\n<p>&nbsp;<\/p>\n<p><strong>EL JURADO ESTAR\u00c1 FORMADO POR<\/strong><\/p>\n<p><span style=\"font-weight: 400;\">Sophie Blais \u00b7 Directora de Can Serrat<\/span><span style=\"font-weight: 400;\"><br \/>\n<\/span><span style=\"font-weight: 400;\"> Ely Daou \u00b7 Artista visual, residente permanente en Can Serrat<\/span><\/p>\n<p data-start=\"327\" data-end=\"613\">","protected":false},"excerpt":{"rendered":"<p>Can Serrat, de aproximadamente 1.187 m\u00b2, es una antigua mas\u00eda catalana cl\u00e1sica situada en El Bruc, un peque\u00f1o pueblo a los pies de la monta\u00f1a de Montserrat, a 45 km de Barcelona. La casa fue adquirida en 1989 por once &hellip; <a href=\"https:\/\/canserrat.org\/es\/rolling-artist-residency-2026-barcelona\">Continuar<\/a><\/p>\n","protected":false},"author":4,"featured_media":9108,"parent":0,"menu_order":0,"comment_status":"closed","ping_status":"closed","template":"","meta":{"_monsterinsights_skip_tracking":false,"_monsterinsights_sitenote_active":false,"_monsterinsights_sitenote_note":"","_monsterinsights_sitenote_category":0,"footnotes":""},"_links":{"self":[{"href":"https:\/\/canserrat.org\/es\/wp-json\/wp\/v2\/pages\/8930"}],"collection":[{"href":"https:\/\/canserrat.org\/es\/wp-json\/wp\/v2\/pages"}],"about":[{"href":"https:\/\/canserrat.org\/es\/wp-json\/wp\/v2\/types\/page"}],"author":[{"embeddable":true,"href":"https:\/\/canserrat.org\/es\/wp-json\/wp\/v2\/users\/4"}],"replies":[{"embeddable":true,"href":"https:\/\/canserrat.org\/es\/wp-json\/wp\/v2\/comments?post=8930"}],"version-history":[{"count":32,"href":"https:\/\/canserrat.org\/es\/wp-json\/wp\/v2\/pages\/8930\/revisions"}],"predecessor-version":[{"id":9374,"href":"https:\/\/canserrat.org\/es\/wp-json\/wp\/v2\/pages\/8930\/revisions\/9374"}],"wp:featuredmedia":[{"embeddable":true,"href":"https:\/\/canserrat.org\/es\/wp-json\/wp\/v2\/media\/9108"}],"wp:attachment":[{"href":"https:\/\/canserrat.org\/es\/wp-json\/wp\/v2\/media?parent=8930"}],"curies":[{"name":"wp","href":"https:\/\/api.w.org\/{rel}","templated":true}]}}