{"id":5508,"date":"2020-10-06T16:03:55","date_gmt":"2020-10-06T16:03:55","guid":{"rendered":"http:\/\/canserrat.org\/?page_id=5508"},"modified":"2020-10-30T13:09:39","modified_gmt":"2020-10-30T13:09:39","slug":"espanol-fora-de-camp-residencia","status":"publish","type":"page","link":"https:\/\/canserrat.org\/es\/transversal-projects\/espanol-fora-de-camp-residencia","title":{"rendered":"Fora de camp 2020 &#8211; 2021"},"content":{"rendered":"Fora de Camp es una metodolog\u00eda de investigaci\u00f3n art\u00edstica y\u00a0curatorial pensada por Laura Bono, Marina Ribot Pallicer y Angelica\u00a0Tognetti, profesionales que atravesamos diferentes disciplinas como\u00a0el teatro, las artes visuales y la teor\u00eda literaria.\u00a0El objetivo del programa, de acuerdo con nuestra metodolog\u00eda,\u00a0es explorar diferentes procesos de investigaci\u00f3n y creaci\u00f3n art\u00edstica\u00a0tomando como punto de partida el concepto de \u00abfora de camp\u00bb.\u00a0Recogemos este t\u00e9rmino de la terminolog\u00eda f\u00edlmica y fotogr\u00e1fica\u00a0empleado para designar el espacio de realidad que queda excluido\u00a0de la visi\u00f3n de la c\u00e1mara, fuera de su encuadre. Lo adoptamos con\u00a0el deseo de abstraerlo y pensar en espacios y corporalidades que\u00a0desborden el per\u00edmetro del statu quo. Abrazamos, de este modo,\u00a0un conjunto de vivencias, saberes y materialidades que se sit\u00faan\u00a0fuera de los marcos institucionalizados.\u00a0Moverse y salir del campo es, al mismo tiempo, pensar y pisar\u00a0la tierra como un espacio sin asfaltar con una temporalidad propia\u00a0donde la creaci\u00f3n y el ensayo quedan sujetos a las condiciones\u00a0y circunstancias externas. De esta manera, la metodolog\u00eda se acerca\u00a0a la creaci\u00f3n y a la experimentaci\u00f3n art\u00edstica de una forma situada\u00a0y contextual con respecto a los espacios que transita.<\/p>\n<p>&nbsp;<\/p>\n<h2 style=\"text-align: center;\"><b>RESOLUCI\u00d3N: PROGRAMA DE COLECTIVIZACI\u00d3N IMPRODUCTIVA FORA DE CAMP 2020-2021<\/b><\/h2>\n<p>&nbsp;<\/p>\n<p>El jurado compuesto por Sophie Blais (Can Serrat), Aida Boix (Lo Pati), Enric Puig (La Escocesa) y Laura Bono, Marina Ribot i Angelica Tognetti (Fora de Camp), ha decidido seleccionar las siguientes artistas para formar parte del Programa de Colectivizaci\u00f3n Improductiva Fora de Camp 2020-2021:<\/p>\n<p>&#8211; Albert Giron\u00e8s<\/p>\n<p>&#8211; Anna Vilam\u00fa Bosch<\/p>\n<p>&#8211; Bel\u00e9n Sanchez Juez<\/p>\n<p>&#8211; Marina E.G.<\/p>\n<p>&nbsp;<\/p>\n<p>As\u00ed mismo, ha valorado muy positivamente las propuestas de:<\/p>\n<p>&#8211; Alexander Arilla Vel\u00e1zquez<\/p>\n<p>&#8211; Helena Mu\u00f1oz Villena<\/p>\n<p>&#8211; Maria Gir\u00f3 i Sara Cabo<\/p>\n<p>&#8211; Paula Vicente Puiggr\u00f2s<\/p>\n<p>&nbsp;<\/p>\n<p>Sabemos que es muy dif\u00edcil generar espacios de cuidado dentro de una convocatoria, pero queremos agradecer, de todo coraz\u00f3n, a todas las personas que nos han hecho llegar sus propuestas. Ha sido un placer leerlas, adentrarse en sus pr\u00e1cticas art\u00edsticas y entrar en contacto con ellas. Hay muchas propuestas que no han podido estar en el programa. No ha sido una decisi\u00f3n f\u00e1cil, es por eso que nos hemos quedado con ganas de volver a encontrarnos en futuras ocasiones y en nuevas aperturas de Fora de Camp.","protected":false},"excerpt":{"rendered":"<p>Fora de Camp es una metodolog\u00eda de investigaci\u00f3n art\u00edstica y\u00a0curatorial pensada por Laura Bono, Marina Ribot Pallicer y Angelica\u00a0Tognetti, profesionales que atravesamos diferentes disciplinas como\u00a0el teatro, las artes visuales y la teor\u00eda literaria.\u00a0El objetivo del programa, de acuerdo con nuestra &hellip; <a href=\"https:\/\/canserrat.org\/es\/transversal-projects\/espanol-fora-de-camp-residencia\">Continuar<\/a><\/p>\n","protected":false},"author":3,"featured_media":5512,"parent":4097,"menu_order":0,"comment_status":"closed","ping_status":"closed","template":"","meta":{"_monsterinsights_skip_tracking":false,"_monsterinsights_sitenote_active":false,"_monsterinsights_sitenote_note":"","_monsterinsights_sitenote_category":0,"footnotes":""},"_links":{"self":[{"href":"https:\/\/canserrat.org\/es\/wp-json\/wp\/v2\/pages\/5508"}],"collection":[{"href":"https:\/\/canserrat.org\/es\/wp-json\/wp\/v2\/pages"}],"about":[{"href":"https:\/\/canserrat.org\/es\/wp-json\/wp\/v2\/types\/page"}],"author":[{"embeddable":true,"href":"https:\/\/canserrat.org\/es\/wp-json\/wp\/v2\/users\/3"}],"replies":[{"embeddable":true,"href":"https:\/\/canserrat.org\/es\/wp-json\/wp\/v2\/comments?post=5508"}],"version-history":[{"count":4,"href":"https:\/\/canserrat.org\/es\/wp-json\/wp\/v2\/pages\/5508\/revisions"}],"predecessor-version":[{"id":5561,"href":"https:\/\/canserrat.org\/es\/wp-json\/wp\/v2\/pages\/5508\/revisions\/5561"}],"up":[{"embeddable":true,"href":"https:\/\/canserrat.org\/es\/wp-json\/wp\/v2\/pages\/4097"}],"wp:featuredmedia":[{"embeddable":true,"href":"https:\/\/canserrat.org\/es\/wp-json\/wp\/v2\/media\/5512"}],"wp:attachment":[{"href":"https:\/\/canserrat.org\/es\/wp-json\/wp\/v2\/media?parent=5508"}],"curies":[{"name":"wp","href":"https:\/\/api.w.org\/{rel}","templated":true}]}}