{"id":5262,"date":"2020-05-15T06:55:07","date_gmt":"2020-05-15T06:55:07","guid":{"rendered":"http:\/\/canserrat.org\/?page_id=5262"},"modified":"2025-07-04T13:49:37","modified_gmt":"2025-07-04T13:49:37","slug":"remota","status":"publish","type":"page","link":"https:\/\/canserrat.org\/es\/remota","title":{"rendered":"Programa REMOTA"},"content":{"rendered":"<h4><a href=\"http:\/\/canserrat.org\/wp-content\/uploads\/2020\/05\/R-de-Remota-web.png\"><img decoding=\"async\" loading=\"lazy\" class=\"aligncenter wp-image-5265 size-medium\" src=\"http:\/\/canserrat.org\/wp-content\/uploads\/2020\/05\/R-de-Remota-web-300x277.png\" alt=\"\" width=\"300\" height=\"277\" srcset=\"https:\/\/canserrat.org\/wp-content\/uploads\/2020\/05\/R-de-Remota-web-300x277.png 300w, https:\/\/canserrat.org\/wp-content\/uploads\/2020\/05\/R-de-Remota-web-1024x945.png 1024w, https:\/\/canserrat.org\/wp-content\/uploads\/2020\/05\/R-de-Remota-web.png 1419w\" sizes=\"(max-width: 300px) 100vw, 300px\" \/><\/a><\/h4>\n<h4><\/h4>\n<h4><\/h4>\n<p><span style=\"font-weight: 400;\">Considerar nuevos modelos que nos permitan seguir conectadxs, a trav\u00e9s de las plataformas existentes, se ha convertido en un ejercicio esencial para muchos proyectos culturales. El proyecto REMOTA* tiene como objetivo acompa\u00f1ar a lxs creadorxs en sus procesos y ofrecer espacios de reflexi\u00f3n, encuentro, di\u00e1logo y colaboraci\u00f3n que desvinculan el concepto de residencia de la presencia f\u00edsica o del la idea de lugar central.<\/span><\/p>\n<p><span style=\"font-weight: 400;\">El programa <\/span><span style=\"font-weight: 400;\">residir a distancia<\/span><span style=\"font-weight: 400;\"> es <\/span><span style=\"font-weight: 400;\">la primera iniciativa que activa el proyecto REMOTA en 2020.<\/span><\/p>\n<p>&nbsp;<\/p>\n<p><i><span style=\"font-weight: 400;\">*El equipo REMOTA est\u00e1 formado por Paola Caballero (residencia<\/span><\/i><a href=\"https:\/\/guionbajo.org\"><i><span style=\"font-weight: 400;\"> guion bajo<\/span><\/i><\/a><i><span style=\"font-weight: 400;\">), Sophie Blais, Sarah Goodchild Robb, y Georgina Teixidor (<\/span><\/i><a href=\"http:\/\/canserrat.org\/\"><i><span style=\"font-weight: 400;\">Can Serrat<\/span><\/i><\/a><i><span style=\"font-weight: 400;\">)<\/span><\/i><\/p>\n<p><i><span style=\"font-weight: 400;\">Las restricciones de circulaci\u00f3n durante el a\u00f1o 2020 hicieron que g_b habitara en Can Serrat durante algunos meses y juntas, f\u00edsicamente, pudieron discutir nuevas formas de trabajo colaborativo. Parte de este sue\u00f1o se materializa en REMOTA.<\/span><\/i><\/p>\n<p>&nbsp;<\/p>\n<p>Durante tres a\u00f1os, este programa conto con un proyecto de micror\u00e9sidencia<\/p>\n<p>El programa de micro residencia trataba una serie de encuentros a distancia de seis horas distribuidas en tres d\u00edas seguidos. Este, se pens\u00f3 como un ejercicio conjunto, para actuar y reflexionar acerca de la creaci\u00f3n colectiva entre el equipo de Remota y tres creadoras invitadas.<\/p>\n<p>La micro-residencia de Remota vio la luz en 2021.","protected":false},"excerpt":{"rendered":"<p>Considerar nuevos modelos que nos permitan seguir conectadxs, a trav\u00e9s de las plataformas existentes, se ha convertido en un ejercicio esencial para muchos proyectos culturales. El proyecto REMOTA* tiene como objetivo acompa\u00f1ar a lxs creadorxs en sus procesos y ofrecer &hellip; <a href=\"https:\/\/canserrat.org\/es\/remota\">Continuar<\/a><\/p>\n","protected":false},"author":3,"featured_media":0,"parent":0,"menu_order":0,"comment_status":"closed","ping_status":"closed","template":"","meta":{"_monsterinsights_skip_tracking":false,"_monsterinsights_sitenote_active":false,"_monsterinsights_sitenote_note":"","_monsterinsights_sitenote_category":0,"footnotes":""},"_links":{"self":[{"href":"https:\/\/canserrat.org\/es\/wp-json\/wp\/v2\/pages\/5262"}],"collection":[{"href":"https:\/\/canserrat.org\/es\/wp-json\/wp\/v2\/pages"}],"about":[{"href":"https:\/\/canserrat.org\/es\/wp-json\/wp\/v2\/types\/page"}],"author":[{"embeddable":true,"href":"https:\/\/canserrat.org\/es\/wp-json\/wp\/v2\/users\/3"}],"replies":[{"embeddable":true,"href":"https:\/\/canserrat.org\/es\/wp-json\/wp\/v2\/comments?post=5262"}],"version-history":[{"count":24,"href":"https:\/\/canserrat.org\/es\/wp-json\/wp\/v2\/pages\/5262\/revisions"}],"predecessor-version":[{"id":8865,"href":"https:\/\/canserrat.org\/es\/wp-json\/wp\/v2\/pages\/5262\/revisions\/8865"}],"wp:attachment":[{"href":"https:\/\/canserrat.org\/es\/wp-json\/wp\/v2\/media?parent=5262"}],"curies":[{"name":"wp","href":"https:\/\/api.w.org\/{rel}","templated":true}]}}