{"id":5255,"date":"2020-05-15T06:55:37","date_gmt":"2020-05-15T06:55:37","guid":{"rendered":"http:\/\/canserrat.org\/?page_id=5255"},"modified":"2021-01-12T18:12:21","modified_gmt":"2021-01-12T18:12:21","slug":"residiradistancia","status":"publish","type":"page","link":"https:\/\/canserrat.org\/es\/remota\/residiradistancia","title":{"rendered":"Residir a distancia"},"content":{"rendered":"<h1 style=\"text-align: center;\"><\/h1>\n<p>&nbsp;<\/p>\n<p>&nbsp;<\/p>\n<p><span style=\"font-weight: 400; color: #000000;\">Considerar nuevos modelos que nos permitan seguir conectados, a trav\u00e9s de las plataformas existentes, se ha convertido en un ejercicio esencial para muchos proyectos culturales como los nuestros. Tanto Can Serrat como guion bajo tenemos como objetivos el de acompa\u00f1ar a los creadores en sus procesos y ofrecer espacios de reflexi\u00f3n y encuentro.<\/span><\/p>\n<p>&nbsp;<\/p>\n<p><span style=\"color: #000000;\"><span style=\"font-weight: 400;\">Las restricciones de circulaci\u00f3n hicieron que guion bajo habitara en Can Serrat durante algunos meses y juntas, f\u00edsicamente, pudimos discutir nuevas formas de trabajo colaborativo. Parte de los sue\u00f1os se materializan en <\/span><b>REMOTA <\/b><span style=\"font-weight: 400;\">un proyecto virtual de encuentro, di\u00e1logo y colaboraci\u00f3n que desvincula el concepto de residencia de la presencia f\u00edsica. Los programas REMOTA <\/span><i><span style=\"font-weight: 400;\">residir a distancia<\/span><\/i><span style=\"font-weight: 400;\"> y REMOTA <\/span><i><span style=\"font-weight: 400;\">feedback<\/span><\/i><span style=\"font-weight: 400;\"> hacen parte de \u00e9l.\u00a0<\/span><\/span><\/p>\n<p>&nbsp;<\/p>\n<p><span style=\"color: #000000;\"><span style=\"font-weight: 400;\">El piloto de REMOTA <\/span><i><span style=\"font-weight: 400;\">residir a distancia<\/span><\/i><span style=\"font-weight: 400;\"> se llev\u00f3 a cabo en la plataforma Zoom del 6 al 17 de abril de 2020 donde proyectos e ideas fueron compartidos, discutidos y comentados. Reuni\u00f3 diversos curadores, artistas y escritores que reflexionaron, junto a los equipos de Can Serrat y guion bajo, sobre la influencia del confinamiento y la situaci\u00f3n actual en los procesos creativos, en las nuevas pr\u00e1cticas de colaboraci\u00f3n y comunicaci\u00f3n y sobre el papel de las artes en la construcci\u00f3n colectiva de lo que hemos llamado un nuevo relato sobre la realidad. Helle Kaarem (Noruega), Asli Seven (Turqu\u00eda), Luisa Ungar (Colombia), Martin Jackson (Inglaterra), Xavi Acarin (Espa\u00f1a), James Cross (Inglaterra) y Marloes Staal (Pa\u00edses bajos) compartieron sus trabajos e inquietudes y establecimos un di\u00e1logo abierto que nos permiti\u00f3 recibir sus comentarios y recomendaciones para un programa de largo aliento. Tambi\u00e9n las observadoras Tone Fjereide, Mar\u00eda Kim y Natasha Cox enriquecieron este ejercicio exploratorio.\u00a0<\/span><\/span><\/p>\n<p>&nbsp;<\/p>\n<p><b>\u00bfQu\u00e9 se ofrece?<\/b><\/p>\n<p><i><span style=\"font-weight: 400;\">Remota residir a distancia<\/span><\/i><span style=\"font-weight: 400;\"> es una residencia en l\u00ednea. Este nuevo espacio virtual posibilita el trascender fronteras y poner en contacto a una diversidad de creadores que, al enriquecer el proceso del otro desde diferentes posturas, fortalecen y expanden las redes culturales. Los grupos suelen ser diversos e incluyentes (diversidad de pr\u00e1cticas art\u00edsticas, lugares de procedencia, edades&#8230;).\u00a0<\/span><\/p>\n<p>&nbsp;<\/p>\n<p><span style=\"font-weight: 400;\">La residencia dura 4 semanas, en las cuales los residentes comparten su trabajo, sus proyectos y procesos de creaci\u00f3n en sesiones virtuales, y avanzan de manera individual en sus proyectos, con el acompa\u00f1amiento del equipo REMOTA residir a distancia. Hay canales abiertos de comunicaci\u00f3n permanente entre residentes, y entre residentes y el equipo REMOTA.\u00a0<\/span><\/p>\n<p>&nbsp;<\/p>\n<p><span style=\"font-weight: 400;\">Actividades:<\/span><\/p>\n<p>&nbsp;<\/p>\n<ol>\n<li style=\"font-weight: 400;\"><span style=\"font-weight: 400;\">Primeras sesiones grupales: Bienvenida, descripci\u00f3n de la residencia y de los proyectos individuales (Cada residente cuenta con 15 mins para compartir de manera general su propuesta).<\/span><\/li>\n<li style=\"font-weight: 400;\">Presentaciones ampliadas. El grupo se divide en dos y cada residente realiza la presentaci\u00f3n detallada de su proyecto. Los dem\u00e1s residentes pueden decidir a cu\u00e1les presentaciones desean atender.<\/li>\n<li style=\"font-weight: 400;\">Tiempo de residentes: Este espacio opcional est\u00e1 pensado para socializar, hablar sobre proyectos pasados, conocerse mejor&#8230; (en esta sesi\u00f3n el equipo REMOTA no estar\u00e1 presente).<\/li>\n<li style=\"font-weight: 400;\">Sesi\u00f3n individual: El equipo REMOTA y el residente discuten el proyecto a realizar durante la residencia con base en la propuesta del participante y de acuerdo a las preguntas que puedan surgir, sus necesidades e intereses. Seg\u00fan el caso se proponen lecturas y actividades.<\/li>\n<li style=\"font-weight: 400;\">Segunda sesi\u00f3n grupal: En estas sesiones el grupo se divide de acuerdo a puntos comunes e intereses. Tanto los residentes como el equipo REMOTA participa activamente en la presentaci\u00f3n haciendo preguntas, ofreciendo referencias o discutiendo sobre alguno de los temas o propuestas compartidas.<\/li>\n<li style=\"font-weight: 400;\">Xerrem\/ tea time \/di\u00e1logo: se lleva a cabo un di\u00e1logo con invitados de la residencia de octubre de 2020 y en relaci\u00f3n con los temas de las presentaciones individuales.<\/li>\n<li style=\"font-weight: 400;\">Sesiones grupales. Cada residente presenta avances de su proceso y reflexiones finales.<\/li>\n<\/ol>\n<p>&nbsp;<\/p>\n<p><b>\u00bfA qui\u00e9n est\u00e1 dirigido?<\/b><\/p>\n<p><span style=\"font-weight: 400;\">Est\u00e1 dirigido a creadores que cuentan con el tiempo suficiente para dedicarlo a su proceso creativo y que no pueden desplazarse (por las restricciones actuales en la circulaci\u00f3n, falta de tiempo para una dedicaci\u00f3n exclusiva, por compromisos laborales, familiares, etc\u00e9tera).<\/span><\/p>\n<p>&nbsp;<\/p>\n<p><b>T\u00e9rminos de la convocatoria<\/b><\/p>\n<p><span style=\"font-weight: 400;\">El jurado selecciona 10 propuestas para participar en el programa, una de ellas con beca completa y nuevas con becas parciales. Las propuestas de escritura podr\u00e1n presentarse en espa\u00f1ol aunque las sesiones grupales se realizar\u00e1n en ingl\u00e9s.<\/span><\/p>\n<p>&nbsp;<\/p>\n<p><strong>Selecci\u00f3n<\/strong><br \/>\nEl jurado selecciona 10 propuestas para participar en el programa, una de ellas con\u00a0<b>beca completa y nueve becas parciales<\/b>. Las propuestas de escritura podr\u00e1n presentarse en espa\u00f1ol aunque las sesiones grupales se realizar\u00e1n en ingl\u00e9s.<\/p>\n<p><strong>Valor de la residencia:<\/strong><\/p>\n<p>$2\u2019250.000 COP\u00a0 &#8212; 520 \u20ac<\/p>\n<p><b>1 beca completa<br \/>\n1 beca del 70%<br \/>\n1 beca del 50%<br \/>\n7 becas del 30%<\/b><\/p>\n<p>&nbsp;<\/p>\n<p><span style=\"color: #000000;\"><span style=\"font-weight: 400;\">Si tiene dudas, comentarios o preguntas puede escribir a <\/span><a style=\"color: #000000;\" href=\"mailto:remota2020@gmail.com\"><span style=\"font-weight: 400;\">remota2020@gmail.com<\/span><\/a><\/span><\/p>\n<p>&nbsp;<\/p>\n<p><strong>Convocatoria actual<\/strong><\/p>\n<p><span style=\"font-weight: 400;\">Peri\u00f3do de aplicaci\u00f3n: <\/span> <span style=\"font-weight: 400;\">lunes 9 de noviembre de 2020 &#8211;<\/span><span style=\"font-weight: 400;\">\u00a0mi\u00e9rcoles 9 de diciembre de 2020\u00a0 \u00a0\u00a0<\/span><\/p>\n<p><span style=\"font-weight: 400;\">F<\/span><span style=\"font-weight: 400;\">echa de residencia: <\/span><span style=\"font-weight: 400;\">1 al 31 de marzo, 2021<\/span><\/p>\n<p>Para aplicar, por favor visitas a la p\u00e1gina web de <strong><span style=\"color: #000080;\">convocatorias<\/span><\/strong>.<\/p>\n<p>&nbsp;<\/p>\n<h1 style=\"text-align: center;\"><a href=\"http:\/\/canserrat.org\/wp-content\/uploads\/2020\/05\/remota-residir-a-distancia-logo-2-.png\"><img decoding=\"async\" loading=\"lazy\" class=\"aligncenter wp-image-5336 size-large\" src=\"http:\/\/canserrat.org\/wp-content\/uploads\/2020\/05\/remota-residir-a-distancia-logo-2--1024x721.png\" alt=\"\" width=\"940\" height=\"662\" srcset=\"https:\/\/canserrat.org\/wp-content\/uploads\/2020\/05\/remota-residir-a-distancia-logo-2--1024x721.png 1024w, https:\/\/canserrat.org\/wp-content\/uploads\/2020\/05\/remota-residir-a-distancia-logo-2--300x211.png 300w\" sizes=\"(max-width: 940px) 100vw, 940px\" \/><\/a><\/h1>\n<p>&nbsp;","protected":false},"excerpt":{"rendered":"<p>&nbsp; &nbsp; Considerar nuevos modelos que nos permitan seguir conectados, a trav\u00e9s de las plataformas existentes, se ha convertido en un ejercicio esencial para muchos proyectos culturales como los nuestros. Tanto Can Serrat como guion bajo tenemos como objetivos el &hellip; <a href=\"https:\/\/canserrat.org\/es\/remota\/residiradistancia\">Continuar<\/a><\/p>\n","protected":false},"author":3,"featured_media":5256,"parent":5262,"menu_order":0,"comment_status":"closed","ping_status":"closed","template":"","meta":{"_monsterinsights_skip_tracking":false,"_monsterinsights_sitenote_active":false,"_monsterinsights_sitenote_note":"","_monsterinsights_sitenote_category":0,"footnotes":""},"_links":{"self":[{"href":"https:\/\/canserrat.org\/es\/wp-json\/wp\/v2\/pages\/5255"}],"collection":[{"href":"https:\/\/canserrat.org\/es\/wp-json\/wp\/v2\/pages"}],"about":[{"href":"https:\/\/canserrat.org\/es\/wp-json\/wp\/v2\/types\/page"}],"author":[{"embeddable":true,"href":"https:\/\/canserrat.org\/es\/wp-json\/wp\/v2\/users\/3"}],"replies":[{"embeddable":true,"href":"https:\/\/canserrat.org\/es\/wp-json\/wp\/v2\/comments?post=5255"}],"version-history":[{"count":30,"href":"https:\/\/canserrat.org\/es\/wp-json\/wp\/v2\/pages\/5255\/revisions"}],"predecessor-version":[{"id":5677,"href":"https:\/\/canserrat.org\/es\/wp-json\/wp\/v2\/pages\/5255\/revisions\/5677"}],"up":[{"embeddable":true,"href":"https:\/\/canserrat.org\/es\/wp-json\/wp\/v2\/pages\/5262"}],"wp:featuredmedia":[{"embeddable":true,"href":"https:\/\/canserrat.org\/es\/wp-json\/wp\/v2\/media\/5256"}],"wp:attachment":[{"href":"https:\/\/canserrat.org\/es\/wp-json\/wp\/v2\/media?parent=5255"}],"curies":[{"name":"wp","href":"https:\/\/api.w.org\/{rel}","templated":true}]}}