{"id":4755,"date":"2020-02-13T12:29:41","date_gmt":"2020-02-13T12:29:41","guid":{"rendered":"http:\/\/canserrat.org\/?page_id=4755"},"modified":"2020-03-18T11:07:15","modified_gmt":"2020-03-18T11:07:15","slug":"espanol-2020-2021-ongoing-con-laura-bel-parasitio4","status":"publish","type":"page","link":"https:\/\/canserrat.org\/es\/parasitio\/espanol-2020-2021-ongoing-con-laura-bel-parasitio4","title":{"rendered":"2020 &#8211; 2021 \/\/ en proceso &#8212; con Laura Bel &#8212; Parasitio#4"},"content":{"rendered":"Para <a href=\"http:\/\/canserrat.org\/es\/parasitio\" target=\"_blank\" rel=\"noopener noreferrer\"><span style=\"color: #0000ff;\">Parasitio<\/span><\/a> #3, Can Serrat invit\u00f3 a Laura Bel a seguir la residencia y su entorno durante todo el a\u00f1o 2020.<\/p>\n<p>En este momento, Laura esta siguiendo Can Serrat y a sus residentes, a parte de ser miembro permanente de los jurados de 2020.<\/p>\n<p>&nbsp;<\/p>\n<p><em>Iremos poniendo informaci\u00f3n del contenido de la actividad que organizaremos durante la primavera de 2021 y de las personas participantes, a finales de 2020.<\/em><\/p>\n<p>&nbsp;<\/p>\n<p><strong>Laura Bel <\/strong><span style=\"font-weight: 400;\">se define como una activista cultural cuyo prop\u00f3sito es mediar en el arte para propiciar la participaci\u00f3n en la cultura de los colectivos que hist\u00f3ricamente no tienen acceso a ella.\u00a0<\/span><span style=\"font-weight: 400;\">Actualmente est\u00e1 estudiando un Postgrado en Producci\u00f3n y Gesti\u00f3n cultural de Festivales. Es Licenciada en Bellas Artes por la Universidad de West England, con especializaci\u00f3n en Arte y Cultura Visual y formada como fot\u00f3grafa en IDEP con un Grado en Fotograf\u00eda Creativa.<\/span><\/p>\n<p><span style=\"font-weight: 400;\">Gan\u00f3 el Premio Injuve de Fotograf\u00eda en 2002, con el proyecto \u201cContaminamos el aire con nuestras medias verdades\u201d, con el que tambi\u00e9n fue seleccionada para descubrimientos de PhotoEspa\u00f1a. <\/span><span style=\"font-weight: 400;\">Durante los a\u00f1os subsiguientes, Laura compagin\u00f3 el trabajo en educaci\u00f3n en los campos de la fotograf\u00eda en Can Bast\u00e9 y la expresi\u00f3n art\u00edstica en la Escuela de Arte de su pueblo, Esparreguera, con la curadur\u00eda de exposiciones en el Centro C\u00edvico de la Barceloneta. <\/span><span style=\"font-weight: 400;\">Cabe destacar la exposici\u00f3n sobre el Autorretrato Fotogr\u00e1fico en 2003 y la colaboraci\u00f3n en las exposiciones de tem\u00e1tica feminista alrededor de la celebraci\u00f3n del d\u00eda de la Mujer.<\/span><\/p>\n<p><span style=\"font-weight: 400;\">En 2004 funda con varios artistas de la escena local el colectivo Obertencanal que ten\u00eda como objetivo ser una plataforma de conexi\u00f3n y promoci\u00f3n de los artistas de Esparreguera y cercan\u00edas. Con el colectivo en pleno funcionamiento realizaron 3 ediciones del Festival Obertencanal del a\u00f1o 2004 al 2006.<\/span><\/p>\n<p><span style=\"font-weight: 400;\">En Inglaterra, durante sus estudios de Bellas Artes, Laura form\u00f3 el colectivo de performance <em>Wilkinson_Bel<\/em>,\u00a0 con el que expusieron en Bristol, Londres, Dubl\u00edn y Barcelona y fueron invitadas a <em>PACT Zollverein<\/em> (Essen) a participar de sus jornadas <em>Atelier<\/em>.\u00a0<\/span><\/p>\n<p><span style=\"font-weight: 400;\">De vuelta a Barcelona en 2009 inici\u00f3 una colaboraci\u00f3n con el festival Lola de teatro donde se hizo cargo de la programaci\u00f3n de las Artes Visuales. Junto a Rafa Haro curaron las exposiciones, <em>Apropiaci\u00f2 In-Deguda<\/em>, LOL y <em>Caminant<\/em>, en el Espacio de Arte y Creaci\u00f3n Muxart en Martorell y realizaron m\u00faltiples acciones art\u00edsticas en las calles de los pueblos del Baix Llobregat.\u00a0<\/span><\/p>\n<p><span style=\"font-weight: 400;\">En 2014 se traslad\u00f3 a vivir a Chile donde cur\u00f3 la exposici\u00f3n <em>Free Time<\/em> en el Centro Cultural Estaci\u00f3n Mapocho y produjo la semana de Programadores Internacionales del Festival Santiago a Mil. <\/span><span style=\"font-weight: 400;\">En el 2017 fue galardonada por el Instituto Norteamericano por el aporte cultural a la ciudad de Valpara\u00edso. Durante su tiempo en<\/span><span style=\"font-weight: 400;\">\u00a0Chile produjo m\u00e1s de 50 eventos y festivales relacionados con el mundo del Swing y la cultura vintage, entre ellos los m\u00e1s reconocidos fueron el <em>Swingtiago Lindy Weekend<\/em> con 4 ediciones y el evento anual dedicado a la cultura Tiki en el Centro Cultural Diana.<\/span><\/p>\n<p><span style=\"font-weight: 400;\">Actualmente est\u00e1 trabajando en un proyecto centrado en el desarrollo de la Cultura y el Arte en el Medio Rural, adem\u00e1s de gestionar la coordinaci\u00f3n de <\/span><a href=\"https:\/\/www.xarxaprod.cat\" target=\"_blank\" rel=\"noopener noreferrer\"><span style=\"font-weight: 400;\">Xarxaprod<\/span><\/a><span style=\"font-weight: 400;\">, red de espacios de creaci\u00f3n y producci\u00f3n de Catalu\u00f1a.<\/span>","protected":false},"excerpt":{"rendered":"<p>Para Parasitio #3, Can Serrat invit\u00f3 a Laura Bel a seguir la residencia y su entorno durante todo el a\u00f1o 2020. En este momento, Laura esta siguiendo Can Serrat y a sus residentes, a parte de ser miembro permanente de &hellip; <a href=\"https:\/\/canserrat.org\/es\/parasitio\/espanol-2020-2021-ongoing-con-laura-bel-parasitio4\">Continuar<\/a><\/p>\n","protected":false},"author":3,"featured_media":0,"parent":2878,"menu_order":0,"comment_status":"closed","ping_status":"closed","template":"","meta":{"_monsterinsights_skip_tracking":false,"_monsterinsights_sitenote_active":false,"_monsterinsights_sitenote_note":"","_monsterinsights_sitenote_category":0,"footnotes":""},"_links":{"self":[{"href":"https:\/\/canserrat.org\/es\/wp-json\/wp\/v2\/pages\/4755"}],"collection":[{"href":"https:\/\/canserrat.org\/es\/wp-json\/wp\/v2\/pages"}],"about":[{"href":"https:\/\/canserrat.org\/es\/wp-json\/wp\/v2\/types\/page"}],"author":[{"embeddable":true,"href":"https:\/\/canserrat.org\/es\/wp-json\/wp\/v2\/users\/3"}],"replies":[{"embeddable":true,"href":"https:\/\/canserrat.org\/es\/wp-json\/wp\/v2\/comments?post=4755"}],"version-history":[{"count":9,"href":"https:\/\/canserrat.org\/es\/wp-json\/wp\/v2\/pages\/4755\/revisions"}],"predecessor-version":[{"id":5053,"href":"https:\/\/canserrat.org\/es\/wp-json\/wp\/v2\/pages\/4755\/revisions\/5053"}],"up":[{"embeddable":true,"href":"https:\/\/canserrat.org\/es\/wp-json\/wp\/v2\/pages\/2878"}],"wp:attachment":[{"href":"https:\/\/canserrat.org\/es\/wp-json\/wp\/v2\/media?parent=4755"}],"curies":[{"name":"wp","href":"https:\/\/api.w.org\/{rel}","templated":true}]}}