{"id":4101,"date":"2019-10-11T14:49:45","date_gmt":"2019-10-11T14:49:45","guid":{"rendered":"http:\/\/canserrat.org\/?page_id=4101"},"modified":"2020-12-22T14:00:59","modified_gmt":"2020-12-22T14:00:59","slug":"co-op-roca-verda","status":"publish","type":"page","link":"https:\/\/canserrat.org\/es\/co-op-roca-verda","title":{"rendered":"Cooperativa Roca Verda"},"content":{"rendered":"En la Asociaci\u00f3n Roca Verda de Montserrat pretendemos fomentar el consumo ecol\u00f3gico, sostenible y de proximidad. Tenemos la sede en la Mas\u00eda Can Serrat del Bruc.<\/p>\n<p>El proyecto arranc\u00f3 en Septiembre 2019 despu\u00e9s de casi un a\u00f1o de investigaci\u00f3n y organizaci\u00f3n. La asociaci\u00f3n la formamos trece unidades familiares de la zona y tenemos la intenci\u00f3n de ampliar los socios en breve.<\/p>\n<p>Las actividades que llevamos a cabo tienen como objetivo dar a conocer productores locales, de producto ecol\u00f3gico y sensibilizados con el medio ambiente. La distribuci\u00f3n de los art\u00edculos la hacemos con conciencia de rechazo cero.<\/p>\n<p>Los pedidos les hacemos llegar a nuestros proveedores los lunes por la ma\u00f1ana con la intenci\u00f3n de poder recibir el g\u00e9nero antes del mi\u00e9rcoles a las 5 de la tarde, que es cuando hacemos el reparto. Siempre se puede negociar otro horario.","protected":false},"excerpt":{"rendered":"<p>En la Asociaci\u00f3n Roca Verda de Montserrat pretendemos fomentar el consumo ecol\u00f3gico, sostenible y de proximidad. Tenemos la sede en la Mas\u00eda Can Serrat del Bruc. El proyecto arranc\u00f3 en Septiembre 2019 despu\u00e9s de casi un a\u00f1o de investigaci\u00f3n y &hellip; <a href=\"https:\/\/canserrat.org\/es\/co-op-roca-verda\">Continuar<\/a><\/p>\n","protected":false},"author":3,"featured_media":0,"parent":0,"menu_order":0,"comment_status":"closed","ping_status":"closed","template":"","meta":{"_monsterinsights_skip_tracking":false,"_monsterinsights_sitenote_active":false,"_monsterinsights_sitenote_note":"","_monsterinsights_sitenote_category":0,"footnotes":""},"_links":{"self":[{"href":"https:\/\/canserrat.org\/es\/wp-json\/wp\/v2\/pages\/4101"}],"collection":[{"href":"https:\/\/canserrat.org\/es\/wp-json\/wp\/v2\/pages"}],"about":[{"href":"https:\/\/canserrat.org\/es\/wp-json\/wp\/v2\/types\/page"}],"author":[{"embeddable":true,"href":"https:\/\/canserrat.org\/es\/wp-json\/wp\/v2\/users\/3"}],"replies":[{"embeddable":true,"href":"https:\/\/canserrat.org\/es\/wp-json\/wp\/v2\/comments?post=4101"}],"version-history":[{"count":1,"href":"https:\/\/canserrat.org\/es\/wp-json\/wp\/v2\/pages\/4101\/revisions"}],"predecessor-version":[{"id":4102,"href":"https:\/\/canserrat.org\/es\/wp-json\/wp\/v2\/pages\/4101\/revisions\/4102"}],"wp:attachment":[{"href":"https:\/\/canserrat.org\/es\/wp-json\/wp\/v2\/media?parent=4101"}],"curies":[{"name":"wp","href":"https:\/\/api.w.org\/{rel}","templated":true}]}}