{"id":3420,"date":"2019-04-23T10:58:15","date_gmt":"2019-04-23T10:58:15","guid":{"rendered":"http:\/\/canserrat.org\/?page_id=3420"},"modified":"2019-04-23T10:58:15","modified_gmt":"2019-04-23T10:58:15","slug":"open-mic","status":"publish","type":"page","link":"https:\/\/canserrat.org\/es\/programa-de-residencia\/open-mic","title":{"rendered":"MICRO ABIERTO"},"content":{"rendered":"<a href=\"http:\/\/canserrat.org\/wp-content\/uploads\/2019\/04\/micro-obert-2019.jpg\"><img decoding=\"async\" loading=\"lazy\" class=\"aligncenter wp-image-3421 size-full\" src=\"http:\/\/canserrat.org\/wp-content\/uploads\/2019\/04\/micro-obert-2019.jpg\" alt=\"\" width=\"1040\" height=\"400\" srcset=\"https:\/\/canserrat.org\/wp-content\/uploads\/2019\/04\/micro-obert-2019.jpg 1040w, https:\/\/canserrat.org\/wp-content\/uploads\/2019\/04\/micro-obert-2019-300x115.jpg 300w, https:\/\/canserrat.org\/wp-content\/uploads\/2019\/04\/micro-obert-2019-1024x394.jpg 1024w\" sizes=\"(max-width: 1040px) 100vw, 1040px\" \/><\/a><\/p>\n<p>cada tercer mi\u00e9rcoles del mes<\/p>\n<p>a las 6pm<\/p>\n<p>donde? fuera de Can Serrat __ lugar diferente cada mes<\/p>\n<p>un micr\u00f3fono instalado para todos<\/p>\n<p>una invitaci\u00f3n para hablar,cantar, estar en silencio<\/p>\n<p>una ocasi\u00f3n para centrar nuestra atenci\u00f3n en la sonoridad de las palabras, los ritmos, la incomprensi\u00f3n, el silencio, la incomodidad de estar frente a<\/p>\n<p>aprovechando el espacio p\u00fablico en el que participamos.<\/p>\n<p>para todos","protected":false},"excerpt":{"rendered":"<p>cada tercer mi\u00e9rcoles del mes a las 6pm donde? fuera de Can Serrat __ lugar diferente cada mes un micr\u00f3fono instalado para todos una invitaci\u00f3n para hablar,cantar, estar en silencio una ocasi\u00f3n para centrar nuestra atenci\u00f3n en la sonoridad de &hellip; <a href=\"https:\/\/canserrat.org\/es\/programa-de-residencia\/open-mic\">Continuar<\/a><\/p>\n","protected":false},"author":3,"featured_media":3422,"parent":2068,"menu_order":0,"comment_status":"closed","ping_status":"closed","template":"","meta":{"_monsterinsights_skip_tracking":false,"_monsterinsights_sitenote_active":false,"_monsterinsights_sitenote_note":"","_monsterinsights_sitenote_category":0,"footnotes":""},"_links":{"self":[{"href":"https:\/\/canserrat.org\/es\/wp-json\/wp\/v2\/pages\/3420"}],"collection":[{"href":"https:\/\/canserrat.org\/es\/wp-json\/wp\/v2\/pages"}],"about":[{"href":"https:\/\/canserrat.org\/es\/wp-json\/wp\/v2\/types\/page"}],"author":[{"embeddable":true,"href":"https:\/\/canserrat.org\/es\/wp-json\/wp\/v2\/users\/3"}],"replies":[{"embeddable":true,"href":"https:\/\/canserrat.org\/es\/wp-json\/wp\/v2\/comments?post=3420"}],"version-history":[{"count":1,"href":"https:\/\/canserrat.org\/es\/wp-json\/wp\/v2\/pages\/3420\/revisions"}],"predecessor-version":[{"id":3423,"href":"https:\/\/canserrat.org\/es\/wp-json\/wp\/v2\/pages\/3420\/revisions\/3423"}],"up":[{"embeddable":true,"href":"https:\/\/canserrat.org\/es\/wp-json\/wp\/v2\/pages\/2068"}],"wp:featuredmedia":[{"embeddable":true,"href":"https:\/\/canserrat.org\/es\/wp-json\/wp\/v2\/media\/3422"}],"wp:attachment":[{"href":"https:\/\/canserrat.org\/es\/wp-json\/wp\/v2\/media?parent=3420"}],"curies":[{"name":"wp","href":"https:\/\/api.w.org\/{rel}","templated":true}]}}