{"id":3415,"date":"2019-04-23T10:45:40","date_gmt":"2019-04-23T10:45:40","guid":{"rendered":"http:\/\/canserrat.org\/?page_id=3415"},"modified":"2019-04-23T11:02:28","modified_gmt":"2019-04-23T11:02:28","slug":"raco","status":"publish","type":"page","link":"https:\/\/canserrat.org\/es\/programa-de-residencia\/raco","title":{"rendered":"RAC\u00d3"},"content":{"rendered":"<h4><a href=\"http:\/\/canserrat.org\/wp-content\/uploads\/2019\/04\/raco2019.jpg\"><img decoding=\"async\" loading=\"lazy\" class=\"alignnone wp-image-3416 size-full\" src=\"http:\/\/canserrat.org\/wp-content\/uploads\/2019\/04\/raco2019.jpg\" alt=\"\" width=\"1040\" height=\"400\" srcset=\"https:\/\/canserrat.org\/wp-content\/uploads\/2019\/04\/raco2019.jpg 1040w, https:\/\/canserrat.org\/wp-content\/uploads\/2019\/04\/raco2019-300x115.jpg 300w, https:\/\/canserrat.org\/wp-content\/uploads\/2019\/04\/raco2019-1024x394.jpg 1024w\" sizes=\"(max-width: 1040px) 100vw, 1040px\" \/><\/a><\/h4>\n<p>cada martes<\/p>\n<p>una invitaci\u00f3n<\/p>\n<p>una conversaci\u00f3n<\/p>\n<p>propuesto por la residente<\/p>\n<p>sobre un tema muy espec\u00edfico<\/p>\n<p>relacionado con su propia investigaci\u00f3n<\/p>\n<p>&nbsp;<\/p>\n<p><em>para el residente es una experiencia para discutir o un primer borrador para comenzar una nueva investigaci\u00f3n o cualquier cosa que no estemos pensando pero que expliquemos claramente.<\/em><\/p>\n<p>&nbsp;<\/p>\n<p>dirigido a<\/p>\n<p>a todos los interesados en participar<\/p>\n<p>en la conversaci\u00f3n<\/p>\n<p>&nbsp;<\/p>\n<p>no es<\/p>\n<p>una muestra de arte ni una lectura p\u00fablica<\/p>\n<p>una actividad pasiva<\/p>\n<p>&nbsp;<\/p>\n<p>se espera del organizador<\/p>\n<p>informar a los participantes al menos una semana antes<\/p>\n<p>con unas referencias claras y limitadas<\/p>\n<p>se espera de cada participante<\/p>\n<p>que venga con notas, referencias, pensamientos para apoyar la conversaci\u00f3n colectivamente.<\/p>\n<p>&nbsp;<\/p>\n<p>grabado el sonido<\/p>\n<p>publicado online como un podcast<\/p>\n<p>convertido en un archivo","protected":false},"excerpt":{"rendered":"<p>cada martes una invitaci\u00f3n una conversaci\u00f3n propuesto por la residente sobre un tema muy espec\u00edfico relacionado con su propia investigaci\u00f3n &nbsp; para el residente es una experiencia para discutir o un primer borrador para comenzar una nueva investigaci\u00f3n o cualquier &hellip; <a href=\"https:\/\/canserrat.org\/es\/programa-de-residencia\/raco\">Continuar<\/a><\/p>\n","protected":false},"author":3,"featured_media":3140,"parent":2068,"menu_order":0,"comment_status":"closed","ping_status":"closed","template":"","meta":{"_monsterinsights_skip_tracking":false,"_monsterinsights_sitenote_active":false,"_monsterinsights_sitenote_note":"","_monsterinsights_sitenote_category":0,"footnotes":""},"_links":{"self":[{"href":"https:\/\/canserrat.org\/es\/wp-json\/wp\/v2\/pages\/3415"}],"collection":[{"href":"https:\/\/canserrat.org\/es\/wp-json\/wp\/v2\/pages"}],"about":[{"href":"https:\/\/canserrat.org\/es\/wp-json\/wp\/v2\/types\/page"}],"author":[{"embeddable":true,"href":"https:\/\/canserrat.org\/es\/wp-json\/wp\/v2\/users\/3"}],"replies":[{"embeddable":true,"href":"https:\/\/canserrat.org\/es\/wp-json\/wp\/v2\/comments?post=3415"}],"version-history":[{"count":3,"href":"https:\/\/canserrat.org\/es\/wp-json\/wp\/v2\/pages\/3415\/revisions"}],"predecessor-version":[{"id":3419,"href":"https:\/\/canserrat.org\/es\/wp-json\/wp\/v2\/pages\/3415\/revisions\/3419"}],"up":[{"embeddable":true,"href":"https:\/\/canserrat.org\/es\/wp-json\/wp\/v2\/pages\/2068"}],"wp:featuredmedia":[{"embeddable":true,"href":"https:\/\/canserrat.org\/es\/wp-json\/wp\/v2\/media\/3140"}],"wp:attachment":[{"href":"https:\/\/canserrat.org\/es\/wp-json\/wp\/v2\/media?parent=3415"}],"curies":[{"name":"wp","href":"https:\/\/api.w.org\/{rel}","templated":true}]}}