{"id":2878,"date":"2018-11-08T12:29:44","date_gmt":"2018-11-08T12:29:44","guid":{"rendered":"http:\/\/canserrat.org\/?page_id=2878"},"modified":"2025-06-06T13:14:06","modified_gmt":"2025-06-06T13:14:06","slug":"parasitio","status":"publish","type":"page","link":"https:\/\/canserrat.org\/es\/parasitio","title":{"rendered":"Parasitio"},"content":{"rendered":"&nbsp;<\/p>\n<p><b>Parasitio<\/b><span style=\"font-weight: 400;\"> es la colecci\u00f3n editorial de Can Serrat que empez\u00f3 en 2018 en El Bruc. Cada libro es un archivo de di\u00e1logo entre colaboradores del territorio cultural catalan, Can Serrat, sus habitantes y el entorno cercano de la masia. Cada edici\u00f3n se apropia de formatos reconocibles y es distribuida e infiltrada en espacios relevantes con el formato que mimetizan. <\/span><\/p>\n<p><em>FAR AWAY TREASURE<\/em> &#8212; 2017 (Presentado en Noviembre de 2018 en l&#8217;Automatica, Bcn)<\/p>\n<p><em>FLUFFY DISC &#8212; 2018<\/em> (Published in 2021 at l&#8217;Automatica, Bcn)<\/p>\n<p><em>COLECTIVE ATTEMPT &#8212; 2019 <\/em>(en proceso de edici\u00f3n)<\/p>\n<p><em>PER\u00cdMETRE &#8212; 2020-21<\/em> (en proceso de edici\u00f3n)<\/p>\n<p>&nbsp;<\/p>\n<div id=\"kad-wp-gallery41\" class=\"kad-wp-gallery kad-light-wp-gallery clearfix kt-gallery-column-3 rowtight\"><div class=\"tcol-lg-4 tcol-md-4 tcol-sm-4 tcol-xs-6 tcol-ss-12 g_item\"><div class=\"grid_item kad_gallery_fade_in gallery_item\"><a href=\"https:\/\/canserrat.org\/wp-content\/uploads\/2018\/11\/facebook-evento-FAT-1200x630px-762x400-1.jpg\" data-rel=\"lightbox\" class=\"lightboxhover\"><img src=\"https:\/\/canserrat.org\/wp-content\/uploads\/2018\/11\/facebook-evento-FAT-1200x630px-762x400-1-400x400.jpg\" width=\"400\" height=\"400\" alt=\"\" srcset=\"https:\/\/canserrat.org\/wp-content\/uploads\/2018\/11\/facebook-evento-FAT-1200x630px-762x400-1-400x400.jpg 400w, https:\/\/canserrat.org\/wp-content\/uploads\/2018\/11\/facebook-evento-FAT-1200x630px-762x400-1-150x150.jpg 150w\" sizes=\"(max-width: 400px) 100vw, 400px\" class=\"light-dropshaddow\"\/><\/a><\/div><\/div><div class=\"tcol-lg-4 tcol-md-4 tcol-sm-4 tcol-xs-6 tcol-ss-12 g_item\"><div class=\"grid_item kad_gallery_fade_in gallery_item\"><a href=\"https:\/\/canserrat.org\/wp-content\/uploads\/2018\/11\/45583926_2521970091362708_6026819004486647808_n.jpg\" data-rel=\"lightbox\" class=\"lightboxhover\"><img src=\"https:\/\/canserrat.org\/wp-content\/uploads\/2018\/11\/45583926_2521970091362708_6026819004486647808_n-400x400.jpg\" width=\"400\" height=\"400\" alt=\"\" srcset=\"https:\/\/canserrat.org\/wp-content\/uploads\/2018\/11\/45583926_2521970091362708_6026819004486647808_n-400x400.jpg 400w, https:\/\/canserrat.org\/wp-content\/uploads\/2018\/11\/45583926_2521970091362708_6026819004486647808_n-150x150.jpg 150w\" sizes=\"(max-width: 400px) 100vw, 400px\" class=\"light-dropshaddow\"\/><\/a><\/div><\/div><div class=\"tcol-lg-4 tcol-md-4 tcol-sm-4 tcol-xs-6 tcol-ss-12 g_item\"><div class=\"grid_item kad_gallery_fade_in gallery_item\"><a href=\"https:\/\/canserrat.org\/wp-content\/uploads\/2023\/02\/Fluffy.jpg\" data-rel=\"lightbox\" class=\"lightboxhover\"><img src=\"https:\/\/canserrat.org\/wp-content\/uploads\/2023\/02\/Fluffy-400x400.jpg\" width=\"400\" height=\"400\" alt=\"\" srcset=\"https:\/\/canserrat.org\/wp-content\/uploads\/2023\/02\/Fluffy-400x400.jpg 400w, https:\/\/canserrat.org\/wp-content\/uploads\/2023\/02\/Fluffy-300x300.jpg 300w, https:\/\/canserrat.org\/wp-content\/uploads\/2023\/02\/Fluffy-150x150.jpg 150w, https:\/\/canserrat.org\/wp-content\/uploads\/2023\/02\/Fluffy.jpg 799w\" sizes=\"(max-width: 400px) 100vw, 400px\" class=\"light-dropshaddow\"\/><\/a><\/div><\/div><\/div>\n<p>&nbsp;","protected":false},"excerpt":{"rendered":"<p>&nbsp; Parasitio es la colecci\u00f3n editorial de Can Serrat que empez\u00f3 en 2018 en El Bruc. Cada libro es un archivo de di\u00e1logo entre colaboradores del territorio cultural catalan, Can Serrat, sus habitantes y el entorno cercano de la masia. &hellip; <a href=\"https:\/\/canserrat.org\/es\/parasitio\">Continuar<\/a><\/p>\n","protected":false},"author":7,"featured_media":0,"parent":0,"menu_order":0,"comment_status":"closed","ping_status":"closed","template":"","meta":{"_monsterinsights_skip_tracking":false,"_monsterinsights_sitenote_active":false,"_monsterinsights_sitenote_note":"","_monsterinsights_sitenote_category":0,"footnotes":""},"_links":{"self":[{"href":"https:\/\/canserrat.org\/es\/wp-json\/wp\/v2\/pages\/2878"}],"collection":[{"href":"https:\/\/canserrat.org\/es\/wp-json\/wp\/v2\/pages"}],"about":[{"href":"https:\/\/canserrat.org\/es\/wp-json\/wp\/v2\/types\/page"}],"author":[{"embeddable":true,"href":"https:\/\/canserrat.org\/es\/wp-json\/wp\/v2\/users\/7"}],"replies":[{"embeddable":true,"href":"https:\/\/canserrat.org\/es\/wp-json\/wp\/v2\/comments?post=2878"}],"version-history":[{"count":12,"href":"https:\/\/canserrat.org\/es\/wp-json\/wp\/v2\/pages\/2878\/revisions"}],"predecessor-version":[{"id":8787,"href":"https:\/\/canserrat.org\/es\/wp-json\/wp\/v2\/pages\/2878\/revisions\/8787"}],"wp:attachment":[{"href":"https:\/\/canserrat.org\/es\/wp-json\/wp\/v2\/media?parent=2878"}],"curies":[{"name":"wp","href":"https:\/\/api.w.org\/{rel}","templated":true}]}}