{"id":2081,"date":"2018-02-17T13:05:56","date_gmt":"2018-02-17T13:05:56","guid":{"rendered":"http:\/\/canserrat.org\/?page_id=2081"},"modified":"2021-04-01T10:30:17","modified_gmt":"2021-04-01T10:30:17","slug":"espanol-condiciones","status":"publish","type":"page","link":"https:\/\/canserrat.org\/es\/programa-de-residencia\/espanol-condiciones","title":{"rendered":"Condiciones"},"content":{"rendered":"El jurado de cada convocatoria selecciona un numero limitado de propuestas (dependiendo del tipo de convocatoria) para formar parte del programa de residencia.<\/p>\n<p>En 2021, a trav\u00e9s de sus convocatorias, Can Serrat dota a 4 creadores (2 proyectos de escritura y 2 de arte contempor\u00e1neo) con una beca completa de cinco meses (continuos o discontinuos), y a un n\u00famero limitado de becas parciales (# 1, # 2, # 3), para realizar una residencia de una duraci\u00f3n de 1 mes m\u00ednimo a 3 meses m\u00e1ximo.<\/p>\n<p>&nbsp;<\/p>\n<p><strong>CONDICIONES DE RESIDENCIA:<\/strong><\/p>\n<ul>\n<li>Una habitaci\u00f3n privada o compartida durante la residencia (seg\u00fan la opci\u00f3n elegida)<\/li>\n<li>Espacio de trabajo compartido durante la residencia<\/li>\n<li>Acceso a los espacios comunes (cocina, ba\u00f1os, etc.)*<\/li>\n<li>Comida (media pensi\u00f3n)**<\/li>\n<li>Acceso a todo el equipamiento\u00a0(taller de grabado, equipo de grabaci\u00f3n de sonido, proyectores)<\/li>\n<li>Posibilidad de organizar taller \/ debate en la residencia<\/li>\n<li>Promoci\u00f3n a trav\u00e9s de las redes sociales<\/li>\n<li>Recursos humanos y t\u00e9cnicos<\/li>\n<li>Formaci\u00f3n (procesos de producci\u00f3n en arte contempor\u00e1neo y literatura)<\/li>\n<li>Acceso a la sala de exposici\u00f3n del Ayuntamiento del Bruc para organizar una muestra al final de la residencia<\/li>\n<li>Conexiones con la escena cultural local<\/li>\n<li>El artista ser\u00e1 incluido en el catalogo anual de proyectos en residencia<\/li>\n<li>Todos los puntos relacionados con actividades colectivas est\u00e1n sometidas al <span style=\"color: #333399;\"><a style=\"color: #333399;\" href=\"http:\/\/canserrat.org\/es\/espanol-protocolo-covid-19\" target=\"_blank\" rel=\"noopener noreferrer\">protocolo sanitario<\/a><\/span><\/li>\n<\/ul>\n<p>*[Calendario de responsabilidades semanales gestionado por la coordinadora de comunidad]\n<p>**[Las cenas preparadas est\u00e1n suprimidas hasta que se acaben las restricciones y reemplazadas por un <em>per diem<\/em>]\n<p>&nbsp;<\/p>\n[Las becas no incluyen gastos de viaje.]\n<p>&nbsp;<\/p>\n<p>&nbsp;<\/p>\n<p><strong>Valor de la residencia: \u00a0 \u00a0 <\/strong>\u00a02881\u20ac \/ 1 mes*<\/p>\n<p>&nbsp;<\/p>\n<p><span style=\"text-decoration: underline;\">Coste con beca parcial # 1<\/span><\/p>\n<p>Habitaci\u00f3n compartida**: 570 \u20ac \/ 1 mes<\/p>\n<p>Habitaci\u00f3n privada: 930 \u20ac \/ 1 mes<\/p>\n<p>&nbsp;<\/p>\n<p><span style=\"text-decoration: underline;\">Coste con beca Parcial # 2<\/span><\/p>\n<p>Habitaci\u00f3n compartida**: 930 \u20ac \/ 1 mes<\/p>\n<p>Habitaci\u00f3n privada: 1.290 \u20ac \/ 1 mes<\/p>\n<p>&nbsp;<\/p>\n<p><span style=\"text-decoration: underline;\">Coste con beca Parcial # 3<\/span><\/p>\n<p>Habitaci\u00f3n compartida**: 1.290 \u20ac \/ 1 mes<\/p>\n<p>Habitaci\u00f3n privada: 1.650 \u20ac \/ 1 mes<\/p>\n<p>&nbsp;<\/p>\n<p><span style=\"font-family: Arial, Helvetica, sans-serif;\">* Habitaci\u00f3n\u00a0<\/span><span style=\"font-family: Arial, Helvetica, sans-serif;\">compartida<\/span><span style=\"font-family: Arial, Helvetica, sans-serif;\">. <\/span><span style=\"font-family: Arial, Helvetica, sans-serif;\">En habitaci\u00f3n <\/span><span style=\"font-family: Arial, Helvetica, sans-serif;\">privada<\/span><span style=\"font-family: Arial, Helvetica, sans-serif;\"> = 2190\u20ac\/ 1 mes.<\/span><\/p>\n<p><em>** Compartida por un\u00a0m\u00e1ximo de tres personas<\/em>","protected":false},"excerpt":{"rendered":"<p>El jurado de cada convocatoria selecciona un numero limitado de propuestas (dependiendo del tipo de convocatoria) para formar parte del programa de residencia. En 2021, a trav\u00e9s de sus convocatorias, Can Serrat dota a 4 creadores (2 proyectos de escritura &hellip; <a href=\"https:\/\/canserrat.org\/es\/programa-de-residencia\/espanol-condiciones\">Continuar<\/a><\/p>\n","protected":false},"author":3,"featured_media":0,"parent":2068,"menu_order":0,"comment_status":"closed","ping_status":"closed","template":"","meta":{"_monsterinsights_skip_tracking":false,"_monsterinsights_sitenote_active":false,"_monsterinsights_sitenote_note":"","_monsterinsights_sitenote_category":0,"footnotes":""},"_links":{"self":[{"href":"https:\/\/canserrat.org\/es\/wp-json\/wp\/v2\/pages\/2081"}],"collection":[{"href":"https:\/\/canserrat.org\/es\/wp-json\/wp\/v2\/pages"}],"about":[{"href":"https:\/\/canserrat.org\/es\/wp-json\/wp\/v2\/types\/page"}],"author":[{"embeddable":true,"href":"https:\/\/canserrat.org\/es\/wp-json\/wp\/v2\/users\/3"}],"replies":[{"embeddable":true,"href":"https:\/\/canserrat.org\/es\/wp-json\/wp\/v2\/comments?post=2081"}],"version-history":[{"count":32,"href":"https:\/\/canserrat.org\/es\/wp-json\/wp\/v2\/pages\/2081\/revisions"}],"predecessor-version":[{"id":5815,"href":"https:\/\/canserrat.org\/es\/wp-json\/wp\/v2\/pages\/2081\/revisions\/5815"}],"up":[{"embeddable":true,"href":"https:\/\/canserrat.org\/es\/wp-json\/wp\/v2\/pages\/2068"}],"wp:attachment":[{"href":"https:\/\/canserrat.org\/es\/wp-json\/wp\/v2\/media?parent=2081"}],"curies":[{"name":"wp","href":"https:\/\/api.w.org\/{rel}","templated":true}]}}