{"id":2068,"date":"2018-02-17T12:20:22","date_gmt":"2018-02-17T12:20:22","guid":{"rendered":"http:\/\/canserrat.org\/?page_id=2068"},"modified":"2025-10-10T13:12:04","modified_gmt":"2025-10-10T13:12:04","slug":"programa-de-residencia","status":"publish","type":"page","link":"https:\/\/canserrat.org\/es\/programa-de-residencia","title":{"rendered":"Programa de residencia"},"content":{"rendered":"<img decoding=\"async\" loading=\"lazy\" class=\" wp-image-8677 aligncenter\" src=\"http:\/\/canserrat.org\/wp-content\/uploads\/2025\/04\/Diseno-sin-titulo-300x194.png\" alt=\"\" width=\"498\" height=\"322\" srcset=\"https:\/\/canserrat.org\/wp-content\/uploads\/2025\/04\/Diseno-sin-titulo-300x194.png 300w, https:\/\/canserrat.org\/wp-content\/uploads\/2025\/04\/Diseno-sin-titulo-1024x664.png 1024w, https:\/\/canserrat.org\/wp-content\/uploads\/2025\/04\/Diseno-sin-titulo-617x400.png 617w, https:\/\/canserrat.org\/wp-content\/uploads\/2025\/04\/Diseno-sin-titulo.png 1080w\" sizes=\"(max-width: 498px) 100vw, 498px\" \/><\/p>\n<p>&nbsp;<\/p>\n<p>El programa de residencia internacional invita a escritores y artistas contempor\u00e1neos de todo el mundo a realizar residencias de corta y media duraci\u00f3n. Can Serrat abre convocatorias durante todo el a\u00f1o, algunas de las cuales incluyen una o dos becas completas y varias becas parciales, y los proyectos seleccionados son evaluados por un jurado.<\/p>\n<p>Todas las convocatorias se publican en la p\u00e1gina web, redes sociales y otras plataformas como Transartist, Art Connect y Call for Entries.<\/p>\n<p>El programa de residencia da apoyo a la creaci\u00f3n art\u00edstica y literaria en proceso, ofreciendo tiempo, espacio, seguimiento, apoyo individual y colectivo, y una red profesional desde 1989. Se organizan actividades mensuales para activar la investigaci\u00f3n de los proyectos en producci\u00f3n y permitir conexiones con el entorno: conversaciones, un club de lectura, visitas a espacios relevantes, una cena abierta a la comunidad local, visitas de estudio y presentaciones de proyectos, por nombrar algunas. Las actividades organizadas reflejan el inter\u00e9s por estar presentes para procesar, investigar, cuestionar, dudar, comprender y debatir.<\/p>\n<p>Can Serrat es un espacio ideal para aquellos que buscan un entorno rural tranquilo para producir, vivir en comunidad, crear redes y explorar colaboraciones.<\/p>\n<p>&nbsp;<\/p>\n<p>No esperamos un producto acabado al finalizar la residencia, y no tenemos el objetivo de organizar exposiciones en galer\u00edas.<\/p>\n<p>Los residentes tienen la libertad de organizar actividades adicionales y tambi\u00e9n existe la posibilidad de que el personal organice eventos improvisados seg\u00fan los intereses del grupo.<\/p>\n<p>&nbsp;<\/p>\n<p>Como Can Serrat es un espacio de trabajo en vivo, con muchos individuos y grupos de paso a lo largo del a\u00f1o, experimentamos con formas sostenibles de mantener el hogar, as\u00ed como de estar presentes en el contenido del trabajo y en las pr\u00e1cticas de cada uno.","protected":false},"excerpt":{"rendered":"<p>&nbsp; El programa de residencia internacional invita a escritores y artistas contempor\u00e1neos de todo el mundo a realizar residencias de corta y media duraci\u00f3n. Can Serrat abre convocatorias durante todo el a\u00f1o, algunas de las cuales incluyen una o dos &hellip; <a href=\"https:\/\/canserrat.org\/es\/programa-de-residencia\">Continuar<\/a><\/p>\n","protected":false},"author":3,"featured_media":0,"parent":0,"menu_order":0,"comment_status":"closed","ping_status":"closed","template":"","meta":{"_monsterinsights_skip_tracking":false,"_monsterinsights_sitenote_active":false,"_monsterinsights_sitenote_note":"","_monsterinsights_sitenote_category":0,"footnotes":""},"_links":{"self":[{"href":"https:\/\/canserrat.org\/es\/wp-json\/wp\/v2\/pages\/2068"}],"collection":[{"href":"https:\/\/canserrat.org\/es\/wp-json\/wp\/v2\/pages"}],"about":[{"href":"https:\/\/canserrat.org\/es\/wp-json\/wp\/v2\/types\/page"}],"author":[{"embeddable":true,"href":"https:\/\/canserrat.org\/es\/wp-json\/wp\/v2\/users\/3"}],"replies":[{"embeddable":true,"href":"https:\/\/canserrat.org\/es\/wp-json\/wp\/v2\/comments?post=2068"}],"version-history":[{"count":34,"href":"https:\/\/canserrat.org\/es\/wp-json\/wp\/v2\/pages\/2068\/revisions"}],"predecessor-version":[{"id":9265,"href":"https:\/\/canserrat.org\/es\/wp-json\/wp\/v2\/pages\/2068\/revisions\/9265"}],"wp:attachment":[{"href":"https:\/\/canserrat.org\/es\/wp-json\/wp\/v2\/media?parent=2068"}],"curies":[{"name":"wp","href":"https:\/\/api.w.org\/{rel}","templated":true}]}}