{"id":2,"date":"2016-03-15T14:57:19","date_gmt":"2016-03-15T14:57:19","guid":{"rendered":"http:\/\/canserrat.org\/?page_id=2"},"modified":"2025-10-10T13:10:15","modified_gmt":"2025-10-10T13:10:15","slug":"about","status":"publish","type":"page","link":"https:\/\/canserrat.org\/es\/about","title":{"rendered":"Acerca"},"content":{"rendered":"<a href=\"http:\/\/canserrat.org\/wp-content\/uploads\/2017\/12\/can-serrat5.jpg\" rel=\"attachment wp-att-1760\"><img decoding=\"async\" loading=\"lazy\" class=\"aligncenter wp-image-9262 \" src=\"http:\/\/canserrat.org\/wp-content\/uploads\/2025\/10\/0EB4EB76-ECB6-4D15-9682-867175BB63B0-1-scaled-e1760101759363-1024x551.jpg\" alt=\"\" width=\"1139\" height=\"613\" srcset=\"https:\/\/canserrat.org\/wp-content\/uploads\/2025\/10\/0EB4EB76-ECB6-4D15-9682-867175BB63B0-1-scaled-e1760101759363-1024x551.jpg 1024w, https:\/\/canserrat.org\/wp-content\/uploads\/2025\/10\/0EB4EB76-ECB6-4D15-9682-867175BB63B0-1-scaled-e1760101759363-300x161.jpg 300w, https:\/\/canserrat.org\/wp-content\/uploads\/2025\/10\/0EB4EB76-ECB6-4D15-9682-867175BB63B0-1-scaled-e1760101759363-1536x827.jpg 1536w, https:\/\/canserrat.org\/wp-content\/uploads\/2025\/10\/0EB4EB76-ECB6-4D15-9682-867175BB63B0-1-scaled-e1760101759363-2048x1102.jpg 2048w\" sizes=\"(max-width: 1139px) 100vw, 1139px\" \/><\/a><\/p>\n<p>&nbsp;<\/p>\n<p><span style=\"font-weight: 400;\">Can Serrat es una mas\u00eda, ubicada en El Bruc (Montserrat), a 45 km de Barcelona. Desde 1989, acoge uno de los programas m\u00e1s antiguos de residencia internacional para proyectos art\u00edsticos y literarios, en Catalu\u00f1a.\u00a0<\/span><\/p>\n<p><span style=\"font-weight: 400;\">El proyecto se concentra en el acompa\u00f1amiento y asesoramiento del proceso creativo a trav\u00e9s de encuentros individuales y colectivos, y una extensa red cultural profesional. La casa puede acoger hasta 35 personas, provenientes de pa\u00edses y disciplinas diversas, lo que permite cantidad de intercambios enriquecedores.<\/span><\/p>\n<p><span style=\"font-weight: 400;\">En 2020 se activ\u00f3 un proyecto de coliving multidisciplinario y un programa de acompa\u00f1amiento, asesoramiento y creaci\u00f3n colectiva a distancia llamado REMOTA.<\/span><\/p>\n<p><span style=\"font-weight: 400;\">Can Serrat recibe el soporte de la Generalitat de Catalu\u00f1a, y es miembro de la Xarxaprod, red de centros de producci\u00f3n art\u00edstica en Catalu\u00f1a.\u00a0<\/span><\/p>\n<p>&nbsp;<\/p>\n<p><span style=\"font-weight: 400;\">Para m\u00e1s informaci\u00f3n sobre el programa de residencia: <\/span><\/p>\n<div class=\"entry-content-asset videofit\">\n<blockquote class=\"wp-embedded-content\" data-secret=\"59V220rZae\"><p><a href=\"http:\/\/canserrat.org\/es\/programa-de-residencia\">Programa de residencia<\/a><\/p><\/blockquote>\n<p><iframe class=\"wp-embedded-content\" sandbox=\"allow-scripts\" security=\"restricted\" style=\"position: absolute; clip: rect(1px, 1px, 1px, 1px);\" title=\"\u00abPrograma de residencia\u00bb \u2014 Can Serrat\" src=\"http:\/\/canserrat.org\/es\/programa-de-residencia\/embed#?secret=0kmmdk2Cqd#?secret=59V220rZae\" data-secret=\"59V220rZae\" width=\"600\" height=\"338\" frameborder=\"0\" marginwidth=\"0\" marginheight=\"0\" scrolling=\"no\"><\/iframe><\/div>\n<p>&nbsp;<\/p>\n<p><span style=\"font-weight: 400;\">Para informaci\u00f3n sobre alojamiento fuera del programa de residencia:\u00a0<\/span><\/p>\n<div class=\"entry-content-asset videofit\">\n<blockquote class=\"wp-embedded-content\" data-secret=\"O5Y0TlrrYn\"><p><a href=\"http:\/\/canserrat.org\/es\/about\/coliving-and-rent-a-space\">Quedate con nosotras<\/a><\/p><\/blockquote>\n<p><iframe class=\"wp-embedded-content\" sandbox=\"allow-scripts\" security=\"restricted\" style=\"position: absolute; clip: rect(1px, 1px, 1px, 1px);\" title=\"\u00abQuedate con nosotras\u00bb \u2014 Can Serrat\" src=\"http:\/\/canserrat.org\/es\/about\/coliving-and-rent-a-space\/embed#?secret=I2ZPtibvlV#?secret=O5Y0TlrrYn\" data-secret=\"O5Y0TlrrYn\" width=\"600\" height=\"338\" frameborder=\"0\" marginwidth=\"0\" marginheight=\"0\" scrolling=\"no\"><\/iframe><\/div>\n<p>&nbsp;","protected":false},"excerpt":{"rendered":"<p>&nbsp; Can Serrat es una mas\u00eda, ubicada en El Bruc (Montserrat), a 45 km de Barcelona. Desde 1989, acoge uno de los programas m\u00e1s antiguos de residencia internacional para proyectos art\u00edsticos y literarios, en Catalu\u00f1a.\u00a0 El proyecto se concentra en &hellip; <a href=\"https:\/\/canserrat.org\/es\/about\">Continuar<\/a><\/p>\n","protected":false},"author":3,"featured_media":2626,"parent":0,"menu_order":0,"comment_status":"closed","ping_status":"closed","template":"","meta":{"_monsterinsights_skip_tracking":false,"_monsterinsights_sitenote_active":false,"_monsterinsights_sitenote_note":"","_monsterinsights_sitenote_category":0,"footnotes":""},"_links":{"self":[{"href":"https:\/\/canserrat.org\/es\/wp-json\/wp\/v2\/pages\/2"}],"collection":[{"href":"https:\/\/canserrat.org\/es\/wp-json\/wp\/v2\/pages"}],"about":[{"href":"https:\/\/canserrat.org\/es\/wp-json\/wp\/v2\/types\/page"}],"author":[{"embeddable":true,"href":"https:\/\/canserrat.org\/es\/wp-json\/wp\/v2\/users\/3"}],"replies":[{"embeddable":true,"href":"https:\/\/canserrat.org\/es\/wp-json\/wp\/v2\/comments?post=2"}],"version-history":[{"count":79,"href":"https:\/\/canserrat.org\/es\/wp-json\/wp\/v2\/pages\/2\/revisions"}],"predecessor-version":[{"id":9264,"href":"https:\/\/canserrat.org\/es\/wp-json\/wp\/v2\/pages\/2\/revisions\/9264"}],"wp:featuredmedia":[{"embeddable":true,"href":"https:\/\/canserrat.org\/es\/wp-json\/wp\/v2\/media\/2626"}],"wp:attachment":[{"href":"https:\/\/canserrat.org\/es\/wp-json\/wp\/v2\/media?parent=2"}],"curies":[{"name":"wp","href":"https:\/\/api.w.org\/{rel}","templated":true}]}}