{"id":9190,"date":"2025-10-09T14:22:06","date_gmt":"2025-10-09T14:22:06","guid":{"rendered":"https:\/\/canserrat.org\/?page_id=9190"},"modified":"2025-10-10T11:44:07","modified_gmt":"2025-10-10T11:44:07","slug":"vidriera","status":"publish","type":"page","link":"https:\/\/canserrat.org\/ca\/espanol-cruceros\/vidriera","title":{"rendered":"VIDRIERA"},"content":{"rendered":"<p data-start=\"129\" data-end=\"344\"><img decoding=\"async\" loading=\"lazy\" class=\" wp-image-9229 aligncenter\" src=\"http:\/\/canserrat.org\/wp-content\/uploads\/2025\/10\/POST-4-240x300.png\" alt=\"\" width=\"285\" height=\"356\" srcset=\"https:\/\/canserrat.org\/wp-content\/uploads\/2025\/10\/POST-4-240x300.png 240w, https:\/\/canserrat.org\/wp-content\/uploads\/2025\/10\/POST-4-819x1024.png 819w, https:\/\/canserrat.org\/wp-content\/uploads\/2025\/10\/POST-4.png 1080w\" sizes=\"(max-width: 285px) 100vw, 285px\" \/><\/p>\n<p data-start=\"129\" data-end=\"344\">\n<p data-start=\"129\" data-end=\"344\">Sessions personalitzades amb una experta en comunicaci\u00f3 per ajudar les artistes en el proc\u00e9s de narrar-se a elles mateixes, amb l\u2019objectiu d\u2019optimitzar els seus recursos i maximitzar el potencial de la seva feina.<\/p>\n<p data-start=\"346\" data-end=\"494\">Vidriera no proposa una recepta homog\u00e8nia, sin\u00f3 tot el contrari: una estrat\u00e8gia \u00fanica per a cada persona segons els seus recursos i objectius.<\/p>\n<p data-start=\"496\" data-end=\"807\">Vidriera \u00e9s la tutoria ideal si et sents perduda o paralitzada per l\u2019entorn digital aclaparador, si no et trobes c\u00f2moda amb la manera com et mostres a les xarxes socials, o si simplement t\u2019agradaria tenir m\u00e9s eines per comunicar-te i\/o rebre <em data-start=\"742\" data-end=\"752\">feedback<\/em> personalitzat sobre la teva web o pres\u00e8ncia digital.<\/p>\n<p data-start=\"809\" data-end=\"873\">Les sessions duren una hora i es recomana fer-ne almenys dues.<\/p>\n<p data-start=\"875\" data-end=\"905\">Cost de la sessi\u00f3, 60 \u20ac.<\/p>\n<p>&nbsp;<\/p>\n<p><strong>TUTORA:<\/strong><\/p>\n<p><strong>A<\/strong><b>NA NEMIROVSKY<\/b><b><br \/>\n<\/b><\/p>\n<p><i><span style=\"font-weight: 400;\">Idiomes: espanyol, angl\u00e8s, catal\u00e0<\/span><\/i><\/p>\n<p><span style=\"font-weight: 400;\">\u00c9s Llicenciada en Ci\u00e8ncies Pol\u00edtiques (UBA), va cursar la Diplomatura en Comunicaci\u00f3 Pol\u00edtica i Educaci\u00f3 Medi\u00e0tica (CLACSO) i actualment estudia el M\u00e0ster en escriptura de gui\u00f3 audiovisual (UB-UDL). Tamb\u00e9 es va formar a la Cursa Curta d&#8217;Hist\u00f2ria de l&#8217;Art (AAMNBA) i cursos de Periodisme Narratiu (Revista Anfibia).<\/span><\/p>\n<p><span style=\"font-weight: 400;\">Co-va crear i va administrar el projecte curatorial @amordel2000, amb m\u00e9s de 200 mil seguidors a Instagram. Va dictar un curs de Teoria Feminista orientat a artistes i va realitzar consultories de comunicaci\u00f3 per a ONG i mitjans de comunicaci\u00f3. Es va exercir com a creadora de continguts period\u00edstics a Cosecha Roja i va produir el v\u00eddeo assaig \u201cQui s\u00f3n els amos dels mitjans de comunicaci\u00f3 a Argentina?\u201d. El 2022 va obtenir el Premi Juana Manso a la Comunicaci\u00f3 Feminista a la categoria Xarxes Socials. Actualment \u00e9s la Responsable de Comunicaci\u00f3 de Can Serrat.<\/span>","protected":false},"excerpt":{"rendered":"<p>Sessions personalitzades amb una experta en comunicaci\u00f3 per ajudar les artistes en el proc\u00e9s de narrar-se a elles mateixes, amb l\u2019objectiu d\u2019optimitzar els seus recursos i maximitzar el potencial de la seva feina. Vidriera no proposa una recepta homog\u00e8nia, sin\u00f3 &hellip; <a href=\"https:\/\/canserrat.org\/ca\/espanol-cruceros\/vidriera\">Continued<\/a><\/p>\n","protected":false},"author":4,"featured_media":0,"parent":7857,"menu_order":0,"comment_status":"closed","ping_status":"closed","template":"","meta":{"_monsterinsights_skip_tracking":false,"_monsterinsights_sitenote_active":false,"_monsterinsights_sitenote_note":"","_monsterinsights_sitenote_category":0,"footnotes":""},"_links":{"self":[{"href":"https:\/\/canserrat.org\/ca\/wp-json\/wp\/v2\/pages\/9190"}],"collection":[{"href":"https:\/\/canserrat.org\/ca\/wp-json\/wp\/v2\/pages"}],"about":[{"href":"https:\/\/canserrat.org\/ca\/wp-json\/wp\/v2\/types\/page"}],"author":[{"embeddable":true,"href":"https:\/\/canserrat.org\/ca\/wp-json\/wp\/v2\/users\/4"}],"replies":[{"embeddable":true,"href":"https:\/\/canserrat.org\/ca\/wp-json\/wp\/v2\/comments?post=9190"}],"version-history":[{"count":5,"href":"https:\/\/canserrat.org\/ca\/wp-json\/wp\/v2\/pages\/9190\/revisions"}],"predecessor-version":[{"id":9237,"href":"https:\/\/canserrat.org\/ca\/wp-json\/wp\/v2\/pages\/9190\/revisions\/9237"}],"up":[{"embeddable":true,"href":"https:\/\/canserrat.org\/ca\/wp-json\/wp\/v2\/pages\/7857"}],"wp:attachment":[{"href":"https:\/\/canserrat.org\/ca\/wp-json\/wp\/v2\/media?parent=9190"}],"curies":[{"name":"wp","href":"https:\/\/api.w.org\/{rel}","templated":true}]}}