{"id":8930,"date":"2025-07-09T09:50:57","date_gmt":"2025-07-09T09:50:57","guid":{"rendered":"https:\/\/canserrat.org\/?page_id=8930"},"modified":"2026-01-29T14:03:01","modified_gmt":"2026-01-29T14:03:01","slug":"rolling-artist-residency-2026-barcelona","status":"publish","type":"page","link":"https:\/\/canserrat.org\/ca\/rolling-artist-residency-2026-barcelona","title":{"rendered":"Rolling Residency"},"content":{"rendered":"&nbsp;<\/p>\n<p>Can Serrat, d\u2019aproximadament 1.187 m\u00b2, \u00e9s una antiga masia catalana cl\u00e0ssica situada a El Bruc, un petit poble als peus de la muntanya de Montserrat, a 45 km de Barcelona. La casa va ser adquirida el 1989 per onze artistes noruecs, que van iniciar un llarg proc\u00e9s de renovaci\u00f3.<\/p>\n<p data-start=\"630\" data-end=\"905\">L\u2019entorn natural \u00e9s una part fonamental de l\u2019experi\u00e8ncia: un passeig agradable et porta des de la casa fins al peu de la muntanya, amb vistes obertes a les agulles de Montserrat. Can Serrat ofereix diversos espais de treball i tallers en un context natural intens i canviant.<\/p>\n<p data-start=\"907\" data-end=\"987\">Can Serrat \u00e9s un espai de creaci\u00f3 i de processos.<br data-start=\"956\" data-end=\"959\" \/>Can Serrat \u00e9s una comunitat.<\/p>\n<p data-start=\"989\" data-end=\"1296\">Les activitats parteixen d\u2019una metodologia de treball definida i es desenvolupen en relaci\u00f3 amb les hist\u00f2ries i les imaginacions que es construeixen col\u00b7lectivament al llarg de la resid\u00e8ncia. Ens interessen especialment els processos sense pressi\u00f3 de resultat, les investigacions obertes, el dubte, la curiositat i el debat com a motors de treball.<\/p>\n<p data-start=\"291\" data-end=\"393\">Aquesta convocat\u00f2ria est\u00e0 oberta durant tot l\u2019any per a resid\u00e8ncies que tindran lloc al llarg de 2026.<\/p>\n<p data-start=\"395\" data-end=\"614\">Al final de cada mes, l\u2019equip de Can Serrat revisa les sol\u00b7licituds rebudes i contacta amb les persones seleccionades per proposar el seg\u00fcent per\u00edode disponible, en funci\u00f3 de la disponibilitat de la casa i del projecte.<\/p>\n<p data-start=\"616\" data-end=\"777\">Les persones seleccionades disposaran de temps i espai per treballar en els seus propis projectes, alhora que formaran part de la vida comunit\u00e0ria de Can Serrat.<\/p>\n<p>&nbsp;<\/p>\n<p data-start=\"279\" data-end=\"300\"><strong>INVITACIONS<\/strong><\/p>\n<p data-start=\"302\" data-end=\"536\">Can Serrat ofereix un nombre limitat d\u2019invitacions parcialment subvencionades pel Departament de Cultura de la Generalitat de Catalunya per formar part del programa de resid\u00e8ncies durant 2026, subjectes a la disponibilitat de la casa.<\/p>\n<p data-start=\"538\" data-end=\"655\">No es tracta d\u2019una beca completa, sin\u00f3 d\u2019una invitaci\u00f3 amb una subvenci\u00f3 parcial sobre el cost real de la resid\u00e8ncia.<\/p>\n<p data-start=\"657\" data-end=\"727\">El cost real d\u2019un mes de resid\u00e8ncia a Can Serrat \u00e9s de 3.148,14 \u20ac.<\/p>\n<p data-start=\"729\" data-end=\"759\">Opcions amb subvenci\u00f3 parcial:<\/p>\n<ul>\n<li data-start=\"761\" data-end=\"833\"><strong data-start=\"761\" data-end=\"789\">Opci\u00f3 1<\/strong> <strong>Habitaci\u00f3 compartida (fins a 2 persones)*<\/strong><\/li>\n<\/ul>\n<p style=\"padding-left: 40px;\">998,70 \u20ac \/ mes<\/p>\n<ul>\n<li data-start=\"835\" data-end=\"886\"><strong data-start=\"835\" data-end=\"865\">Opci\u00f3 2 Habitaci\u00f3 privada*<\/strong><\/li>\n<\/ul>\n<p style=\"padding-left: 40px;\">1.578,90 \u20ac \/ mes<\/p>\n<ul>\n<li data-start=\"888\" data-end=\"951\"><strong data-start=\"888\" data-end=\"916\">Opci\u00f3 3 Nom\u00e9s estudi (sense allotjament)<\/strong><\/li>\n<\/ul>\n<p style=\"padding-left: 40px;\">254,50 \u20ac \/ mes<\/p>\n<p data-start=\"953\" data-end=\"1184\">* Les opcions 1 i 2 inclouen un o dos sopars comunitaris setmanals preparats per la cuinera, aliments b\u00e0sics (caf\u00e8, te, condiments i alguns productes frescos i secs, segons disponibilitat) i picapica en algunes activitats.<\/p>\n<p>&nbsp;<\/p>\n<p data-start=\"242\" data-end=\"271\"><strong>CONDICIONS DE LA RESID\u00c8NCIA<\/strong><\/p>\n<p data-start=\"273\" data-end=\"321\">Les persones residents a Can Serrat disposen de:<\/p>\n<ul>\n<li>\u00a0Acc\u00e9s complet a tots els espais i recursos compartits<\/li>\n<li>\u00das lliure de les \u00e0rees de treball, equipaments i tallers<\/li>\n<li>Participaci\u00f3 en les activitats i la vida comunit\u00e0ria<\/li>\n<li>Transport cobert per a les activitats organitzades per Can Serrat<\/li>\n<li>Connexi\u00f3 amb l\u2019entorn local i el seu teixit cultural<\/li>\n<li>Visibilitat del projecte i del proc\u00e9s a trav\u00e9s dels canals de Can Serrat<\/li>\n<li>Inclusi\u00f3 del proc\u00e9s en l\u2019arxiu digital de residents<\/li>\n<li>Sessions de seguiment i acompanyament amb membres de l\u2019equip<\/li>\n<\/ul>\n<p data-start=\"825\" data-end=\"1063\">Can Serrat ent\u00e9n la casa com un espai comunitari que es cuida col\u00b7lectivament. Per aquest motiu, totes les persones residents participen en tasques setmanals de manteniment i neteja dels espais compartits (cuina, jard\u00ed, menjador i banys).<\/p>\n<p>&nbsp;<\/p>\n<p><strong>QUI POT SOL\u00b7LICITAR-HO? ELEGIBILITAT:<\/strong><\/p>\n<p>La convocat\u00f2ria est\u00e0 oberta a persones de qualsevol proced\u00e8ncia, traject\u00f2ria i disciplina, en diferents etapes de la seva pr\u00e0ctica. S\u2019anima als individus, els duos i els col\u00b7lectius a presentar les seves sol\u00b7licituds.<\/p>\n<p data-start=\"271\" data-end=\"429\">No \u00e9s necessari ser artista professional ni tenir menys de 35 anys.<\/p>\n<p data-start=\"431\" data-end=\"494\">Es pot aplicar de manera individual, en duo o com a col\u00b7lectiu.<\/p>\n<p>&nbsp;<\/p>\n<p><strong>PROCEDIMENT DE SOL\u00b7LICITUD I DOCUMENTS NECESSARIS<\/strong><\/p>\n<p data-start=\"238\" data-end=\"348\">Per aplicar a la convocat\u00f2ria cal omplir el\u00a0\u00a0<a style=\"color: #005580; text-decoration-line: underline;\" href=\"https:\/\/forms.gle\/RWRkEDmnRu1ewPcw7\" target=\"_blank\" rel=\"noopener noreferrer\"><b>FORMULARI<\/b><\/a>\u00a0 de sol\u00b7licitud i adjuntar un \u00fanic arxiu PDF titulat:\u00a0<strong data-start=\"350\" data-end=\"376\">cognom_nom_RollingCall<\/strong><\/p>\n<p data-start=\"378\" data-end=\"403\">Aquest PDF ha d\u2019incloure:<\/p>\n<p data-start=\"405\" data-end=\"526\">\u2013 <strong data-start=\"407\" data-end=\"428\">Projectes visuals i multidisciplinaris<\/strong><br data-start=\"428\" data-end=\"431\" \/>Un v\u00eddeo (m\u00e0x. 3 minuts), o una s\u00e8rie d\u2019imatges (m\u00e0x. 10), o una nota de veu presentant el projecte (m\u00e0x. 3 minuts).<\/p>\n<p data-start=\"528\" data-end=\"663\">\u2013 <strong data-start=\"530\" data-end=\"556\">Projectes d\u2019escriptura<\/strong><br data-start=\"556\" data-end=\"559\" \/>Una mostra d\u20191 p\u00e0gina de projecte(s) d\u2019escriptura i una nota de veu llegint la mostra (m\u00e0x. 3 minuts).<\/p>\n<p data-start=\"665\" data-end=\"803\">\u2013 <strong data-start=\"667\" data-end=\"695\">Per a tots els projectes<\/strong><br data-start=\"695\" data-end=\"698\" \/>\u00b7 Un resum del projecte per a Can Serrat (aprox. 250 paraules)<br data-start=\"762\" data-end=\"765\" \/>\u00b7 Enlla\u00e7 a la p\u00e0gina web, si escau<\/p>\n<p data-start=\"805\" data-end=\"918\">No es demana curr\u00edculum ni declaraci\u00f3 d\u2019artista.<\/p>\n<p data-start=\"805\" data-end=\"918\">Ens interessa el projecte, el proc\u00e9s i la manera de pensar-lo.<\/p>\n<p data-start=\"920\" data-end=\"1033\">\u00c9s important que els enlla\u00e7os a v\u00eddeos o \u00e0udios estiguin incrustats dins del PDF (SoundCloud, YouTube, etc.).<\/p>\n<p data-start=\"1035\" data-end=\"1176\">Les sol\u00b7licituds es poden presentar en catal\u00e0, castell\u00e0, franc\u00e8s o angl\u00e8s. Actualment no podem acceptar sol\u00b7licituds en altres idiomes.<\/p>\n<p>&nbsp;<\/p>\n<p data-start=\"89\" data-end=\"101\"><strong>DATES CLAU<\/strong><\/p>\n<p data-start=\"103\" data-end=\"181\">Per\u00edode d\u2019aplicaci\u00f3: Convocat\u00f2ria oberta de manera cont\u00ednua durant tot l\u2019any.<\/p>\n<p data-start=\"183\" data-end=\"234\">Comunicaci\u00f3 de resultats: A principis de cada mes.<\/p>\n<p data-start=\"236\" data-end=\"336\">Per\u00edode de resid\u00e8ncia: Entre 2 setmanes i 2 mesos, segons disponibilitat, al llarg de 2026.<\/p>\n<p>&nbsp;<\/p>\n<p><strong>EL JURAT ESTAR\u00c0 FORMAT PER:\u00a0<\/strong><\/p>\n<p>Sophie Blais \u00b7 Directora de Can Serrat<\/p>\n<p><a href=\"https:\/\/elydaou.com\/\" target=\"_blank\" rel=\"noopener\">Ely Daou \u00b7 <\/a>Artista visual, resident permanent a Can Serrat","protected":false},"excerpt":{"rendered":"<p>&nbsp; Can Serrat, d\u2019aproximadament 1.187 m\u00b2, \u00e9s una antiga masia catalana cl\u00e0ssica situada a El Bruc, un petit poble als peus de la muntanya de Montserrat, a 45 km de Barcelona. La casa va ser adquirida el 1989 per onze &hellip; <a href=\"https:\/\/canserrat.org\/ca\/rolling-artist-residency-2026-barcelona\">Continued<\/a><\/p>\n","protected":false},"author":4,"featured_media":9108,"parent":0,"menu_order":0,"comment_status":"closed","ping_status":"closed","template":"","meta":{"_monsterinsights_skip_tracking":false,"_monsterinsights_sitenote_active":false,"_monsterinsights_sitenote_note":"","_monsterinsights_sitenote_category":0,"footnotes":""},"_links":{"self":[{"href":"https:\/\/canserrat.org\/ca\/wp-json\/wp\/v2\/pages\/8930"}],"collection":[{"href":"https:\/\/canserrat.org\/ca\/wp-json\/wp\/v2\/pages"}],"about":[{"href":"https:\/\/canserrat.org\/ca\/wp-json\/wp\/v2\/types\/page"}],"author":[{"embeddable":true,"href":"https:\/\/canserrat.org\/ca\/wp-json\/wp\/v2\/users\/4"}],"replies":[{"embeddable":true,"href":"https:\/\/canserrat.org\/ca\/wp-json\/wp\/v2\/comments?post=8930"}],"version-history":[{"count":32,"href":"https:\/\/canserrat.org\/ca\/wp-json\/wp\/v2\/pages\/8930\/revisions"}],"predecessor-version":[{"id":9374,"href":"https:\/\/canserrat.org\/ca\/wp-json\/wp\/v2\/pages\/8930\/revisions\/9374"}],"wp:featuredmedia":[{"embeddable":true,"href":"https:\/\/canserrat.org\/ca\/wp-json\/wp\/v2\/media\/9108"}],"wp:attachment":[{"href":"https:\/\/canserrat.org\/ca\/wp-json\/wp\/v2\/media?parent=8930"}],"curies":[{"name":"wp","href":"https:\/\/api.w.org\/{rel}","templated":true}]}}