{"id":5688,"date":"2021-01-20T09:55:01","date_gmt":"2021-01-20T09:55:01","guid":{"rendered":"http:\/\/canserrat.org\/?page_id=5688"},"modified":"2021-01-20T10:10:44","modified_gmt":"2021-01-20T10:10:44","slug":"to-warm-bodies","status":"publish","type":"page","link":"https:\/\/canserrat.org\/ca\/to-warm-bodies","title":{"rendered":"(Espa\u00f1ol) CALENTAR CUERPOS micro programa a distancia"},"content":{"rendered":"<p class=\"qtranxs-available-languages-message qtranxs-available-languages-message-ca\">Ho sentim, aquesta entrada est\u00e0 disponible nom\u00e9s en <a href=\"https:\/\/canserrat.org\/es\/wp-json\/wp\/v2\/pages\/5688\" class=\"qtranxs-available-language-link qtranxs-available-language-link-es\" title=\"Espa\u00f1ol\">Espanyol Europeu<\/a> y <a href=\"https:\/\/canserrat.org\/en\/wp-json\/wp\/v2\/pages\/5688\" class=\"qtranxs-available-language-link qtranxs-available-language-link-en\" title=\"English\">Angl\u00e8s Americ\u00e0<\/a>. For the sake of viewer convenience, the content is shown below in one of the available alternative languages. You may click one of the links to switch the site language to another available language.<\/p><span style=\"font-weight: 400;\">Vista la situaci\u00f3n actual y futura de las restricciones de desplazamientos internacionales, como consecuencia de la epidemia de la covid-19, el equipo de Can Serrat decide abrir un micro-programa temporal de introducci\u00f3n y preparaci\u00f3n a su residencia en el lugar f\u00edsico. Este programa est\u00e1 exclusivamente disponible para lxs creadorxs que fueron seleccionadxs por convocatorias entre 2019 y 2020 para venir en residencia a Can Serrat y que tuvieron que posponer su residencia por consecuencia de la pandemia.<\/span><\/p>\n<p><span style=\"font-weight: 400;\">Despu\u00e9s de casi un a\u00f1o de incertidumbre y muchos correos de reprogramaci\u00f3n de fechas, este micro-programa tiene como objetivo conectar con lxs creadorxs seleccionadxs y su trabajo en curso aunque todav\u00eda no hayan podido venir a Can Serrat, adem\u00e1s de generar peque\u00f1as comunidades virtuales el tiempo de un encuentro, dar a conocer otrxs creadorxs del programa. Cuando sepamos quien desea participar enviaremos un correo con detalles sobre el contenido de la sesi\u00f3n telem\u00e1tica.<\/span><\/p>\n<p>&nbsp;<\/p>\n<p><b><i>Precisi\u00f3n importante:\u00a0<\/i><\/b><\/p>\n<p><i><span style=\"font-weight: 400;\">El acceso a este micro-programa NO significa la cancelaci\u00f3n de la residencia en el lugar f\u00edsico (sino que sigue pospuesta a un tiempo m\u00e1s favorable para los desplazamientos y seg\u00fan disponibilidad del residente y del espacio) y no conlleva ning\u00fan coste adicional a lo primeramente previsto con su beca.<\/span><\/i><\/p>\n<p><i><span style=\"font-weight: 400;\">Sin embargo, en la base del voluntariado y sin ning\u00fan tipo de obligaci\u00f3n, si tienen la posibilidad de avanzar la totalidad del coste restante por la residencia (pago a plazos posibles sin ning\u00fan gasto a\u00f1adido** por parte de Can Serrat) o cualquier % del coste restante en este momento, ser\u00eda obviamente bienvenido en estos tiempos de vulnerabilidad generalizados.\u00a0<\/span><\/i><\/p>\n<p>&nbsp;<\/p>\n<p><span style=\"font-weight: 400;\">* Gastos bancarios a cargo del residente.<\/span><\/p>\n<p>&nbsp;<\/p>\n<p><span style=\"font-weight: 400;\">Detalles del programa*:<\/span><\/p>\n<ul>\n<li style=\"font-weight: 400;\" aria-level=\"1\"><span style=\"font-weight: 400;\">Una sesi\u00f3n colectiva (duraci\u00f3n: 3h)\u00a0<\/span><\/li>\n<li style=\"font-weight: 400;\" aria-level=\"1\"><span style=\"font-weight: 400;\">Cada persona se presenta brevemente\u00a0\u00a0<\/span><\/li>\n<li style=\"font-weight: 400;\" aria-level=\"1\"><span style=\"font-weight: 400;\">Las coordinadoras de Can Serrat y residentes anteriores invitadxs presentan Can Serrat y su territorio.<\/span><\/li>\n<li style=\"font-weight: 400;\" aria-level=\"1\"><span style=\"font-weight: 400;\">Espacio-tiempo preguntas e intercambio.<\/span><\/li>\n<\/ul>\n<p><span style=\"font-weight: 400;\">*Seg\u00fan las respuestas recibidas, enviaremos un correo con m\u00e1s detalles sobre el contenido y participantes de cada sesi\u00f3n.\u00a0<\/span><\/p>\n<p>&nbsp;<\/p>\n<p><span style=\"font-weight: 400;\">Condiciones de participaci\u00f3n:<\/span><\/p>\n<ul>\n<li style=\"font-weight: 400;\" aria-level=\"1\"><span style=\"font-weight: 400;\">Haber sido seleccionadx por una residencia en Can Serrat entre 2019 y 2020<\/span><\/li>\n<li style=\"font-weight: 400;\" aria-level=\"1\"><span style=\"font-weight: 400;\">No poder desplazarse por la restricciones debidas a la pandemia de la covid-19<\/span><\/li>\n<li style=\"font-weight: 400;\" aria-level=\"1\"><span style=\"font-weight: 400;\">Tener ganas de compartir con una comunidad todav\u00eda desconocida y a distancia.<\/span><\/li>\n<li style=\"font-weight: 400;\" aria-level=\"1\"><span style=\"font-weight: 400;\">Tener acceso a una conexi\u00f3n internet<\/span><\/li>\n<li style=\"font-weight: 400;\" aria-level=\"1\"><span style=\"font-weight: 400;\">Hablar fluidamente uno de los idiomas siguientes: espa\u00f1ol, catal\u00e1n, ingl\u00e9s, franc\u00e9s<\/span><\/li>\n<\/ul>","protected":false},"excerpt":{"rendered":"<p>Ho sentim, aquesta entrada est\u00e0 disponible nom\u00e9s en Espanyol Europeu y Angl\u00e8s Americ\u00e0. For the sake of viewer convenience, the content is shown below in one of the available alternative languages. You may click one of the links to switch &hellip; <a href=\"https:\/\/canserrat.org\/ca\/to-warm-bodies\">Continued<\/a><\/p>\n","protected":false},"author":3,"featured_media":0,"parent":0,"menu_order":0,"comment_status":"closed","ping_status":"closed","template":"","meta":{"_monsterinsights_skip_tracking":false,"_monsterinsights_sitenote_active":false,"_monsterinsights_sitenote_note":"","_monsterinsights_sitenote_category":0,"footnotes":""},"_links":{"self":[{"href":"https:\/\/canserrat.org\/ca\/wp-json\/wp\/v2\/pages\/5688"}],"collection":[{"href":"https:\/\/canserrat.org\/ca\/wp-json\/wp\/v2\/pages"}],"about":[{"href":"https:\/\/canserrat.org\/ca\/wp-json\/wp\/v2\/types\/page"}],"author":[{"embeddable":true,"href":"https:\/\/canserrat.org\/ca\/wp-json\/wp\/v2\/users\/3"}],"replies":[{"embeddable":true,"href":"https:\/\/canserrat.org\/ca\/wp-json\/wp\/v2\/comments?post=5688"}],"version-history":[{"count":2,"href":"https:\/\/canserrat.org\/ca\/wp-json\/wp\/v2\/pages\/5688\/revisions"}],"predecessor-version":[{"id":5690,"href":"https:\/\/canserrat.org\/ca\/wp-json\/wp\/v2\/pages\/5688\/revisions\/5690"}],"wp:attachment":[{"href":"https:\/\/canserrat.org\/ca\/wp-json\/wp\/v2\/media?parent=5688"}],"curies":[{"name":"wp","href":"https:\/\/api.w.org\/{rel}","templated":true}]}}