{"id":5527,"date":"2020-10-13T13:02:25","date_gmt":"2020-10-13T13:02:25","guid":{"rendered":"http:\/\/canserrat.org\/?page_id=5527"},"modified":"2020-12-26T12:04:06","modified_gmt":"2020-12-26T12:04:06","slug":"covid-19-update","status":"publish","type":"page","link":"https:\/\/canserrat.org\/ca\/covid-19-update","title":{"rendered":"Actualitzaci\u00f3 covid-19"},"content":{"rendered":"<h3 style=\"text-align: center;\">Actualizaci\u00f3n covid-19<\/h3>\n<p>&nbsp;<\/p>\n<p><span style=\"font-weight: 400;\">En Espa\u00f1a se levant\u00f3 el estado de alarma el 1 de Junio 2020, podemos organizar actividades siempre que respetemos las normas sanitarias (mascarilla, distancia m\u00ednima, aforo limitado, etc) que se actualizan regularmente. En general seguimos con muchas dudas e intentamos navegar con ellas para encontrar nuevas formas de funcionar y definir un nuevo calendario tanto preciso como flexible.<\/span><\/p>\n<p>&nbsp;<\/p>\n<p><span style=\"font-weight: 400;\">A continuaci\u00f3n queremos compartir con vosotras lo que ha ido pasando en este 2020 y lo que estamos planificando para 2021:<\/span><\/p>\n<p>&nbsp;<\/p>\n<ul>\n<li style=\"font-weight: 400;\" aria-level=\"1\"><span style=\"font-weight: 400;\">El 1 de Junio volvimos a abrir la casa con alquileres mensuales para la comunidad local. Aunque no pudi\u00e9ramos reabrir el programa de residencia nos parec\u00eda importante que la casa siguiera teniendo vida. Fruto de esto nos hemos dado cuenta que tener habitantes locales puede resultar muy enriquecedor para la residencia, as\u00ed que hemos guardado algunas habitaciones para este tipo de alquileres en <\/span><a href=\"http:\/\/canserrat.org\/about\/co-working-co-living-price-conditions\"><span style=\"font-weight: 400;\">2021<\/span><\/a><span style=\"font-weight: 400;\">.\u00a0<\/span><\/li>\n<\/ul>\n<p>&nbsp;<\/p>\n<ul>\n<li style=\"font-weight: 400;\" aria-level=\"1\"><span style=\"font-weight: 400;\">El 7 de Enero de 2021, Can Serrat volver\u00e1 poco a poco a recibir y acompa\u00f1ar proyectos internacionales seleccionados entre 2019 y 2020, siguiendo las restricciones internacionales y nacionales, y aplicando el protocolo sanitario siguiente: <\/span><a href=\"http:\/\/canserrat.org\/covid-19-update\"><span style=\"font-weight: 400;\">protocolo covid-19<\/span><\/a><span style=\"font-weight: 400;\">.<\/span><\/li>\n<\/ul>\n<p>&nbsp;<\/p>\n<ul>\n<li style=\"font-weight: 400;\" aria-level=\"1\"><span style=\"font-weight: 400;\">Creamos el proyecto de residencia a distancia <\/span><a href=\"http:\/\/canserrat.org\/es\/remota\"><span style=\"font-weight: 400;\">REMOTA<\/span><\/a><span style=\"font-weight: 400;\"> en colaboraci\u00f3n con la residencia de escritura <\/span><a href=\"https:\/\/guionbajo.org\/\"><span style=\"font-weight: 400;\">guion_bajo<\/span><\/a><span style=\"font-weight: 400;\">.<\/span><\/li>\n<\/ul>\n<p>&nbsp;<\/p>\n<ul>\n<li style=\"font-weight: 400;\" aria-level=\"1\"><span style=\"font-weight: 400;\">Organizamos actividades p\u00fablicas a nivel local en colaboraci\u00f3n con colectivos del territorio:<\/span>\n<ul>\n<li style=\"font-weight: 400;\" aria-level=\"2\"><span style=\"font-weight: 400;\">Festival de performance <\/span><a href=\"https:\/\/www.facebook.com\/escletxaelbruc\/\"><span style=\"font-weight: 400;\">ESCLETXA<\/span><\/a><span style=\"font-weight: 400;\"> (Octubre 2020) con la asociaci\u00f3n <\/span><a href=\"https:\/\/www.facebook.com\/elsamicsdecanserrat\/\"><span style=\"font-weight: 400;\">Els amics de Can Serrat<\/span><\/a><\/li>\n<li style=\"font-weight: 400;\" aria-level=\"2\"><span style=\"font-weight: 400;\">El Dia D (jornada de pinturas murales en Esparreguera) con el colectivo <\/span><a href=\"https:\/\/www.facebook.com\/Obertencanal\"><span style=\"font-weight: 400;\">Obertencanal<\/span><\/a><\/li>\n<li style=\"font-weight: 400;\" aria-level=\"2\"><span style=\"font-weight: 400;\">Presentaci\u00f3n del proyecto \u201cEncantos y pociones &#8211; curas femeninas de metzineres\u201d de <\/span><a href=\"https:\/\/www.christinaschultz.com\/\"><span style=\"font-weight: 400;\">Christina Schultz<\/span><\/a><span style=\"font-weight: 400;\"> en colaboraci\u00f3n con la residencia <\/span><a href=\"http:\/\/naucoclea.com\/\"><span style=\"font-weight: 400;\">Nau C\u00f4clea<\/span><\/a><span style=\"font-weight: 400;\">. Se llev\u00f3 a cabo en la bodega de Can Serrat el 04\/11\/2020.\u00a0<\/span><\/li>\n<li style=\"font-weight: 400;\" aria-level=\"2\"><span style=\"font-weight: 400;\">En 2020, Can Serrat ha empezado nuevas colaboraciones con colectivos y espacios art\u00edsticos catalanes, espa\u00f1oles, y franceses que dar\u00e1n su fruto en 2021 :<\/span><\/li>\n<\/ul>\n<\/li>\n<\/ul>\n<ul>\n<li style=\"font-weight: 400;\" aria-level=\"2\"><span style=\"font-weight: 400;\">Proyecto <\/span><a href=\"http:\/\/www.elgrandtour.net\/que-es-grand-tour-2\/?lang=es\"><span style=\"font-weight: 400;\">Gran Tour<\/span><\/a><span style=\"font-weight: 400;\"> (Nau C\u00f4clea, Can de Farrera)<\/span><\/li>\n<li style=\"font-weight: 400;\" aria-level=\"2\"><span style=\"font-weight: 400;\">Colaboraci\u00f3n dentro de<\/span><a href=\"https:\/\/alimentaciosostenible.barcelona\/es\"><span style=\"font-weight: 400;\"> Barcelona Capital 2021 de la alimentaci\u00f3n sostenible <\/span><\/a><span style=\"font-weight: 400;\">(Can de Farrera, Nau C\u00f4clea, Ca\u00e7is, Lo Pati, etc)<\/span><\/li>\n<li style=\"font-weight: 400;\" aria-level=\"2\"><span style=\"font-weight: 400;\">Colaboraci\u00f3n con FORA DE CAMP, la Escocesa, Lo Pati,<\/span><span style=\"font-weight: 400;\"> \u201c \u00a0 \u201c<\/span><\/li>\n<li style=\"font-weight: 400;\" aria-level=\"2\"><span style=\"font-weight: 400;\">Proyecto de intercambio, pr\u00e1cticas de gesti\u00f3n cultural e introducci\u00f3n para futuras residencias, con el centro de arte contempor\u00e1neo, <\/span><a href=\"https:\/\/elcroquis.es\/products\/rcr-lacuisine\"><span style=\"font-weight: 400;\">La Cuisine<\/span><\/a><span style=\"font-weight: 400;\"> (Francia, Occitania) &#8211; subvenci\u00f3n europea.<\/span><\/li>\n<\/ul>\n<p>&nbsp;<\/p>\n<ul>\n<li style=\"font-weight: 400;\" aria-level=\"1\"><span style=\"font-weight: 400;\">Estamos valorando como coordinar el programa de convocatorias y residencia de Can Serrat para 2021-2022.\u00a0<\/span><\/li>\n<li style=\"font-weight: 400;\" aria-level=\"1\"><span style=\"font-weight: 400;\">Por primera vez Can Serrat ha recibido una subvenci\u00f3n del departamento de Cultura de la Generalitat de Catalunya.<\/span><\/li>\n<li style=\"font-weight: 400;\" aria-level=\"1\"><span style=\"font-weight: 400;\">En 2021, Can Serrat sigue y refuerza sus convenios anuales con la escuela superior de bellas artes <\/span><a href=\"https:\/\/www.eesi.eu\/site\/index.php\"><span style=\"font-weight: 400;\">EESI <\/span><\/a><span style=\"font-weight: 400;\">(Francia) y la oficina econ\u00f3mica y cultural de Taipei, en el acompa\u00f1amiento a la produccion artistica y literaria.\u00a0<\/span><\/li>\n<li style=\"font-weight: 400;\" aria-level=\"1\"><span style=\"font-weight: 400;\">Roca Verda, la cooperativa de consumidores de productos locales y ecol\u00f3gicos, acogida en Can Serrat, ha crecido y se ha desplazado a un espacio m\u00e1s grande de la casa, tambi\u00e9n han establecido un programa de talleres y actividades en relaci\u00f3n a la alimentaci\u00f3n y consumo sostenible.\u00a0<\/span><\/li>\n<li style=\"font-weight: 400;\" aria-level=\"1\"><span style=\"font-weight: 400;\">Por fin, estamos acabando la edici\u00f3n y dise\u00f1o (<\/span><a href=\"http:\/\/www.carlesmurillo.com\/\"><span style=\"font-weight: 400;\">Carles Murillo<\/span><\/a><span style=\"font-weight: 400;\">) de la publicaci\u00f3n Parasitio<\/span><a href=\"http:\/\/canserrat.org\/es\/parasitio\/2018-2019-fluffy-disk-with-nyamnyam\"><span style=\"font-weight: 400;\">#2<\/span><\/a><span style=\"font-weight: 400;\"> \u201cFluffy Disk\u201d que se presentar\u00e1 durante la primavera de 2021 en el espacio <\/span><a href=\"http:\/\/lautomatica.org\/es\/\"><span style=\"font-weight: 400;\">l\u2019automatica<\/span><\/a><span style=\"font-weight: 400;\"> de Barcelona.<\/span><\/li>\n<li style=\"font-weight: 400;\" aria-level=\"1\"><span style=\"font-weight: 400;\">El programa de <\/span><a href=\"http:\/\/canserrat.org\/es\/espanol-condiciones-de-participacion\/cn-__-collective-narrative\"><span style=\"font-weight: 400;\">Narrativa colectiva<\/span><\/a><span style=\"font-weight: 400;\"> que ten\u00eda que llevarse a cabo en enero de 2021 ha sido pospuesto a 2022.<\/span><\/li>\n<\/ul>\n<p>&nbsp;<\/p>\n<p><span style=\"font-weight: 400;\">Esperando que esta informaci\u00f3n os sirva, no dud\u00e9is en contarnos vuestra situaci\u00f3n, y\/o si ten\u00e9is preguntas o propuestas. Estamos muy al tanto de vuestros mensajes en nuestro buz\u00f3n y os responderemos lo antes posible, \u00a1pero probablemente m\u00e1s lento de lo que era posible antes!<\/span><\/p>\n<p>&nbsp;<\/p>\n<p><span style=\"font-weight: 400;\">Felices fiestas y feliz a\u00f1o nuevo!<\/span><\/p>\n<p>&nbsp;<\/p>\n<p>Atentamente,<\/p>\n<p><span style=\"font-weight: 400;\">El equipo de Can Serrat<\/span>","protected":false},"excerpt":{"rendered":"<p>Actualizaci\u00f3n covid-19 &nbsp; En Espa\u00f1a se levant\u00f3 el estado de alarma el 1 de Junio 2020, podemos organizar actividades siempre que respetemos las normas sanitarias (mascarilla, distancia m\u00ednima, aforo limitado, etc) que se actualizan regularmente. En general seguimos con muchas &hellip; <a href=\"https:\/\/canserrat.org\/ca\/covid-19-update\">Continued<\/a><\/p>\n","protected":false},"author":3,"featured_media":0,"parent":0,"menu_order":0,"comment_status":"closed","ping_status":"closed","template":"","meta":{"_monsterinsights_skip_tracking":false,"_monsterinsights_sitenote_active":false,"_monsterinsights_sitenote_note":"","_monsterinsights_sitenote_category":0,"footnotes":""},"_links":{"self":[{"href":"https:\/\/canserrat.org\/ca\/wp-json\/wp\/v2\/pages\/5527"}],"collection":[{"href":"https:\/\/canserrat.org\/ca\/wp-json\/wp\/v2\/pages"}],"about":[{"href":"https:\/\/canserrat.org\/ca\/wp-json\/wp\/v2\/types\/page"}],"author":[{"embeddable":true,"href":"https:\/\/canserrat.org\/ca\/wp-json\/wp\/v2\/users\/3"}],"replies":[{"embeddable":true,"href":"https:\/\/canserrat.org\/ca\/wp-json\/wp\/v2\/comments?post=5527"}],"version-history":[{"count":7,"href":"https:\/\/canserrat.org\/ca\/wp-json\/wp\/v2\/pages\/5527\/revisions"}],"predecessor-version":[{"id":5661,"href":"https:\/\/canserrat.org\/ca\/wp-json\/wp\/v2\/pages\/5527\/revisions\/5661"}],"wp:attachment":[{"href":"https:\/\/canserrat.org\/ca\/wp-json\/wp\/v2\/media?parent=5527"}],"curies":[{"name":"wp","href":"https:\/\/api.w.org\/{rel}","templated":true}]}}