{"id":5508,"date":"2020-10-06T16:03:55","date_gmt":"2020-10-06T16:03:55","guid":{"rendered":"http:\/\/canserrat.org\/?page_id=5508"},"modified":"2020-10-30T13:09:39","modified_gmt":"2020-10-30T13:09:39","slug":"espanol-fora-de-camp-residencia","status":"publish","type":"page","link":"https:\/\/canserrat.org\/ca\/transversal-projects\/espanol-fora-de-camp-residencia","title":{"rendered":"Fora de camp 2020 &#8211; 2021"},"content":{"rendered":"Fora de Camp \u00e9s una metodologia d\u2019investigaci\u00f3 art\u00edstica i curatorial\u00a0que ha estat pensada per Laura Bono, Marina Ribot Pallicer i Angelica<\/p>\n<p>Tognetti, professionals que travessem diferents disciplines\u00a0com el teatre, les arts visuals i la teoria liter\u00e0ria.\u00a0L\u2019objectiu del programa, d\u2019acord amb la nostra metodologia,\u00a0\u00e9s el d\u2019explorar diferents processos d\u2019investigaci\u00f3 i de creaci\u00f3\u00a0art\u00edstica, prenent com a punt de partida el concepte de \u00abfora de\u00a0camp\u00bb. Recollim aquest terme de la terminologia f\u00edlmica i fotogr\u00e0fica\u00a0utilitzat per designar l\u2019espai de realitat que queda excl\u00f2s de la visi\u00f3\u00a0de la c\u00e0mera, fora del seu enquadrament. L\u2019adoptem amb el desig\u00a0d\u2019abstraure\u2019l i pensar en espais i corporalitats que desborden\u00a0el per\u00edmetre de l\u2019statu quo. Abracem, aix\u00ed, un conjunt de viv\u00e8ncies,\u00a0sabers i materialitats que se situen fora dels marcs institucionalitzats.\u00a0Moure\u2019s i sortir del camp \u00e9s, alhora, pensar i trepitjar la terra com\u00a0un espai sense asfaltar amb una temporalitat pr\u00f2pia, on la creaci\u00f3\u00a0i l\u2019assaig queden subjectes a les condicions i circumst\u00e0ncies\u00a0externes. D\u2019aquesta manera, la metodologia s\u2019acosta a la creaci\u00f3\u00a0i a l\u2019experimentaci\u00f3 art\u00edstica d\u2019una forma situada i contextual en\u00a0relaci\u00f3 amb els espais que transita.<\/p>\n<p>&nbsp;<\/p>\n<h2 style=\"text-align: center;\"><b>RESOLUCI\u00d3 &#8211; PROGRAMA DE COL\u00b7LECTIVITZACI\u00d3 IMPRODUCTIVA FORA DE CAMP 2020-2021 <\/b><\/h2>\n<p>&nbsp;<\/p>\n<p>El jurat compost per Sophie Blais (Can Serrat), Aida Boix (Lo Pati), Enric Puig (La Escocesa) i Laura Bono, Marina Ribot i Angelica Tognetti (Fora de Camp), ha decidit seleccionar les seg\u00fcents artistes per a formar part del Programa de Col\u00b7lectivitzaci\u00f3 Improductiva Fora de Camp 2020-2021:<\/p>\n<p>&#8211; Albert Giron\u00e8s<\/p>\n<p>&#8211; Anna Vilam\u00fa Bosch<\/p>\n<p>&#8211; Bel\u00e9n Sanchez Juez<\/p>\n<p>&#8211; Marina E.G.<\/p>\n<p>&nbsp;<\/p>\n<p>Aix\u00ed mateix, ha valorat molt positivament les propostes de:<\/p>\n<p>&#8211; Alexander Arilla Vel\u00e1zquez<\/p>\n<p>&#8211; Helena Mu\u00f1oz Villena<\/p>\n<p>&#8211; Maria Gir\u00f3 i Sara Cabo<\/p>\n<p>&#8211; Paula Vicente Puiggr\u00f2s<\/p>\n<p>&nbsp;<\/p>\n<p>Sabem que \u00e9s molt dif\u00edcil generar espais de cura dins d&#8217;una convocat\u00f2ria, per\u00f2 volem agrair, de tot cor, a totes les persones que ens han fet arribar les seves propostes. Ha estat un plaer llegir-les, endinsar-se en les seves pr\u00e0ctiques art\u00edstiques i entrar en contacte amb elles. Hi ha moltes propostes que no han pogut estar en el programa. No ha estat una decisi\u00f3 f\u00e0cil, \u00e9s per aix\u00f2 que ens hem quedat amb ganes de tornar a trobar-nos en futures ocasions i en noves obertures de Fora de Camp.","protected":false},"excerpt":{"rendered":"<p>Fora de Camp \u00e9s una metodologia d\u2019investigaci\u00f3 art\u00edstica i curatorial\u00a0que ha estat pensada per Laura Bono, Marina Ribot Pallicer i Angelica Tognetti, professionals que travessem diferents disciplines\u00a0com el teatre, les arts visuals i la teoria liter\u00e0ria.\u00a0L\u2019objectiu del programa, d\u2019acord amb &hellip; <a href=\"https:\/\/canserrat.org\/ca\/transversal-projects\/espanol-fora-de-camp-residencia\">Continued<\/a><\/p>\n","protected":false},"author":3,"featured_media":5512,"parent":4097,"menu_order":0,"comment_status":"closed","ping_status":"closed","template":"","meta":{"_monsterinsights_skip_tracking":false,"_monsterinsights_sitenote_active":false,"_monsterinsights_sitenote_note":"","_monsterinsights_sitenote_category":0,"footnotes":""},"_links":{"self":[{"href":"https:\/\/canserrat.org\/ca\/wp-json\/wp\/v2\/pages\/5508"}],"collection":[{"href":"https:\/\/canserrat.org\/ca\/wp-json\/wp\/v2\/pages"}],"about":[{"href":"https:\/\/canserrat.org\/ca\/wp-json\/wp\/v2\/types\/page"}],"author":[{"embeddable":true,"href":"https:\/\/canserrat.org\/ca\/wp-json\/wp\/v2\/users\/3"}],"replies":[{"embeddable":true,"href":"https:\/\/canserrat.org\/ca\/wp-json\/wp\/v2\/comments?post=5508"}],"version-history":[{"count":4,"href":"https:\/\/canserrat.org\/ca\/wp-json\/wp\/v2\/pages\/5508\/revisions"}],"predecessor-version":[{"id":5561,"href":"https:\/\/canserrat.org\/ca\/wp-json\/wp\/v2\/pages\/5508\/revisions\/5561"}],"up":[{"embeddable":true,"href":"https:\/\/canserrat.org\/ca\/wp-json\/wp\/v2\/pages\/4097"}],"wp:featuredmedia":[{"embeddable":true,"href":"https:\/\/canserrat.org\/ca\/wp-json\/wp\/v2\/media\/5512"}],"wp:attachment":[{"href":"https:\/\/canserrat.org\/ca\/wp-json\/wp\/v2\/media?parent=5508"}],"curies":[{"name":"wp","href":"https:\/\/api.w.org\/{rel}","templated":true}]}}