{"id":5255,"date":"2020-05-15T06:55:37","date_gmt":"2020-05-15T06:55:37","guid":{"rendered":"http:\/\/canserrat.org\/?page_id=5255"},"modified":"2021-01-12T18:12:21","modified_gmt":"2021-01-12T18:12:21","slug":"residiradistancia","status":"publish","type":"page","link":"https:\/\/canserrat.org\/ca\/remota\/residiradistancia","title":{"rendered":"Residir a distancia"},"content":{"rendered":"<h1 style=\"text-align: center;\"><\/h1>\n<p>&nbsp;<\/p>\n<p>&nbsp;<\/p>\n<p>Considerar nous models que ens permetin seguir connectats, a trav\u00e9s de les plataformes existents, s&#8217;ha convertit en un exercici essencial<\/p>\n<p>per a molts projectes culturals com els nostres. Tant Can Serrat com guion bajo tenim com a objectius el d&#8217;acompanyar als creadors en els seus processos i oferir espais de reflexi\u00f3 i trobada.<\/p>\n<p>Les restriccions de circulaci\u00f3 van fer que g_b habit\u00e9s a Can Serrat durant alguns mesos i juntes, f\u00edsicament, vam poder discutir noves formes de treball col\u00b7laboratiu. Part d&#8217;aquests somnis es materialitzen en <strong>REMOTA<\/strong> un projecte virtual de trobada, di\u00e0leg i col\u00b7laboraci\u00f3 que desvincula el concepte de resid\u00e8ncia de la pres\u00e8ncia f\u00edsica. Els programes REMOTA <em>residir a dist\u00e0ncia<\/em> i REMOTA <em>tallers<\/em> en formen part.<\/p>\n<p>&nbsp;<\/p>\n<p>El pilot de REMOTA <em>residir a dist\u00e0ncia<\/em> es va dur a terme a la plataforma Zoom del 6 a el 17 d&#8217;abril de 2020 on projectes i idees van ser compartits, discutits i comentats. Va reunir diversos curadors, artistes i escriptors que van reflexionar, al costat dels equips de Can Serrat i g_b, sobre la influ\u00e8ncia del confinament i la situaci\u00f3 actual en els processos creatius, en les noves pr\u00e0ctiques de col\u00b7laboraci\u00f3 i comunicaci\u00f3 i sobre el paper de les arts en la construcci\u00f3 col\u00b7lectiva del que hem anomenat un nou relat sobre la realitat. Helle Kaarem (Noruega), Asli Seven (Turquia), Luisa Ungar (Col\u00f2mbia), Martin Jackson (Anglaterra), Xavi Acarin (Espanya), James Cross (Anglaterra) i Marloes Staal (Pa\u00efsos baixos) van compartir els seus treballs i inquietuds i vam establir un di\u00e0leg obert que ens va permetre rebre els seus comentaris i recomanacions per a un programa de llarg al\u00e8. Tamb\u00e9 les observadores Tone Fjereide, Maria Kim i Natasha Cox van enriquir aquest exercici exploratori.<\/p>\n<p>* El programa REMOTA <em>residir a dist\u00e0ncia<\/em> forma part d&#8217;un projecte virtual de trobada, di\u00e0leg i col\u00b7laboraci\u00f3 que desvincula el concepte de resid\u00e8ncia de la pres\u00e8ncia f\u00edsica.<\/p>\n<p>&nbsp;<\/p>\n<p><strong>De qu\u00e8 es tracta el programa?<\/strong><\/p>\n<p>&nbsp;<\/p>\n<p>Aquest nou espai virtual possibilita el transcendir fronteres i posar en contacte a una diversitat de creadors que, al enriquir el proc\u00e9s de l&#8217;altre des de diferents postures, s&#8217;enforteixen i s&#8217;expandeixen les xarxes culturals. Els grups, al igual que en les resid\u00e8ncies f\u00edsiques, solen ser diversos i incloents (diversitat de pr\u00e0ctiques art\u00edstiques, llocs de proced\u00e8ncia, edats, g\u00e8neres).<\/p>\n<p><strong>Est\u00e0 dirigit a<\/strong> creadors que compten amb el temps suficient per dedicar-lo al seu proc\u00e9s creatiu i que no poden despla\u00e7ar-se (per restriccions en la circulaci\u00f3, per falta de recursos econ\u00f2mics, manca de temps per a una dedicaci\u00f3 exclusiva, per compromisos laborals, familiars, etc\u00e8tera).<\/p>\n<p>Els residents remots seran seleccionats a trav\u00e9s de convocat\u00f2ries p\u00fabliques.<\/p>\n<p>La resid\u00e8ncia durar\u00e0 quatre setmanes en les quals els residents compartiran el seu treball en sessions virtuals i avan\u00e7aran de manera individual en els seus projectes, amb l&#8217;acompanyament de l&#8217;equip de REMOTA.<\/p>\n<p>&nbsp;<\/p>\n<div class=\"row\"> <div class=\"col-md-3\">\n<p><span style=\"font-weight: 400;\">Semana 1<\/span><\/p>\n<ul>\n<li><span style=\"font-weight: 400;\"> Preparaci\u00f3 de la presentaci\u00f3 sobre el proc\u00e9s (l&#8217;equip de REMOTA i el resident discutiran la presentaci\u00f3 amb la base de la proposta del participant, d&#8217;acord a les seves necessitats i interessos i possibles temes de debat). [2 hores]<\/span><\/li>\n<li><span style=\"font-weight: 400;\"> Presentaci\u00f3 del projecte al grup. Tant els residents com l&#8217;equip de CS participaran activament en la presentaci\u00f3 fent preguntes, oferint refer\u00e8ncies o discutint al voltant d&#8217;algun dels temes plantejats. [2 hores]<\/span><\/li>\n<\/ul>\n<\/div><div class=\"col-md-3\">\n<p><span style=\"font-weight: 400;\">Semana 2<\/span><\/p>\n<ul>\n<li style=\"font-weight: 400;\">Es duran a terme i de manera individual 1 o 2 reunions per discutir aproximacions, avan\u00e7os, dificultats, necessitats, etc. [2 a 4 hores]<\/li>\n<\/ul>\n<\/div><div class=\"col-md-3\">\n<p><span style=\"font-weight: 400;\">Semana 3<\/span><\/p>\n<ul>\n<li style=\"font-weight: 400;\">Es dur\u00e0 a terme un debat relacionat amb els temes de les presentacions i textos proposats en les sessions anteriors (1 sessi\u00f3) [3 hores]<\/li>\n<\/ul>\n<\/div><div class=\"col-md-3\">\n<p><span style=\"font-weight: 400;\">Semana 4<\/span><\/p>\n<ul>\n<li style=\"font-weight: 400;\">En l&#8217;\u00faltima sessi\u00f3 es presentaran els avan\u00e7os del proc\u00e9s [2 hores]<\/li>\n<\/ul>\n<\/div><\/div>\n<p>&nbsp;<\/p>\n<p>El temps requerit per participar en les sessions virtuals dependr\u00e0 del nombre de residents i ser\u00e0 informat amb anterioritat.<\/p>\n<p>&nbsp;<\/p>\n<p>Al participar en REMOTA, el resident es compromet a assistir a les presentacions dels projectes dels altres residents, participar en els debats i a compartir el seu portafoli i avan\u00e7os del seu treball amb els altres residents.<\/p>\n<p>&nbsp;<\/p>\n<p><b>Inversi\u00f3<\/b><span style=\"font-weight: 400;\">: $1.890.000 COP \u2014 452 \u20ac (per grups de minim 6 residents)<\/span><\/p>\n<p>&nbsp;<\/p>\n<p><b>Data de la residencia<\/b><span style=\"font-weight: 400;\">: Octubre de 2020<\/span><\/p>\n<p>&nbsp;<\/p>\n<p><span style=\"font-weight: 400;\">Si t\u00e9 dubtes, comentaris o preguntes por escriure a <\/span><a href=\"mailto:remota2020@gmail.com\"><span style=\"font-weight: 400;\">remota2020@gmail.com<\/span><\/a><\/p>\n<p>&nbsp;<\/p>\n<h1 style=\"text-align: center;\"><a href=\"http:\/\/canserrat.org\/wp-content\/uploads\/2020\/05\/remota-residir-a-distancia-logo-2-.png\"><img decoding=\"async\" loading=\"lazy\" class=\"aligncenter wp-image-5336 size-large\" src=\"http:\/\/canserrat.org\/wp-content\/uploads\/2020\/05\/remota-residir-a-distancia-logo-2--1024x721.png\" alt=\"\" width=\"940\" height=\"662\" srcset=\"https:\/\/canserrat.org\/wp-content\/uploads\/2020\/05\/remota-residir-a-distancia-logo-2--1024x721.png 1024w, https:\/\/canserrat.org\/wp-content\/uploads\/2020\/05\/remota-residir-a-distancia-logo-2--300x211.png 300w\" sizes=\"(max-width: 940px) 100vw, 940px\" \/><\/a><\/h1>\n<p>&nbsp;","protected":false},"excerpt":{"rendered":"<p>&nbsp; &nbsp; Considerar nous models que ens permetin seguir connectats, a trav\u00e9s de les plataformes existents, s&#8217;ha convertit en un exercici essencial per a molts projectes culturals com els nostres. Tant Can Serrat com guion bajo tenim com a objectius &hellip; <a href=\"https:\/\/canserrat.org\/ca\/remota\/residiradistancia\">Continued<\/a><\/p>\n","protected":false},"author":3,"featured_media":5256,"parent":5262,"menu_order":0,"comment_status":"closed","ping_status":"closed","template":"","meta":{"_monsterinsights_skip_tracking":false,"_monsterinsights_sitenote_active":false,"_monsterinsights_sitenote_note":"","_monsterinsights_sitenote_category":0,"footnotes":""},"_links":{"self":[{"href":"https:\/\/canserrat.org\/ca\/wp-json\/wp\/v2\/pages\/5255"}],"collection":[{"href":"https:\/\/canserrat.org\/ca\/wp-json\/wp\/v2\/pages"}],"about":[{"href":"https:\/\/canserrat.org\/ca\/wp-json\/wp\/v2\/types\/page"}],"author":[{"embeddable":true,"href":"https:\/\/canserrat.org\/ca\/wp-json\/wp\/v2\/users\/3"}],"replies":[{"embeddable":true,"href":"https:\/\/canserrat.org\/ca\/wp-json\/wp\/v2\/comments?post=5255"}],"version-history":[{"count":30,"href":"https:\/\/canserrat.org\/ca\/wp-json\/wp\/v2\/pages\/5255\/revisions"}],"predecessor-version":[{"id":5677,"href":"https:\/\/canserrat.org\/ca\/wp-json\/wp\/v2\/pages\/5255\/revisions\/5677"}],"up":[{"embeddable":true,"href":"https:\/\/canserrat.org\/ca\/wp-json\/wp\/v2\/pages\/5262"}],"wp:featuredmedia":[{"embeddable":true,"href":"https:\/\/canserrat.org\/ca\/wp-json\/wp\/v2\/media\/5256"}],"wp:attachment":[{"href":"https:\/\/canserrat.org\/ca\/wp-json\/wp\/v2\/media?parent=5255"}],"curies":[{"name":"wp","href":"https:\/\/api.w.org\/{rel}","templated":true}]}}