{"id":5143,"date":"2020-04-03T18:22:47","date_gmt":"2020-04-03T18:22:47","guid":{"rendered":"http:\/\/canserrat.org\/?page_id=5143"},"modified":"2020-04-19T10:28:39","modified_gmt":"2020-04-19T10:28:39","slug":"remota-online-residency-pilot","status":"publish","type":"page","link":"https:\/\/canserrat.org\/ca\/remota-online-residency-pilot","title":{"rendered":"Remota &#8211; residencia en linea (pilot)"},"content":{"rendered":"<a href=\"http:\/\/canserrat.org\/wp-content\/uploads\/2020\/04\/WhatsApp-Image-2020-04-03-at-14.56.07.jpeg\"><img decoding=\"async\" loading=\"lazy\" class=\"size-medium wp-image-5144 aligncenter\" src=\"http:\/\/canserrat.org\/wp-content\/uploads\/2020\/04\/WhatsApp-Image-2020-04-03-at-14.56.07-300x225.jpeg\" alt=\"\" width=\"300\" height=\"225\" srcset=\"https:\/\/canserrat.org\/wp-content\/uploads\/2020\/04\/WhatsApp-Image-2020-04-03-at-14.56.07-300x225.jpeg 300w, https:\/\/canserrat.org\/wp-content\/uploads\/2020\/04\/WhatsApp-Image-2020-04-03-at-14.56.07-1024x768.jpeg 1024w, https:\/\/canserrat.org\/wp-content\/uploads\/2020\/04\/WhatsApp-Image-2020-04-03-at-14.56.07.jpeg 1280w\" sizes=\"(max-width: 300px) 100vw, 300px\" \/><\/a><\/p>\n<p>&nbsp;<\/p>\n<p>REMOTA es proposa com un espai de trobada, di\u00e0leg i col\u00b7laboraci\u00f3 en una aposta de residir a dist\u00e0ncia on Can Serrat i guion bajo, com a part d&#8217;una reflexi\u00f3 que tot just comen\u00e7a, reuniran a creadors al voltant del proc\u00e9s creatiu i de les primordials e inevitables preguntes en aquests temps sobre les nostres maneres de treballar, coexistir, ocupar, produir \/ consumir.<\/p>\n<p>El pilot de REMOTA (06.04.20 &#8211; 17.04.20, Zoom), on projectes i idees seran compartits, discutits i comentats, comptar\u00e0 amb la participaci\u00f3 dels \/ les curadors, artistes i escriptors Helle Kaarem (Noruega), Asli Seven (Turqu\u00eda), Luisa Ungar (Colombia), Martin Jackson (Inglaterra), Xavi Acar\u00edn (Espanya), James Cross (Inglaterra), Marloes Staal (Pa\u00edsos baixos), y las observadoras Tone Fjereide (Noruega), Natasha Cox (Inglaterra) y Maria Kim (Canada).","protected":false},"excerpt":{"rendered":"<p>&nbsp; REMOTA es proposa com un espai de trobada, di\u00e0leg i col\u00b7laboraci\u00f3 en una aposta de residir a dist\u00e0ncia on Can Serrat i guion bajo, com a part d&#8217;una reflexi\u00f3 que tot just comen\u00e7a, reuniran a creadors al voltant del &hellip; <a href=\"https:\/\/canserrat.org\/ca\/remota-online-residency-pilot\">Continued<\/a><\/p>\n","protected":false},"author":3,"featured_media":0,"parent":0,"menu_order":0,"comment_status":"closed","ping_status":"closed","template":"","meta":{"_monsterinsights_skip_tracking":false,"_monsterinsights_sitenote_active":false,"_monsterinsights_sitenote_note":"","_monsterinsights_sitenote_category":0,"footnotes":""},"_links":{"self":[{"href":"https:\/\/canserrat.org\/ca\/wp-json\/wp\/v2\/pages\/5143"}],"collection":[{"href":"https:\/\/canserrat.org\/ca\/wp-json\/wp\/v2\/pages"}],"about":[{"href":"https:\/\/canserrat.org\/ca\/wp-json\/wp\/v2\/types\/page"}],"author":[{"embeddable":true,"href":"https:\/\/canserrat.org\/ca\/wp-json\/wp\/v2\/users\/3"}],"replies":[{"embeddable":true,"href":"https:\/\/canserrat.org\/ca\/wp-json\/wp\/v2\/comments?post=5143"}],"version-history":[{"count":4,"href":"https:\/\/canserrat.org\/ca\/wp-json\/wp\/v2\/pages\/5143\/revisions"}],"predecessor-version":[{"id":5223,"href":"https:\/\/canserrat.org\/ca\/wp-json\/wp\/v2\/pages\/5143\/revisions\/5223"}],"wp:attachment":[{"href":"https:\/\/canserrat.org\/ca\/wp-json\/wp\/v2\/media?parent=5143"}],"curies":[{"name":"wp","href":"https:\/\/api.w.org\/{rel}","templated":true}]}}