{"id":4837,"date":"2020-02-28T16:34:13","date_gmt":"2020-02-28T16:34:13","guid":{"rendered":"http:\/\/canserrat.org\/?page_id=4837"},"modified":"2026-03-27T11:21:42","modified_gmt":"2026-03-27T11:21:42","slug":"llegar_a_can_serrat","status":"publish","type":"page","link":"https:\/\/canserrat.org\/ca\/about\/llegar_a_can_serrat","title":{"rendered":"Com arribar a Can Serrat"},"content":{"rendered":"<h3 style=\"text-align: center;\"><img decoding=\"async\" loading=\"lazy\" class=\" wp-image-8944 aligncenter\" src=\"http:\/\/canserrat.org\/wp-content\/uploads\/2025\/07\/ROLLING-RESIDENCY-1-300x300.png\" alt=\"\" width=\"393\" height=\"393\" srcset=\"https:\/\/canserrat.org\/wp-content\/uploads\/2025\/07\/ROLLING-RESIDENCY-1-300x300.png 300w, https:\/\/canserrat.org\/wp-content\/uploads\/2025\/07\/ROLLING-RESIDENCY-1-1024x1024.png 1024w, https:\/\/canserrat.org\/wp-content\/uploads\/2025\/07\/ROLLING-RESIDENCY-1-150x150.png 150w, https:\/\/canserrat.org\/wp-content\/uploads\/2025\/07\/ROLLING-RESIDENCY-1.png 1080w\" sizes=\"(max-width: 393px) 100vw, 393px\" \/><\/h3>\n<h3><\/h3>\n<p>&nbsp;<\/p>\n<h3 style=\"text-align: center;\">Barcelona \u2014 El Bruc amb transport p\u00fablic*<\/h3>\n<p>* No hi ha autob\u00fas directe des de l&#8217;aeroport a Can Serrat. Primer has d&#8217;anar a Maria Cristina (o,a zona Universit\u00e0ria) a Barcelona i agafar l&#8217;autob\u00fas des d&#8217;aqu\u00ed.<\/p>\n<p>&nbsp;<\/p>\n<h5>De l&#8217;Aeroport del Prat a Zona Universit\u00e0ria a Barcelona.<\/h5>\n<ol>\n<li>Agafa la l\u00ednia de metro L9 de l&#8217;aeroport a <i>Zona Universit\u00e0ria<\/i>. Veure mapa aqu\u00ed:<\/li>\n<\/ol>\n<p><span style=\"color: #3366ff;\"><a style=\"color: #3366ff;\" href=\"http:\/\/www.mapametrobarcelona.net\/mapas-metro\/mapa-metro-barcelona-2017-01.pdf\" target=\"_blank\" rel=\"noopener noreferrer\">http:\/\/www.mapametrobarcelona.net\/mapas-metro\/mapa-metro-barcelona-2017-01.pdf<\/a><\/span><\/p>\n<p>Compra la targeta a la m\u00e0quina expenedora de bitllets a l&#8217;estaci\u00f3 de metro amb efectiu o targeta. Valor aproximat 4,50 euros.<\/p>\n<p>Des de Zona Universit\u00e0ria hi ha dues opcions:<\/p>\n<ol>\n<li>Sortir del metro i esperar l&#8217;autob\u00fas des de l&#8217;estaci\u00f3 de <em>Zona Universit\u00e0ria<\/em>.<\/li>\n<li>O canvia de la l\u00ednia de metro L9 a la l\u00ednia verda L3 en direcci\u00f3 a <em>Trinitat Nova<\/em>. Hi ha dues parades fins a <em>Maria Cristina<\/em>. (Transfer\u00e8ncia gratu\u00efta). Baixat a l&#8217;estaci\u00f3 de<i> Maria Cristina on surt l&#8217;autob\u00fas cap al Bruc (molta gent sol pujar a Maria Cristina, pot ser que al esperar a Zona Universit\u00e0ria, que s\u00f3n dues estacions despr\u00e9s, s&#8217;hagi omplert el bus).<\/i><\/li>\n<\/ol>\n<p>Temps aproximat de l&#8217;aeroport a Zona Universit\u00e0ria: 45 minuts.<\/p>\n<p>&nbsp;<\/p>\n<h5>Maria Cristina o Zona Universit\u00e0ria de Barcelona direcci\u00f3 Can Serrat al Bruc. Ubicaci\u00f3 de la parada d&#8217;autob\u00fas Hispano Igualadina:<\/h5>\n<p><strong>1.<\/strong> Despr\u00e9s de sortir del metro a la parada de <em>Maria Cristina<\/em> o <em>Zona Universit\u00e0ria<\/em>, trobar\u00e0s la parada d&#8217;autob\u00fas de l&#8217;empresa Hispano Igualadina a Avinguda Diagonal (a l&#8217;altre costat del carrer). En el cas de <em>Maria Cristina<\/em>, \u00e9s la segona parada d&#8217;autobusos despr\u00e9s del quiosc de diaris anomenat <em>Vanguardia. <\/em>Veur\u00e0 una petita etiqueta on fica en lletra petita <em>Hispano Igualadina<\/em>.<\/p>\n<p>Aqu\u00ed hi ha el .pdf de l&#8217;horari de l&#8217;autob\u00fas que va i ve entre Barcelona i el Bruc:<\/p>\n<iframe src=\"\/\/docs.google.com\/viewer?url=http%3A%2F%2Fcanserrat.org%2Fwp-content%2Fuploads%2F2022%2F10%2F61f3e44346aa3.pdf&hl=es&embedded=true\" class=\"gde-frame\" style=\"width:100%; height:500px; border: none;\" scrolling=\"no\"><\/iframe>\n<p class=\"gde-text\"><a href=\"http:\/\/canserrat.org\/wp-content\/uploads\/2022\/10\/61f3e44346aa3.pdf\" class=\"gde-link\">Descargar (PDF, 1.34MB)<\/a><\/p>\n<p>Temps aproximat de BCN Maria Cristina al Bruc amb el bus: 50 minuts.<\/p>\n<p>&nbsp;<\/p>\n<p><strong>2.<\/strong> Bitllets per al servei d&#8217;autobusos Hispano Igualadina:<\/p>\n<p>Opci\u00f3 I: Efectiu. El conductor de l&#8217;autob\u00fas pot donar-te canvi, encara que no has de pagar amb un bitllet superior a 10 \u20ac. Valor 8,80 euros per un bitllet senzill.<\/p>\n<p>Opci\u00f3 II: Pots comprar un bitllet <strong>T-10 CASUAL 5 zones<\/strong> per <span class=\"a_GcMg font-feature-liga-off font-feature-clig-off font-feature-calt-off text-decoration-none text-strikethrough-none\">51,20<\/span> euros a les m\u00e0quines expenedores de bitllets de l&#8217;estaci\u00f3 de metro. Aquesta pot ser una opci\u00f3 m\u00e9s econ\u00f2mica si planeges fer diversos viatges d&#8217;anada i tornada entre el Bruc i Barcelona durant el transcurs de la seva estada.<\/p>\n<p>* Notes sobre Hispano Igualadina a tenir en compte:<\/p>\n<p>Hi ha una l\u00ednia expr\u00e9s, aix\u00ed com un autob\u00fas local. Consulta amb el conductor i assegurat d&#8217;agafar l&#8217;autob\u00fas local. Pots verificar amb\u00a0 \u00a0el conductor per assegurar-te que parar\u00e0 al Bruc.<\/p>\n<p>&nbsp;<\/p>\n<p><strong>3.<\/strong> Arribada a Can Serrat:<\/p>\n<p>Pots preguntar al conductor si est\u00e0 disposat a deixar-te a Can Serrat.<\/p>\n<p>3) a. Si el conductor et deixa a Can Serrat:<\/p>\n<p>\u00c9s un cam\u00ed de ciment empinat que baixa cap a la dreta. Baixa pel cam\u00ed, aproximadament 50 metres i la casa est\u00e0 a la part inferior a la seva dreta.<\/p>\n<p>3) b. Si el conductor de l&#8217;autob\u00fas et deixa a la parada d&#8217;autob\u00fas al Bruc: Alguns conductors no consideren que Can Serrat sigui una parada adequada i, per tant, et deixaran al poble del Bruc passat Can Serrat. Si aquest \u00e9s el cas, d\u00f3na la volta i retrocedeix uns 500 metres fins a arribar a l&#8217;entrada del cam\u00ed a on hi ha el r\u00e8tol de Can Serrat que aquesta vegada estaria a la teva esquerra. V\u00e9s amb compte amb el tr\u00e0nsit en caminar pel boral de la carretera!<\/p>\n<p>Se sol\u00b7licita que les arribades siguin entre les 9:30 del mat\u00ed &#8211; 6pm. S&#8217;agraeix la notificaci\u00f3 anticipada de la seva hora d&#8217;arribada perqu\u00e8 puguem coordinar que alg\u00fa estigui aqu\u00ed per donar-te la benvinguda i mostrar-te la casa.<\/p>\n<p>&nbsp;<\/p>\n<h3 style=\"text-align: center;\">AMB TAXI<\/h3>\n<p>Pots reservar la teva recollida per arribar a la casa directament amb nosaltres. El cost \u00e9s de 60\u20ac si la recollida \u00e9s des de l&#8217;aeroport i 65\u20ac si \u00e9s a la Ciutat de Barcelona. Per altres possibilitats i \/ o reservar la teva recollida envia un email a: <span style=\"color: #3366ff;\"><a style=\"color: #3366ff;\" href=\"mailto:gina.canserrat@gmail.com\" target=\"_blank\" rel=\"noopener noreferrer\">canserratart@gmail.com<\/a><\/span>.<\/p>\n<p>&nbsp;<\/p>\n<h3 style=\"text-align: center;\">AMB COTXE PRIVAT<\/h3>\n<p>Pots consultar les empreses de lloguer de cotxes de l&#8217;aeroport a: <a href=\"http:\/\/aena.mobi\/m\/es\/aeropuerto-barcelona\/alquiler-coches.html\" target=\"_blank\" rel=\"noopener noreferrer\"><span style=\"color: #3366ff;\">http:\/\/aena.mobi\/m\/es\/aeropuerto-barcelona\/alquiler-coches.html<\/span><\/a><\/p>\n<p>Des de Barcelona, Autovia A2 direcci\u00f3 Lleida, sortida 572 &#8211; El Bruc. En sortir de l&#8217;autovia continua recte uns 550m i segueix el r\u00e8tol de\u00a0 \u00a0 \u00a0 &#8220;Can Serrat&#8221;. Baixa lleugerament a la dreta un cam\u00ed asfaltat fins a arribar a la casa.<\/p>\n<h3><\/h3>\n<h3 style=\"text-align: center;\">VOLANT<\/h3>\n<p>Si tens ales o coneixes alg\u00fa que en tingui, el cam\u00ed \u00e9s for\u00e7a directe fins a arribar al davant de Montserrat (costat sud), estem sota l&#8217;Esgl\u00e9sia.","protected":false},"excerpt":{"rendered":"<p>&nbsp; Barcelona \u2014 El Bruc amb transport p\u00fablic* * No hi ha autob\u00fas directe des de l&#8217;aeroport a Can Serrat. Primer has d&#8217;anar a Maria Cristina (o,a zona Universit\u00e0ria) a Barcelona i agafar l&#8217;autob\u00fas des d&#8217;aqu\u00ed. &nbsp; De l&#8217;Aeroport del &hellip; <a href=\"https:\/\/canserrat.org\/ca\/about\/llegar_a_can_serrat\">Continued<\/a><\/p>\n","protected":false},"author":3,"featured_media":0,"parent":2,"menu_order":0,"comment_status":"closed","ping_status":"closed","template":"","meta":{"_monsterinsights_skip_tracking":false,"_monsterinsights_sitenote_active":false,"_monsterinsights_sitenote_note":"","_monsterinsights_sitenote_category":0,"footnotes":""},"_links":{"self":[{"href":"https:\/\/canserrat.org\/ca\/wp-json\/wp\/v2\/pages\/4837"}],"collection":[{"href":"https:\/\/canserrat.org\/ca\/wp-json\/wp\/v2\/pages"}],"about":[{"href":"https:\/\/canserrat.org\/ca\/wp-json\/wp\/v2\/types\/page"}],"author":[{"embeddable":true,"href":"https:\/\/canserrat.org\/ca\/wp-json\/wp\/v2\/users\/3"}],"replies":[{"embeddable":true,"href":"https:\/\/canserrat.org\/ca\/wp-json\/wp\/v2\/comments?post=4837"}],"version-history":[{"count":41,"href":"https:\/\/canserrat.org\/ca\/wp-json\/wp\/v2\/pages\/4837\/revisions"}],"predecessor-version":[{"id":9422,"href":"https:\/\/canserrat.org\/ca\/wp-json\/wp\/v2\/pages\/4837\/revisions\/9422"}],"up":[{"embeddable":true,"href":"https:\/\/canserrat.org\/ca\/wp-json\/wp\/v2\/pages\/2"}],"wp:attachment":[{"href":"https:\/\/canserrat.org\/ca\/wp-json\/wp\/v2\/media?parent=4837"}],"curies":[{"name":"wp","href":"https:\/\/api.w.org\/{rel}","templated":true}]}}