{"id":4554,"date":"2020-01-22T13:47:05","date_gmt":"2020-01-22T13:47:05","guid":{"rendered":"http:\/\/canserrat.org\/?page_id=4554"},"modified":"2021-04-08T10:38:45","modified_gmt":"2021-04-08T10:38:45","slug":"cn-__-collective-narrative","status":"publish","type":"page","link":"https:\/\/canserrat.org\/ca\/transversal-projects\/cn-__-collective-narrative","title":{"rendered":"Creaci\u00f3 Col\u00b7lectiva"},"content":{"rendered":"<p style=\"text-align: right;\"><strong><span style=\"color: #ff00ff;\">L<\/span><\/strong><strong><span style=\"color: #ff00ff;\">A <\/span><\/strong><strong><span style=\"color: #ff00ff;\">INFORMACI\u00d3 A CONTINUACI\u00d3 \u00c9S UN CONTINGUT INTERN ENVIAT ALS FUTURS<\/span><\/strong><\/p>\n<p style=\"text-align: right;\"><strong><span style=\"color: #ff00ff;\">PARTICIPANTS DEL PRIMER TALLER EXPERIMENTAL DE CREACI\u00d3 COL\u00b7LECTIVA<\/span><\/strong><\/p>\n<p style=\"text-align: right;\"><strong><span style=\"color: #ff00ff;\">ORGANITZAT A CAN SERRAT EL GENER DE 2020 &#8211; PROJECTE EN PROC\u00c9S<\/span><\/strong><\/p>\n<h1><\/h1>\n<p>&nbsp;<\/p>\n<h1 style=\"text-align: center;\"><b>CC?<\/b><\/h1>\n<p>&nbsp;<\/p>\n<p>&nbsp;<\/p>\n<p>Creaci\u00f3 col\u00b7lectiva \u00e9s el nom donat a l&#8217;obra, muntatge, posada en escena o espectacle que no signa un autor sin\u00f3 un grup de creadors i com a fruit del seu treball en col\u00b7laboraci\u00f3 (en s\u00edntesi: \u00abcreaci\u00f3 elaborada per un grup o col\u00b7lectiu teatral\u00bb)<a href=\"https:\/\/es.wikipedia.org\/wiki\/Creaci%C3%B3n_colectiva#cite_note-FOOTNOTERizk2008111-1\" target=\"_blank\" rel=\"noopener noreferrer\">1<\/a>. Com a teoria teatral s&#8217;aplica de forma metodol\u00f2gica des de la d\u00e8cada de 1960 <a href=\"https:\/\/es.wikipedia.org\/wiki\/Creaci%C3%B3n_colectiva#cite_note-FOOTNOTEG%C3%B3mez_Garc%C3%ADa1998222-2\" target=\"_blank\" rel=\"noopener noreferrer\">2<\/a>, com a sistema de treball inherent a el fet mateix del proc\u00e9s de creaci\u00f3 dram\u00e0tica i per dinamitar la tirania d&#8217;autor, director i text. <a href=\"https:\/\/es.wikipedia.org\/wiki\/Bertolt_Brecht\" target=\"_blank\" rel=\"noopener noreferrer\">Bertolt Brecht<\/a> el va definir com &#8220;posada en com\u00fa del saber&#8221;<span style=\"text-decoration-line: underline;\"><a href=\"https:\/\/es.wikipedia.org\/wiki\/Creaci%C3%B3n_colectiva#cite_note-FOOTNOTEPavis1996101-3\" target=\"_blank\" rel=\"noopener noreferrer\">3<\/a><\/span>.<\/p>\n<p>La creaci\u00f3 col\u00b7lectiva va adquirir justificaci\u00f3 pol\u00edtica amb posades en escena de grups com el <em><a href=\"https:\/\/es.wikipedia.org\/wiki\/Living_Theater\" target=\"_blank\" rel=\"noopener noreferrer\">Living Theater<\/a><\/em> (1947) o experi\u00e8ncies com el <a href=\"https:\/\/es.wikipedia.org\/wiki\/Teatro_Campesino\" target=\"_blank\" rel=\"noopener noreferrer\">Teatre Camperol<\/a> <a href=\"https:\/\/es.wikipedia.org\/wiki\/Chicano\" target=\"_blank\" rel=\"noopener noreferrer\">chicano<\/a> (1965)<span style=\"text-decoration-line: underline;\"><a href=\"https:\/\/es.wikipedia.org\/wiki\/Creaci%C3%B3n_colectiva#cite_note-FOOTNOTEBroyles-Gonz%C3%A1lez1994-4\" target=\"_blank\" rel=\"noopener noreferrer\">4<\/a><\/span>; desenvolupar estatuts executius en els processos de democratitzaci\u00f3 del teatre <a href=\"https:\/\/es.wikipedia.org\/wiki\/Alemania\" target=\"_blank\" rel=\"noopener noreferrer\">alemany<\/a> (1970)<a href=\"https:\/\/es.wikipedia.org\/wiki\/Creaci%C3%B3n_colectiva#cite_note-FOOTNOTESalvat1974170-173-5\" target=\"_blank\" rel=\"noopener noreferrer\">5<\/a>; i es va projectar en teoria did\u00e0ctica a partir del m\u00e8tode d&#8217;<a href=\"https:\/\/es.wikipedia.org\/wiki\/Enrique_Buenaventura\" target=\"_blank\" rel=\"noopener noreferrer\">Enrique Buenaventura<\/a>. <a href=\"https:\/\/es.wikipedia.org\/wiki\/Creaci%C3%B3n_colectiva#cite_note-FOOTNOTEDieterich200756-57-6\" target=\"_blank\" rel=\"noopener noreferrer\">6<\/a><\/p>\n<p>&nbsp;<\/p>\n<p><em>Diu wikipedia <strong>___ Wikipedia<\/strong>\u00a0que \u00e9s una <a href=\"https:\/\/es.wikipedia.org\/wiki\/Enciclopedia\" target=\"_blank\" rel=\"noopener noreferrer\">enciclop\u00e8dia<\/a> <a href=\"https:\/\/es.wikipedia.org\/wiki\/Contenido_libre\" target=\"_blank\" rel=\"noopener noreferrer\">lliure<\/a>, <a href=\"https:\/\/es.wikipedia.org\/wiki\/Wikipedia#cite_note-6\" target=\"_blank\" rel=\"noopener noreferrer\">la nota 2<\/a> <a href=\"https:\/\/es.wikipedia.org\/wiki\/Pol%C3%ADglota\" target=\"_blank\" rel=\"noopener noreferrer\">pol\u00edglota<\/a> i editada de manera col\u00b7laborativa. Pertany a la <a href=\"https:\/\/es.wikipedia.org\/wiki\/Fundaci%C3%B3n_Wikimedia\" target=\"_blank\" rel=\"noopener noreferrer\">Fundaci\u00f3 Wikimedia<\/a>, una <a href=\"https:\/\/es.wikipedia.org\/wiki\/Organizaci%C3%B3n_sin_%C3%A1nimo_de_lucro\" target=\"_blank\" rel=\"noopener noreferrer\">organitzaci\u00f3 sense \u00e0nim de lucre<\/a> amb finan\u00e7ament basat en donacions. Els seus m\u00e9s de 50 milions d&#8217;articles en 300 <a href=\"https:\/\/es.wikipedia.org\/wiki\/Idioma\" target=\"_blank\" rel=\"noopener noreferrer\">idiomes<\/a> han estat redactats en conjunt per voluntaris de tot el m\u00f3n<a href=\"https:\/\/es.wikipedia.org\/wiki\/Wikipedia#cite_note-Meta1-7\" target=\"_blank\" rel=\"noopener noreferrer\">5, <\/a>el que suma m\u00e9s de 2000 milions d&#8217;edicions, i permet que qualsevol persona pugui sumar-se al project<a href=\"https:\/\/es.wikipedia.org\/wiki\/Wikipedia#cite_note-8\" target=\"_blank\" rel=\"noopener noreferrer\">e6<\/a> per editar-los, llevat que la p\u00e0gina es trobi protegida contra vandalismes per evitar problemes i\/o trifulgues.<\/em><\/p>\n<p>&nbsp;<\/p>\n<p>&nbsp;<\/p>\n<p><strong>Referents<\/strong><\/p>\n<p>Dins dels referents de l&#8217;escriptura col\u00b7lectiva es troben els cad\u00e0vers exquisits (t\u00e8cnica treballada per membres de l&#8217;avantguarda surrealista com<strong> Andr\u00e9 Breton<\/strong>, <strong>Paul \u00c9luard<\/strong> i <strong>Trist\u00e1n Tzara<\/strong>) que tenen, entre altres, els seg\u00fcents objectius davant el text literari:<\/p>\n<p>&nbsp;<\/p>\n<ul>\n<li>Textos col\u00b7lectius &#8211; anonimat &#8211; sense autor<\/li>\n<\/ul>\n<ul>\n<li>Textos l\u00fadics &#8211; associacions lliures &#8211; din\u00e0miques de creaci\u00f3<\/li>\n<\/ul>\n<ul>\n<li>Textos espontanis &#8211; en el present<\/li>\n<\/ul>\n<ul>\n<li>Textos autom\u00e0tics &#8211; alliberar l&#8217;inconscient<\/li>\n<\/ul>\n<p>&nbsp;<\/p>\n<p>Un referent contemporani d&#8217;un cad\u00e0ver exquisit, entre m\u00faltiples que esperem tamb\u00e9 anar compilant i coneixent, \u00e9s el projecte de creaci\u00f3 col\u00b7lectiva de la pel\u00b7l\u00edcula <em>Mysterious Object at Noon<\/em> d&#8217;<strong>Apichatpong Weerasethakul<\/strong>.<\/p>\n<p>&nbsp;<\/p>\n<p>Altres referents d&#8217;escriptura col\u00b7lectiva poden ser els <em>relats de foc sense autor<\/em> -amb m\u00faltiples narradores- de les tradicions orals que compten successos passant del mite a la hist\u00f2ria, barrejant poesia i realitat, barrejant d\u00e9us i humans, \u00e9s a dir, amb categories molt m\u00e9s fluides. Aquest tret \u00e9s propi dels relats de l&#8217;antiguitat occidental i oriental, aix\u00ed com de les hist\u00f2ries de les cultures amer\u00edndies. Existeixen versions d&#8217;aquestes hist\u00f2ries quants narradors i aquest tipus de textos s\u00f3n fundacionals o reflex de tota una cosmogonia o col\u00b7lectivitat. Tamb\u00e9 inclouen el cos en la mesura que es relaten en escenaris rituals o teatrals que involucren als seus oients. En aquest sentit, un <em>text de foc<\/em> no nom\u00e9s \u00e9s col\u00b7lectiu sin\u00f3 que tamb\u00e9 construeix comunitat.<\/p>\n<p>&nbsp;<\/p>\n<p>Finalment, recordem el seg\u00fcent text de <strong>Giorgio Agamben<\/strong> amb relaci\u00f3 a la for\u00e7a present del <em>text de foc<\/em> i el moviment de la creaci\u00f3 liter\u00e0ria de la veu comuna. Al final del seu llibre sobre m\u00edstica jueva, Scholem explica la seg\u00fcent hist\u00f2ria, que li va ser transmesa per Yosef Agnon:<\/p>\n<p><em>&#8220;Quan el Baal Shem, el fundador del hassidisme, havia de resoldre una tasca dif\u00edcil, anava a un determinat punt en el bosc, encenia un foc, pronunciava les oracions i all\u00f2 que volia es realitzava. Quan, una generaci\u00f3 despr\u00e9s, Maguid de Mezritch es va trobar davant del mateix problema, es va dirigir a aquest mateix punt al bosc i va dir: &#8220;Ja no sabem encendre el foc, per\u00f2 podem pronunciar les oracions&#8221;, i tot va passar segons els seus desitjos. Una generaci\u00f3 despr\u00e9s, Rabi Moshe Leib de Sasov, es va trobar en la mateixa situaci\u00f3, va anar a bosc i va dir: &#8220;No sabem ja encendre el foc, no sabem pronunciar les oracions, per\u00f2 coneixem el lloc al bosc, i aix\u00f2 ha de ser suficient&#8221;. I, en efecte, va ser suficient. Per\u00f2 quan, transcorreguda una altra generaci\u00f3, Rabi Israel de Rischin va haver d&#8217;enfrontar-se a la mateixa tasca, va romandre en el seu castell, assegut al seu tron \u200b\u200bdaurat, i va dir: &#8220;No sabem ja encendre el foc, no som capa\u00e7os de recitar les oracions i no coneixem ni tan sols el lloc de bosc: per\u00f2 de tot aix\u00f2 podem explicar la hist\u00f2ria&#8221;. I un cop m\u00e9s, aix\u00f2 va ser suficient.&#8221;<\/em><\/p>\n<p>&nbsp;<\/p>\n<p>&nbsp;<\/p>\n<p><strong>Com es caracteritza\u00a0la creaci\u00f3 col\u00b7lectiva avui en dia?<\/strong><\/p>\n<p>&nbsp;<\/p>\n<p>Elements disruptius de la creaci\u00f3 col\u00b7lectiva que motiven la invitaci\u00f3 de Can Serrat:<\/p>\n<ul>\n<li style=\"font-weight: 400;\">Fora de la zona de confort de l&#8217;autor: perdre el control sobre el text i deixar de jugar el paper impost d&#8217;autor solitari que pot ser un obstacle per arribar a certs llocs de l&#8217;escriptura i\/o pot expandir la veu pr\u00f2pia.<\/li>\n<\/ul>\n<p>&nbsp;<\/p>\n<ul>\n<li style=\"font-weight: 400;\"><span style=\"font-weight: 400;\">Salt de la veu pr\u00f2pia a la veu col\u00b7lectiva: posar-se al lloc d&#8217;una dial\u00e8ctica conscient entre el propi i el no-propi.<\/span><\/li>\n<\/ul>\n<p>&nbsp;<\/p>\n<ul>\n<li style=\"font-weight: 400;\"><span style=\"font-weight: 400;\">Aquesta escriptura no \u00e9s propietat privada, \u00e9s un espai col\u00b7lectiu: aprendre a ser un col\u00b7lectiu \u00e9s un dels reptes de la contemporane\u00eftat.<\/span><\/li>\n<\/ul>\n<p>&nbsp;<\/p>\n<ul>\n<li style=\"font-weight: 400;\"><span style=\"font-weight: 400;\">Escriptura expandida: incloure altres formats, el cos, la tridimensionalitat, lectures en veu alta, la noci\u00f3 d&#8217;espai com\u00fa, la veu d&#8217;altres.<\/span><\/li>\n<\/ul>\n<p>&nbsp;<\/p>\n<ul>\n<li style=\"font-weight: 400;\"><span style=\"font-weight: 400;\">Habitar l&#8217;escriptura: en un espai que es construeix entre varis.<\/span><\/li>\n<\/ul>\n<p>&nbsp;<\/p>\n<ul>\n<li style=\"font-weight: 400;\"><span style=\"font-weight: 400;\">Es pot parlar de temes, personatges i trames en l&#8217;escriptura col\u00b7lectiva? Quin tipus d&#8217;escriptura resulta i quin format editorial li correspon?<\/span><\/li>\n<\/ul>\n<p>&nbsp;<\/p>\n<ul>\n<li style=\"font-weight: 400;\"><span style=\"font-weight: 400;\">Explorar referents sobre escriptura col\u00b7lectiva que alimentin aquesta experi\u00e8ncia.<\/span><\/li>\n<\/ul>\n<p>&nbsp;<\/p>\n<ul>\n<li style=\"font-weight: 400;\"><span style=\"font-weight: 400;\">Reflexions sobre la llengua i el llenguatge: com interactuen les lleng\u00fces en un espai multicultural?<\/span><\/li>\n<\/ul>\n<p>&nbsp;<\/p>\n<p><b>\u00bfA Can Serrat?<\/b><\/p>\n<p><span style=\"font-weight: 400;\">El gener de 2020 <\/span>en aquest lloc de comunitat que es Can Serrat, es proposa per primera vegada una trobada entre diverses persones desconegudes per generar contingut col\u00b7lectivament.<\/p>\n<p>&nbsp;<\/p>\n<p><b>\u00bfA on de Can Serrat?\u00a0<\/b><\/p>\n<p><span style=\"font-weight: 400;\">A l&#8217;estudi 2 &#8212; Ser\u00e0 l&#8217;espai dedicat a aquest projecte obert en tot moment, fins i tot, fora dels moments de trobada grupal.<\/span><\/p>\n<p>&nbsp;<\/p>\n<p><b>\u00bfQuan?<\/b><\/p>\n<p>El primer temps f\u00edsic ser\u00e0 entre el <strong>7 i el 31 de Gener 2020<\/strong>. De moment ens preguntem encara si hi haur\u00e0 un temps virtual, anirem resolent aquesta pregunta conjuntament.<\/p>\n<p>&nbsp;<\/p>\n<p><b>\u00bfQui?\u00a0<\/b><\/p>\n<p><span style=\"font-weight: 400;\">Q<\/span>ui vulgui. No obstant aix\u00f2 un grup de participants com a base ha estat seleccionat a trav\u00e9s d&#8217;una convocat\u00f2ria, als quals s&#8217;afegir\u00e0 qui vulgui en el transcurs del mes de gener.<\/p>\n<p>&nbsp;<\/p>\n<p>&nbsp;<\/p>\n<p><strong>Preguntes disparadores per pensar aquest espai<\/strong><\/p>\n<p>Aquest lloc t\u00e9 un nom?<\/p>\n<p>Aquest lloc t\u00e9 regles?<\/p>\n<p>En quin any estem?<\/p>\n<p>On queda?<\/p>\n<p>Qui habita aquest lloc?<\/p>\n<p>Qu\u00e8 est\u00e0 passant aqu\u00ed?<\/p>\n<p>Quines formes de vida hi ha?<\/p>\n<p>Hi ha construccions?<\/p>\n<p>Quin idioma es parla?<\/p>\n<p>\u00c9s un no-lloc?<\/p>\n<p>\u00c9s un lloc de pas?<\/p>\n<p>\u00c9s una galleda blanca?<\/p>\n<p>\u00c9s una altra dimensi\u00f3?<\/p>\n<p>Qui som?<\/p>\n<p>&nbsp;<\/p>\n<p><b>Regles possibles\u00a0<\/b><\/p>\n<ul>\n<li style=\"font-weight: 400;\"><span style=\"font-weight: 400;\">No hi ha autor \/ hi ha pluralitat<\/span><\/li>\n<li style=\"font-weight: 400;\">No hi ha g\u00e8nere<\/li>\n<li style=\"font-weight: 400;\">Diversitat d&#8217;idiomes<\/li>\n<li style=\"font-weight: 400;\"><span style=\"font-weight: 400;\">R<\/span>eciclatge<\/li>\n<li style=\"font-weight: 400;\"><span style=\"font-weight: 400;\">Escolta<\/span><\/li>\n<li style=\"font-weight: 400;\"><span style=\"font-weight: 400;\">\u2026.<\/span><\/li>\n<li>\u00bf?<\/li>\n<\/ul>\n<p><b>\u00bf<\/b><strong>Col\u00b7laboraci\u00f3<\/strong><b>?\u00a0<\/b><\/p>\n<ul>\n<li style=\"font-weight: 400;\"><span style=\"font-weight: 400;\">Residencia Can Serrat\u00a0 (Espa\u00f1a)<\/span><\/li>\n<li style=\"font-weight: 400;\"><span style=\"font-weight: 400;\">Editorial Caj\u00f3n de Sastre (Colombia) __<a href=\"http:\/\/www.cajondesastre.com.co\"> http:\/\/www.cajondesastre.com.co<\/a><\/span><\/li>\n<li style=\"font-weight: 400;\"><span style=\"font-weight: 400;\">Residencia g_b (Colombia) __\u00a0<a href=\"https:\/\/guionbajo.org\">https:\/\/guionbajo.org<\/a><\/span><\/li>\n<\/ul>\n<p>&nbsp;<\/p>\n<p>&nbsp;<\/p>\n<p><b>\u00bfRegistre i proc\u00e9s editorial?<\/b><\/p>\n<ul>\n<li style=\"font-weight: 400;\">Enregistrament sonor de les sessions<\/li>\n<li style=\"font-weight: 400;\"><span style=\"font-weight: 400;\">Fotografies<\/span><\/li>\n<li style=\"font-weight: 400;\"><span style=\"font-weight: 400;\">Cualsevol suport afegit al proc\u00e9s<\/span><\/li>\n<\/ul>\n<p>&nbsp;<\/p>\n<p><b>\u00bfFinalitat?<\/b><\/p>\n<p>&nbsp;","protected":false},"excerpt":{"rendered":"<p>LA INFORMACI\u00d3 A CONTINUACI\u00d3 \u00c9S UN CONTINGUT INTERN ENVIAT ALS FUTURS PARTICIPANTS DEL PRIMER TALLER EXPERIMENTAL DE CREACI\u00d3 COL\u00b7LECTIVA ORGANITZAT A CAN SERRAT EL GENER DE 2020 &#8211; PROJECTE EN PROC\u00c9S &nbsp; CC? &nbsp; &nbsp; Creaci\u00f3 col\u00b7lectiva \u00e9s el nom &hellip; <a href=\"https:\/\/canserrat.org\/ca\/transversal-projects\/cn-__-collective-narrative\">Continued<\/a><\/p>\n","protected":false},"author":3,"featured_media":4555,"parent":4097,"menu_order":0,"comment_status":"closed","ping_status":"closed","template":"","meta":{"_monsterinsights_skip_tracking":false,"_monsterinsights_sitenote_active":false,"_monsterinsights_sitenote_note":"","_monsterinsights_sitenote_category":0,"footnotes":""},"_links":{"self":[{"href":"https:\/\/canserrat.org\/ca\/wp-json\/wp\/v2\/pages\/4554"}],"collection":[{"href":"https:\/\/canserrat.org\/ca\/wp-json\/wp\/v2\/pages"}],"about":[{"href":"https:\/\/canserrat.org\/ca\/wp-json\/wp\/v2\/types\/page"}],"author":[{"embeddable":true,"href":"https:\/\/canserrat.org\/ca\/wp-json\/wp\/v2\/users\/3"}],"replies":[{"embeddable":true,"href":"https:\/\/canserrat.org\/ca\/wp-json\/wp\/v2\/comments?post=4554"}],"version-history":[{"count":18,"href":"https:\/\/canserrat.org\/ca\/wp-json\/wp\/v2\/pages\/4554\/revisions"}],"predecessor-version":[{"id":5676,"href":"https:\/\/canserrat.org\/ca\/wp-json\/wp\/v2\/pages\/4554\/revisions\/5676"}],"up":[{"embeddable":true,"href":"https:\/\/canserrat.org\/ca\/wp-json\/wp\/v2\/pages\/4097"}],"wp:featuredmedia":[{"embeddable":true,"href":"https:\/\/canserrat.org\/ca\/wp-json\/wp\/v2\/media\/4555"}],"wp:attachment":[{"href":"https:\/\/canserrat.org\/ca\/wp-json\/wp\/v2\/media?parent=4554"}],"curies":[{"name":"wp","href":"https:\/\/api.w.org\/{rel}","templated":true}]}}