{"id":4510,"date":"2020-01-13T18:32:44","date_gmt":"2020-01-13T18:32:44","guid":{"rendered":"http:\/\/canserrat.org\/?page_id=4510"},"modified":"2021-01-25T13:34:33","modified_gmt":"2021-01-25T13:34:33","slug":"publications","status":"publish","type":"page","link":"https:\/\/canserrat.org\/ca\/publications","title":{"rendered":"Publicacions"},"content":{"rendered":"<h4 style=\"text-align: center;\"><strong><em>WHAT A TIME TO BE ALIVE<\/em> &#8212; 2016 (Publicat al Novembre de 2016 al Bruc)<\/strong><\/h4>\n<p>El 26 de Novembre de 2016, Can Serrat va celebrar dos anys de projectes artistics seleccionant a 11 artistes* que havien estat previament en residencia i convidant a la comisaria d\u2019exposici\u00f3 i critica d\u2019art <a href=\"http:\/\/www.a-desk.org\/highlights\/The-writer-is-present.html\">Irina Mutt<\/a> a pensar un recorregut entre els artistes. Preu de la publicaci\u00f3: 7\u20ac.<\/p>\n<h5 style=\"text-align: center;\"><span style=\"color: #0000ff;\"><a style=\"color: #0000ff;\" href=\"http:\/\/canserrat.org\/espanol-what-a-time-to-be-alive-_-noviembre-2016\" target=\"_blank\" rel=\"noopener noreferrer\"><strong>Curatorial Statement<\/strong><\/a><\/span><\/h5>\n<p><a href=\"http:\/\/canserrat.org\/wp-content\/uploads\/2020\/01\/IMG_20200113_192809.jpg\"><img decoding=\"async\" loading=\"lazy\" class=\"wp-image-4511 aligncenter\" src=\"http:\/\/canserrat.org\/wp-content\/uploads\/2020\/01\/IMG_20200113_192809-263x300.jpg\" alt=\"\" width=\"218\" height=\"248\" srcset=\"https:\/\/canserrat.org\/wp-content\/uploads\/2020\/01\/IMG_20200113_192809-263x300.jpg 263w, https:\/\/canserrat.org\/wp-content\/uploads\/2020\/01\/IMG_20200113_192809-897x1024.jpg 897w, https:\/\/canserrat.org\/wp-content\/uploads\/2020\/01\/IMG_20200113_192809.jpg 1728w\" sizes=\"(max-width: 218px) 100vw, 218px\" \/><\/a><\/p>\n<p><em>*Jesse Quam, Sybille Hotz, Adelaide Ivanova, Dorian Braun, Elyssa Lewis, Andrea Magnani, Daniel Moreno, Natasha Nedelkova, Marc Serra, Rub\u00e9n Pati\u00f1o <\/em>i<em> Aldo Urbano.\u00a0<\/em><\/p>\n<p>&nbsp;<\/p>\n<p>&nbsp;<\/p>\n<h4 style=\"text-align: center;\"><strong><em>FAR AWAY TREASURE<\/em> &#8212; 2017 (Publicat el Novembre de 2018 a l&#8217;Automatica, Bcn)\u00a0<\/strong><\/h4>\n<p>Per a la seva exposici\u00f3 comissariada anual de 2018, Can Serrat va col\u00b7laborar amb Quim Packard, que va ser convidat a seguir projectes produ\u00efts en resid\u00e8ncia durant l&#8217;any 2017. Quim va treballar en estreta col\u00b7laboraci\u00f3 amb Nyamnyam, els qui van ser co-comissaris de l&#8217;esdeveniment en el seu espai a Barcelona.<\/p>\n<p>L&#8217;exposici\u00f3 va ser una sessi\u00f3 de treball oberta que va involucrar cuinar, menjar i parlar sobre el concepte de resid\u00e8ncies d&#8217;artistes i la seva relaci\u00f3 amb la ideologia colonial i el capitalisme global. El menjar es va fer amb ingredients del bosc del Bruc, a prop de la resid\u00e8ncia de Can Serrat. Durant la sessi\u00f3 vam teixir junts la hist\u00f2ria de les resid\u00e8ncies d&#8217;artistes i vam compartir el passat amb l&#8217;exploraci\u00f3 colonial i la recerca de menjar. Es van mostrar les obres de Marion Balac, Amery Kessler, Duncan Gibbs i Anna Wolfe-Pauly, artistes que van fer la seva resid\u00e8ncia durant l&#8217;any 2017 a Can Serrat, que van unir les idees de taller. Preu de la publicaci\u00f3: 7\u20ac.<\/p>\n<h5 style=\"text-align: center;\"><span style=\"color: #0000ff;\"><a style=\"color: #0000ff;\" href=\"http:\/\/canserrat.org\/ca\/parasitio\/2017-2018-far-away-treasure-with-quim-packard\" target=\"_blank\" rel=\"noopener noreferrer\"><strong>Curatorial Statement<\/strong><\/a><\/span><\/h5>\n<p><img decoding=\"async\" loading=\"lazy\" class=\"size-medium wp-image-2886 aligncenter\" src=\"http:\/\/canserrat.org\/wp-content\/uploads\/2018\/11\/45583926_2521970091362708_6026819004486647808_n-225x300.jpg\" alt=\"\" width=\"225\" height=\"300\" srcset=\"https:\/\/canserrat.org\/wp-content\/uploads\/2018\/11\/45583926_2521970091362708_6026819004486647808_n-225x300.jpg 225w, https:\/\/canserrat.org\/wp-content\/uploads\/2018\/11\/45583926_2521970091362708_6026819004486647808_n.jpg 720w\" sizes=\"(max-width: 225px) 100vw, 225px\" \/><\/p>\n<p>&nbsp;<\/p>\n<h4 style=\"text-align: center;\"><strong><em>FLUFFY DISK<\/em> &#8212; 2018 (Publicat el Desembre de 2020, Bcn)<\/strong><\/h4>\n<p style=\"text-align: left;\">Per a la seva exposici\u00f3 comissariada anual de 2019, Can Serrat va col\u00b7laborar amb\u00a0<span class=\"hiddenSpellError\">nyamnyam<\/span>, que va ser convidat a seguir projectes produ\u00efts en resid\u00e8ncia durant l&#8217;any 2018.<\/p>\n<p>L&#8217;activitat pren format d&#8217;instal\u00b7laci\u00f3 performativa partint d&#8217;una arqueologia del lloc i posant-la en di\u00e0leg amb l&#8217;arqueologia virtual; convidant als artistes i altres persones del context, a compartir els materials produ\u00efts abans, durant i despr\u00e9s de ser a Can Serrat, i que acumulen en els seus dispositius m\u00f2bils. A partir d&#8217;aquest\u00a0doble moviment complementari \u2013\u00a0<span class=\"hiddenSpellError\">objectual<\/span>\/material + context\/artistes \u2013 pretenem crear un di\u00e0leg o m\u00e9s aviat una conversa esponjosa, el\u00e0stica que s&#8217;allunyi del disc dur i fins\u00a0<span class=\"hiddenGrammarError\">hi<\/span>\u00a0tot del tou, per poder crear un espai por\u00f3s on descobrir les possibles l\u00ednies discursives que aquest material genera a trav\u00e9s de les m\u00faltiples visions que habitin aquest espai\u00a0<span class=\"hiddenSpellError\">fluffy<\/span>.<\/p>\n<p>L&#8217;acci\u00f3 quotidiana d&#8217;estar\u00a0<span class=\"hiddenSpellError\">juntxs<\/span>\u00a0i c\u00f2modes per a imaginar relats a partir d&#8217;un cabdell d&#8217;informaci\u00f3 que no pretenem desfer, sin\u00f3 prendre com a punt de partida per a teixir possibilitats.<\/p>\n<p>Com a\u00a0conseq\u00fc\u00e8ncies\u00a0de la covid-19, es va haver de reprogramar la\u00a0presentaci\u00f3\u00a0de la\u00a0publicaci\u00f3\u00a0<span class=\"hiddenSpellError\">Fluffy<\/span>\u00a0<span class=\"hiddenSpellError\">Disk<\/span>\u00a0a la primavera 2021.<\/p>\n<p style=\"text-align: center;\"><a href=\"http:\/\/canserrat.org\/wp-content\/uploads\/2021\/01\/Captura-de-pantalla-2021-01-19-a-las-13.43.28.png\"><img decoding=\"async\" loading=\"lazy\" class=\"aligncenter wp-image-5696 size-medium\" src=\"http:\/\/canserrat.org\/wp-content\/uploads\/2021\/01\/Captura-de-pantalla-2021-01-19-a-las-13.43.28-213x300.png\" alt=\"\" width=\"213\" height=\"300\" srcset=\"https:\/\/canserrat.org\/wp-content\/uploads\/2021\/01\/Captura-de-pantalla-2021-01-19-a-las-13.43.28-213x300.png 213w, https:\/\/canserrat.org\/wp-content\/uploads\/2021\/01\/Captura-de-pantalla-2021-01-19-a-las-13.43.28.png 704w\" sizes=\"(max-width: 213px) 100vw, 213px\" \/><\/a><\/p>\n<p style=\"text-align: center;\"><iframe src=\"\/\/docs.google.com\/viewer?url=http%3A%2F%2Fcanserrat.org%2Fwp-content%2Fuploads%2F2021%2F01%2FVisualizacion-Tripa-Fluffy-Disc-1.pdf&hl=es&embedded=true\" class=\"gde-frame\" style=\"width:100%; height:500px; border: none;\" scrolling=\"no\"><\/iframe>\n<p class=\"gde-text\"><a href=\"http:\/\/canserrat.org\/wp-content\/uploads\/2021\/01\/Visualizacion-Tripa-Fluffy-Disc-1.pdf\" class=\"gde-link\">Descargar (PDF, 1.36MB)<\/a><\/p>\n<p>&nbsp;","protected":false},"excerpt":{"rendered":"<p>WHAT A TIME TO BE ALIVE &#8212; 2016 (Publicat al Novembre de 2016 al Bruc) El 26 de Novembre de 2016, Can Serrat va celebrar dos anys de projectes artistics seleccionant a 11 artistes* que havien estat previament en residencia &hellip; <a href=\"https:\/\/canserrat.org\/ca\/publications\">Continued<\/a><\/p>\n","protected":false},"author":3,"featured_media":0,"parent":0,"menu_order":0,"comment_status":"closed","ping_status":"closed","template":"","meta":{"_monsterinsights_skip_tracking":false,"_monsterinsights_sitenote_active":false,"_monsterinsights_sitenote_note":"","_monsterinsights_sitenote_category":0,"footnotes":""},"_links":{"self":[{"href":"https:\/\/canserrat.org\/ca\/wp-json\/wp\/v2\/pages\/4510"}],"collection":[{"href":"https:\/\/canserrat.org\/ca\/wp-json\/wp\/v2\/pages"}],"about":[{"href":"https:\/\/canserrat.org\/ca\/wp-json\/wp\/v2\/types\/page"}],"author":[{"embeddable":true,"href":"https:\/\/canserrat.org\/ca\/wp-json\/wp\/v2\/users\/3"}],"replies":[{"embeddable":true,"href":"https:\/\/canserrat.org\/ca\/wp-json\/wp\/v2\/comments?post=4510"}],"version-history":[{"count":21,"href":"https:\/\/canserrat.org\/ca\/wp-json\/wp\/v2\/pages\/4510\/revisions"}],"predecessor-version":[{"id":5697,"href":"https:\/\/canserrat.org\/ca\/wp-json\/wp\/v2\/pages\/4510\/revisions\/5697"}],"wp:attachment":[{"href":"https:\/\/canserrat.org\/ca\/wp-json\/wp\/v2\/media?parent=4510"}],"curies":[{"name":"wp","href":"https:\/\/api.w.org\/{rel}","templated":true}]}}