{"id":4104,"date":"2019-10-11T14:55:52","date_gmt":"2019-10-11T14:55:52","guid":{"rendered":"http:\/\/canserrat.org\/?page_id=4104"},"modified":"2020-03-19T16:16:46","modified_gmt":"2020-03-19T16:16:46","slug":"catala-be-sport","status":"publish","type":"page","link":"https:\/\/canserrat.org\/ca\/catala-be-sport","title":{"rendered":"Be Sport"},"content":{"rendered":"<div dir=\"auto\">\n<div class=\"gmail_quote\">\n<div dir=\"auto\">\n<div dir=\"auto\"><img decoding=\"async\" loading=\"lazy\" class=\" wp-image-5074 aligncenter\" src=\"http:\/\/canserrat.org\/wp-content\/uploads\/2020\/03\/Screenshot_2019-07-11-14-10-49-631_com.instagram.android-269x300.jpg\" alt=\"\" width=\"241\" height=\"269\" srcset=\"https:\/\/canserrat.org\/wp-content\/uploads\/2020\/03\/Screenshot_2019-07-11-14-10-49-631_com.instagram.android-269x300.jpg 269w, https:\/\/canserrat.org\/wp-content\/uploads\/2020\/03\/Screenshot_2019-07-11-14-10-49-631_com.instagram.android.jpg 905w\" sizes=\"(max-width: 241px) 100vw, 241px\" \/><\/div>\n<\/div>\n<div dir=\"auto\"><\/div>\n<div dir=\"auto\">\n<div dir=\"auto\"><\/div>\n<\/div>\n<div dir=\"auto\">\n<div dir=\"auto\">BE SPORT ha nascut per tal d&#8217;oferir activitats esportives, tallers i ter\u00e0pia ocupacional a joves i infants amb discapacitat. Tenim el suport incondicional de la Fundaci\u00f3 Johan Cruyff i de la Resid\u00e8ncia Internacional d\u2019Art Can Serrat. Recentment tamb\u00e9 hi col\u00b7labora l&#8217;Ajuntament del Bruc.<\/div>\n<\/div>\n<\/div>\n<\/div>\n<div dir=\"auto\">\n<div dir=\"auto\"><\/div>\n<div dir=\"auto\">A BE SPORT treballem per impulsar l\u2019esport com a eina d\u2019inclusi\u00f3 i canvi social a trav\u00e9s de la diversi\u00f3 i l\u2019esfor\u00e7, tot creant un sentit de pertinen\u00e7a a un equip. Volem millorar la qualitat de vida de les persones usu\u00e0ries de BE SPORT\u00a0 a trav\u00e9s dels beneficis i els valors que ens aporta l\u2019esport de recreaci\u00f3 i competici\u00f3.<\/div>\n<div dir=\"auto\"><\/div>\n<div dir=\"auto\">Com a objectius m\u00e9s espec\u00edfics, treballem per desenvolupar les habilitats motrius b\u00e0siques i la psicomotricitat gruixuda i fina de les persones usu\u00e0ries a trav\u00e9s de l\u2019esport i activitats de recreaci\u00f3. BE SPORT vetlla per donar un servei de qualitat a nivell esportiu, emocional, d\u2019inclusi\u00f3 social i de benestar f\u00edsic i ps\u00edquic a persones amb discapacitat.<\/div>\n<div dir=\"auto\"><\/div>\n<div dir=\"auto\">A m\u00e9s, volem que gran part de les nostres activitats es desenvolupin dins l\u2019entorn del Parc Natural de la Muntanya de Montserrat.<\/div>\n<div dir=\"auto\"><\/div>\n<div dir=\"auto\">Els dissabtes a BE SPORT oferim tot un dia d\u2019experi\u00e8ncies esportives i art\u00edstiques. Actualment, la nostra rutina inclou activitats de p\u00e0del al Slam Padel de Collbat\u00f3 aix\u00ed com un taller art\u00edstic a Can Serrat.<\/div>\n<div dir=\"auto\">A BE SPORT fem activitats extraordin\u00e0ries en diferents moments de l\u2019any. Aquestes inclouen estades d\u2019un dia o m\u00e9s dies a la natura, diferents activitats esportives de car\u00e0cter recreacional i de competici\u00f3 a l\u2019aire lliure, activitats de lleure, suport a nivell escolar,&#8230;<\/div>\n<\/div>\n<div dir=\"auto\">\n<div dir=\"auto\">\u00a0Instagram:\u00a0BE_SPORT_4ALL<\/div>\n<\/div>","protected":false},"excerpt":{"rendered":"<p>BE SPORT ha nascut per tal d&#8217;oferir activitats esportives, tallers i ter\u00e0pia ocupacional a joves i infants amb discapacitat. Tenim el suport incondicional de la Fundaci\u00f3 Johan Cruyff i de la Resid\u00e8ncia Internacional d\u2019Art Can Serrat. Recentment tamb\u00e9 hi col\u00b7labora &hellip; <a href=\"https:\/\/canserrat.org\/ca\/catala-be-sport\">Continued<\/a><\/p>\n","protected":false},"author":3,"featured_media":0,"parent":0,"menu_order":0,"comment_status":"closed","ping_status":"closed","template":"","meta":{"_monsterinsights_skip_tracking":false,"_monsterinsights_sitenote_active":false,"_monsterinsights_sitenote_note":"","_monsterinsights_sitenote_category":0,"footnotes":""},"_links":{"self":[{"href":"https:\/\/canserrat.org\/ca\/wp-json\/wp\/v2\/pages\/4104"}],"collection":[{"href":"https:\/\/canserrat.org\/ca\/wp-json\/wp\/v2\/pages"}],"about":[{"href":"https:\/\/canserrat.org\/ca\/wp-json\/wp\/v2\/types\/page"}],"author":[{"embeddable":true,"href":"https:\/\/canserrat.org\/ca\/wp-json\/wp\/v2\/users\/3"}],"replies":[{"embeddable":true,"href":"https:\/\/canserrat.org\/ca\/wp-json\/wp\/v2\/comments?post=4104"}],"version-history":[{"count":5,"href":"https:\/\/canserrat.org\/ca\/wp-json\/wp\/v2\/pages\/4104\/revisions"}],"predecessor-version":[{"id":5078,"href":"https:\/\/canserrat.org\/ca\/wp-json\/wp\/v2\/pages\/4104\/revisions\/5078"}],"wp:attachment":[{"href":"https:\/\/canserrat.org\/ca\/wp-json\/wp\/v2\/media?parent=4104"}],"curies":[{"name":"wp","href":"https:\/\/api.w.org\/{rel}","templated":true}]}}