{"id":4097,"date":"2019-10-11T14:33:20","date_gmt":"2019-10-11T14:33:20","guid":{"rendered":"http:\/\/canserrat.org\/?page_id=4097"},"modified":"2023-02-21T14:01:31","modified_gmt":"2023-02-21T14:01:31","slug":"transversal-projects","status":"publish","type":"page","link":"https:\/\/canserrat.org\/ca\/transversal-projects","title":{"rendered":"Projectes transversals"},"content":{"rendered":"&nbsp;<\/p>\n<p>Can Serrat funciona com una comunitat on persones de diferents cultures, camps i temes de recerca poden reunir-se sota el mateix sostre. La casa acull diversos projectes al llarg de l&#8217;any en qu\u00e8 tots i totes poden participar durant la seva estada aqu\u00ed. Aquests inclouen, entre altres, un programa de resid\u00e8ncia seleccionant projectes d&#8217;art i escriptura contemporanis, una associaci\u00f3 sense \u00e0nim de lucre anomenada Els Amics de Can Serrat que organitza activitats dins el context local, i una cooperativa de consumidors per productes locals i ecol\u00f2gics anomenada Roca Verda.<\/p>\n<p>Cada mes, la casa acull i organitza diferents activitats per activar la investigaci\u00f3 dels projectes en producci\u00f3: debats, un sopar obert, presentacions de projectes, un club de lectura en qu\u00e8 compartir recursos llegint extractes i textos en diversos idiomes, campionats de\u00a0ping-pong, i visites a espais de projectes culturals rellevants i altres resid\u00e8ncies.<\/p>\n<p>Dins\u00a0el paraigua\u00a0de Can Serrat, tamb\u00e9 i cab un festival de m\u00fasica anomenat\u00a0<span class=\"hiddenSpellError\">Brucstock<\/span>, un projecte de creaci\u00f3 col\u00b7lectiva que duem a terme cada principi d&#8217;any, i un projecte de jard\u00ed social per treballar em fam\u00edlies i dones en risc d&#8217;exclusi\u00f3.","protected":false},"excerpt":{"rendered":"<p>&nbsp; Can Serrat funciona com una comunitat on persones de diferents cultures, camps i temes de recerca poden reunir-se sota el mateix sostre. La casa acull diversos projectes al llarg de l&#8217;any en qu\u00e8 tots i totes poden participar durant &hellip; <a href=\"https:\/\/canserrat.org\/ca\/transversal-projects\">Continued<\/a><\/p>\n","protected":false},"author":3,"featured_media":0,"parent":0,"menu_order":0,"comment_status":"closed","ping_status":"closed","template":"","meta":{"_monsterinsights_skip_tracking":false,"_monsterinsights_sitenote_active":false,"_monsterinsights_sitenote_note":"","_monsterinsights_sitenote_category":0,"footnotes":""},"_links":{"self":[{"href":"https:\/\/canserrat.org\/ca\/wp-json\/wp\/v2\/pages\/4097"}],"collection":[{"href":"https:\/\/canserrat.org\/ca\/wp-json\/wp\/v2\/pages"}],"about":[{"href":"https:\/\/canserrat.org\/ca\/wp-json\/wp\/v2\/types\/page"}],"author":[{"embeddable":true,"href":"https:\/\/canserrat.org\/ca\/wp-json\/wp\/v2\/users\/3"}],"replies":[{"embeddable":true,"href":"https:\/\/canserrat.org\/ca\/wp-json\/wp\/v2\/comments?post=4097"}],"version-history":[{"count":2,"href":"https:\/\/canserrat.org\/ca\/wp-json\/wp\/v2\/pages\/4097\/revisions"}],"predecessor-version":[{"id":7505,"href":"https:\/\/canserrat.org\/ca\/wp-json\/wp\/v2\/pages\/4097\/revisions\/7505"}],"wp:attachment":[{"href":"https:\/\/canserrat.org\/ca\/wp-json\/wp\/v2\/media?parent=4097"}],"curies":[{"name":"wp","href":"https:\/\/api.w.org\/{rel}","templated":true}]}}