{"id":3420,"date":"2019-04-23T10:58:15","date_gmt":"2019-04-23T10:58:15","guid":{"rendered":"http:\/\/canserrat.org\/?page_id=3420"},"modified":"2019-04-23T10:58:15","modified_gmt":"2019-04-23T10:58:15","slug":"open-mic","status":"publish","type":"page","link":"https:\/\/canserrat.org\/ca\/programa-de-residencia\/open-mic","title":{"rendered":"MICRO OBERT"},"content":{"rendered":"<a href=\"http:\/\/canserrat.org\/wp-content\/uploads\/2019\/04\/micro-obert-2019.jpg\"><img decoding=\"async\" loading=\"lazy\" class=\"aligncenter wp-image-3421 size-full\" src=\"http:\/\/canserrat.org\/wp-content\/uploads\/2019\/04\/micro-obert-2019.jpg\" alt=\"\" width=\"1040\" height=\"400\" srcset=\"https:\/\/canserrat.org\/wp-content\/uploads\/2019\/04\/micro-obert-2019.jpg 1040w, https:\/\/canserrat.org\/wp-content\/uploads\/2019\/04\/micro-obert-2019-300x115.jpg 300w, https:\/\/canserrat.org\/wp-content\/uploads\/2019\/04\/micro-obert-2019-1024x394.jpg 1024w\" sizes=\"(max-width: 1040px) 100vw, 1040px\" \/><\/a><\/p>\n<p>tercer dimecres de cada mes<\/p>\n<p>a les 6pm<\/p>\n<p>A on? Fora de Can Serrat __ lloc diferent cada mes<\/p>\n<p>un micr\u00f2fon instal\u00b7lat per tothom<\/p>\n<p>una invitaci\u00f3 per parlar,cantar, estar en silenci<\/p>\n<p>una ocasi\u00f3 per centrar la nostra atenci\u00f3 en la sonoritat de les paraules, els ritmes, la incomprensi\u00f3, el silenci, la incomoditat d&#8217;estar davant de<\/p>\n<p>fent \u00fas de l&#8217;espai p\u00fablic en el que participem<\/p>\n<p>per tots","protected":false},"excerpt":{"rendered":"<p>tercer dimecres de cada mes a les 6pm A on? Fora de Can Serrat __ lloc diferent cada mes un micr\u00f2fon instal\u00b7lat per tothom una invitaci\u00f3 per parlar,cantar, estar en silenci una ocasi\u00f3 per centrar la nostra atenci\u00f3 en la &hellip; <a href=\"https:\/\/canserrat.org\/ca\/programa-de-residencia\/open-mic\">Continued<\/a><\/p>\n","protected":false},"author":3,"featured_media":3422,"parent":2068,"menu_order":0,"comment_status":"closed","ping_status":"closed","template":"","meta":{"_monsterinsights_skip_tracking":false,"_monsterinsights_sitenote_active":false,"_monsterinsights_sitenote_note":"","_monsterinsights_sitenote_category":0,"footnotes":""},"_links":{"self":[{"href":"https:\/\/canserrat.org\/ca\/wp-json\/wp\/v2\/pages\/3420"}],"collection":[{"href":"https:\/\/canserrat.org\/ca\/wp-json\/wp\/v2\/pages"}],"about":[{"href":"https:\/\/canserrat.org\/ca\/wp-json\/wp\/v2\/types\/page"}],"author":[{"embeddable":true,"href":"https:\/\/canserrat.org\/ca\/wp-json\/wp\/v2\/users\/3"}],"replies":[{"embeddable":true,"href":"https:\/\/canserrat.org\/ca\/wp-json\/wp\/v2\/comments?post=3420"}],"version-history":[{"count":1,"href":"https:\/\/canserrat.org\/ca\/wp-json\/wp\/v2\/pages\/3420\/revisions"}],"predecessor-version":[{"id":3423,"href":"https:\/\/canserrat.org\/ca\/wp-json\/wp\/v2\/pages\/3420\/revisions\/3423"}],"up":[{"embeddable":true,"href":"https:\/\/canserrat.org\/ca\/wp-json\/wp\/v2\/pages\/2068"}],"wp:featuredmedia":[{"embeddable":true,"href":"https:\/\/canserrat.org\/ca\/wp-json\/wp\/v2\/media\/3422"}],"wp:attachment":[{"href":"https:\/\/canserrat.org\/ca\/wp-json\/wp\/v2\/media?parent=3420"}],"curies":[{"name":"wp","href":"https:\/\/api.w.org\/{rel}","templated":true}]}}