{"id":8151,"date":"2024-03-01T16:17:10","date_gmt":"2024-03-01T16:17:10","guid":{"rendered":"https:\/\/canserrat.org\/?page_id=8151"},"modified":"2024-03-01T16:31:45","modified_gmt":"2024-03-01T16:31:45","slug":"espanol-violencia-de-genero","status":"publish","type":"page","link":"http:\/\/canserrat.org\/es\/espanol-violencia-de-genero","title":{"rendered":"?violencia de g\u00e9nero?"},"content":{"rendered":"<iframe src=\"\/\/docs.google.com\/viewer?url=http%3A%2F%2Fcanserrat.org%2Fwp-content%2Fuploads%2F2024%2F03%2F2024_8M-Programa_Curs.pdf&hl=es&embedded=true\" class=\"gde-frame\" style=\"width:100%; height:500px; border: none;\" scrolling=\"no\"><\/iframe>\n<p class=\"gde-text\"><a href=\"http:\/\/canserrat.org\/wp-content\/uploads\/2024\/03\/2024_8M-Programa_Curs.pdf\" class=\"gde-link\">Descargar (PDF, 1.69MB)<\/a><\/p>","protected":false},"excerpt":{"rendered":"<p>Disculpa, pero esta entrada est\u00e1 disponible s\u00f3lo en Catal\u00e1n. For the sake of viewer convenience, the content is shown below in the alternative language. You may click the link to switch the active language.&nbsp;<\/p>\n","protected":false},"author":3,"featured_media":0,"parent":0,"menu_order":0,"comment_status":"closed","ping_status":"closed","template":"","meta":{"_monsterinsights_skip_tracking":false,"_monsterinsights_sitenote_active":false,"_monsterinsights_sitenote_note":"","_monsterinsights_sitenote_category":0,"footnotes":""},"_links":{"self":[{"href":"http:\/\/canserrat.org\/es\/wp-json\/wp\/v2\/pages\/8151"}],"collection":[{"href":"http:\/\/canserrat.org\/es\/wp-json\/wp\/v2\/pages"}],"about":[{"href":"http:\/\/canserrat.org\/es\/wp-json\/wp\/v2\/types\/page"}],"author":[{"embeddable":true,"href":"http:\/\/canserrat.org\/es\/wp-json\/wp\/v2\/users\/3"}],"replies":[{"embeddable":true,"href":"http:\/\/canserrat.org\/es\/wp-json\/wp\/v2\/comments?post=8151"}],"version-history":[{"count":3,"href":"http:\/\/canserrat.org\/es\/wp-json\/wp\/v2\/pages\/8151\/revisions"}],"predecessor-version":[{"id":8156,"href":"http:\/\/canserrat.org\/es\/wp-json\/wp\/v2\/pages\/8151\/revisions\/8156"}],"wp:attachment":[{"href":"http:\/\/canserrat.org\/es\/wp-json\/wp\/v2\/media?parent=8151"}],"curies":[{"name":"wp","href":"https:\/\/api.w.org\/{rel}","templated":true}]}}