{"id":7301,"date":"2022-12-16T14:04:46","date_gmt":"2022-12-16T14:04:46","guid":{"rendered":"http:\/\/canserrat.org\/?page_id=7301"},"modified":"2025-10-10T12:25:28","modified_gmt":"2025-10-10T12:25:28","slug":"crucero","status":"publish","type":"page","link":"http:\/\/canserrat.org\/es\/crucero","title":{"rendered":"Programa Crucero"},"content":{"rendered":"<h5><img decoding=\"async\" loading=\"lazy\" class=\" wp-image-9226 aligncenter\" src=\"http:\/\/canserrat.org\/wp-content\/uploads\/2025\/10\/POST-1-240x300.png\" alt=\"\" width=\"347\" height=\"434\" srcset=\"http:\/\/canserrat.org\/wp-content\/uploads\/2025\/10\/POST-1-240x300.png 240w, http:\/\/canserrat.org\/wp-content\/uploads\/2025\/10\/POST-1-819x1024.png 819w, http:\/\/canserrat.org\/wp-content\/uploads\/2025\/10\/POST-1.png 1080w\" sizes=\"(max-width: 347px) 100vw, 347px\" \/><\/h5>\n<p>&nbsp;<\/p>\n<h5 style=\"text-align: center;\"><strong>CRUCERO ofrece soluciones, acompa\u00f1amientos y visiones cr\u00edticas para abordar la falta de retroalimentaci\u00f3n que las personas creativas pueden experimentar en su camino.<\/strong><\/h5>\n<p>&nbsp;<\/p>\n<p>&nbsp;<\/p>\n<p>CRUCERO es un programa de residencia a distancia creado en 2020 entre las residencias de arte y literatura Can Serrat (Cat) y guion_bajo (Col).<\/p>\n<p>El proyecto nace de la simple observaci\u00f3n de que los artistas y escritores emergentes (pero no solo) en residencia a menudo carecen de informaci\u00f3n y apoyo para navegar en el mundo cultural.<\/p>\n<p>&nbsp;<\/p>\n<p>&nbsp;<\/p>\n<p>\u00bfNo sabes c\u00f3mo escribir un statement? \u00bfTe abruma la cantidad de convocatorias? \u00bfA\u00fan no has encontrado la forma de mostrar tu trabajo en redes sociales? \u00bfQuieres que alguien haga una lectura cr\u00edtica de tu manuscrito? \u00bfEl mundo del arte te produce s\u00edndrome del impostor?<\/p>\n<p>Crucero enfoca la pr\u00e1ctica del artista de forma integral, y ofrece tutor\u00edas pr\u00e1cticas para mejorar habilidades espec\u00edficas como la recaudaci\u00f3n de fondos, la redacci\u00f3n de declaraciones y solicitudes, as\u00ed como coaching para ayudarles a articular sus ideas y proporcionar apoyo emocional, entre otras formas de asistencia.<\/p>\n<p>&nbsp;<\/p>\n<p><strong>Crucero propone 4 l\u00edneas de servicio de consultor\u00eda:<\/strong><\/p>\n<ul>\n<li>FEEDBACK (1h) \u2013 60\u20ac<\/li>\n<li>CO-PILOT (1h) \u2013 Primera sesi\u00f3n 80\u20ac (1h30) \u2013 luego, 60\u20ac<\/li>\n<li>CRITICAL READING \u2013 350\u20ac (100 p\u00e1ginas max)<\/li>\n<li>VIDRIERA (1h) \u2013 60\u20ac<\/li>\n<\/ul>\n<p>&nbsp;<\/p>\n<p>Contacto: <a href=\"mailto:canserratart@gmail.com\" target=\"_blank\" rel=\"noopener\">canserratart@gmail.com<\/a> o +34 689 32 51 37 (whatsapp)","protected":false},"excerpt":{"rendered":"<p>&nbsp; CRUCERO ofrece soluciones, acompa\u00f1amientos y visiones cr\u00edticas para abordar la falta de retroalimentaci\u00f3n que las personas creativas pueden experimentar en su camino. &nbsp; &nbsp; CRUCERO es un programa de residencia a distancia creado en 2020 entre las residencias de &hellip; <a href=\"http:\/\/canserrat.org\/es\/crucero\">Continuar<\/a><\/p>\n","protected":false},"author":3,"featured_media":0,"parent":0,"menu_order":0,"comment_status":"closed","ping_status":"closed","template":"","meta":{"_monsterinsights_skip_tracking":false,"_monsterinsights_sitenote_active":false,"_monsterinsights_sitenote_note":"","_monsterinsights_sitenote_category":0,"footnotes":""},"_links":{"self":[{"href":"http:\/\/canserrat.org\/es\/wp-json\/wp\/v2\/pages\/7301"}],"collection":[{"href":"http:\/\/canserrat.org\/es\/wp-json\/wp\/v2\/pages"}],"about":[{"href":"http:\/\/canserrat.org\/es\/wp-json\/wp\/v2\/types\/page"}],"author":[{"embeddable":true,"href":"http:\/\/canserrat.org\/es\/wp-json\/wp\/v2\/users\/3"}],"replies":[{"embeddable":true,"href":"http:\/\/canserrat.org\/es\/wp-json\/wp\/v2\/comments?post=7301"}],"version-history":[{"count":27,"href":"http:\/\/canserrat.org\/es\/wp-json\/wp\/v2\/pages\/7301\/revisions"}],"predecessor-version":[{"id":9252,"href":"http:\/\/canserrat.org\/es\/wp-json\/wp\/v2\/pages\/7301\/revisions\/9252"}],"wp:attachment":[{"href":"http:\/\/canserrat.org\/es\/wp-json\/wp\/v2\/media?parent=7301"}],"curies":[{"name":"wp","href":"https:\/\/api.w.org\/{rel}","templated":true}]}}