{"id":6507,"date":"2022-02-02T11:16:00","date_gmt":"2022-02-02T11:16:00","guid":{"rendered":"http:\/\/canserrat.org\/?page_id=6507"},"modified":"2022-05-20T09:00:04","modified_gmt":"2022-05-20T09:00:04","slug":"sabir","status":"publish","type":"page","link":"http:\/\/canserrat.org\/es\/transversal-projects\/sabir","title":{"rendered":"Sabir"},"content":{"rendered":"<img decoding=\"async\" loading=\"lazy\" class=\" wp-image-6531 aligncenter\" src=\"http:\/\/canserrat.org\/wp-content\/uploads\/2022\/02\/sab.-prov-300x298.jpg\" alt=\"\" width=\"315\" height=\"313\" srcset=\"http:\/\/canserrat.org\/wp-content\/uploads\/2022\/02\/sab.-prov-300x298.jpg 300w, http:\/\/canserrat.org\/wp-content\/uploads\/2022\/02\/sab.-prov-150x150.jpg 150w, http:\/\/canserrat.org\/wp-content\/uploads\/2022\/02\/sab.-prov.jpg 874w\" sizes=\"(max-width: 315px) 100vw, 315px\" \/><\/p>\n<p>&nbsp;<\/p>\n<p>&nbsp;<\/p>\n<h4 style=\"text-align: center;\"><strong>Retiros y talleres bot\u00e1nicos en los pies de Montserrat<\/strong><\/h4>\n<h5 style=\"text-align: center;\"><strong>Una conexi\u00f3n con los saberes antiguos<\/strong><\/h5>\n<p>&nbsp;<\/p>\n<div class=\"entry-content-asset videofit\"><iframe loading=\"lazy\" title=\"Sabir\" src=\"https:\/\/player.vimeo.com\/video\/683226274?h=5b8278c870&amp;dnt=1&amp;app_id=122963\" width=\"1140\" height=\"641\" frameborder=\"0\" allow=\"autoplay; fullscreen; picture-in-picture\" allowfullscreen><\/iframe><\/div>\n<p>&nbsp;<\/p>\n<p style=\"text-align: left;\">D\u00edas para ti, para compartir de forma \u00fanica adentr\u00e1ndote en el coraz\u00f3n de la monta\u00f1a de Montserrat.<\/p>\n<p style=\"text-align: left;\">En sus senderos aprenderemos a re-conocer algunas plantas aut\u00f3ctonas con poderes medicinales y a trav\u00e9s de la t\u00e9cnica de la destilaci\u00f3n elaboraremos un remedio de aromaterapia que te har\u00e1 revivir la esencia de nuestro encuentro.<\/p>\n<p style=\"text-align: left;\">Conocer\u00e1s el arte ancestral de la impresi\u00f3n bot\u00e1nica, aplic\u00e1ndola tu misma en la tela, para realizar una obra \u00fanica, que te llevar\u00e1s como recuerdo.<\/p>\n<p style=\"text-align: left;\">Nos alojaremos en Can Serrat, una maravillosa mas\u00eda centenaria en los pies de la monta\u00f1a que alberga una residencia art\u00edstica internacional. Al despertar, podr\u00e1s practicar ejercicios de yoga y estiramientos.<\/p>\n<p style=\"text-align: left;\">Degustaremos deliciosos platos, zumos e infusiones elaborados con productos locales y de temporada que te har\u00e1n viajar por algunos rincones del Mediterr\u00e1neo a trav\u00e9s de los sentidos.<\/p>\n<p>&nbsp;<\/p>\n<p style=\"text-align: left;\">Estamos deseando conocerte, te apuntas?<\/p>\n<p>&nbsp;<\/p>\n<p><b>Pr\u00f3ximas<\/b><strong>\u00a0fechas:\u00a0<\/strong><\/p>\n<p><strong><a href=\"http:\/\/canserrat.org\/es\/espanol-mayo-2\" target=\"_blank\" rel=\"noopener noreferrer\">24, 25 y 26 de Junio<\/a><\/strong><\/p>\n<p>&nbsp;<\/p>\n<p>Tienes cualquier duda, escr\u00edbenos !<\/p>\n<p><span style=\"color: #000000;\"><a style=\"color: #000000;\" href=\"mailto:sabirmontserrat@gmail.com\" target=\"_blank\" rel=\"noopener noreferrer\">sabirmontserrat@gmail.com<\/a><\/span>","protected":false},"excerpt":{"rendered":"<p>&nbsp; &nbsp; Retiros y talleres bot\u00e1nicos en los pies de Montserrat Una conexi\u00f3n con los saberes antiguos &nbsp; &nbsp; D\u00edas para ti, para compartir de forma \u00fanica adentr\u00e1ndote en el coraz\u00f3n de la monta\u00f1a de Montserrat. En sus senderos aprenderemos &hellip; <a href=\"http:\/\/canserrat.org\/es\/transversal-projects\/sabir\">Continuar<\/a><\/p>\n","protected":false},"author":4,"featured_media":6531,"parent":4097,"menu_order":0,"comment_status":"closed","ping_status":"closed","template":"","meta":{"_monsterinsights_skip_tracking":false,"_monsterinsights_sitenote_active":false,"_monsterinsights_sitenote_note":"","_monsterinsights_sitenote_category":0,"footnotes":""},"_links":{"self":[{"href":"http:\/\/canserrat.org\/es\/wp-json\/wp\/v2\/pages\/6507"}],"collection":[{"href":"http:\/\/canserrat.org\/es\/wp-json\/wp\/v2\/pages"}],"about":[{"href":"http:\/\/canserrat.org\/es\/wp-json\/wp\/v2\/types\/page"}],"author":[{"embeddable":true,"href":"http:\/\/canserrat.org\/es\/wp-json\/wp\/v2\/users\/4"}],"replies":[{"embeddable":true,"href":"http:\/\/canserrat.org\/es\/wp-json\/wp\/v2\/comments?post=6507"}],"version-history":[{"count":27,"href":"http:\/\/canserrat.org\/es\/wp-json\/wp\/v2\/pages\/6507\/revisions"}],"predecessor-version":[{"id":6955,"href":"http:\/\/canserrat.org\/es\/wp-json\/wp\/v2\/pages\/6507\/revisions\/6955"}],"up":[{"embeddable":true,"href":"http:\/\/canserrat.org\/es\/wp-json\/wp\/v2\/pages\/4097"}],"wp:featuredmedia":[{"embeddable":true,"href":"http:\/\/canserrat.org\/es\/wp-json\/wp\/v2\/media\/6531"}],"wp:attachment":[{"href":"http:\/\/canserrat.org\/es\/wp-json\/wp\/v2\/media?parent=6507"}],"curies":[{"name":"wp","href":"https:\/\/api.w.org\/{rel}","templated":true}]}}