{"id":5678,"date":"2021-01-13T19:11:45","date_gmt":"2021-01-13T19:11:45","guid":{"rendered":"http:\/\/canserrat.org\/?page_id=5678"},"modified":"2021-01-13T19:13:19","modified_gmt":"2021-01-13T19:13:19","slug":"catala-2020-2021-en-proces-perimetre-amb-laura-bel","status":"publish","type":"page","link":"http:\/\/canserrat.org\/es\/parasitio\/catala-2020-2021-en-proces-perimetre-amb-laura-bel","title":{"rendered":"(Catal\u00e1) 2020 &#8211; 2021 \/\/ en proces &#8211; Per\u00edmetre amb Laura Bel"},"content":{"rendered":"<p class=\"qtranxs-available-languages-message qtranxs-available-languages-message-es\">Disculpa, pero esta entrada est\u00e1 disponible s\u00f3lo en  <a href=\"http:\/\/canserrat.org\/ca\/wp-json\/wp\/v2\/pages\/5678\" class=\"qtranxs-available-language-link qtranxs-available-language-link-ca\" title=\"Catal\u00e1\">Catal\u00e1n<\/a>. For the sake of viewer convenience, the content is shown below in the alternative language. You may click the link to switch the active language.<\/p><span style=\"font-weight: 400;\">PARASITIO#4\u00a0<\/span><\/p>\n<p><b>PER\u00cdMETRE\u00a0<\/b><\/p>\n<p><i><span style=\"font-weight: 400;\">Creaci\u00f3 col\u00b7lectiva per millorar l\u2019entorn ambiental i social al bruc.<\/span><\/i><\/p>\n<p>&nbsp;<\/p>\n<p><span style=\"font-weight: 400;\">PER\u00cdMETRE proposa un espai de reflexi\u00f3, proposta i acci\u00f3 sobre els espais comuns, abandonats i\/o oblidats del BRUC.<\/span><\/p>\n<p><span style=\"font-weight: 400;\">Avui en dia, amb la problem\u00e0tica del COVID\u00a0 els pobles petits en entorns naturals s&#8217;han tornat determinants en el proc\u00e9s de canvi dels modes de vida, de producci\u00f3 i de consum.<\/span><\/p>\n<p><span style=\"font-weight: 400;\">Les mesures de confinament en constant mutaci\u00f3 han transformat l\u2019entorn m\u00e9s proper en espais de redescobriment i ens empeny a posar m\u00e9s atenci\u00f3 en el quotidi\u00e0.<\/span><\/p>\n<p><span style=\"font-weight: 400;\">\u00c9s per aix\u00f2 que ens cal fer una reflexi\u00f3 sobre els espais p\u00fablics de que disposen pobles com el Bruc, ofereixen aquests espais un lloc de trobada, de tots i per a tots, en el qual la participaci\u00f3 de cada un dels individus que l\u2019ocupen, el defineix i caracteritza? Son els espais p\u00fablics llocs de cohesi\u00f3?\u00a0<\/span><\/p>\n<p><span style=\"font-weight: 400;\">Amb l\u2019arribada dels artistes a Can Serrat, volem plantejar una reflexi\u00f3 sobre all\u00f2 col.lectiu amb els joves del Bruc amb els objectius de:<\/span><\/p>\n<p>&nbsp;<\/p>\n<ul>\n<li style=\"font-weight: 400;\" aria-level=\"1\"><span style=\"font-weight: 400;\">Propiciar que els joves descobreixin els processos propis de la creaci\u00f3 contempor\u00e0nia a partir del contacte i el di\u00e0leg continuat amb les creadores residents a Can Serrat, i que reflexionin sobre l\u2019art a partir de l\u2019experi\u00e8ncia pr\u00f2pia.\u00a0<\/span><\/li>\n<li style=\"font-weight: 400;\" aria-level=\"1\"><span style=\"font-weight: 400;\">Promoure i generar situacions i contextos que estimulin la innovaci\u00f3 i la creativitat art\u00edstiques.<\/span><\/li>\n<li style=\"font-weight: 400;\" aria-level=\"1\"><span style=\"font-weight: 400;\">Afavorir que l\u2019associaci\u00f3 de\u00a0 joves del Bruc esdevingui de manera activa un espai per a la cultura, l\u2019art i el pensament, lloc d\u2019acollida de la creaci\u00f3 i espai per a l\u2019experimentaci\u00f3 i la innovaci\u00f3 art\u00edstiques.<\/span><\/li>\n<\/ul>\n<p>&nbsp;<\/p>\n<p><span style=\"font-weight: 400;\">A trav\u00e9s del an\u00e1lisis de l\u2019entorn del Bruc els joves juntament amb els artistes participants a PARASITIO realitzaran intervencions concretes de millora d\u2019un o m\u00e9s espais del poble.<\/span><\/p>\n<p><span style=\"font-weight: 400;\">Les intervencions donaran resposta a necessitats reals i intentar\u00e0n generar canvis en l\u2019entorn local.<\/span><\/p>\n<p><span style=\"font-weight: 400;\">Idealment aquestes accions haurien de:<\/span><\/p>\n<ul>\n<li style=\"font-weight: 400;\" aria-level=\"1\"><span style=\"font-weight: 400;\">Ser concebudes des de l\u2019economia de mitjans. (Si es necessiten materials, intentar utilitzar materials reciclats, reutilitzats, trobats o de baix cost).<\/span><\/li>\n<li style=\"font-weight: 400;\" aria-level=\"1\"><span style=\"font-weight: 400;\">Desencadenar una resposta dels ve\u00efns i ve\u00efnes del Bruc.<\/span><\/li>\n<li style=\"font-weight: 400;\" aria-level=\"1\"><span style=\"font-weight: 400;\">Generar les bases per crear un poble on els seus habitants juguin un paper m\u00e9s actiu en la creaci\u00f3 de l\u2019espai p\u00fablic i els processos de presa de decisions<\/span><\/li>\n<li style=\"font-weight: 400;\" aria-level=\"1\"><span style=\"font-weight: 400;\">Implicar els ve\u00efns i ve\u00efnes\u00a0 perqu\u00e8 siguin m\u00e9s conscients sobre la seva responsabilitat mediambiental.<\/span><\/li>\n<\/ul>","protected":false},"excerpt":{"rendered":"<p>Disculpa, pero esta entrada est\u00e1 disponible s\u00f3lo en Catal\u00e1n. For the sake of viewer convenience, the content is shown below in the alternative language. You may click the link to switch the active language.PARASITIO#4\u00a0 PER\u00cdMETRE\u00a0 Creaci\u00f3 col\u00b7lectiva per millorar l\u2019entorn &hellip; <a href=\"http:\/\/canserrat.org\/es\/parasitio\/catala-2020-2021-en-proces-perimetre-amb-laura-bel\">Continuar<\/a><\/p>\n","protected":false},"author":3,"featured_media":0,"parent":2878,"menu_order":0,"comment_status":"closed","ping_status":"closed","template":"","meta":{"_monsterinsights_skip_tracking":false,"_monsterinsights_sitenote_active":false,"_monsterinsights_sitenote_note":"","_monsterinsights_sitenote_category":0,"footnotes":""},"_links":{"self":[{"href":"http:\/\/canserrat.org\/es\/wp-json\/wp\/v2\/pages\/5678"}],"collection":[{"href":"http:\/\/canserrat.org\/es\/wp-json\/wp\/v2\/pages"}],"about":[{"href":"http:\/\/canserrat.org\/es\/wp-json\/wp\/v2\/types\/page"}],"author":[{"embeddable":true,"href":"http:\/\/canserrat.org\/es\/wp-json\/wp\/v2\/users\/3"}],"replies":[{"embeddable":true,"href":"http:\/\/canserrat.org\/es\/wp-json\/wp\/v2\/comments?post=5678"}],"version-history":[{"count":2,"href":"http:\/\/canserrat.org\/es\/wp-json\/wp\/v2\/pages\/5678\/revisions"}],"predecessor-version":[{"id":5681,"href":"http:\/\/canserrat.org\/es\/wp-json\/wp\/v2\/pages\/5678\/revisions\/5681"}],"up":[{"embeddable":true,"href":"http:\/\/canserrat.org\/es\/wp-json\/wp\/v2\/pages\/2878"}],"wp:attachment":[{"href":"http:\/\/canserrat.org\/es\/wp-json\/wp\/v2\/media?parent=5678"}],"curies":[{"name":"wp","href":"https:\/\/api.w.org\/{rel}","templated":true}]}}