{"id":5392,"date":"2020-06-18T15:56:43","date_gmt":"2020-06-18T15:56:43","guid":{"rendered":"http:\/\/canserrat.org\/?page_id=5392"},"modified":"2020-07-29T20:34:26","modified_gmt":"2020-07-29T20:34:26","slug":"remota-open-call-results","status":"publish","type":"page","link":"http:\/\/canserrat.org\/es\/remota-open-call-results","title":{"rendered":"REMOTA resultado de convocatoria"},"content":{"rendered":"\u00a1Felicitaciones a los seleccionados!<\/p>\n<p>&nbsp;<\/p>\n<p>Al hacer la selecci\u00f3n tuvimos en consideraci\u00f3n la calidad del trabajo y c\u00f3mo el contenido de las propuestas contribuir\u00eda a la din\u00e1mica del grupo y se relacionar\u00eda con los intereses de los otros cinco residentes seleccionados.<\/p>\n<p>&nbsp;<\/p>\n<p>REMOTA septiembre<\/p>\n<p>&nbsp;<\/p>\n<p>Escritores y artistas que trabajan en el papel de lo dom\u00e9stico, del cuerpo y el tejido en procesos de identidad, integraci\u00f3n o segregaci\u00f3n, en el valor residual de la fotograf\u00eda y en exploraciones a partir del humor negro<\/p>\n<p>&nbsp;<\/p>\n<p>Cristina Flores, Per\u00fa<\/p>\n<p>Fabio Polanco Gaona, Colombia<\/p>\n<p>Estefan\u00eda Quijada, Venezuela<\/p>\n<p>Efra\u00edn Villanueva, Colombia<\/p>\n<p>Mariana Arrubla, Colombia<\/p>\n<p>Mart\u00edn Volman, Argentina<\/p>\n<p>&nbsp;<\/p>\n<p>REMOTA octubre<\/p>\n<p>&nbsp;<\/p>\n<p>Curadores y artistas cuyas pr\u00e1cticas est\u00e1n relacionadas con\u00a0los sistemas de lenguaje y semi\u00f3tica, basadas en la investigaci\u00f3n con \u00e9nfasis en los problemas sociales, los ready-mades y la influencia del dise\u00f1o en el comportamiento<\/p>\n<p>&nbsp;<\/p>\n<p>Iris Ferrer, Filipinas (beca)<\/p>\n<p>Mpumelelo Buthelezi, Sur\u00e1frica<\/p>\n<p>Malak Yacout, Egipto<\/p>\n<p>Jinson Joseph, India<\/p>\n<p>Yirui Jia, China<\/p>\n<p>Ji Kwon, Corea<\/p>\n<p>&nbsp;","protected":false},"excerpt":{"rendered":"<p>\u00a1Felicitaciones a los seleccionados! &nbsp; Al hacer la selecci\u00f3n tuvimos en consideraci\u00f3n la calidad del trabajo y c\u00f3mo el contenido de las propuestas contribuir\u00eda a la din\u00e1mica del grupo y se relacionar\u00eda con los intereses de los otros cinco residentes &hellip; <a href=\"http:\/\/canserrat.org\/es\/remota-open-call-results\">Continuar<\/a><\/p>\n","protected":false},"author":6,"featured_media":0,"parent":0,"menu_order":0,"comment_status":"closed","ping_status":"closed","template":"","meta":{"_monsterinsights_skip_tracking":false,"_monsterinsights_sitenote_active":false,"_monsterinsights_sitenote_note":"","_monsterinsights_sitenote_category":0,"footnotes":""},"_links":{"self":[{"href":"http:\/\/canserrat.org\/es\/wp-json\/wp\/v2\/pages\/5392"}],"collection":[{"href":"http:\/\/canserrat.org\/es\/wp-json\/wp\/v2\/pages"}],"about":[{"href":"http:\/\/canserrat.org\/es\/wp-json\/wp\/v2\/types\/page"}],"author":[{"embeddable":true,"href":"http:\/\/canserrat.org\/es\/wp-json\/wp\/v2\/users\/6"}],"replies":[{"embeddable":true,"href":"http:\/\/canserrat.org\/es\/wp-json\/wp\/v2\/comments?post=5392"}],"version-history":[{"count":4,"href":"http:\/\/canserrat.org\/es\/wp-json\/wp\/v2\/pages\/5392\/revisions"}],"predecessor-version":[{"id":5450,"href":"http:\/\/canserrat.org\/es\/wp-json\/wp\/v2\/pages\/5392\/revisions\/5450"}],"wp:attachment":[{"href":"http:\/\/canserrat.org\/es\/wp-json\/wp\/v2\/media?parent=5392"}],"curies":[{"name":"wp","href":"https:\/\/api.w.org\/{rel}","templated":true}]}}