{"id":5149,"date":"2020-04-07T14:37:45","date_gmt":"2020-04-07T14:37:45","guid":{"rendered":"http:\/\/canserrat.org\/?page_id=5149"},"modified":"2020-04-19T10:22:19","modified_gmt":"2020-04-19T10:22:19","slug":"espanol-despues-de-covid-19","status":"publish","type":"page","link":"http:\/\/canserrat.org\/es\/espanol-despues-de-covid-19","title":{"rendered":"Despu\u00e9s de covid-19"},"content":{"rendered":"&nbsp;<\/p>\n<p><strong>NOTA\u00a0<\/strong><\/p>\n<p>Ahora mismo la casa esta cerrada. vac\u00eda, o casi.<\/p>\n<p>Para Can Serrat como para much*s personas y proyectos, la situaci\u00f3n actual es particularmente dif\u00edcil y preocupante.<\/p>\n<p>Desde nuestro proyecto, antes ya no sent\u00edamos algo fr\u00e1giles en algunos aspectos, el mas preocupante sin duda siendo el peso econ\u00f3mico. Desde covid-19, ya no es una fragilidad sino una ca\u00edda, es a decir, la perdida de todo lo que hacia que funcion\u00e1ramos aunque mas o menos, la desaparici\u00f3n de las perspectivas a corto plazo entre otras.<\/p>\n<p>Bueno, eso ya paso, ya nos ca\u00edmos, ya es. Entramos entonces en una otra ola, la de reflexionar y reinventarnos sin miedo.<\/p>\n<p>Can Serrat desde dentro nos suena un poco como una rueda sin freno, lo que nos hacia dif\u00edcil quiz\u00e1s desde el equipo, hacer cambios muy radicales, por medio a no poder pagar tal o tal gasto. Ahora mismo esta todo parado, as\u00ed que podria ser el momento perfecto?<\/p>\n<p>Empezamos suave, y poco a poco se entender\u00e1 quiz\u00e1s a donde vamos.<\/p>\n<p>&nbsp;<\/p>\n<p>A continuacion, encuentras una propuesta:<\/p>\n<p>&nbsp;<\/p>\n<p>Cuando se podr\u00e1 por fin salir de su casa y moverse por la region, el pa\u00eds &#8212; queremos sentir otra vez vidas en esta masia gigante a los pies de Montserrat.<\/p>\n<p>Sera entonces posible alquilar una habitaci\u00f3n por mes (hasta final de Diciembre 2020) o por semana __<\/p>\n<p>380\u20ac\/mes &#8211; habitacion privada<\/p>\n<p>210\u20ac\/mes &#8211; habitacion compartida<\/p>\n<p>&nbsp;<\/p>\n<p>&nbsp;<\/p>\n<p>150\u20ac\/semana (6 noches) &#8211; habitaci\u00f3n privada<\/p>\n<p>108\u20ac\/semana (6 noches) &#8211; habitaci\u00f3n compartida<\/p>\n<p>&nbsp;<\/p>\n<p><strong>Condiciones:<\/strong><\/p>\n<ul>\n<li>habitaci\u00f3n privada o compartida (seg\u00fan opci\u00f3n escogida)<\/li>\n<li>estudio compartido<\/li>\n<li>cena (de lunes a viernes)<\/li>\n<li>acceso a equipamiento (estudio de grabado, proyectores, contactos con otros espacios que tengan el material que uno busca)<\/li>\n<li>acceso a actividades y colaboraci\u00f3n con proyectos transversales (roca verdad, els amics de can serrat, obertencanal, l&#8217;hort del torrent del bruc, be sport for all, etc)<\/li>\n<\/ul>\n<p>&nbsp;<\/p>\n<p>&nbsp;<\/p>\n<p>&nbsp;<\/p>\n<p>&nbsp;<\/p>\n<p>&nbsp;","protected":false},"excerpt":{"rendered":"<p>&nbsp; NOTA\u00a0 Ahora mismo la casa esta cerrada. vac\u00eda, o casi. Para Can Serrat como para much*s personas y proyectos, la situaci\u00f3n actual es particularmente dif\u00edcil y preocupante. Desde nuestro proyecto, antes ya no sent\u00edamos algo fr\u00e1giles en algunos aspectos, &hellip; <a href=\"http:\/\/canserrat.org\/es\/espanol-despues-de-covid-19\">Continuar<\/a><\/p>\n","protected":false},"author":3,"featured_media":0,"parent":0,"menu_order":0,"comment_status":"closed","ping_status":"closed","template":"","meta":{"_monsterinsights_skip_tracking":false,"_monsterinsights_sitenote_active":false,"_monsterinsights_sitenote_note":"","_monsterinsights_sitenote_category":0,"footnotes":""},"_links":{"self":[{"href":"http:\/\/canserrat.org\/es\/wp-json\/wp\/v2\/pages\/5149"}],"collection":[{"href":"http:\/\/canserrat.org\/es\/wp-json\/wp\/v2\/pages"}],"about":[{"href":"http:\/\/canserrat.org\/es\/wp-json\/wp\/v2\/types\/page"}],"author":[{"embeddable":true,"href":"http:\/\/canserrat.org\/es\/wp-json\/wp\/v2\/users\/3"}],"replies":[{"embeddable":true,"href":"http:\/\/canserrat.org\/es\/wp-json\/wp\/v2\/comments?post=5149"}],"version-history":[{"count":2,"href":"http:\/\/canserrat.org\/es\/wp-json\/wp\/v2\/pages\/5149\/revisions"}],"predecessor-version":[{"id":5220,"href":"http:\/\/canserrat.org\/es\/wp-json\/wp\/v2\/pages\/5149\/revisions\/5220"}],"wp:attachment":[{"href":"http:\/\/canserrat.org\/es\/wp-json\/wp\/v2\/media?parent=5149"}],"curies":[{"name":"wp","href":"https:\/\/api.w.org\/{rel}","templated":true}]}}