{"id":4837,"date":"2020-02-28T16:34:13","date_gmt":"2020-02-28T16:34:13","guid":{"rendered":"http:\/\/canserrat.org\/?page_id=4837"},"modified":"2026-03-27T11:21:42","modified_gmt":"2026-03-27T11:21:42","slug":"llegar_a_can_serrat","status":"publish","type":"page","link":"http:\/\/canserrat.org\/es\/about\/llegar_a_can_serrat","title":{"rendered":"Como llegar a Can Serrat"},"content":{"rendered":"<img decoding=\"async\" loading=\"lazy\" class=\" wp-image-8944 aligncenter\" src=\"http:\/\/canserrat.org\/wp-content\/uploads\/2025\/07\/ROLLING-RESIDENCY-1-300x300.png\" alt=\"\" width=\"393\" height=\"393\" srcset=\"http:\/\/canserrat.org\/wp-content\/uploads\/2025\/07\/ROLLING-RESIDENCY-1-300x300.png 300w, http:\/\/canserrat.org\/wp-content\/uploads\/2025\/07\/ROLLING-RESIDENCY-1-1024x1024.png 1024w, http:\/\/canserrat.org\/wp-content\/uploads\/2025\/07\/ROLLING-RESIDENCY-1-150x150.png 150w, http:\/\/canserrat.org\/wp-content\/uploads\/2025\/07\/ROLLING-RESIDENCY-1.png 1080w\" sizes=\"(max-width: 393px) 100vw, 393px\" \/><\/p>\n<p>&nbsp;<\/p>\n<p>&nbsp;<\/p>\n<h3 style=\"text-align: center;\">Barcelona\u2014El Bruc con transporte p\u00fablico*<\/h3>\n<p>* No hay autob\u00fas directo desde el aeropuerto a Can Serrat. Primero debes ir a Maria Cristina en Barcelona y coger el Bus desde ah\u00ed.<\/p>\n<p>&nbsp;<\/p>\n<p><strong>Del Aeropuerto El Prat a Zona Universitaria en Barcelona.<\/strong><\/p>\n<ol>\n<li>Tome la l\u00ednea de metro L9 desde el aeropuerto hasta\u00a0<i>Zona Universitaria<\/i>. Ver mapa aqu\u00ed:<\/li>\n<\/ol>\n<p><span style=\"color: #3366ff;\"><a style=\"color: #3366ff;\" href=\"http:\/\/www.mapametrobarcelona.net\/mapas-metro\/mapa-metro-barcelona-2017-01.pdf\">http:\/\/www.mapametrobarcelona.net\/mapas-metro\/mapa-metro-barcelona-2017-01.pdf<\/a><\/span><\/p>\n<p>Compre la tarjeta en la m\u00e1quina expendedora de billetes en la estaci\u00f3n de metro con efectivo o tarjeta. Debe tener un pin si paga con tarjeta de cr\u00e9dito o d\u00e9bito. Valor aproximado 4,50 euros.<\/p>\n<p>Desde Zona Universitaria hay dos opciones :<\/p>\n<ol>\n<li>Salir del metro y esperar el bus desde la estaci\u00f3n de bus Zona Universitaria misma.<\/li>\n<li>Cambio de la l\u00ednia de metro L9 a la l\u00ednea verde L3 en direcci\u00f3n a\u00a0<i>Trinitat Nova.\u00a0<\/i>2 paradas a\u00a0<i>Maria Cristina<\/i>. (transferencia gratuita).<\/li>\n<li>B\u00e1jate en la estaci\u00f3n de\u00a0<i>Mar\u00eda Cristina donde sale el bus hacia el Bruc (mucha gente suele subirse en Maria Cristina, puede ser que al esperar a zona universitaria que son dos estaciones\u00a0despu\u00e9s, se haya llenado el bus.)<\/i><\/li>\n<\/ol>\n<p>Tiempo aproximado del aeropuerto a Zona Universitaria: 45 minutos.<\/p>\n<p>&nbsp;<\/p>\n<p><strong>Maria Cristina o Zona Universitaria Barcelona direcci\u00f3n Can Serrat en El Bruc. <\/strong><\/p>\n<p><strong>1.<\/strong> Ubicaci\u00f3n de la parada de autob\u00fas Hispano Igualadina:<\/p>\n<p>Despu\u00e9s de salir del metro en la parada de\u00a0<i>Maria Cristina o Zona Universitaria<\/i>, encontrar\u00e1 la parada de autob\u00fas de la empresa Hispano Igualadina en\u00a0<i>Avinguda Diagonal\u00a0<\/i>al otro lado de la calle. En el caso de Maria Cristina, es la segunda parada de autobuses desp\u00faes del puesto de periodicos llamado Vanguardia etiquetado en letra peque\u00f1a Hispano Igualadina.<\/p>\n<p>Aqu\u00ed hay el .pdf del horario del autob\u00fas que va y viene entre Barcelona y El Bruc:<\/p>\n<iframe src=\"\/\/docs.google.com\/viewer?url=http%3A%2F%2Fcanserrat.org%2Fwp-content%2Fuploads%2F2022%2F10%2F61f3e44346aa3.pdf&hl=es&embedded=true\" class=\"gde-frame\" style=\"width:100%; height:500px; border: none;\" scrolling=\"no\"><\/iframe>\n<p class=\"gde-text\"><a href=\"http:\/\/canserrat.org\/wp-content\/uploads\/2022\/10\/61f3e44346aa3.pdf\" class=\"gde-link\">Descargar (PDF, 1.34MB)<\/a><\/p>\n<p>El horario esta en Catalan. Puede usar el traductor si necesita ayuda con el vocabulario:<\/p>\n<p><a href=\"https:\/\/translate.google.com\/?hl=es\">https:\/\/translate.google.com\/?hl=es<\/a><\/p>\n<p>Tiempo aproximado de BCN Maria Cristina al Bruc con el bus: 50 minutos.<\/p>\n<p>&nbsp;<\/p>\n<p><strong>2.<\/strong> Billetes para el servicio de autobuses Hispano Igualadina:<\/p>\n<p>Opci\u00f3n I: puede pagar en <strong>efectivo<\/strong>. El conductor del autob\u00fas puede darle cambio, aunque no debe pagar con un billete superior a 10\u20ac. Valor 8,80 euros por un billete sencillo.<\/p>\n<p>Opci\u00f3n II: puede comprar un pase <strong>T-10 Casual zona 5<\/strong> por <span class=\"a_GcMg font-feature-liga-off font-feature-clig-off font-feature-calt-off text-decoration-none text-strikethrough-none\">51,20<\/span> euros en las m\u00e1quinas expendedoras de billetes de la estaci\u00f3n de metro. Esta puede ser una opci\u00f3n m\u00e1s econ\u00f3mica si planea hacer varios viajes de ida y vuelta entre El Bruc y Barcelona durante el transcurso de su estad\u00eda.<\/p>\n<p>Opci\u00f3n III: El abono <strong>T-USUAL zona 5<\/strong> es un abono ilimitado v\u00e1lido hasta 30 d\u00edas y cuesta 59,60 euros; no se puede compartir entre usuarios. Es la opci\u00f3n m\u00e1s econ\u00f3mica para estancias prolongadas. Se puede utilizar para desplazarse desde y hacia el aeropuerto en metro, en todo el transporte p\u00fablico dentro de Barcelona y entre Barcelona y cualquier localidad situada dentro de la zona 5.<\/p>\n<p>Opci\u00f3 III: L\u00b4abonament\u00a0 <strong>T-USUAL zona 5\u00a0<\/strong>\u00e9s un abonament il.limitat v\u00e0lid fins a 30 dies i cost a 59,60 euros; no pot compartir entre els usuaris. \u00c9s l\u00f3pci\u00f3 m\u00e9s econ\u00f2mica per a estades perllongades. Es pot utilizar per despla\u00e7ar-se des de i cap a l\u00b4aeroport amb metro, a tot el transport p\u00fablic dins de Barcelona i entre Barcelona i qualsevol localitat situda dins de la zona 5.<\/p>\n<p>* Notas sobre Hispano Igualadina a tener en cuenta:<\/p>\n<p>Hay una l\u00ednea expr\u00e9s, as\u00ed como un autob\u00fas local. Consulte con su conductor y aseg\u00farese de tomar el local. Puede verificar con el conductor para asegurarse de que se detendra en El Bruc.<\/p>\n<p>&nbsp;<\/p>\n<p><strong>3.<\/strong> Llegar a Can Serrat:<\/p>\n<p>Puede preguntar a los conductores si est\u00e1n dispuestos a dejarlo en Can Serrat.<\/p>\n<p>3) a. Si el conductor te deja en Can Serrat:<\/p>\n<p>Es un camino de cemento empinado que desciende hacia la derecha. Baje por el camino, aproximadamente 50 metros y la casa est\u00e1 en la parte inferior a su derecha.<\/p>\n<p>3) b. Si el conductor del autob\u00fas lo deja en la parada de autob\u00fas en El Bruc: Algunos conductores no\u00a0consideran que Can Serrat sea una parada adecuada y, por lo tanto, lo dejar\u00e1n en el pueblo de El Bruc pasado Can Serrat. Si este es el caso, d\u00e9 la vuelta y retroceda unos 500 metros hasta llegar a la entrada del camino de entrada y al letrero de Can Serrat que esta vez estar\u00eda a su izquierda. \u00a1Tenga cuidado con el tr\u00e1fico al caminar al lado de la carretera!<\/p>\n<p>Se sol\u00b7licita que las llegadas sean entre las 9:30 am &#8211; 6pm. Se agradece la notificaci\u00f3n anticipada de tu hora de llegada para que podamos coordinar que alguien est\u00e9 aqu\u00ed para darte la bienvenida y mostrarte la casa.<\/p>\n<p>&nbsp;<\/p>\n<h3 style=\"text-align: center;\">CON TAXI<\/h3>\n<p>Puedes reservar tu recogida para llegar a la casa directamente con nosotras. El coste es de 60\u20ac si la recogida es desde el aeropuerto y 65\u20ac si la recogida es en la Ciudad de Barcelona. Para otras posibilidades y\/o reservar tu recogida manda un email a <a href=\"mailto:gina.canserrat@gmail.com\" target=\"_blank\" rel=\"noopener noreferrer\"><span style=\"color: #3366ff;\">canserratart@gmail.com<\/span><\/a>.<\/p>\n<p>&nbsp;<\/p>\n<h3 style=\"text-align: center;\">CON COCHE PRIVADO<\/h3>\n<p>Puedes consultar todas las empresas de alquiler en el aeropuerto en: <a href=\"http:\/\/aena.mobi\/m\/es\/aeropuerto-barcelona\/alquiler-coches.html\" target=\"_blank\" rel=\"noopener noreferrer\"><span style=\"color: #3366ff;\">http:\/\/aena.mobi\/m\/es\/aeropuerto-barcelona\/alquiler-coches.html<\/span><\/a><\/p>\n<p>Desde Barcelona, Autovia A2 direcci\u00f3n Lleida, salida 572 &#8211; El Bruc. Al salir de la autovia sigue recto unos 550m y siga la indicaci\u00f3n &#8216;Can Serrat&#8217; bajando ligeramente a la derecha un camino asfaltado hasta llegar a la casa.<\/p>\n<h3><\/h3>\n<h3 style=\"text-align: center;\">VOLANDO<\/h3>\n<p>Si tienes alas o conoces alguien que tenga, el camino es bastante directo hasta llegar en frente de Montserrat (lado sur), estamos abajo de la Iglesia.","protected":false},"excerpt":{"rendered":"<p>&nbsp; &nbsp; Barcelona\u2014El Bruc con transporte p\u00fablico* * No hay autob\u00fas directo desde el aeropuerto a Can Serrat. Primero debes ir a Maria Cristina en Barcelona y coger el Bus desde ah\u00ed. &nbsp; Del Aeropuerto El Prat a Zona Universitaria &hellip; <a href=\"http:\/\/canserrat.org\/es\/about\/llegar_a_can_serrat\">Continuar<\/a><\/p>\n","protected":false},"author":3,"featured_media":0,"parent":2,"menu_order":0,"comment_status":"closed","ping_status":"closed","template":"","meta":{"_monsterinsights_skip_tracking":false,"_monsterinsights_sitenote_active":false,"_monsterinsights_sitenote_note":"","_monsterinsights_sitenote_category":0,"footnotes":""},"_links":{"self":[{"href":"http:\/\/canserrat.org\/es\/wp-json\/wp\/v2\/pages\/4837"}],"collection":[{"href":"http:\/\/canserrat.org\/es\/wp-json\/wp\/v2\/pages"}],"about":[{"href":"http:\/\/canserrat.org\/es\/wp-json\/wp\/v2\/types\/page"}],"author":[{"embeddable":true,"href":"http:\/\/canserrat.org\/es\/wp-json\/wp\/v2\/users\/3"}],"replies":[{"embeddable":true,"href":"http:\/\/canserrat.org\/es\/wp-json\/wp\/v2\/comments?post=4837"}],"version-history":[{"count":41,"href":"http:\/\/canserrat.org\/es\/wp-json\/wp\/v2\/pages\/4837\/revisions"}],"predecessor-version":[{"id":9422,"href":"http:\/\/canserrat.org\/es\/wp-json\/wp\/v2\/pages\/4837\/revisions\/9422"}],"up":[{"embeddable":true,"href":"http:\/\/canserrat.org\/es\/wp-json\/wp\/v2\/pages\/2"}],"wp:attachment":[{"href":"http:\/\/canserrat.org\/es\/wp-json\/wp\/v2\/media?parent=4837"}],"curies":[{"name":"wp","href":"https:\/\/api.w.org\/{rel}","templated":true}]}}