{"id":4510,"date":"2020-01-13T18:32:44","date_gmt":"2020-01-13T18:32:44","guid":{"rendered":"http:\/\/canserrat.org\/?page_id=4510"},"modified":"2021-01-25T13:34:33","modified_gmt":"2021-01-25T13:34:33","slug":"publications","status":"publish","type":"page","link":"http:\/\/canserrat.org\/es\/publications","title":{"rendered":"Publicaciones"},"content":{"rendered":"<h4 style=\"text-align: center;\"><strong><em>WHAT A TIME TO BE ALIVE<\/em> &#8212; 2016 (Publicado en Noviembre de 2016 en el Bruc)<\/strong><\/h4>\n<p><span style=\"font-weight: 400;\">El 26 de Noviembre 2016, Can Serrat celebr\u00f3 dos a\u00f1os de proyectos art\u00edsticos seleccionando a 11 artistas* previamente en residencia y invitando a la comisar\u00eda de exposici\u00f3n y cr\u00edtica de arte <a href=\"http:\/\/www.a-desk.org\/highlights\/The-writer-is-present.html\">Irina Mutt<\/a> a pensar un recorrido entre los artistas. <\/span>Precio de la publicaci\u00f3n: 7\u20ac.<\/p>\n<h5 style=\"text-align: center;\"><span style=\"color: #0000ff;\"><a style=\"color: #0000ff;\" href=\"http:\/\/canserrat.org\/espanol-what-a-time-to-be-alive-_-noviembre-2016\" target=\"_blank\" rel=\"noopener noreferrer\"><strong>Curatorial Statement<\/strong><\/a><\/span><\/h5>\n<p><a href=\"http:\/\/canserrat.org\/wp-content\/uploads\/2020\/01\/IMG_20200113_192809.jpg\"><img decoding=\"async\" loading=\"lazy\" class=\"wp-image-4511 aligncenter\" src=\"http:\/\/canserrat.org\/wp-content\/uploads\/2020\/01\/IMG_20200113_192809-263x300.jpg\" alt=\"\" width=\"217\" height=\"247\" srcset=\"http:\/\/canserrat.org\/wp-content\/uploads\/2020\/01\/IMG_20200113_192809-263x300.jpg 263w, http:\/\/canserrat.org\/wp-content\/uploads\/2020\/01\/IMG_20200113_192809-897x1024.jpg 897w, http:\/\/canserrat.org\/wp-content\/uploads\/2020\/01\/IMG_20200113_192809.jpg 1728w\" sizes=\"(max-width: 217px) 100vw, 217px\" \/><\/a><\/p>\n<p><em>*Jesse Quam, Sybille Hotz, Adelaide Ivanova, Dorian Braun, Elyssa Lewis, Andrea Magnani, Daniel Moreno, Natasha Nedelkova, Marc Serra, Rub\u00e9n Pati\u00f1o y Aldo Urbano.\u00a0<\/em><\/p>\n<p>&nbsp;<\/p>\n<p>&nbsp;<\/p>\n<h4 style=\"text-align: center;\"><strong><em>FAR AWAY TREASURE<\/em> &#8212; 2017 (Publicado en Noviembre de 2018 en l&#8217;Automatica, Bcn)\u00a0<\/strong><\/h4>\n<p>Para su exposici\u00f3n comisariada anual de 2018, Can Serrat colabor\u00f3 \u200b\u200bcon Quim Packard, quien fue invitado a seguir proyectos producidos en residencia durante el a\u00f1o 2017. Quim trabaj\u00f3 en estrecha colaboraci\u00f3n con Nyamnyam, quienes fueron co-comisarios del evento en su espacio en Barcelona.<\/p>\n<p>La exposici\u00f3n fue una sesi\u00f3n de trabajo abierta que involucr\u00f3 cocinar, comer y hablar sobre el concepto de residencias de artistas y su relaci\u00f3n con la ideolog\u00eda colonial y el capitalismo global. La comida se hizo con ingredientes del bosque del Bruc, cerca de la residencia de Can Serrat. Durante la sesi\u00f3n tejimos juntos la historia de las residencias de artistas y all\u00ed compartimos el pasado con la exploraci\u00f3n colonial y la b\u00fasqueda de comida. Se mostr\u00f3 que las obras de Marion Balac, Amery Kessler, Duncan Gibbs y Anna Wolfe-Pauly, artistas que hicier\u00f3n su residencia durante el a\u00f1o 2017 en Can Serrat, que unieron las ideas del taller. Precio de la publicaci\u00f3n: 7\u20ac.<\/p>\n<h5 style=\"text-align: center;\"><span style=\"color: #0000ff;\"><a style=\"color: #0000ff;\" href=\"http:\/\/canserrat.org\/ca\/parasitio\/2017-2018-far-away-treasure-with-quim-packard\" target=\"_blank\" rel=\"noopener noreferrer\"><strong>Curatorial Statement<\/strong><\/a><\/span><\/h5>\n<p><img decoding=\"async\" loading=\"lazy\" class=\"size-medium wp-image-2886 aligncenter\" src=\"http:\/\/canserrat.org\/wp-content\/uploads\/2018\/11\/45583926_2521970091362708_6026819004486647808_n-225x300.jpg\" alt=\"\" width=\"225\" height=\"300\" srcset=\"http:\/\/canserrat.org\/wp-content\/uploads\/2018\/11\/45583926_2521970091362708_6026819004486647808_n-225x300.jpg 225w, http:\/\/canserrat.org\/wp-content\/uploads\/2018\/11\/45583926_2521970091362708_6026819004486647808_n.jpg 720w\" sizes=\"(max-width: 225px) 100vw, 225px\" \/><\/p>\n<p>&nbsp;<\/p>\n<p>&nbsp;<\/p>\n<h4 style=\"text-align: center;\"><strong><i>FLUFFY DISK<\/i>&#8212; 2018 (Publicado en Diciembre de 2020, Bcn)\u00a0<\/strong><\/h4>\n<p>&nbsp;<\/p>\n<p>Para su exposici\u00f3n comisariada anual de 2019, Can Serrat colabor\u00f3 \u200b\u200bcon nyamnyam, quien fue invitado a seguir proyectos producidos en residencia durante el a\u00f1o 2018.<\/p>\n<p>La actividad toma formato de instalaci\u00f3n performativa partiendo de una arqueolog\u00eda del lugar y poni\u00e9ndola en di\u00e1logo con la arqueolog\u00eda virtual; invitando a los artistas y otras personas del contexto, a compartir los materiales producidos antes, durante y despu\u00e9s de Can Serrat, y que acumulan en sus dispositivos m\u00f3viles. A partir de estos doble movimiento complementario \u2013 objetual \/ material + contexto \/ artistas \u2013 pretendemos crear un di\u00e1logo o m\u00e1s bien una conversaci\u00f3n esponjosa, el\u00e1stica que se aleje del disco duro e incluso del blando, para poder crear un espacio poroso donde descubrir las posibles l\u00edneas discursivas que este material genera a trav\u00e9s de las m\u00faltiples visiones que habiten este espacio Fluffy.<\/p>\n<p>La acci\u00f3n cotidiana de estar juntxs y c\u00f3modas para imaginar relatos a partir de un ovillo de informaci\u00f3n que no pretendemos deshacer, sino tomar como punto de partida para tejer posibilidades.<\/p>\n<p>Como consecuencias de la covid-19, la presentaci\u00f3n publica de la publicaci\u00f3n Fluffy Disk fue reprogramada a la primavera de 2021.<\/p>\n<p>&nbsp;<\/p>\n<p style=\"text-align: center;\"><a href=\"http:\/\/canserrat.org\/wp-content\/uploads\/2021\/01\/Captura-de-pantalla-2021-01-19-a-las-13.43.28.png\"><img decoding=\"async\" loading=\"lazy\" class=\"aligncenter wp-image-5696 size-medium\" src=\"http:\/\/canserrat.org\/wp-content\/uploads\/2021\/01\/Captura-de-pantalla-2021-01-19-a-las-13.43.28-213x300.png\" alt=\"\" width=\"213\" height=\"300\" srcset=\"http:\/\/canserrat.org\/wp-content\/uploads\/2021\/01\/Captura-de-pantalla-2021-01-19-a-las-13.43.28-213x300.png 213w, http:\/\/canserrat.org\/wp-content\/uploads\/2021\/01\/Captura-de-pantalla-2021-01-19-a-las-13.43.28.png 704w\" sizes=\"(max-width: 213px) 100vw, 213px\" \/><\/a><\/p>\n<p>&nbsp;<\/p>\n<p style=\"text-align: center;\"><iframe src=\"\/\/docs.google.com\/viewer?url=http%3A%2F%2Fcanserrat.org%2Fwp-content%2Fuploads%2F2021%2F01%2FVisualizacion-Tripa-Fluffy-Disc-1.pdf&hl=es&embedded=true\" class=\"gde-frame\" style=\"width:100%; height:500px; border: none;\" scrolling=\"no\"><\/iframe>\n<p class=\"gde-text\"><a href=\"http:\/\/canserrat.org\/wp-content\/uploads\/2021\/01\/Visualizacion-Tripa-Fluffy-Disc-1.pdf\" class=\"gde-link\">Descargar (PDF, 1.36MB)<\/a><\/p>","protected":false},"excerpt":{"rendered":"<p>WHAT A TIME TO BE ALIVE &#8212; 2016 (Publicado en Noviembre de 2016 en el Bruc) El 26 de Noviembre 2016, Can Serrat celebr\u00f3 dos a\u00f1os de proyectos art\u00edsticos seleccionando a 11 artistas* previamente en residencia y invitando a la &hellip; <a href=\"http:\/\/canserrat.org\/es\/publications\">Continuar<\/a><\/p>\n","protected":false},"author":3,"featured_media":0,"parent":0,"menu_order":0,"comment_status":"closed","ping_status":"closed","template":"","meta":{"_monsterinsights_skip_tracking":false,"_monsterinsights_sitenote_active":false,"_monsterinsights_sitenote_note":"","_monsterinsights_sitenote_category":0,"footnotes":""},"_links":{"self":[{"href":"http:\/\/canserrat.org\/es\/wp-json\/wp\/v2\/pages\/4510"}],"collection":[{"href":"http:\/\/canserrat.org\/es\/wp-json\/wp\/v2\/pages"}],"about":[{"href":"http:\/\/canserrat.org\/es\/wp-json\/wp\/v2\/types\/page"}],"author":[{"embeddable":true,"href":"http:\/\/canserrat.org\/es\/wp-json\/wp\/v2\/users\/3"}],"replies":[{"embeddable":true,"href":"http:\/\/canserrat.org\/es\/wp-json\/wp\/v2\/comments?post=4510"}],"version-history":[{"count":21,"href":"http:\/\/canserrat.org\/es\/wp-json\/wp\/v2\/pages\/4510\/revisions"}],"predecessor-version":[{"id":5697,"href":"http:\/\/canserrat.org\/es\/wp-json\/wp\/v2\/pages\/4510\/revisions\/5697"}],"wp:attachment":[{"href":"http:\/\/canserrat.org\/es\/wp-json\/wp\/v2\/media?parent=4510"}],"curies":[{"name":"wp","href":"https:\/\/api.w.org\/{rel}","templated":true}]}}