{"id":4104,"date":"2019-10-11T14:55:52","date_gmt":"2019-10-11T14:55:52","guid":{"rendered":"http:\/\/canserrat.org\/?page_id=4104"},"modified":"2020-03-19T16:16:46","modified_gmt":"2020-03-19T16:16:46","slug":"catala-be-sport","status":"publish","type":"page","link":"http:\/\/canserrat.org\/es\/catala-be-sport","title":{"rendered":"Be Sport"},"content":{"rendered":"<div dir=\"auto\">\n<div class=\"gmail_quote\">\n<div dir=\"auto\">\n<div dir=\"auto\"><img decoding=\"async\" loading=\"lazy\" class=\" wp-image-5074 aligncenter\" src=\"http:\/\/canserrat.org\/wp-content\/uploads\/2020\/03\/Screenshot_2019-07-11-14-10-49-631_com.instagram.android-269x300.jpg\" alt=\"\" width=\"241\" height=\"269\" srcset=\"http:\/\/canserrat.org\/wp-content\/uploads\/2020\/03\/Screenshot_2019-07-11-14-10-49-631_com.instagram.android-269x300.jpg 269w, http:\/\/canserrat.org\/wp-content\/uploads\/2020\/03\/Screenshot_2019-07-11-14-10-49-631_com.instagram.android.jpg 905w\" sizes=\"(max-width: 241px) 100vw, 241px\" \/><\/div>\n<\/div>\n<div dir=\"auto\"><\/div>\n<div dir=\"auto\">\n<div dir=\"auto\"><\/div>\n<div dir=\"auto\">BE SPORT ha nacido para ofrecer actividades deportivas, talleres y terapia ocupacional a j\u00f3venes y ni\u00f1os con discapacidad. Tenemos el apoyo incondicional de la Fundaci\u00f3n Johan Cruyff y de la Residencia Internacional de Arte Can Serrat. Recientemente tambi\u00e9n colabora el Ayuntamiento de El Bruc.<\/div>\n<\/div>\n<div dir=\"auto\">\n<div dir=\"auto\"><\/div>\n<\/div>\n<div dir=\"auto\">\n<div dir=\"auto\">En BE SPORT trabajamos para impulsar el deporte como herramienta de inclusi\u00f3n y cambio social a trav\u00e9s de la diversi\u00f3n y el esfuerzo, creando un sentido de pertenencia a un equipo. Queremos mejorar la calidad de vida de las personas usuarias de BE SPORT a trav\u00e9s de los beneficios y los valores que nos aporta el deporte de recreaci\u00f3n y competici\u00f3n.<\/div>\n<\/div>\n<div dir=\"auto\">\n<div dir=\"auto\">Como objetivos m\u00e1s espec\u00edficos, trabajamos para desarrollar las habilidades motrices b\u00e1sicas y la psicomotricidad gruesa y fina de las personas usuarias a trav\u00e9s del deporte y actividades de recreaci\u00f3n. BE SPORT vela por dar un servicio de calidad a nivel deportivo, emocional, de inclusi\u00f3n social y de bienestar f\u00edsico y ps\u00edquico a personas con discapacidad.<\/div>\n<div dir=\"auto\">\n<p>&nbsp;<\/p>\n<p><span style=\"font-size: 14px;\">Adem\u00e1s, queremos que gran parte de nuestras actividades se desarrollen en el entorno del Parque Natural de la Monta\u00f1a de Montserrat.<\/span><\/p>\n<\/div>\n<div dir=\"auto\"><\/div>\n<div dir=\"auto\">Los s\u00e1bados a BE SPORT ofrecemos todo un d\u00eda de experiencias deportivas y art\u00edsticas. Actualmente, nuestra rutina incluye actividades de p\u00e1del en el Slam Padel de Collbat\u00f3 as\u00ed como un taller art\u00edstico en Can Serrat.<br \/>\nEn BE SPORT hacemos actividades extraordinarias en diferentes momentos del a\u00f1o. Estas incluyen estancias de un d\u00eda o m\u00e1s d\u00edas en la naturaleza, diferentes actividades deportivas de car\u00e1cter recreacional y de competici\u00f3n al aire libre, actividades de ocio, apoyo a nivel escolar, &#8230;<\/div>\n<div dir=\"auto\"><\/div>\n<div dir=\"auto\"><\/div>\n<\/div>\n<\/div>\n<\/div>\n<div dir=\"auto\">\n<div dir=\"auto\">\u00a0Instagram:\u00a0BE_SPORT_4ALL<\/div>\n<\/div>","protected":false},"excerpt":{"rendered":"<p>BE SPORT ha nacido para ofrecer actividades deportivas, talleres y terapia ocupacional a j\u00f3venes y ni\u00f1os con discapacidad. Tenemos el apoyo incondicional de la Fundaci\u00f3n Johan Cruyff y de la Residencia Internacional de Arte Can Serrat. Recientemente tambi\u00e9n colabora el &hellip; <a href=\"http:\/\/canserrat.org\/es\/catala-be-sport\">Continuar<\/a><\/p>\n","protected":false},"author":3,"featured_media":0,"parent":0,"menu_order":0,"comment_status":"closed","ping_status":"closed","template":"","meta":{"_monsterinsights_skip_tracking":false,"_monsterinsights_sitenote_active":false,"_monsterinsights_sitenote_note":"","_monsterinsights_sitenote_category":0,"footnotes":""},"_links":{"self":[{"href":"http:\/\/canserrat.org\/es\/wp-json\/wp\/v2\/pages\/4104"}],"collection":[{"href":"http:\/\/canserrat.org\/es\/wp-json\/wp\/v2\/pages"}],"about":[{"href":"http:\/\/canserrat.org\/es\/wp-json\/wp\/v2\/types\/page"}],"author":[{"embeddable":true,"href":"http:\/\/canserrat.org\/es\/wp-json\/wp\/v2\/users\/3"}],"replies":[{"embeddable":true,"href":"http:\/\/canserrat.org\/es\/wp-json\/wp\/v2\/comments?post=4104"}],"version-history":[{"count":5,"href":"http:\/\/canserrat.org\/es\/wp-json\/wp\/v2\/pages\/4104\/revisions"}],"predecessor-version":[{"id":5078,"href":"http:\/\/canserrat.org\/es\/wp-json\/wp\/v2\/pages\/4104\/revisions\/5078"}],"wp:attachment":[{"href":"http:\/\/canserrat.org\/es\/wp-json\/wp\/v2\/media?parent=4104"}],"curies":[{"name":"wp","href":"https:\/\/api.w.org\/{rel}","templated":true}]}}