{"id":2639,"date":"2018-08-16T17:48:48","date_gmt":"2018-08-16T17:48:48","guid":{"rendered":"http:\/\/canserrat.org\/?page_id=2639"},"modified":"2020-04-10T14:57:31","modified_gmt":"2020-04-10T14:57:31","slug":"co-working-co-living-price-conditions","status":"publish","type":"page","link":"http:\/\/canserrat.org\/es\/about\/co-working-co-living-price-conditions","title":{"rendered":"Alquiler de habitaci\u00f3n"},"content":{"rendered":"<style id=\"bwg-style-0\">    #bwg_container1_0 #bwg_container2_0 .bwg-container-0.bwg-standard-thumbnails {      width: 904px;              justify-content: center;        margin:0 auto !important;              background-color: rgba(255, 255, 255, 0.00);            padding-left: 4px;      padding-top: 4px;      max-width: 100%;            }        #bwg_container1_0 #bwg_container2_0 .bwg-container-0.bwg-standard-thumbnails .bwg-item {    justify-content: flex-start;      max-width: 180px;            width: 180px !important;          }    #bwg_container1_0 #bwg_container2_0 .bwg-container-0.bwg-standard-thumbnails .bwg-item a {       margin-right: 4px;       margin-bottom: 4px;    }    #bwg_container1_0 #bwg_container2_0 .bwg-container-0.bwg-standard-thumbnails .bwg-item0 {      padding: 0px;            background-color:rgba(255,255,255, 0.30);      border: 0px none #CCCCCC;      opacity: 1.00;      border-radius: 0;      box-shadow: 0px 0px 0px #888888;    }    #bwg_container1_0 #bwg_container2_0 .bwg-container-0.bwg-standard-thumbnails .bwg-item1 img {      max-height: none;      max-width: none;      padding: 0 !important;    }        @media only screen and (min-width: 480px) {      #bwg_container1_0 #bwg_container2_0 .bwg-container-0.bwg-standard-thumbnails .bwg-item0 {        transition: all 0.3s ease 0s;-webkit-transition: all 0.3s ease 0s;      }      #bwg_container1_0 #bwg_container2_0 .bwg-container-0.bwg-standard-thumbnails .bwg-item0:hover {        -ms-transform: scale(1.1);        -webkit-transform: scale(1.1);        transform: scale(1.1);      }    }          #bwg_container1_0 #bwg_container2_0 .bwg-container-0.bwg-standard-thumbnails .bwg-item1 {      padding-top: 50%;    }        #bwg_container1_0 #bwg_container2_0 .bwg-container-0.bwg-standard-thumbnails .bwg-title2,    #bwg_container1_0 #bwg_container2_0 .bwg-container-0.bwg-standard-thumbnails .bwg-ecommerce2 {      color: #CCCCCC;      font-family: segoe ui;      font-size: 16px;      font-weight: bold;      padding: 2px;      text-shadow: 0px 0px 0px #888888;      max-height: 100%;    }    #bwg_container1_0 #bwg_container2_0 .bwg-container-0.bwg-standard-thumbnails .bwg-thumb-description span {    color: #323A45;    font-family: Ubuntu;    font-size: 12px;    max-height: 100%;    word-wrap: break-word;    }    #bwg_container1_0 #bwg_container2_0 .bwg-container-0.bwg-standard-thumbnails .bwg-play-icon2 {      font-size: 32px;    }    #bwg_container1_0 #bwg_container2_0 .bwg-container-0.bwg-standard-thumbnails .bwg-ecommerce2 {      font-size: 19.2px;      color: #CCCCCC;    }    <\/style>    <div id=\"bwg_container1_0\"         class=\"bwg_container bwg_thumbnail bwg_thumbnails \"         data-right-click-protection=\"0\"         data-bwg=\"0\"         data-scroll=\"0\"         data-gallery-type=\"thumbnails\"         data-gallery-view-type=\"thumbnails\"         data-current-url=\"\/es\/wp-json\/wp\/v2\/pages\/2639\"         data-lightbox-url=\"http:\/\/canserrat.org\/wp-admin\/admin-ajax.php?action=GalleryBox&#038;current_view=0&#038;gallery_id=2&#038;tag=0&#038;theme_id=1&#038;shortcode_id=41&#038;sort_by=order&#038;order_by=asc&#038;current_url=%2Fes%2Fwp-json%2Fwp%2Fv2%2Fpages%2F2639\"         data-gallery-id=\"2\"         data-popup-width=\"800\"         data-popup-height=\"500\"         data-is-album=\"gallery\"         data-buttons-position=\"bottom\">      <div id=\"bwg_container2_0\">             <div id=\"ajax_loading_0\" class=\"bwg_loading_div_1\">      <div class=\"bwg_loading_div_2\">        <div class=\"bwg_loading_div_3\">          <div id=\"loading_div_0\" class=\"bwg_spider_ajax_loading\">          <\/div>        <\/div>      <\/div>    <\/div>            <form id=\"gal_front_form_0\"              class=\"bwg-hidden\"              method=\"post\"              action=\"#\"              data-current=\"0\"              data-shortcode-id=\"41\"              data-gallery-type=\"thumbnails\"              data-gallery-id=\"2\"              data-tag=\"0\"              data-album-id=\"0\"              data-theme-id=\"1\"              data-ajax-url=\"http:\/\/canserrat.org\/wp-admin\/admin-ajax.php?action=bwg_frontend_data\">          <div id=\"bwg_container3_0\" class=\"bwg-background bwg-background-0\">                <div data-max-count=\"5\"         data-thumbnail-width=\"180\"         data-bwg=\"0\"         data-gallery-id=\"2\"         data-lightbox-url=\"http:\/\/canserrat.org\/wp-admin\/admin-ajax.php?action=GalleryBox&amp;current_view=0&amp;gallery_id=2&amp;tag=0&amp;theme_id=1&amp;shortcode_id=41&amp;sort_by=order&amp;order_by=asc&amp;current_url=%2Fes%2Fwp-json%2Fwp%2Fv2%2Fpages%2F2639\"         id=\"bwg_thumbnails_0\"         class=\"bwg-container-0 bwg-thumbnails bwg-standard-thumbnails bwg-container bwg-border-box\">            <div class=\"bwg-item\">        <a class=\"bwg-a  bwg_lightbox\"  data-image-id=\"24\" href=\"http:\/\/canserrat.org\/wp-content\/uploads\/photo-gallery\/enero.jpg?bwg=1580480975\" data-elementor-open-lightbox=\"no\">                <div class=\"bwg-item0 \">          <div class=\"bwg-item1 \">            <div class=\"bwg-item2\">              <img class=\"skip-lazy bwg_standart_thumb_img_0 \"                   data-id=\"24\"                   data-width=\"300\"                   data-height=\"200\"                   data-src=\"http:\/\/canserrat.org\/wp-content\/uploads\/photo-gallery\/thumb\/enero.jpg?bwg=1580480975\"                   src=\"http:\/\/canserrat.org\/wp-content\/uploads\/photo-gallery\/thumb\/enero.jpg?bwg=1580480975\"                   alt=\"enero\"                   title=\"enero\" \/>            <\/div>            <div class=\"\">                                                      <\/div>          <\/div>        <\/div>                        <\/a>              <\/div>            <div class=\"bwg-item\">        <a class=\"bwg-a  bwg_lightbox\"  data-image-id=\"23\" href=\"http:\/\/canserrat.org\/wp-content\/uploads\/photo-gallery\/_MG_5198.jpg?bwg=1580480975\" data-elementor-open-lightbox=\"no\">                <div class=\"bwg-item0 \">          <div class=\"bwg-item1 \">            <div class=\"bwg-item2\">              <img class=\"skip-lazy bwg_standart_thumb_img_0 \"                   data-id=\"23\"                   data-width=\"300\"                   data-height=\"200\"                   data-src=\"http:\/\/canserrat.org\/wp-content\/uploads\/photo-gallery\/thumb\/_MG_5198.jpg?bwg=1580480975\"                   src=\"http:\/\/canserrat.org\/wp-content\/uploads\/photo-gallery\/thumb\/_MG_5198.jpg?bwg=1580480975\"                   alt=\" MG 5198\"                   title=\" MG 5198\" \/>            <\/div>            <div class=\"\">                                                      <\/div>          <\/div>        <\/div>                        <\/a>              <\/div>            <div class=\"bwg-item\">        <a class=\"bwg-a  bwg_lightbox\"  data-image-id=\"22\" href=\"http:\/\/canserrat.org\/wp-content\/uploads\/photo-gallery\/_MG_2276.jpg?bwg=1580480975\" data-elementor-open-lightbox=\"no\">                <div class=\"bwg-item0 \">          <div class=\"bwg-item1 \">            <div class=\"bwg-item2\">              <img class=\"skip-lazy bwg_standart_thumb_img_0 \"                   data-id=\"22\"                   data-width=\"300\"                   data-height=\"200\"                   data-src=\"http:\/\/canserrat.org\/wp-content\/uploads\/photo-gallery\/thumb\/_MG_2276.jpg?bwg=1580480975\"                   src=\"http:\/\/canserrat.org\/wp-content\/uploads\/photo-gallery\/thumb\/_MG_2276.jpg?bwg=1580480975\"                   alt=\" MG 2276\"                   title=\" MG 2276\" \/>            <\/div>            <div class=\"\">                                                      <\/div>          <\/div>        <\/div>                        <\/a>              <\/div>            <div class=\"bwg-item\">        <a class=\"bwg-a  bwg_lightbox\"  data-image-id=\"21\" href=\"http:\/\/canserrat.org\/wp-content\/uploads\/photo-gallery\/IMG_20160520_154753.jpg?bwg=1580480557\" data-elementor-open-lightbox=\"no\">                <div class=\"bwg-item0 \">          <div class=\"bwg-item1 \">            <div class=\"bwg-item2\">              <img class=\"skip-lazy bwg_standart_thumb_img_0 \"                   data-id=\"21\"                   data-width=\"300\"                   data-height=\"225\"                   data-src=\"http:\/\/canserrat.org\/wp-content\/uploads\/photo-gallery\/thumb\/IMG_20160520_154753.jpg?bwg=1580480557\"                   src=\"http:\/\/canserrat.org\/wp-content\/uploads\/photo-gallery\/thumb\/IMG_20160520_154753.jpg?bwg=1580480557\"                   alt=\"IMG 20160520 154753\"                   title=\"IMG 20160520 154753\" \/>            <\/div>            <div class=\"\">                                                      <\/div>          <\/div>        <\/div>                        <\/a>              <\/div>            <div class=\"bwg-item\">        <a class=\"bwg-a  bwg_lightbox\"  data-image-id=\"20\" href=\"http:\/\/canserrat.org\/wp-content\/uploads\/photo-gallery\/IMG_20160528_145931.jpg?bwg=1580480557\" data-elementor-open-lightbox=\"no\">                <div class=\"bwg-item0 \">          <div class=\"bwg-item1 \">            <div class=\"bwg-item2\">              <img class=\"skip-lazy bwg_standart_thumb_img_0 \"                   data-id=\"20\"                   data-width=\"300\"                   data-height=\"225\"                   data-src=\"http:\/\/canserrat.org\/wp-content\/uploads\/photo-gallery\/thumb\/IMG_20160528_145931.jpg?bwg=1580480557\"                   src=\"http:\/\/canserrat.org\/wp-content\/uploads\/photo-gallery\/thumb\/IMG_20160528_145931.jpg?bwg=1580480557\"                   alt=\"IMG 20160528 145931\"                   title=\"IMG 20160528 145931\" \/>            <\/div>            <div class=\"\">                                                      <\/div>          <\/div>        <\/div>                        <\/a>              <\/div>            <div class=\"bwg-item\">        <a class=\"bwg-a  bwg_lightbox\"  data-image-id=\"19\" href=\"http:\/\/canserrat.org\/wp-content\/uploads\/photo-gallery\/Copia_de_IMG_20160225_120859.JPG?bwg=1580480557\" data-elementor-open-lightbox=\"no\">                <div class=\"bwg-item0 \">          <div class=\"bwg-item1 \">            <div class=\"bwg-item2\">              <img class=\"skip-lazy bwg_standart_thumb_img_0 \"                   data-id=\"19\"                   data-width=\"300\"                   data-height=\"225\"                   data-src=\"http:\/\/canserrat.org\/wp-content\/uploads\/photo-gallery\/thumb\/Copia_de_IMG_20160225_120859.JPG?bwg=1580480557\"                   src=\"http:\/\/canserrat.org\/wp-content\/uploads\/photo-gallery\/thumb\/Copia_de_IMG_20160225_120859.JPG?bwg=1580480557\"                   alt=\"Copia de IMG 20160225 120859\"                   title=\"Copia de IMG 20160225 120859\" \/>            <\/div>            <div class=\"\">                                                      <\/div>          <\/div>        <\/div>                        <\/a>              <\/div>            <div class=\"bwg-item\">        <a class=\"bwg-a  bwg_lightbox\"  data-image-id=\"18\" href=\"http:\/\/canserrat.org\/wp-content\/uploads\/photo-gallery\/IMG_20150724_125937.JPG?bwg=1580480557\" data-elementor-open-lightbox=\"no\">                <div class=\"bwg-item0 \">          <div class=\"bwg-item1 \">            <div class=\"bwg-item2\">              <img class=\"skip-lazy bwg_standart_thumb_img_0 \"                   data-id=\"18\"                   data-width=\"300\"                   data-height=\"225\"                   data-src=\"http:\/\/canserrat.org\/wp-content\/uploads\/photo-gallery\/thumb\/IMG_20150724_125937.JPG?bwg=1580480557\"                   src=\"http:\/\/canserrat.org\/wp-content\/uploads\/photo-gallery\/thumb\/IMG_20150724_125937.JPG?bwg=1580480557\"                   alt=\"IMG 20150724 125937\"                   title=\"IMG 20150724 125937\" \/>            <\/div>            <div class=\"\">                                                      <\/div>          <\/div>        <\/div>                        <\/a>              <\/div>            <div class=\"bwg-item\">        <a class=\"bwg-a  bwg_lightbox\"  data-image-id=\"17\" href=\"http:\/\/canserrat.org\/wp-content\/uploads\/photo-gallery\/IMG_20200103_163836_761.jpg?bwg=1580480557\" data-elementor-open-lightbox=\"no\">                <div class=\"bwg-item0 \">          <div class=\"bwg-item1 \">            <div class=\"bwg-item2\">              <img class=\"skip-lazy bwg_standart_thumb_img_0 \"                   data-id=\"17\"                   data-width=\"300\"                   data-height=\"300\"                   data-src=\"http:\/\/canserrat.org\/wp-content\/uploads\/photo-gallery\/thumb\/IMG_20200103_163836_761.jpg?bwg=1580480557\"                   src=\"http:\/\/canserrat.org\/wp-content\/uploads\/photo-gallery\/thumb\/IMG_20200103_163836_761.jpg?bwg=1580480557\"                   alt=\"IMG 20200103 163836 761\"                   title=\"IMG 20200103 163836 761\" \/>            <\/div>            <div class=\"\">                                                      <\/div>          <\/div>        <\/div>                        <\/a>              <\/div>            <div class=\"bwg-item\">        <a class=\"bwg-a  bwg_lightbox\"  data-image-id=\"16\" href=\"http:\/\/canserrat.org\/wp-content\/uploads\/photo-gallery\/IMG_20200103_160412.jpg?bwg=1580480557\" data-elementor-open-lightbox=\"no\">                <div class=\"bwg-item0 \">          <div class=\"bwg-item1 \">            <div class=\"bwg-item2\">              <img class=\"skip-lazy bwg_standart_thumb_img_0 \"                   data-id=\"16\"                   data-width=\"300\"                   data-height=\"225\"                   data-src=\"http:\/\/canserrat.org\/wp-content\/uploads\/photo-gallery\/thumb\/IMG_20200103_160412.jpg?bwg=1580480557\"                   src=\"http:\/\/canserrat.org\/wp-content\/uploads\/photo-gallery\/thumb\/IMG_20200103_160412.jpg?bwg=1580480557\"                   alt=\"IMG 20200103 160412\"                   title=\"IMG 20200103 160412\" \/>            <\/div>            <div class=\"\">                                                      <\/div>          <\/div>        <\/div>                        <\/a>              <\/div>            <div class=\"bwg-item\">        <a class=\"bwg-a  bwg_lightbox\"  data-image-id=\"13\" href=\"http:\/\/canserrat.org\/wp-content\/uploads\/photo-gallery\/IMG_20200109_145410.jpg?bwg=1580480557\" data-elementor-open-lightbox=\"no\">                <div class=\"bwg-item0 \">          <div class=\"bwg-item1 \">            <div class=\"bwg-item2\">              <img class=\"skip-lazy bwg_standart_thumb_img_0 \"                   data-id=\"13\"                   data-width=\"300\"                   data-height=\"225\"                   data-src=\"http:\/\/canserrat.org\/wp-content\/uploads\/photo-gallery\/thumb\/IMG_20200109_145410.jpg?bwg=1580480557\"                   src=\"http:\/\/canserrat.org\/wp-content\/uploads\/photo-gallery\/thumb\/IMG_20200109_145410.jpg?bwg=1580480557\"                   alt=\"IMG 20200109 145410\"                   title=\"IMG 20200109 145410\" \/>            <\/div>            <div class=\"\">                                                      <\/div>          <\/div>        <\/div>                        <\/a>              <\/div>            <div class=\"bwg-item\">        <a class=\"bwg-a  bwg_lightbox\"  data-image-id=\"12\" href=\"http:\/\/canserrat.org\/wp-content\/uploads\/photo-gallery\/IMG_20200117_115230.jpg?bwg=1580480557\" data-elementor-open-lightbox=\"no\">                <div class=\"bwg-item0 \">          <div class=\"bwg-item1 \">            <div class=\"bwg-item2\">              <img class=\"skip-lazy bwg_standart_thumb_img_0 \"                   data-id=\"12\"                   data-width=\"225\"                   data-height=\"300\"                   data-src=\"http:\/\/canserrat.org\/wp-content\/uploads\/photo-gallery\/thumb\/IMG_20200117_115230.jpg?bwg=1580480557\"                   src=\"http:\/\/canserrat.org\/wp-content\/uploads\/photo-gallery\/thumb\/IMG_20200117_115230.jpg?bwg=1580480557\"                   alt=\"IMG 20200117 115230\"                   title=\"IMG 20200117 115230\" \/>            <\/div>            <div class=\"\">                                                      <\/div>          <\/div>        <\/div>                        <\/a>              <\/div>            <div class=\"bwg-item\">        <a class=\"bwg-a  bwg_lightbox\"  data-image-id=\"11\" href=\"http:\/\/canserrat.org\/wp-content\/uploads\/photo-gallery\/IMG_20200124_145405.jpg?bwg=1580480557\" data-elementor-open-lightbox=\"no\">                <div class=\"bwg-item0 \">          <div class=\"bwg-item1 \">            <div class=\"bwg-item2\">              <img class=\"skip-lazy bwg_standart_thumb_img_0 \"                   data-id=\"11\"                   data-width=\"225\"                   data-height=\"300\"                   data-src=\"http:\/\/canserrat.org\/wp-content\/uploads\/photo-gallery\/thumb\/IMG_20200124_145405.jpg?bwg=1580480557\"                   src=\"http:\/\/canserrat.org\/wp-content\/uploads\/photo-gallery\/thumb\/IMG_20200124_145405.jpg?bwg=1580480557\"                   alt=\"IMG 20200124 145405\"                   title=\"IMG 20200124 145405\" \/>            <\/div>            <div class=\"\">                                                      <\/div>          <\/div>        <\/div>                        <\/a>              <\/div>          <\/div>    <style>      \/*pagination styles*\/      #bwg_container1_0 #bwg_container2_0 .tablenav-pages_0 {\t\t\t\ttext-align: center;\t\t\t\tfont-size: 12px;\t\t\t\tfont-family: segoe ui;\t\t\t\tfont-weight: bold;\t\t\t\tcolor: #666666;\t\t\t\tmargin: 6px 0 4px;\t\t\t\tdisplay: block;      }      @media only screen and (max-width : 320px) {      #bwg_container1_0 #bwg_container2_0 .displaying-num_0 {     \t display: none;      }      }      #bwg_container1_0 #bwg_container2_0 .displaying-num_0 {\t\t\t\tfont-size: 12px;\t\t\t\tfont-family: segoe ui;\t\t\t\tfont-weight: bold;\t\t\t\tcolor: #666666;\t\t\t\tmargin-right: 10px;\t\t\t\tvertical-align: middle;      }      #bwg_container1_0 #bwg_container2_0 .paging-input_0 {\t\t\t\tfont-size: 12px;\t\t\t\tfont-family: segoe ui;\t\t\t\tfont-weight: bold;\t\t\t\tcolor: #666666;\t\t\t\tvertical-align: middle;      }      #bwg_container1_0 #bwg_container2_0 .tablenav-pages_0 a.disabled,      #bwg_container1_0 #bwg_container2_0 .tablenav-pages_0 a.disabled:hover,      #bwg_container1_0 #bwg_container2_0 .tablenav-pages_0 a.disabled:focus,\t\t\t#bwg_container1_0 #bwg_container2_0 .tablenav-pages_0 input.bwg_current_page {\t\t\t\tcursor: default;\t\t\t\tcolor: rgba(102, 102, 102, 0.5);      }      #bwg_container1_0 #bwg_container2_0 .tablenav-pages_0 a,      #bwg_container1_0 #bwg_container2_0 .tablenav-pages_0 input.bwg_current_page {\t\t\t\tcursor: pointer;\t\t\t\ttext-align: center;\t\t\t\tfont-size: 12px;\t\t\t\tfont-family: segoe ui;\t\t\t\tfont-weight: bold;\t\t\t\tcolor: #666666;\t\t\t\ttext-decoration: none;\t\t\t\tpadding: 3px 6px;\t\t\t\tmargin: 0;\t\t\t\tborder-radius: 0;\t\t\t\tborder-style: solid;\t\t\t\tborder-width: 1px;\t\t\t\tborder-color: #E3E3E3;\t\t\t\t\t\t\t\tbackground-color: rgba(255, 255, 255, 1.00);\t\t\t\tbox-shadow: 0;\t\t\t\ttransition: all 0.3s ease 0s;-webkit-transition: all 0.3s ease 0s;      }      <\/style>      <span class=\"bwg_nav_cont_0\">              <div class=\"tablenav-pages_0\">                  <\/div>                <input type=\"hidden\" id=\"page_number_0\" name=\"page_number_0\" value=\"1\" \/>      <script type=\"text\/javascript\">        if( jQuery('.bwg_nav_cont_0').length > 1 ) {          jQuery('.bwg_nav_cont_0').first().remove()        }        function spider_page_0(cur, x, y, load_more) {          if (typeof load_more == \"undefined\") {            var load_more = false;          }          if (jQuery(cur).hasClass('disabled')) {            return false;          }          var items_county_0 = 1;          switch (y) {            case 1:              if (x >= items_county_0) {                document.getElementById('page_number_0').value = items_county_0;              }              else {                document.getElementById('page_number_0').value = x + 1;              }              break;            case 2:              document.getElementById('page_number_0').value = items_county_0;              break;            case -1:              if (x == 1) {                document.getElementById('page_number_0').value = 1;              }              else {                document.getElementById('page_number_0').value = x - 1;              }              break;            case -2:              document.getElementById('page_number_0').value = 1;              break;\t\t\t\t\t\tcase 0:              document.getElementById('page_number_0').value = x;              break;            default:              document.getElementById('page_number_0').value = 1;          }          bwg_ajax('gal_front_form_0', '0', 'bwg_thumbnails_0', '0', '', 'gallery', 0, '', '', load_more, '', 1);        }                    jQuery('.first-page-0').on('click', function () {              spider_page_0(this, 1, -2, 'numeric');              return false;            });            jQuery('.prev-page-0').on('click', function () {              spider_page_0(this, 1, -1, 'numeric');              return false;            });            jQuery('.next-page-0').on('click', function () {              spider_page_0(this, 1, 1, 'numeric');              return false;            });            jQuery('.last-page-0').on('click', function () {              spider_page_0(this, 1, 2, 'numeric');              return false;            });        \t\t\t\t\/* Change page on input enter. *\/        function bwg_change_page_0( e, that ) {          if (  e.key == 'Enter' ) {            var to_page = parseInt(jQuery(that).val());            var pages_count = jQuery(that).parents(\".pagination-links\").data(\"pages-count\");            var current_url_param = jQuery(that).attr('data-url-info');            if (to_page > pages_count) {              to_page = 1;            }\t \t\t\t\t\t\t\t\t\t\t\t\tspider_page_0(this, to_page, 0, 'numeric');\t\t\t\t\t\t\treturn false;\t\t\t\t\t\t          }          return true;        }        jQuery('.bwg_load_btn_0').on('click', function () {            spider_page_0(this, 1, 1, true);            return false;        });      <\/script>      <\/span>                <\/div>        <\/form>        <style>          #bwg_container1_0 #bwg_container2_0 #spider_popup_overlay_0 {          background-color: #000000;          opacity: 0.70;          }          <\/style>        <div id=\"bwg_spider_popup_loading_0\" class=\"bwg_spider_popup_loading\"><\/div>        <div id=\"spider_popup_overlay_0\" class=\"spider_popup_overlay\" onclick=\"spider_destroypopup(1000)\"><\/div>        <input type=\"hidden\" id=\"bwg_random_seed_0\" value=\"1389478911\">                <\/div>    <\/div>    <script>      if (document.readyState === 'complete') {        if( typeof bwg_main_ready == 'function' ) {          if ( jQuery(\"#bwg_container1_0\").height() ) {            bwg_main_ready(jQuery(\"#bwg_container1_0\"));          }        }      } else {        document.addEventListener('DOMContentLoaded', function() {          if( typeof bwg_main_ready == 'function' ) {            if ( jQuery(\"#bwg_container1_0\").height() ) {             bwg_main_ready(jQuery(\"#bwg_container1_0\"));            }          }        });      }    <\/script>    \n<p>Can Serrat, de aproximadamente 1187 metros cuadrados, es una antigua mas\u00eda catalana cl\u00e1sica. En 1989, once artistas noruegos compraron la casa y comenzaron las renovaciones. Can Serrat se encuentra en el bello entorno de El Bruc, un peque\u00f1o pueblo que bordea la monta\u00f1a de Montserrat, y est\u00e1 a solo 45 kil\u00f3metros de Barcelona. La casa ofrece varios espacios y talleres para trabajar en un entorno natural impresionante. Un agradable paseo lo lleva desde la casa hasta el pie de la monta\u00f1a, donde se puede disfrutar de una vista espectacular sobre Les Ag\u00fclles de Montserrat.<\/p>\n<p>Can Serrat funciona como una comunidad donde personas de diferentes culturas, campos y temas de investigaci\u00f3n pueden reunirse bajo el mismo techo. La casa acoge varios proyectos a lo largo del a\u00f1o en las que tod@s pueden participar durante su estancia aqu\u00ed. Estos incluyen, entre otros, un programa de residencia seleccionando proyectos de arte y escritura contempor\u00e1neos, una asociaci\u00f3n sin animo de lucro llamada <em>Els Amics de Can Serrat<\/em> que organiza actividades dentro del contexto local, y una cooperativa de consumidores para productos locales y ecol\u00f3gicos llamada Roca Verda. Cada mes, la casa acoge y organiza diferentes actividades para activar la investigaci\u00f3n de los proyectos en producci\u00f3n: debates, un micr\u00f3fono abierto mensualmente, una cena abierta a tod@s, presentaciones de proyectos, un club de libros en el que compartimos recursos leyendo extractos y textos en varios idiomas, campeonatos de ping pong, y visitas a espacios de proyectos culturales relevantes y otras residencias.<\/p>\n<p>Can Serrat es un espacio de creaci\u00f3n, comunidad y proceso. Como tal, las actividades que organizamos est\u00e1n orientadas en torno a esta idea y reflejan un inter\u00e9s en estar presentes en ese proceso, investigaci\u00f3n, pregunta, duda, comprensi\u00f3n, curiosidad y debate.","protected":false},"excerpt":{"rendered":"<p>Can Serrat, de aproximadamente 1187 metros cuadrados, es una antigua mas\u00eda catalana cl\u00e1sica. En 1989, once artistas noruegos compraron la casa y comenzaron las renovaciones. Can Serrat se encuentra en el bello entorno de El Bruc, un peque\u00f1o pueblo que &hellip; <a href=\"http:\/\/canserrat.org\/es\/about\/co-working-co-living-price-conditions\">Continuar<\/a><\/p>\n","protected":false},"author":3,"featured_media":0,"parent":2,"menu_order":0,"comment_status":"closed","ping_status":"closed","template":"","meta":{"_monsterinsights_skip_tracking":false,"_monsterinsights_sitenote_active":false,"_monsterinsights_sitenote_note":"","_monsterinsights_sitenote_category":0,"footnotes":""},"_links":{"self":[{"href":"http:\/\/canserrat.org\/es\/wp-json\/wp\/v2\/pages\/2639"}],"collection":[{"href":"http:\/\/canserrat.org\/es\/wp-json\/wp\/v2\/pages"}],"about":[{"href":"http:\/\/canserrat.org\/es\/wp-json\/wp\/v2\/types\/page"}],"author":[{"embeddable":true,"href":"http:\/\/canserrat.org\/es\/wp-json\/wp\/v2\/users\/3"}],"replies":[{"embeddable":true,"href":"http:\/\/canserrat.org\/es\/wp-json\/wp\/v2\/comments?post=2639"}],"version-history":[{"count":40,"href":"http:\/\/canserrat.org\/es\/wp-json\/wp\/v2\/pages\/2639\/revisions"}],"predecessor-version":[{"id":5177,"href":"http:\/\/canserrat.org\/es\/wp-json\/wp\/v2\/pages\/2639\/revisions\/5177"}],"up":[{"embeddable":true,"href":"http:\/\/canserrat.org\/es\/wp-json\/wp\/v2\/pages\/2"}],"wp:attachment":[{"href":"http:\/\/canserrat.org\/es\/wp-json\/wp\/v2\/media?parent=2639"}],"curies":[{"name":"wp","href":"https:\/\/api.w.org\/{rel}","templated":true}]}}