{"id":2540,"date":"2018-07-30T15:27:57","date_gmt":"2018-07-30T15:27:57","guid":{"rendered":"http:\/\/canserrat.org\/?page_id=2540"},"modified":"2021-01-04T16:22:46","modified_gmt":"2021-01-04T16:22:46","slug":"catala-veu","status":"publish","type":"page","link":"http:\/\/canserrat.org\/es\/espanol-proyectos\/catala-veu","title":{"rendered":"Veu"},"content":{"rendered":"https:\/\/soundcloud.com\/can-serrat<\/p>\n<p>Est\u00e1 actividad, en 2018 ten\u00eda lugar los terceros mi\u00e9rcoles de cada mes. Los archivos anteriores son lecturas grabadas seleccionadas que fueron reproducidas a trav\u00e9s de altavoces y proyectadas en las calles de El Bruc desde la Biblioteca P\u00fablica de El Bruc.<\/p>\n<p>La iniciativa naci\u00f3 en colaboraci\u00f3n entre Can Serrat, la Biblioteca del Bruc \/ el Ayuntamiento y Carlos Estrada. Con escritores en residencia en Can Serrat, VEU esta concebido como un encuentro de poes\u00eda y prosa extranjera y catalana \/ espa\u00f1ola.<\/p>\n<p>Cada tercer mi\u00e9rcoles del mes ofrec\u00edamos la oportunidad de escuchar textos poes\u00eda y prosa de autores catalanes y espa\u00f1oles, que se emit\u00edan desde la biblioteca hacia la calle.<\/p>\n<p>Todo el mundo est\u00e1 invitado a participar.<\/p>\n<p>La idea era elegir un fragmento de un texto m\u00e1s largo, una micronovela o un poema que hayas escrito o de otro.a escritor.a (en este caso se debe precisar qui\u00e9n es el autor y qui\u00e9n est\u00e1 leyendo). Puede ser algo en proceso o a punto de ser finalizado, e incluso ya publicado.<\/p>\n<p>Si desea participar, env\u00edenos un texto de m\u00e1ximo 1 p\u00e1gina y la grabaci\u00f3n de una voz que lea el texto (mp3, enlace de soundcloud, etc.) a la siguiente direcci\u00f3n: canserratart@gmail.com. Antes de difundir tu texto, te enviaremos\u00a0un correo para informarte.<\/p>\n<p>El texto no tiene porque ser en ingl\u00e9s.<\/p>\n<p>No dudes en contactar con nosotros si tienes alguna consulta al respecto.","protected":false},"excerpt":{"rendered":"<p>https:\/\/soundcloud.com\/can-serrat Est\u00e1 actividad, en 2018 ten\u00eda lugar los terceros mi\u00e9rcoles de cada mes. Los archivos anteriores son lecturas grabadas seleccionadas que fueron reproducidas a trav\u00e9s de altavoces y proyectadas en las calles de El Bruc desde la Biblioteca P\u00fablica de &hellip; <a href=\"http:\/\/canserrat.org\/es\/espanol-proyectos\/catala-veu\">Continuar<\/a><\/p>\n","protected":false},"author":3,"featured_media":0,"parent":1964,"menu_order":0,"comment_status":"closed","ping_status":"closed","template":"","meta":{"_monsterinsights_skip_tracking":false,"_monsterinsights_sitenote_active":false,"_monsterinsights_sitenote_note":"","_monsterinsights_sitenote_category":0,"footnotes":""},"_links":{"self":[{"href":"http:\/\/canserrat.org\/es\/wp-json\/wp\/v2\/pages\/2540"}],"collection":[{"href":"http:\/\/canserrat.org\/es\/wp-json\/wp\/v2\/pages"}],"about":[{"href":"http:\/\/canserrat.org\/es\/wp-json\/wp\/v2\/types\/page"}],"author":[{"embeddable":true,"href":"http:\/\/canserrat.org\/es\/wp-json\/wp\/v2\/users\/3"}],"replies":[{"embeddable":true,"href":"http:\/\/canserrat.org\/es\/wp-json\/wp\/v2\/comments?post=2540"}],"version-history":[{"count":7,"href":"http:\/\/canserrat.org\/es\/wp-json\/wp\/v2\/pages\/2540\/revisions"}],"predecessor-version":[{"id":5669,"href":"http:\/\/canserrat.org\/es\/wp-json\/wp\/v2\/pages\/2540\/revisions\/5669"}],"up":[{"embeddable":true,"href":"http:\/\/canserrat.org\/es\/wp-json\/wp\/v2\/pages\/1964"}],"wp:attachment":[{"href":"http:\/\/canserrat.org\/es\/wp-json\/wp\/v2\/media?parent=2540"}],"curies":[{"name":"wp","href":"https:\/\/api.w.org\/{rel}","templated":true}]}}