{"id":7309,"date":"2023-01-09T12:27:59","date_gmt":"2023-01-09T12:27:59","guid":{"rendered":"https:\/\/canserrat.org\/?page_id=7309"},"modified":"2023-01-09T12:29:57","modified_gmt":"2023-01-09T12:29:57","slug":"annual-catalogue","status":"publish","type":"page","link":"http:\/\/canserrat.org\/ca\/annual-catalogue","title":{"rendered":"Cat\u00e0leg anual"},"content":{"rendered":"<h5><\/h5>\n<h5 style=\"text-align: center;\">El cat\u00e0leg anual \u00e9s un arxiu digital.<br \/>\nRecopila una mostra de projectes de residents<br \/>\nmentre van estar en resid\u00e8ncia.<br \/>\nEs publica cronol\u00f2gicament.<\/h5>","protected":false},"excerpt":{"rendered":"<p>El cat\u00e0leg anual \u00e9s un arxiu digital. Recopila una mostra de projectes de residents mentre van estar en resid\u00e8ncia. Es publica cronol\u00f2gicament.<\/p>\n","protected":false},"author":3,"featured_media":0,"parent":0,"menu_order":0,"comment_status":"closed","ping_status":"closed","template":"","meta":{"_monsterinsights_skip_tracking":false,"_monsterinsights_sitenote_active":false,"_monsterinsights_sitenote_note":"","_monsterinsights_sitenote_category":0,"footnotes":""},"_links":{"self":[{"href":"http:\/\/canserrat.org\/ca\/wp-json\/wp\/v2\/pages\/7309"}],"collection":[{"href":"http:\/\/canserrat.org\/ca\/wp-json\/wp\/v2\/pages"}],"about":[{"href":"http:\/\/canserrat.org\/ca\/wp-json\/wp\/v2\/types\/page"}],"author":[{"embeddable":true,"href":"http:\/\/canserrat.org\/ca\/wp-json\/wp\/v2\/users\/3"}],"replies":[{"embeddable":true,"href":"http:\/\/canserrat.org\/ca\/wp-json\/wp\/v2\/comments?post=7309"}],"version-history":[{"count":2,"href":"http:\/\/canserrat.org\/ca\/wp-json\/wp\/v2\/pages\/7309\/revisions"}],"predecessor-version":[{"id":7311,"href":"http:\/\/canserrat.org\/ca\/wp-json\/wp\/v2\/pages\/7309\/revisions\/7311"}],"wp:attachment":[{"href":"http:\/\/canserrat.org\/ca\/wp-json\/wp\/v2\/media?parent=7309"}],"curies":[{"name":"wp","href":"https:\/\/api.w.org\/{rel}","templated":true}]}}