{"id":6789,"date":"2022-03-24T13:16:13","date_gmt":"2022-03-24T13:16:13","guid":{"rendered":"http:\/\/canserrat.org\/?page_id=6789"},"modified":"2022-03-24T13:17:08","modified_gmt":"2022-03-24T13:17:08","slug":"social-garden","status":"publish","type":"page","link":"http:\/\/canserrat.org\/ca\/social-garden","title":{"rendered":"Jard\u00ed social"},"content":{"rendered":"<style id=\"bwg-style-2\">    #bwg_container1_2 #bwg_container2_2 .bwg-container-2.bwg-standard-thumbnails {      width: 904px;              justify-content: center;        margin:0 auto !important;              background-color: rgba(255, 255, 255, 0.00);            padding-left: 4px;      padding-top: 4px;      max-width: 100%;            }        #bwg_container1_2 #bwg_container2_2 .bwg-container-2.bwg-standard-thumbnails .bwg-item {    justify-content: flex-start;      max-width: 180px;            width: 180px !important;          }    #bwg_container1_2 #bwg_container2_2 .bwg-container-2.bwg-standard-thumbnails .bwg-item a {       margin-right: 4px;       margin-bottom: 4px;    }    #bwg_container1_2 #bwg_container2_2 .bwg-container-2.bwg-standard-thumbnails .bwg-item0 {      padding: 0px;            background-color:rgba(255,255,255, 0.30);      border: 0px none #CCCCCC;      opacity: 1.00;      border-radius: 0;      box-shadow: 0px 0px 0px #888888;    }    #bwg_container1_2 #bwg_container2_2 .bwg-container-2.bwg-standard-thumbnails .bwg-item1 img {      max-height: none;      max-width: none;      padding: 0 !important;    }        @media only screen and (min-width: 480px) {      #bwg_container1_2 #bwg_container2_2 .bwg-container-2.bwg-standard-thumbnails .bwg-item0 {        transition: all 0.3s ease 0s;-webkit-transition: all 0.3s ease 0s;      }      #bwg_container1_2 #bwg_container2_2 .bwg-container-2.bwg-standard-thumbnails .bwg-item0:hover {        -ms-transform: scale(1.1);        -webkit-transform: scale(1.1);        transform: scale(1.1);      }    }          #bwg_container1_2 #bwg_container2_2 .bwg-container-2.bwg-standard-thumbnails .bwg-item1 {      padding-top: 50%;    }        #bwg_container1_2 #bwg_container2_2 .bwg-container-2.bwg-standard-thumbnails .bwg-title2,    #bwg_container1_2 #bwg_container2_2 .bwg-container-2.bwg-standard-thumbnails .bwg-ecommerce2 {      color: #CCCCCC;      font-family: segoe ui;      font-size: 16px;      font-weight: bold;      padding: 2px;      text-shadow: 0px 0px 0px #888888;      max-height: 100%;    }    #bwg_container1_2 #bwg_container2_2 .bwg-container-2.bwg-standard-thumbnails .bwg-thumb-description span {    color: #323A45;    font-family: Ubuntu;    font-size: 12px;    max-height: 100%;    word-wrap: break-word;    }    #bwg_container1_2 #bwg_container2_2 .bwg-container-2.bwg-standard-thumbnails .bwg-play-icon2 {      font-size: 32px;    }    #bwg_container1_2 #bwg_container2_2 .bwg-container-2.bwg-standard-thumbnails .bwg-ecommerce2 {      font-size: 19.2px;      color: #CCCCCC;    }    <\/style>    <div id=\"bwg_container1_2\"         class=\"bwg_container bwg_thumbnail bwg_thumbnails \"         data-right-click-protection=\"0\"         data-bwg=\"2\"         data-scroll=\"0\"         data-gallery-type=\"thumbnails\"         data-gallery-view-type=\"thumbnails\"         data-current-url=\"\/ca\/wp-json\/wp\/v2\/pages\/6789\"         data-lightbox-url=\"http:\/\/canserrat.org\/wp-admin\/admin-ajax.php?action=GalleryBox&#038;current_view=2&#038;gallery_id=11&#038;tag=0&#038;theme_id=1&#038;shortcode_id=76&#038;sort_by=order&#038;order_by=asc&#038;current_url=%2Fca%2Fwp-json%2Fwp%2Fv2%2Fpages%2F6789\"         data-gallery-id=\"11\"         data-popup-width=\"800\"         data-popup-height=\"500\"         data-is-album=\"gallery\"         data-buttons-position=\"bottom\">      <div id=\"bwg_container2_2\">             <div id=\"ajax_loading_2\" class=\"bwg_loading_div_1\">      <div class=\"bwg_loading_div_2\">        <div class=\"bwg_loading_div_3\">          <div id=\"loading_div_2\" class=\"bwg_spider_ajax_loading\">          <\/div>        <\/div>      <\/div>    <\/div>            <form id=\"gal_front_form_2\"              class=\"bwg-hidden\"              method=\"post\"              action=\"#\"              data-current=\"2\"              data-shortcode-id=\"76\"              data-gallery-type=\"thumbnails\"              data-gallery-id=\"11\"              data-tag=\"0\"              data-album-id=\"0\"              data-theme-id=\"1\"              data-ajax-url=\"http:\/\/canserrat.org\/wp-admin\/admin-ajax.php?action=bwg_frontend_data\">          <div id=\"bwg_container3_2\" class=\"bwg-background bwg-background-2\">                <div data-max-count=\"5\"         data-thumbnail-width=\"180\"         data-bwg=\"2\"         data-gallery-id=\"11\"         data-lightbox-url=\"http:\/\/canserrat.org\/wp-admin\/admin-ajax.php?action=GalleryBox&amp;current_view=2&amp;gallery_id=11&amp;tag=0&amp;theme_id=1&amp;shortcode_id=76&amp;sort_by=order&amp;order_by=asc&amp;current_url=%2Fca%2Fwp-json%2Fwp%2Fv2%2Fpages%2F6789\"         id=\"bwg_thumbnails_2\"         class=\"bwg-container-2 bwg-thumbnails bwg-standard-thumbnails bwg-container bwg-border-box\">            <div class=\"bwg-item\">        <a class=\"bwg-a  bwg_lightbox\"  data-image-id=\"195\" href=\"http:\/\/canserrat.org\/wp-content\/uploads\/photo-gallery\/WhatsApp_Image_2022-03-24_at_2.06.24_PM.jpeg?bwg=1648127683\" data-elementor-open-lightbox=\"no\">                <div class=\"bwg-item0 \">          <div class=\"bwg-item1 \">            <div class=\"bwg-item2\">              <img class=\"skip-lazy bwg_standart_thumb_img_2 \"                   data-id=\"195\"                   data-width=\"300\"                   data-height=\"200\"                   data-src=\"http:\/\/canserrat.org\/wp-content\/uploads\/photo-gallery\/thumb\/WhatsApp_Image_2022-03-24_at_2.06.24_PM.jpeg?bwg=1648127683\"                   src=\"http:\/\/canserrat.org\/wp-content\/uploads\/photo-gallery\/thumb\/WhatsApp_Image_2022-03-24_at_2.06.24_PM.jpeg?bwg=1648127683\"                   alt=\"WhatsApp Image 2022-03-24 at 2.06.24 PM\"                   title=\"WhatsApp Image 2022-03-24 at 2.06.24 PM\" \/>            <\/div>            <div class=\"\">                                                      <\/div>          <\/div>        <\/div>                        <\/a>              <\/div>            <div class=\"bwg-item\">        <a class=\"bwg-a  bwg_lightbox\"  data-image-id=\"194\" href=\"http:\/\/canserrat.org\/wp-content\/uploads\/photo-gallery\/WhatsApp_Image_2022-03-24_at_2.06.25_PM-2.jpeg?bwg=1648127683\" data-elementor-open-lightbox=\"no\">                <div class=\"bwg-item0 \">          <div class=\"bwg-item1 \">            <div class=\"bwg-item2\">              <img class=\"skip-lazy bwg_standart_thumb_img_2 \"                   data-id=\"194\"                   data-width=\"300\"                   data-height=\"200\"                   data-src=\"http:\/\/canserrat.org\/wp-content\/uploads\/photo-gallery\/thumb\/WhatsApp_Image_2022-03-24_at_2.06.25_PM-2.jpeg?bwg=1648127683\"                   src=\"http:\/\/canserrat.org\/wp-content\/uploads\/photo-gallery\/thumb\/WhatsApp_Image_2022-03-24_at_2.06.25_PM-2.jpeg?bwg=1648127683\"                   alt=\"WhatsApp Image 2022-03-24 at 2.06.25 PM-2\"                   title=\"WhatsApp Image 2022-03-24 at 2.06.25 PM-2\" \/>            <\/div>            <div class=\"\">                                                      <\/div>          <\/div>        <\/div>                        <\/a>              <\/div>            <div class=\"bwg-item\">        <a class=\"bwg-a  bwg_lightbox\"  data-image-id=\"193\" href=\"http:\/\/canserrat.org\/wp-content\/uploads\/photo-gallery\/WhatsApp_Image_2022-03-24_at_2.06.25_PM-4.jpeg?bwg=1648127624\" data-elementor-open-lightbox=\"no\">                <div class=\"bwg-item0 \">          <div class=\"bwg-item1 \">            <div class=\"bwg-item2\">              <img class=\"skip-lazy bwg_standart_thumb_img_2 \"                   data-id=\"193\"                   data-width=\"225\"                   data-height=\"300\"                   data-src=\"http:\/\/canserrat.org\/wp-content\/uploads\/photo-gallery\/thumb\/WhatsApp_Image_2022-03-24_at_2.06.25_PM-4.jpeg?bwg=1648127624\"                   src=\"http:\/\/canserrat.org\/wp-content\/uploads\/photo-gallery\/thumb\/WhatsApp_Image_2022-03-24_at_2.06.25_PM-4.jpeg?bwg=1648127624\"                   alt=\"WhatsApp Image 2022-03-24 at 2.06.25 PM-4\"                   title=\"WhatsApp Image 2022-03-24 at 2.06.25 PM-4\" \/>            <\/div>            <div class=\"\">                                                      <\/div>          <\/div>        <\/div>                        <\/a>              <\/div>            <div class=\"bwg-item\">        <a class=\"bwg-a  bwg_lightbox\"  data-image-id=\"192\" href=\"http:\/\/canserrat.org\/wp-content\/uploads\/photo-gallery\/WhatsApp_Image_2022-03-24_at_2.06.25_PM-5.jpeg?bwg=1648127624\" data-elementor-open-lightbox=\"no\">                <div class=\"bwg-item0 \">          <div class=\"bwg-item1 \">            <div class=\"bwg-item2\">              <img class=\"skip-lazy bwg_standart_thumb_img_2 \"                   data-id=\"192\"                   data-width=\"225\"                   data-height=\"300\"                   data-src=\"http:\/\/canserrat.org\/wp-content\/uploads\/photo-gallery\/thumb\/WhatsApp_Image_2022-03-24_at_2.06.25_PM-5.jpeg?bwg=1648127624\"                   src=\"http:\/\/canserrat.org\/wp-content\/uploads\/photo-gallery\/thumb\/WhatsApp_Image_2022-03-24_at_2.06.25_PM-5.jpeg?bwg=1648127624\"                   alt=\"WhatsApp Image 2022-03-24 at 2.06.25 PM-5\"                   title=\"WhatsApp Image 2022-03-24 at 2.06.25 PM-5\" \/>            <\/div>            <div class=\"\">                                                      <\/div>          <\/div>        <\/div>                        <\/a>              <\/div>            <div class=\"bwg-item\">        <a class=\"bwg-a  bwg_lightbox\"  data-image-id=\"191\" href=\"http:\/\/canserrat.org\/wp-content\/uploads\/photo-gallery\/WhatsApp_Image_2022-03-24_at_2.06.25_PM-6.jpeg?bwg=1648127624\" data-elementor-open-lightbox=\"no\">                <div class=\"bwg-item0 \">          <div class=\"bwg-item1 \">            <div class=\"bwg-item2\">              <img class=\"skip-lazy bwg_standart_thumb_img_2 \"                   data-id=\"191\"                   data-width=\"225\"                   data-height=\"300\"                   data-src=\"http:\/\/canserrat.org\/wp-content\/uploads\/photo-gallery\/thumb\/WhatsApp_Image_2022-03-24_at_2.06.25_PM-6.jpeg?bwg=1648127624\"                   src=\"http:\/\/canserrat.org\/wp-content\/uploads\/photo-gallery\/thumb\/WhatsApp_Image_2022-03-24_at_2.06.25_PM-6.jpeg?bwg=1648127624\"                   alt=\"WhatsApp Image 2022-03-24 at 2.06.25 PM-6\"                   title=\"WhatsApp Image 2022-03-24 at 2.06.25 PM-6\" \/>            <\/div>            <div class=\"\">                                                      <\/div>          <\/div>        <\/div>                        <\/a>              <\/div>            <div class=\"bwg-item\">        <a class=\"bwg-a  bwg_lightbox\"  data-image-id=\"190\" href=\"http:\/\/canserrat.org\/wp-content\/uploads\/photo-gallery\/WhatsApp_Image_2022-03-24_at_2.06.25_PM-3.jpeg?bwg=1648127624\" data-elementor-open-lightbox=\"no\">                <div class=\"bwg-item0 \">          <div class=\"bwg-item1 \">            <div class=\"bwg-item2\">              <img class=\"skip-lazy bwg_standart_thumb_img_2 \"                   data-id=\"190\"                   data-width=\"225\"                   data-height=\"300\"                   data-src=\"http:\/\/canserrat.org\/wp-content\/uploads\/photo-gallery\/thumb\/WhatsApp_Image_2022-03-24_at_2.06.25_PM-3.jpeg?bwg=1648127624\"                   src=\"http:\/\/canserrat.org\/wp-content\/uploads\/photo-gallery\/thumb\/WhatsApp_Image_2022-03-24_at_2.06.25_PM-3.jpeg?bwg=1648127624\"                   alt=\"WhatsApp Image 2022-03-24 at 2.06.25 PM-3\"                   title=\"WhatsApp Image 2022-03-24 at 2.06.25 PM-3\" \/>            <\/div>            <div class=\"\">                                                      <\/div>          <\/div>        <\/div>                        <\/a>              <\/div>            <div class=\"bwg-item\">        <a class=\"bwg-a  bwg_lightbox\"  data-image-id=\"189\" href=\"http:\/\/canserrat.org\/wp-content\/uploads\/photo-gallery\/WhatsApp_Image_2022-03-24_at_2.06.26_PM.jpeg?bwg=1648127624\" data-elementor-open-lightbox=\"no\">                <div class=\"bwg-item0 \">          <div class=\"bwg-item1 \">            <div class=\"bwg-item2\">              <img class=\"skip-lazy bwg_standart_thumb_img_2 \"                   data-id=\"189\"                   data-width=\"225\"                   data-height=\"300\"                   data-src=\"http:\/\/canserrat.org\/wp-content\/uploads\/photo-gallery\/thumb\/WhatsApp_Image_2022-03-24_at_2.06.26_PM.jpeg?bwg=1648127624\"                   src=\"http:\/\/canserrat.org\/wp-content\/uploads\/photo-gallery\/thumb\/WhatsApp_Image_2022-03-24_at_2.06.26_PM.jpeg?bwg=1648127624\"                   alt=\"WhatsApp Image 2022-03-24 at 2.06.26 PM\"                   title=\"WhatsApp Image 2022-03-24 at 2.06.26 PM\" \/>            <\/div>            <div class=\"\">                                                      <\/div>          <\/div>        <\/div>                        <\/a>              <\/div>            <div class=\"bwg-item\">        <a class=\"bwg-a  bwg_lightbox\"  data-image-id=\"188\" href=\"http:\/\/canserrat.org\/wp-content\/uploads\/photo-gallery\/WhatsApp_Image_2022-03-24_at_2.06.25_PM-7.jpeg?bwg=1648127624\" data-elementor-open-lightbox=\"no\">                <div class=\"bwg-item0 \">          <div class=\"bwg-item1 \">            <div class=\"bwg-item2\">              <img class=\"skip-lazy bwg_standart_thumb_img_2 \"                   data-id=\"188\"                   data-width=\"225\"                   data-height=\"300\"                   data-src=\"http:\/\/canserrat.org\/wp-content\/uploads\/photo-gallery\/thumb\/WhatsApp_Image_2022-03-24_at_2.06.25_PM-7.jpeg?bwg=1648127624\"                   src=\"http:\/\/canserrat.org\/wp-content\/uploads\/photo-gallery\/thumb\/WhatsApp_Image_2022-03-24_at_2.06.25_PM-7.jpeg?bwg=1648127624\"                   alt=\"WhatsApp Image 2022-03-24 at 2.06.25 PM-7\"                   title=\"WhatsApp Image 2022-03-24 at 2.06.25 PM-7\" \/>            <\/div>            <div class=\"\">                                                      <\/div>          <\/div>        <\/div>                        <\/a>              <\/div>            <div class=\"bwg-item\">        <a class=\"bwg-a  bwg_lightbox\"  data-image-id=\"187\" href=\"http:\/\/canserrat.org\/wp-content\/uploads\/photo-gallery\/WhatsApp_Image_2022-03-24_at_2.06.25_PM.jpeg?bwg=1648127624\" data-elementor-open-lightbox=\"no\">                <div class=\"bwg-item0 \">          <div class=\"bwg-item1 \">            <div class=\"bwg-item2\">              <img class=\"skip-lazy bwg_standart_thumb_img_2 \"                   data-id=\"187\"                   data-width=\"200\"                   data-height=\"300\"                   data-src=\"http:\/\/canserrat.org\/wp-content\/uploads\/photo-gallery\/thumb\/WhatsApp_Image_2022-03-24_at_2.06.25_PM.jpeg?bwg=1648127624\"                   src=\"http:\/\/canserrat.org\/wp-content\/uploads\/photo-gallery\/thumb\/WhatsApp_Image_2022-03-24_at_2.06.25_PM.jpeg?bwg=1648127624\"                   alt=\"WhatsApp Image 2022-03-24 at 2.06.25 PM\"                   title=\"WhatsApp Image 2022-03-24 at 2.06.25 PM\" \/>            <\/div>            <div class=\"\">                                                      <\/div>          <\/div>        <\/div>                        <\/a>              <\/div>          <\/div>    <style>      \/*pagination styles*\/      #bwg_container1_2 #bwg_container2_2 .tablenav-pages_2 {\t\t\t\ttext-align: center;\t\t\t\tfont-size: 12px;\t\t\t\tfont-family: segoe ui;\t\t\t\tfont-weight: bold;\t\t\t\tcolor: #666666;\t\t\t\tmargin: 6px 0 4px;\t\t\t\tdisplay: block;      }      @media only screen and (max-width : 320px) {      #bwg_container1_2 #bwg_container2_2 .displaying-num_2 {     \t display: none;      }      }      #bwg_container1_2 #bwg_container2_2 .displaying-num_2 {\t\t\t\tfont-size: 12px;\t\t\t\tfont-family: segoe ui;\t\t\t\tfont-weight: bold;\t\t\t\tcolor: #666666;\t\t\t\tmargin-right: 10px;\t\t\t\tvertical-align: middle;      }      #bwg_container1_2 #bwg_container2_2 .paging-input_2 {\t\t\t\tfont-size: 12px;\t\t\t\tfont-family: segoe ui;\t\t\t\tfont-weight: bold;\t\t\t\tcolor: #666666;\t\t\t\tvertical-align: middle;      }      #bwg_container1_2 #bwg_container2_2 .tablenav-pages_2 a.disabled,      #bwg_container1_2 #bwg_container2_2 .tablenav-pages_2 a.disabled:hover,      #bwg_container1_2 #bwg_container2_2 .tablenav-pages_2 a.disabled:focus,\t\t\t#bwg_container1_2 #bwg_container2_2 .tablenav-pages_2 input.bwg_current_page {\t\t\t\tcursor: default;\t\t\t\tcolor: rgba(102, 102, 102, 0.5);      }      #bwg_container1_2 #bwg_container2_2 .tablenav-pages_2 a,      #bwg_container1_2 #bwg_container2_2 .tablenav-pages_2 input.bwg_current_page {\t\t\t\tcursor: pointer;\t\t\t\ttext-align: center;\t\t\t\tfont-size: 12px;\t\t\t\tfont-family: segoe ui;\t\t\t\tfont-weight: bold;\t\t\t\tcolor: #666666;\t\t\t\ttext-decoration: none;\t\t\t\tpadding: 3px 6px;\t\t\t\tmargin: 0;\t\t\t\tborder-radius: 0;\t\t\t\tborder-style: solid;\t\t\t\tborder-width: 1px;\t\t\t\tborder-color: #E3E3E3;\t\t\t\t\t\t\t\tbackground-color: rgba(255, 255, 255, 1.00);\t\t\t\tbox-shadow: 0;\t\t\t\ttransition: all 0.3s ease 0s;-webkit-transition: all 0.3s ease 0s;      }      <\/style>      <span class=\"bwg_nav_cont_2\">              <div class=\"tablenav-pages_2\">                  <\/div>                <input type=\"hidden\" id=\"page_number_2\" name=\"page_number_2\" value=\"1\" \/>      <script type=\"text\/javascript\">        if( jQuery('.bwg_nav_cont_2').length > 1 ) {          jQuery('.bwg_nav_cont_2').first().remove()        }        function spider_page_2(cur, x, y, load_more) {          if (typeof load_more == \"undefined\") {            var load_more = false;          }          if (jQuery(cur).hasClass('disabled')) {            return false;          }          var items_county_2 = 1;          switch (y) {            case 1:              if (x >= items_county_2) {                document.getElementById('page_number_2').value = items_county_2;              }              else {                document.getElementById('page_number_2').value = x + 1;              }              break;            case 2:              document.getElementById('page_number_2').value = items_county_2;              break;            case -1:              if (x == 1) {                document.getElementById('page_number_2').value = 1;              }              else {                document.getElementById('page_number_2').value = x - 1;              }              break;            case -2:              document.getElementById('page_number_2').value = 1;              break;\t\t\t\t\t\tcase 0:              document.getElementById('page_number_2').value = x;              break;            default:              document.getElementById('page_number_2').value = 1;          }          bwg_ajax('gal_front_form_2', '2', 'bwg_thumbnails_2', '0', '', 'gallery', 0, '', '', load_more, '', 1);        }                    jQuery('.first-page-2').on('click', function () {              spider_page_2(this, 1, -2, 'numeric');              return false;            });            jQuery('.prev-page-2').on('click', function () {              spider_page_2(this, 1, -1, 'numeric');              return false;            });            jQuery('.next-page-2').on('click', function () {              spider_page_2(this, 1, 1, 'numeric');              return false;            });            jQuery('.last-page-2').on('click', function () {              spider_page_2(this, 1, 2, 'numeric');              return false;            });        \t\t\t\t\/* Change page on input enter. *\/        function bwg_change_page_2( e, that ) {          if (  e.key == 'Enter' ) {            var to_page = parseInt(jQuery(that).val());            var pages_count = jQuery(that).parents(\".pagination-links\").data(\"pages-count\");            var current_url_param = jQuery(that).attr('data-url-info');            if (to_page > pages_count) {              to_page = 1;            }\t \t\t\t\t\t\t\t\t\t\t\t\tspider_page_2(this, to_page, 0, 'numeric');\t\t\t\t\t\t\treturn false;\t\t\t\t\t\t          }          return true;        }        jQuery('.bwg_load_btn_2').on('click', function () {            spider_page_2(this, 1, 1, true);            return false;        });      <\/script>      <\/span>                <\/div>        <\/form>        <style>          #bwg_container1_2 #bwg_container2_2 #spider_popup_overlay_2 {          background-color: #000000;          opacity: 0.70;          }          <\/style>        <div id=\"bwg_spider_popup_loading_2\" class=\"bwg_spider_popup_loading\"><\/div>        <div id=\"spider_popup_overlay_2\" class=\"spider_popup_overlay\" onclick=\"spider_destroypopup(1000)\"><\/div>        <input type=\"hidden\" id=\"bwg_random_seed_2\" value=\"1957583957\">                <\/div>    <\/div>    <script>      if (document.readyState === 'complete') {        if( typeof bwg_main_ready == 'function' ) {          if ( jQuery(\"#bwg_container1_2\").height() ) {            bwg_main_ready(jQuery(\"#bwg_container1_2\"));          }        }      } else {        document.addEventListener('DOMContentLoaded', function() {          if( typeof bwg_main_ready == 'function' ) {            if ( jQuery(\"#bwg_container1_2\").height() ) {             bwg_main_ready(jQuery(\"#bwg_container1_2\"));            }          }        });      }    <\/script>    \n<p>El projecte Jard\u00ed Social de Can Serrat parteix del di\u00e0leg entre art, naturalesa i mediaci\u00f3 comunit\u00e0ria. L&#8217;objectiu \u00e9s intercanviar sabers populars, aprenentatges i activitats relacionades amb la pagesia i l&#8217;horticultura per fer front a la crisi emocional de col\u00b7lectius humans en risc d&#8217;exclusi\u00f3.<\/p>\n<p>\u00c9s a partir de la cura de la terra, llavors, plantes i arbres que busquem reflexionar sobre la cura emocional, principalment de persones migrades i racialitzades. El llenguatge art\u00edstic dels residents de Can Serrat i les seves disciplines ens ajuden a promoure un espai de creaci\u00f3 i treball col\u00b7laboratiu, \u00e8ticament comprom\u00e8s amb la natura i la societat.<\/p>\n<p>El jard\u00ed social \u00e9s un espai col\u00b7lectiu obert i de lliure moviment, <strong>s&#8217;activa cada diumenge (d&#8217;11h a 16h)<\/strong> amb la participaci\u00f3 de totes les persones amb el desig de passar una estona fora de la ciutat per aprendre i compartir sabers. Cada diumenge es proposen activitats especifiques (difusi\u00f3 en xarxes i llista de difusi\u00f3 whatsapp*)<\/p>\n<p>Tamb\u00e9 si formeu part d&#8217;un col\u00b7lectiu podeu venir en grup i participar d&#8217;activitats espec\u00edfiques previ av\u00eds al contacte: canserratjardisocial@gmail.<\/p>\n<p>El Jard\u00ed social \u00e9s un projecte a c\u00e0rrec de Carolina Goyzueta &#8211;<\/p>\n<p>Carolina neix al Per\u00fa. \u00c9s antrop\u00f2loga especialista en infants, educaci\u00f3 i g\u00e8nere. Des de fa uns quants anys ha centrat la seva investigaci\u00f3 en temes d&#8217;horticultura. Creu fermament que la cura de la vida \u00e9s un acte radicalment pol\u00edtic en temps de tanta duresa i tancament. Avui dia, la seva investigaci\u00f3 i acci\u00f3 es basa en metodologies etnogr\u00e0fiques. Viu entre la muntanya i el mar.<\/p>\n<p>*Si vols ser part de la llista de difusi\u00f3 WhatsApp per seguir les propostes d&#8217;activitats del Jard\u00ed Social, escriu un missatge al +34 658 44 30 96 (Carolina)","protected":false},"excerpt":{"rendered":"<p>El projecte Jard\u00ed Social de Can Serrat parteix del di\u00e0leg entre art, naturalesa i mediaci\u00f3 comunit\u00e0ria. L&#8217;objectiu \u00e9s intercanviar sabers populars, aprenentatges i activitats relacionades amb la pagesia i l&#8217;horticultura per fer front a la crisi emocional de col\u00b7lectius humans &hellip; <a href=\"http:\/\/canserrat.org\/ca\/social-garden\">Continued<\/a><\/p>\n","protected":false},"author":3,"featured_media":0,"parent":0,"menu_order":0,"comment_status":"closed","ping_status":"closed","template":"","meta":{"_monsterinsights_skip_tracking":false,"_monsterinsights_sitenote_active":false,"_monsterinsights_sitenote_note":"","_monsterinsights_sitenote_category":0,"footnotes":""},"_links":{"self":[{"href":"http:\/\/canserrat.org\/ca\/wp-json\/wp\/v2\/pages\/6789"}],"collection":[{"href":"http:\/\/canserrat.org\/ca\/wp-json\/wp\/v2\/pages"}],"about":[{"href":"http:\/\/canserrat.org\/ca\/wp-json\/wp\/v2\/types\/page"}],"author":[{"embeddable":true,"href":"http:\/\/canserrat.org\/ca\/wp-json\/wp\/v2\/users\/3"}],"replies":[{"embeddable":true,"href":"http:\/\/canserrat.org\/ca\/wp-json\/wp\/v2\/comments?post=6789"}],"version-history":[{"count":5,"href":"http:\/\/canserrat.org\/ca\/wp-json\/wp\/v2\/pages\/6789\/revisions"}],"predecessor-version":[{"id":6795,"href":"http:\/\/canserrat.org\/ca\/wp-json\/wp\/v2\/pages\/6789\/revisions\/6795"}],"wp:attachment":[{"href":"http:\/\/canserrat.org\/ca\/wp-json\/wp\/v2\/media?parent=6789"}],"curies":[{"name":"wp","href":"https:\/\/api.w.org\/{rel}","templated":true}]}}