{"id":6507,"date":"2022-02-02T11:16:00","date_gmt":"2022-02-02T11:16:00","guid":{"rendered":"http:\/\/canserrat.org\/?page_id=6507"},"modified":"2022-05-20T09:00:04","modified_gmt":"2022-05-20T09:00:04","slug":"sabir","status":"publish","type":"page","link":"http:\/\/canserrat.org\/ca\/transversal-projects\/sabir","title":{"rendered":"Sabir"},"content":{"rendered":"<img decoding=\"async\" loading=\"lazy\" class=\"size-medium wp-image-6531 aligncenter\" src=\"http:\/\/canserrat.org\/wp-content\/uploads\/2022\/02\/sab.-prov-300x298.jpg\" alt=\"\" width=\"300\" height=\"298\" srcset=\"http:\/\/canserrat.org\/wp-content\/uploads\/2022\/02\/sab.-prov-300x298.jpg 300w, http:\/\/canserrat.org\/wp-content\/uploads\/2022\/02\/sab.-prov-150x150.jpg 150w, http:\/\/canserrat.org\/wp-content\/uploads\/2022\/02\/sab.-prov.jpg 874w\" sizes=\"(max-width: 300px) 100vw, 300px\" \/><\/p>\n<p>&nbsp;<\/p>\n<h4 style=\"text-align: center;\">Retirs i tallers bot\u00e0nics als peus de Montserrat<\/h4>\n<h5 style=\"text-align: center;\">Una connexi\u00f3 amb els sabers antics<\/h5>\n<div class=\"entry-content-asset videofit\"><iframe loading=\"lazy\" title=\"Sabir\" src=\"https:\/\/player.vimeo.com\/video\/683226274?h=5b8278c870&amp;dnt=1&amp;app_id=122963\" width=\"1140\" height=\"641\" frameborder=\"0\" allow=\"autoplay; fullscreen; picture-in-picture\" allowfullscreen><\/iframe><\/div>\n<p>&nbsp;<\/p>\n<p>Dies per a tu, per a compartir de manera \u00fanica i per endinsant-te en el cor de la muntanya de Montserrat.<\/p>\n<p>Durant les rutes aprendrem a re-con\u00e8ixer algunes plantes aut\u00f2ctones amb poders medicinals, i a trav\u00e9s de la t\u00e8cnica de la destil\u00b7laci\u00f3, elaborarem un remei d&#8217;aromater\u00e0pia que et far\u00e0 reviure l&#8217;ess\u00e8ncia de la nostra trobada.<\/p>\n<p>Coneixer\u00e0s l&#8217;art ancestral de la impressi\u00f3 bot\u00e0nica, aplicant-la la teva mateixa a la tela, per a realitzar una obra \u00fanica, que t&#8217;emportar\u00e0s com a record.<\/p>\n<p>Ens allotjarem en Can Serrat, una meravellosa masia centen\u00e0ria als peus de la muntanya que actualment alberga una resid\u00e8ncia art\u00edstica internacional. Al despertar podr\u00e0s practicar exercicis de ioga i estiraments.<\/p>\n<p>Degustarem deliciosos plats, sucs i infusions elaborats amb productes locals i de temporada que et faran viatjar per alguns racons del Mediterrani a trav\u00e9s dels sentits.<\/p>\n<p>Estem desitjant con\u00e8ixer-te, t&#8217;apuntes?<\/p>\n<p>&nbsp;<\/p>\n<p><strong>Pr\u00f2ximes dates:\u00a0<\/strong><\/p>\n<p><strong><a href=\"http:\/\/canserrat.org\/es\/espanol-mayo-2\" target=\"_blank\" rel=\"noopener noreferrer\">24, 25 y 26 de Juny<\/a><\/strong><\/p>\n<p>&nbsp;<\/p>\n<p>Tens qualsevoldubte, escriu-nos!<\/p>\n<p><a href=\"mailto:sabirmontserrat@gmail.com\" target=\"_blank\" rel=\"noopener noreferrer\">sabirmontserrat@gmail.com<\/a>","protected":false},"excerpt":{"rendered":"<p>&nbsp; Retirs i tallers bot\u00e0nics als peus de Montserrat Una connexi\u00f3 amb els sabers antics &nbsp; Dies per a tu, per a compartir de manera \u00fanica i per endinsant-te en el cor de la muntanya de Montserrat. Durant les rutes &hellip; <a href=\"http:\/\/canserrat.org\/ca\/transversal-projects\/sabir\">Continued<\/a><\/p>\n","protected":false},"author":4,"featured_media":6531,"parent":4097,"menu_order":0,"comment_status":"closed","ping_status":"closed","template":"","meta":{"_monsterinsights_skip_tracking":false,"_monsterinsights_sitenote_active":false,"_monsterinsights_sitenote_note":"","_monsterinsights_sitenote_category":0,"footnotes":""},"_links":{"self":[{"href":"http:\/\/canserrat.org\/ca\/wp-json\/wp\/v2\/pages\/6507"}],"collection":[{"href":"http:\/\/canserrat.org\/ca\/wp-json\/wp\/v2\/pages"}],"about":[{"href":"http:\/\/canserrat.org\/ca\/wp-json\/wp\/v2\/types\/page"}],"author":[{"embeddable":true,"href":"http:\/\/canserrat.org\/ca\/wp-json\/wp\/v2\/users\/4"}],"replies":[{"embeddable":true,"href":"http:\/\/canserrat.org\/ca\/wp-json\/wp\/v2\/comments?post=6507"}],"version-history":[{"count":27,"href":"http:\/\/canserrat.org\/ca\/wp-json\/wp\/v2\/pages\/6507\/revisions"}],"predecessor-version":[{"id":6955,"href":"http:\/\/canserrat.org\/ca\/wp-json\/wp\/v2\/pages\/6507\/revisions\/6955"}],"up":[{"embeddable":true,"href":"http:\/\/canserrat.org\/ca\/wp-json\/wp\/v2\/pages\/4097"}],"wp:featuredmedia":[{"embeddable":true,"href":"http:\/\/canserrat.org\/ca\/wp-json\/wp\/v2\/media\/6531"}],"wp:attachment":[{"href":"http:\/\/canserrat.org\/ca\/wp-json\/wp\/v2\/media?parent=6507"}],"curies":[{"name":"wp","href":"https:\/\/api.w.org\/{rel}","templated":true}]}}