{"id":5262,"date":"2020-05-15T06:55:07","date_gmt":"2020-05-15T06:55:07","guid":{"rendered":"http:\/\/canserrat.org\/?page_id=5262"},"modified":"2025-07-04T13:49:37","modified_gmt":"2025-07-04T13:49:37","slug":"remota","status":"publish","type":"page","link":"http:\/\/canserrat.org\/ca\/remota","title":{"rendered":"Programa REMOTA"},"content":{"rendered":"<h4><a href=\"http:\/\/canserrat.org\/wp-content\/uploads\/2020\/05\/R-de-Remota-web.png\"><img decoding=\"async\" loading=\"lazy\" class=\"size-medium wp-image-5265 aligncenter\" src=\"http:\/\/canserrat.org\/wp-content\/uploads\/2020\/05\/R-de-Remota-web-300x277.png\" alt=\"\" width=\"300\" height=\"277\" srcset=\"http:\/\/canserrat.org\/wp-content\/uploads\/2020\/05\/R-de-Remota-web-300x277.png 300w, http:\/\/canserrat.org\/wp-content\/uploads\/2020\/05\/R-de-Remota-web-1024x945.png 1024w, http:\/\/canserrat.org\/wp-content\/uploads\/2020\/05\/R-de-Remota-web.png 1419w\" sizes=\"(max-width: 300px) 100vw, 300px\" \/><\/a><\/h4>\n<h4><\/h4>\n<h4><\/h4>\n<p>Considerar nous models que ens permetin seguir connectats, a trav\u00e9s de les plataformes existents, s&#8217;ha convertit en un exercici essencial per a molts projectes culturals. El projecte REMOTA * t\u00e9 com a objectiu acompanyar els creadors en els seus processos i oferir espais de reflexi\u00f3, trobada, di\u00e0leg i col\u00b7laboraci\u00f3 que desvinculen el concepte de resid\u00e8ncia de la pres\u00e8ncia f\u00edsica o del lloc central.<br \/>\nEls programes residir a dist\u00e0ncia es la primera iniciativa que activa el projecte REMOTA.<\/p>\n<p>&nbsp;<\/p>\n<p>*<em> L&#8217;equip REMOTA est\u00e0 format per Paola Caballero (resid\u00e8ncia gui\u00f3 baix), Sophie Blais, Sarah Goodchild Robb, i Georgina Teixidor (Can Serrat)<\/em><br \/>\n<em>Les restriccions de circulaci\u00f3 durant l&#8217;any 2020 van fer que g_b habit\u00e9s a Can Serrat durant alguns mesos i juntes, f\u00edsicament, vam poder discutir noves formes de treball col\u00b7laboratiu. Part d&#8217;aquest somni es materialitza en REMOTA.<\/em><\/p>\n<p>&nbsp;<\/p>\n<p data-start=\"78\" data-end=\"159\">Durant tres anys, aquest programa va comptar amb un projecte de microrresid\u00e8ncia.<\/p>\n<p data-start=\"161\" data-end=\"440\">El programa de microrresid\u00e8ncia consistia en una s\u00e8rie de trobades a dist\u00e0ncia de sis hores distribu\u00efdes en tres dies seguits. Aquest es va concebre com un exercici conjunt per actuar i reflexionar sobre la creaci\u00f3 col\u00b7lectiva entre l\u2019equip de Remota i tres creadores convidades.<\/p>\n<p data-start=\"442\" data-end=\"500\">La microrresid\u00e8ncia de Remota va veure la llum l\u2019any 2021.<\/p>\n<p>&nbsp;","protected":false},"excerpt":{"rendered":"<p>Considerar nous models que ens permetin seguir connectats, a trav\u00e9s de les plataformes existents, s&#8217;ha convertit en un exercici essencial per a molts projectes culturals. El projecte REMOTA * t\u00e9 com a objectiu acompanyar els creadors en els seus processos &hellip; <a href=\"http:\/\/canserrat.org\/ca\/remota\">Continued<\/a><\/p>\n","protected":false},"author":3,"featured_media":0,"parent":0,"menu_order":0,"comment_status":"closed","ping_status":"closed","template":"","meta":{"_monsterinsights_skip_tracking":false,"_monsterinsights_sitenote_active":false,"_monsterinsights_sitenote_note":"","_monsterinsights_sitenote_category":0,"footnotes":""},"_links":{"self":[{"href":"http:\/\/canserrat.org\/ca\/wp-json\/wp\/v2\/pages\/5262"}],"collection":[{"href":"http:\/\/canserrat.org\/ca\/wp-json\/wp\/v2\/pages"}],"about":[{"href":"http:\/\/canserrat.org\/ca\/wp-json\/wp\/v2\/types\/page"}],"author":[{"embeddable":true,"href":"http:\/\/canserrat.org\/ca\/wp-json\/wp\/v2\/users\/3"}],"replies":[{"embeddable":true,"href":"http:\/\/canserrat.org\/ca\/wp-json\/wp\/v2\/comments?post=5262"}],"version-history":[{"count":24,"href":"http:\/\/canserrat.org\/ca\/wp-json\/wp\/v2\/pages\/5262\/revisions"}],"predecessor-version":[{"id":8865,"href":"http:\/\/canserrat.org\/ca\/wp-json\/wp\/v2\/pages\/5262\/revisions\/8865"}],"wp:attachment":[{"href":"http:\/\/canserrat.org\/ca\/wp-json\/wp\/v2\/media?parent=5262"}],"curies":[{"name":"wp","href":"https:\/\/api.w.org\/{rel}","templated":true}]}}