{"id":4895,"date":"2020-03-05T16:48:11","date_gmt":"2020-03-05T16:48:11","guid":{"rendered":"http:\/\/canserrat.org\/?page_id=4895"},"modified":"2020-03-05T16:48:11","modified_gmt":"2020-03-05T16:48:11","slug":"funding-resources","status":"publish","type":"page","link":"http:\/\/canserrat.org\/ca\/programa-de-residencia\/funding-resources","title":{"rendered":"(English) Funding resources"},"content":{"rendered":"<p class=\"qtranxs-available-languages-message qtranxs-available-languages-message-ca\">Ho sentim, aquesta entrada est\u00e0 disponible nom\u00e9s en <a href=\"http:\/\/canserrat.org\/en\/wp-json\/wp\/v2\/pages\/4895\" class=\"qtranxs-available-language-link qtranxs-available-language-link-en\" title=\"English\">Angl\u00e8s Americ\u00e0<\/a>. For the sake of viewer convenience, the content is shown below in the alternative language. You may click the link to switch the active language.<\/p><h2 style=\"text-align: center;\"><span style=\"color: #ff6600;\">This page<\/span><\/h2>\n<h2 style=\"text-align: center;\"><span style=\"color: #ff6600;\"> is a tool for<\/span><\/h2>\n<h2 style=\"text-align: center;\"><span style=\"color: #ff6600;\">funding resources <\/span><\/h2>\n<h2 style=\"text-align: center;\"><span style=\"color: #ff6600;\">\/\/\/<\/span><\/h2>\n<p>&nbsp;<\/p>\n<p style=\"text-align: left;\">IF YOU RECEIVED<\/p>\n<p style=\"text-align: left;\">A PUBLIC\/PRIVATE FUNDING<\/p>\n<p style=\"text-align: left;\">FOR YOUR RESIDENCY<\/p>\n<p style=\"text-align: left;\">AT CAN SERRAT,<\/p>\n<p style=\"text-align: left;\">please fill the following form:<\/p>\n<p style=\"text-align: left;\"><span style=\"color: #0000ff;\"><strong><a style=\"color: #0000ff;\" href=\"https:\/\/docs.google.com\/forms\/d\/e\/1FAIpQLSdC9_66mMWv-EXEUOF_9CnRE9Q0d_bdri7REa5X9Ppu_aIiGA\/viewform?usp=sf_link\" target=\"_blank\" rel=\"noopener noreferrer\">HERE<\/a>\u00a0!!!<\/strong><\/span><\/p>\n<p>&nbsp;<\/p>\n<p>&nbsp;<\/p>\n<p style=\"text-align: left;\">IF YOU WANT TO\u00a0CONSULT<\/p>\n<p style=\"text-align: left;\">PUBLIC\/PRIVATE FUNDING<\/p>\n<p style=\"text-align: left;\">CAN SERRAT&#8217;S RESIDENTS<\/p>\n<p style=\"text-align: left;\">HAVE RECIEVED,<\/p>\n<p style=\"text-align: left;\">have a look:<\/p>\n<p style=\"text-align: left;\"><span style=\"color: #0000ff;\"><strong><a style=\"color: #0000ff;\" href=\"https:\/\/docs.google.com\/spreadsheets\/d\/1UKT19ZFGFonGikKyMsnVAHGkBnbELkjToZfcGszkdv0\/edit?usp=sharing\" target=\"_blank\" rel=\"noopener noreferrer\">HERE<\/a>\u00a0!!!<\/strong><\/span><\/p>","protected":false},"excerpt":{"rendered":"<p>Ho sentim, aquesta entrada est\u00e0 disponible nom\u00e9s en Angl\u00e8s Americ\u00e0. For the sake of viewer convenience, the content is shown below in the alternative language. You may click the link to switch the active language.This page is a tool for &hellip; <a href=\"http:\/\/canserrat.org\/ca\/programa-de-residencia\/funding-resources\">Continued<\/a><\/p>\n","protected":false},"author":3,"featured_media":0,"parent":2068,"menu_order":0,"comment_status":"closed","ping_status":"closed","template":"","meta":{"_monsterinsights_skip_tracking":false,"_monsterinsights_sitenote_active":false,"_monsterinsights_sitenote_note":"","_monsterinsights_sitenote_category":0,"footnotes":""},"_links":{"self":[{"href":"http:\/\/canserrat.org\/ca\/wp-json\/wp\/v2\/pages\/4895"}],"collection":[{"href":"http:\/\/canserrat.org\/ca\/wp-json\/wp\/v2\/pages"}],"about":[{"href":"http:\/\/canserrat.org\/ca\/wp-json\/wp\/v2\/types\/page"}],"author":[{"embeddable":true,"href":"http:\/\/canserrat.org\/ca\/wp-json\/wp\/v2\/users\/3"}],"replies":[{"embeddable":true,"href":"http:\/\/canserrat.org\/ca\/wp-json\/wp\/v2\/comments?post=4895"}],"version-history":[{"count":2,"href":"http:\/\/canserrat.org\/ca\/wp-json\/wp\/v2\/pages\/4895\/revisions"}],"predecessor-version":[{"id":4897,"href":"http:\/\/canserrat.org\/ca\/wp-json\/wp\/v2\/pages\/4895\/revisions\/4897"}],"up":[{"embeddable":true,"href":"http:\/\/canserrat.org\/ca\/wp-json\/wp\/v2\/pages\/2068"}],"wp:attachment":[{"href":"http:\/\/canserrat.org\/ca\/wp-json\/wp\/v2\/media?parent=4895"}],"curies":[{"name":"wp","href":"https:\/\/api.w.org\/{rel}","templated":true}]}}