{"id":4738,"date":"2020-02-13T11:33:49","date_gmt":"2020-02-13T11:33:49","guid":{"rendered":"http:\/\/canserrat.org\/?page_id=4738"},"modified":"2020-02-13T12:15:15","modified_gmt":"2020-02-13T12:15:15","slug":"2018-2019-fluffy-disk-with-nyamnyam","status":"publish","type":"page","link":"http:\/\/canserrat.org\/ca\/parasitio\/2018-2019-fluffy-disk-with-nyamnyam","title":{"rendered":"2018 &#8211; 2019 \/\/ Fluffy disk &#8211; amb Nyamnyam &#8212; Parasitio#2"},"content":{"rendered":"&nbsp;<\/p>\n<p>&nbsp;<\/p>\n<style id=\"bwg-style-2\">    #bwg_container1_2 #bwg_container2_2 .bwg-container-2.bwg-standard-thumbnails {      width: 904px;              justify-content: center;        margin:0 auto !important;              background-color: rgba(255, 255, 255, 0.00);            padding-left: 4px;      padding-top: 4px;      max-width: 100%;            }        #bwg_container1_2 #bwg_container2_2 .bwg-container-2.bwg-standard-thumbnails .bwg-item {    justify-content: flex-start;      max-width: 180px;            width: 180px !important;          }    #bwg_container1_2 #bwg_container2_2 .bwg-container-2.bwg-standard-thumbnails .bwg-item a {       margin-right: 4px;       margin-bottom: 4px;    }    #bwg_container1_2 #bwg_container2_2 .bwg-container-2.bwg-standard-thumbnails .bwg-item0 {      padding: 0px;            background-color:rgba(255,255,255, 0.30);      border: 0px none #CCCCCC;      opacity: 1.00;      border-radius: 0;      box-shadow: 0px 0px 0px #888888;    }    #bwg_container1_2 #bwg_container2_2 .bwg-container-2.bwg-standard-thumbnails .bwg-item1 img {      max-height: none;      max-width: none;      padding: 0 !important;    }        @media only screen and (min-width: 480px) {      #bwg_container1_2 #bwg_container2_2 .bwg-container-2.bwg-standard-thumbnails .bwg-item0 {        transition: all 0.3s ease 0s;-webkit-transition: all 0.3s ease 0s;      }      #bwg_container1_2 #bwg_container2_2 .bwg-container-2.bwg-standard-thumbnails .bwg-item0:hover {        -ms-transform: scale(1.1);        -webkit-transform: scale(1.1);        transform: scale(1.1);      }    }          #bwg_container1_2 #bwg_container2_2 .bwg-container-2.bwg-standard-thumbnails .bwg-item1 {      padding-top: 50%;    }        #bwg_container1_2 #bwg_container2_2 .bwg-container-2.bwg-standard-thumbnails .bwg-title2,    #bwg_container1_2 #bwg_container2_2 .bwg-container-2.bwg-standard-thumbnails .bwg-ecommerce2 {      color: #CCCCCC;      font-family: segoe ui;      font-size: 16px;      font-weight: bold;      padding: 2px;      text-shadow: 0px 0px 0px #888888;      max-height: 100%;    }    #bwg_container1_2 #bwg_container2_2 .bwg-container-2.bwg-standard-thumbnails .bwg-thumb-description span {    color: #323A45;    font-family: Ubuntu;    font-size: 12px;    max-height: 100%;    word-wrap: break-word;    }    #bwg_container1_2 #bwg_container2_2 .bwg-container-2.bwg-standard-thumbnails .bwg-play-icon2 {      font-size: 32px;    }    #bwg_container1_2 #bwg_container2_2 .bwg-container-2.bwg-standard-thumbnails .bwg-ecommerce2 {      font-size: 19.2px;      color: #CCCCCC;    }    <\/style>    <div id=\"bwg_container1_2\"         class=\"bwg_container bwg_thumbnail bwg_thumbnails \"         data-right-click-protection=\"0\"         data-bwg=\"2\"         data-scroll=\"0\"         data-gallery-type=\"thumbnails\"         data-gallery-view-type=\"thumbnails\"         data-current-url=\"\/ca\/wp-json\/wp\/v2\/pages\/4738\"         data-lightbox-url=\"http:\/\/canserrat.org\/wp-admin\/admin-ajax.php?action=GalleryBox&#038;current_view=2&#038;gallery_id=5&#038;tag=0&#038;theme_id=1&#038;shortcode_id=33&#038;sort_by=order&#038;order_by=asc&#038;current_url=%2Fca%2Fwp-json%2Fwp%2Fv2%2Fpages%2F4738\"         data-gallery-id=\"5\"         data-popup-width=\"800\"         data-popup-height=\"500\"         data-is-album=\"gallery\"         data-buttons-position=\"bottom\">      <div id=\"bwg_container2_2\">             <div id=\"ajax_loading_2\" class=\"bwg_loading_div_1\">      <div class=\"bwg_loading_div_2\">        <div class=\"bwg_loading_div_3\">          <div id=\"loading_div_2\" class=\"bwg_spider_ajax_loading\">          <\/div>        <\/div>      <\/div>    <\/div>            <form id=\"gal_front_form_2\"              class=\"bwg-hidden\"              method=\"post\"              action=\"#\"              data-current=\"2\"              data-shortcode-id=\"33\"              data-gallery-type=\"thumbnails\"              data-gallery-id=\"5\"              data-tag=\"0\"              data-album-id=\"0\"              data-theme-id=\"1\"              data-ajax-url=\"http:\/\/canserrat.org\/wp-admin\/admin-ajax.php?action=bwg_frontend_data\">          <div id=\"bwg_container3_2\" class=\"bwg-background bwg-background-2\">                <div data-max-count=\"5\"         data-thumbnail-width=\"180\"         data-bwg=\"2\"         data-gallery-id=\"5\"         data-lightbox-url=\"http:\/\/canserrat.org\/wp-admin\/admin-ajax.php?action=GalleryBox&amp;current_view=2&amp;gallery_id=5&amp;tag=0&amp;theme_id=1&amp;shortcode_id=33&amp;sort_by=order&amp;order_by=asc&amp;current_url=%2Fca%2Fwp-json%2Fwp%2Fv2%2Fpages%2F4738\"         id=\"bwg_thumbnails_2\"         class=\"bwg-container-2 bwg-thumbnails bwg-standard-thumbnails bwg-container bwg-border-box\">            <div class=\"bwg-item\">        <a class=\"bwg-a  bwg_lightbox\"  data-image-id=\"104\" href=\"http:\/\/canserrat.org\/wp-content\/uploads\/photo-gallery\/IMG_5360.jpg?bwg=1581593226\" data-elementor-open-lightbox=\"no\">                <div class=\"bwg-item0 \">          <div class=\"bwg-item1 \">            <div class=\"bwg-item2\">              <img class=\"skip-lazy bwg_standart_thumb_img_2 \"                   data-id=\"104\"                   data-width=\"200\"                   data-height=\"300\"                   data-src=\"http:\/\/canserrat.org\/wp-content\/uploads\/photo-gallery\/thumb\/IMG_5360.jpg?bwg=1581593226\"                   src=\"http:\/\/canserrat.org\/wp-content\/uploads\/photo-gallery\/thumb\/IMG_5360.jpg?bwg=1581593226\"                   alt=\"IMG 5360\"                   title=\"IMG 5360\" \/>            <\/div>            <div class=\"\">                                                      <\/div>          <\/div>        <\/div>                        <\/a>              <\/div>            <div class=\"bwg-item\">        <a class=\"bwg-a  bwg_lightbox\"  data-image-id=\"103\" href=\"http:\/\/canserrat.org\/wp-content\/uploads\/photo-gallery\/IMG_5357.jpg?bwg=1581593226\" data-elementor-open-lightbox=\"no\">                <div class=\"bwg-item0 \">          <div class=\"bwg-item1 \">            <div class=\"bwg-item2\">              <img class=\"skip-lazy bwg_standart_thumb_img_2 \"                   data-id=\"103\"                   data-width=\"300\"                   data-height=\"200\"                   data-src=\"http:\/\/canserrat.org\/wp-content\/uploads\/photo-gallery\/thumb\/IMG_5357.jpg?bwg=1581593226\"                   src=\"http:\/\/canserrat.org\/wp-content\/uploads\/photo-gallery\/thumb\/IMG_5357.jpg?bwg=1581593226\"                   alt=\"IMG 5357\"                   title=\"IMG 5357\" \/>            <\/div>            <div class=\"\">                                                      <\/div>          <\/div>        <\/div>                        <\/a>              <\/div>            <div class=\"bwg-item\">        <a class=\"bwg-a  bwg_lightbox\"  data-image-id=\"101\" href=\"http:\/\/canserrat.org\/wp-content\/uploads\/photo-gallery\/IMG_5324.jpg?bwg=1581593226\" data-elementor-open-lightbox=\"no\">                <div class=\"bwg-item0 \">          <div class=\"bwg-item1 \">            <div class=\"bwg-item2\">              <img class=\"skip-lazy bwg_standart_thumb_img_2 \"                   data-id=\"101\"                   data-width=\"300\"                   data-height=\"200\"                   data-src=\"http:\/\/canserrat.org\/wp-content\/uploads\/photo-gallery\/thumb\/IMG_5324.jpg?bwg=1581593226\"                   src=\"http:\/\/canserrat.org\/wp-content\/uploads\/photo-gallery\/thumb\/IMG_5324.jpg?bwg=1581593226\"                   alt=\"IMG 5324\"                   title=\"IMG 5324\" \/>            <\/div>            <div class=\"\">                                                      <\/div>          <\/div>        <\/div>                        <\/a>              <\/div>            <div class=\"bwg-item\">        <a class=\"bwg-a  bwg_lightbox\"  data-image-id=\"100\" href=\"http:\/\/canserrat.org\/wp-content\/uploads\/photo-gallery\/IMG_5317.jpg?bwg=1581593226\" data-elementor-open-lightbox=\"no\">                <div class=\"bwg-item0 \">          <div class=\"bwg-item1 \">            <div class=\"bwg-item2\">              <img class=\"skip-lazy bwg_standart_thumb_img_2 \"                   data-id=\"100\"                   data-width=\"300\"                   data-height=\"200\"                   data-src=\"http:\/\/canserrat.org\/wp-content\/uploads\/photo-gallery\/thumb\/IMG_5317.jpg?bwg=1581593226\"                   src=\"http:\/\/canserrat.org\/wp-content\/uploads\/photo-gallery\/thumb\/IMG_5317.jpg?bwg=1581593226\"                   alt=\"IMG 5317\"                   title=\"IMG 5317\" \/>            <\/div>            <div class=\"\">                                                      <\/div>          <\/div>        <\/div>                        <\/a>              <\/div>            <div class=\"bwg-item\">        <a class=\"bwg-a  bwg_lightbox\"  data-image-id=\"99\" href=\"http:\/\/canserrat.org\/wp-content\/uploads\/photo-gallery\/IMG_5332.jpg?bwg=1581593226\" data-elementor-open-lightbox=\"no\">                <div class=\"bwg-item0 \">          <div class=\"bwg-item1 \">            <div class=\"bwg-item2\">              <img class=\"skip-lazy bwg_standart_thumb_img_2 \"                   data-id=\"99\"                   data-width=\"300\"                   data-height=\"200\"                   data-src=\"http:\/\/canserrat.org\/wp-content\/uploads\/photo-gallery\/thumb\/IMG_5332.jpg?bwg=1581593226\"                   src=\"http:\/\/canserrat.org\/wp-content\/uploads\/photo-gallery\/thumb\/IMG_5332.jpg?bwg=1581593226\"                   alt=\"IMG 5332\"                   title=\"IMG 5332\" \/>            <\/div>            <div class=\"\">                                                      <\/div>          <\/div>        <\/div>                        <\/a>              <\/div>            <div class=\"bwg-item\">        <a class=\"bwg-a  bwg_lightbox\"  data-image-id=\"98\" href=\"http:\/\/canserrat.org\/wp-content\/uploads\/photo-gallery\/IMG_5336.jpg?bwg=1581593226\" data-elementor-open-lightbox=\"no\">                <div class=\"bwg-item0 \">          <div class=\"bwg-item1 \">            <div class=\"bwg-item2\">              <img class=\"skip-lazy bwg_standart_thumb_img_2 \"                   data-id=\"98\"                   data-width=\"300\"                   data-height=\"200\"                   data-src=\"http:\/\/canserrat.org\/wp-content\/uploads\/photo-gallery\/thumb\/IMG_5336.jpg?bwg=1581593226\"                   src=\"http:\/\/canserrat.org\/wp-content\/uploads\/photo-gallery\/thumb\/IMG_5336.jpg?bwg=1581593226\"                   alt=\"IMG 5336\"                   title=\"IMG 5336\" \/>            <\/div>            <div class=\"\">                                                      <\/div>          <\/div>        <\/div>                        <\/a>              <\/div>            <div class=\"bwg-item\">        <a class=\"bwg-a  bwg_lightbox\"  data-image-id=\"97\" href=\"http:\/\/canserrat.org\/wp-content\/uploads\/photo-gallery\/_MG_5365.jpg?bwg=1581593226\" data-elementor-open-lightbox=\"no\">                <div class=\"bwg-item0 \">          <div class=\"bwg-item1 \">            <div class=\"bwg-item2\">              <img class=\"skip-lazy bwg_standart_thumb_img_2 \"                   data-id=\"97\"                   data-width=\"300\"                   data-height=\"200\"                   data-src=\"http:\/\/canserrat.org\/wp-content\/uploads\/photo-gallery\/thumb\/_MG_5365.jpg?bwg=1581593226\"                   src=\"http:\/\/canserrat.org\/wp-content\/uploads\/photo-gallery\/thumb\/_MG_5365.jpg?bwg=1581593226\"                   alt=\" MG 5365\"                   title=\" MG 5365\" \/>            <\/div>            <div class=\"\">                                                      <\/div>          <\/div>        <\/div>                        <\/a>              <\/div>            <div class=\"bwg-item\">        <a class=\"bwg-a  bwg_lightbox\"  data-image-id=\"94\" href=\"http:\/\/canserrat.org\/wp-content\/uploads\/photo-gallery\/_MG_5363.jpg?bwg=1581593226\" data-elementor-open-lightbox=\"no\">                <div class=\"bwg-item0 \">          <div class=\"bwg-item1 \">            <div class=\"bwg-item2\">              <img class=\"skip-lazy bwg_standart_thumb_img_2 \"                   data-id=\"94\"                   data-width=\"300\"                   data-height=\"200\"                   data-src=\"http:\/\/canserrat.org\/wp-content\/uploads\/photo-gallery\/thumb\/_MG_5363.jpg?bwg=1581593226\"                   src=\"http:\/\/canserrat.org\/wp-content\/uploads\/photo-gallery\/thumb\/_MG_5363.jpg?bwg=1581593226\"                   alt=\" MG 5363\"                   title=\" MG 5363\" \/>            <\/div>            <div class=\"\">                                                      <\/div>          <\/div>        <\/div>                        <\/a>              <\/div>          <\/div>    <style>      \/*pagination styles*\/      #bwg_container1_2 #bwg_container2_2 .tablenav-pages_2 {\t\t\t\ttext-align: center;\t\t\t\tfont-size: 12px;\t\t\t\tfont-family: segoe ui;\t\t\t\tfont-weight: bold;\t\t\t\tcolor: #666666;\t\t\t\tmargin: 6px 0 4px;\t\t\t\tdisplay: block;      }      @media only screen and (max-width : 320px) {      #bwg_container1_2 #bwg_container2_2 .displaying-num_2 {     \t display: none;      }      }      #bwg_container1_2 #bwg_container2_2 .displaying-num_2 {\t\t\t\tfont-size: 12px;\t\t\t\tfont-family: segoe ui;\t\t\t\tfont-weight: bold;\t\t\t\tcolor: #666666;\t\t\t\tmargin-right: 10px;\t\t\t\tvertical-align: middle;      }      #bwg_container1_2 #bwg_container2_2 .paging-input_2 {\t\t\t\tfont-size: 12px;\t\t\t\tfont-family: segoe ui;\t\t\t\tfont-weight: bold;\t\t\t\tcolor: #666666;\t\t\t\tvertical-align: middle;      }      #bwg_container1_2 #bwg_container2_2 .tablenav-pages_2 a.disabled,      #bwg_container1_2 #bwg_container2_2 .tablenav-pages_2 a.disabled:hover,      #bwg_container1_2 #bwg_container2_2 .tablenav-pages_2 a.disabled:focus,\t\t\t#bwg_container1_2 #bwg_container2_2 .tablenav-pages_2 input.bwg_current_page {\t\t\t\tcursor: default;\t\t\t\tcolor: rgba(102, 102, 102, 0.5);      }      #bwg_container1_2 #bwg_container2_2 .tablenav-pages_2 a,      #bwg_container1_2 #bwg_container2_2 .tablenav-pages_2 input.bwg_current_page {\t\t\t\tcursor: pointer;\t\t\t\ttext-align: center;\t\t\t\tfont-size: 12px;\t\t\t\tfont-family: segoe ui;\t\t\t\tfont-weight: bold;\t\t\t\tcolor: #666666;\t\t\t\ttext-decoration: none;\t\t\t\tpadding: 3px 6px;\t\t\t\tmargin: 0;\t\t\t\tborder-radius: 0;\t\t\t\tborder-style: solid;\t\t\t\tborder-width: 1px;\t\t\t\tborder-color: #E3E3E3;\t\t\t\t\t\t\t\tbackground-color: rgba(255, 255, 255, 1.00);\t\t\t\tbox-shadow: 0;\t\t\t\ttransition: all 0.3s ease 0s;-webkit-transition: all 0.3s ease 0s;      }      <\/style>      <span class=\"bwg_nav_cont_2\">              <div class=\"tablenav-pages_2\">                  <\/div>                <input type=\"hidden\" id=\"page_number_2\" name=\"page_number_2\" value=\"1\" \/>      <script type=\"text\/javascript\">        if( jQuery('.bwg_nav_cont_2').length > 1 ) {          jQuery('.bwg_nav_cont_2').first().remove()        }        function spider_page_2(cur, x, y, load_more) {          if (typeof load_more == \"undefined\") {            var load_more = false;          }          if (jQuery(cur).hasClass('disabled')) {            return false;          }          var items_county_2 = 1;          switch (y) {            case 1:              if (x >= items_county_2) {                document.getElementById('page_number_2').value = items_county_2;              }              else {                document.getElementById('page_number_2').value = x + 1;              }              break;            case 2:              document.getElementById('page_number_2').value = items_county_2;              break;            case -1:              if (x == 1) {                document.getElementById('page_number_2').value = 1;              }              else {                document.getElementById('page_number_2').value = x - 1;              }              break;            case -2:              document.getElementById('page_number_2').value = 1;              break;\t\t\t\t\t\tcase 0:              document.getElementById('page_number_2').value = x;              break;            default:              document.getElementById('page_number_2').value = 1;          }          bwg_ajax('gal_front_form_2', '2', 'bwg_thumbnails_2', '0', '', 'gallery', 0, '', '', load_more, '', 1);        }                    jQuery('.first-page-2').on('click', function () {              spider_page_2(this, 1, -2, 'numeric');              return false;            });            jQuery('.prev-page-2').on('click', function () {              spider_page_2(this, 1, -1, 'numeric');              return false;            });            jQuery('.next-page-2').on('click', function () {              spider_page_2(this, 1, 1, 'numeric');              return false;            });            jQuery('.last-page-2').on('click', function () {              spider_page_2(this, 1, 2, 'numeric');              return false;            });        \t\t\t\t\/* Change page on input enter. *\/        function bwg_change_page_2( e, that ) {          if (  e.key == 'Enter' ) {            var to_page = parseInt(jQuery(that).val());            var pages_count = jQuery(that).parents(\".pagination-links\").data(\"pages-count\");            var current_url_param = jQuery(that).attr('data-url-info');            if (to_page > pages_count) {              to_page = 1;            }\t \t\t\t\t\t\t\t\t\t\t\t\tspider_page_2(this, to_page, 0, 'numeric');\t\t\t\t\t\t\treturn false;\t\t\t\t\t\t          }          return true;        }        jQuery('.bwg_load_btn_2').on('click', function () {            spider_page_2(this, 1, 1, true);            return false;        });      <\/script>      <\/span>                <\/div>        <\/form>        <style>          #bwg_container1_2 #bwg_container2_2 #spider_popup_overlay_2 {          background-color: #000000;          opacity: 0.70;          }          <\/style>        <div id=\"bwg_spider_popup_loading_2\" class=\"bwg_spider_popup_loading\"><\/div>        <div id=\"spider_popup_overlay_2\" class=\"spider_popup_overlay\" onclick=\"spider_destroypopup(1000)\"><\/div>        <input type=\"hidden\" id=\"bwg_random_seed_2\" value=\"998100674\">                <\/div>    <\/div>    <script>      if (document.readyState === 'complete') {        if( typeof bwg_main_ready == 'function' ) {          if ( jQuery(\"#bwg_container1_2\").height() ) {            bwg_main_ready(jQuery(\"#bwg_container1_2\"));          }        }      } else {        document.addEventListener('DOMContentLoaded', function() {          if( typeof bwg_main_ready == 'function' ) {            if ( jQuery(\"#bwg_container1_2\").height() ) {             bwg_main_ready(jQuery(\"#bwg_container1_2\"));            }          }        });      }    <\/script>    \n<p>&nbsp;<\/p>\n<p>&nbsp;<\/p>\n<p>El diumenge 12 de Maig de 2019 de 12h a 18h &#8211; entre\u00a0Can Casas i Can Serrat, al poble del Bruc<\/p>\n<p>Vam estar compartint &#8220;Fluffy Disk&#8221;, una proposta de <a href=\"http:\/\/www.nyamnyam.net\">Nyamnyam<\/a> com a col\u00b7lectiu convidat per @canserrat a relacionar-se amb la resid\u00e8ncia i el seu entorn durant el 2018. L&#8217;activitat pren format d&#8217;instal\u00b7laci\u00f3 performativa partint d&#8217;una arqueologia del lloc i posant-la en di\u00e0leg amb l&#8217;arqueologia virtual; convidant als artistes i altres persones del context, a compartir els materials produ\u00efts abans, durant i despr\u00e9s de ser a Can Serrat, i que acumulen en els seus dispositius m\u00f2bils. A partir d\u2019aquests doble moviment complementari \u2013 objectual\/material + context\/artistes \u2013 pretenem crear un di\u00e0leg o m\u00e9s aviat una conversa esponjosa, el\u00e0stica que s\u2019allunyi del disc dur i fins hi tot del tou, per poder crear un espai por\u00f3s on descobrir les possibles l\u00ednies discursives que aquest material genera a trav\u00e9s de les m\u00faltiples visions que habitin aquest espai fluffy.<\/p>\n<p>L\u2019acci\u00f3 quotidiana d\u2019estar juntxs i c\u00f2modes per a imaginar relats a partir d\u2019un cabdell d\u2019informaci\u00f3 que no pretenem desfer, sin\u00f3 prendre com a punt de partida per a teixir possibilitats. Hi haur\u00e0 dinar popular incl\u00f2s en l&#8217;activitat d&#8217;acc\u00e9s gratu\u00eft.<\/p>\n<p>En col.laboraci\u00f3 amb Chlo\u00e9 Azzopardi, Sophie Blais, Thais Buforn, Enric Canela, James Cross, Carles Estrada Planell, Sarah Goodchild Robb, Olivia Herna\u00efz, Anne Tone Lie, Sophie Lindsey, James W. Parker, Pablo R\u00e9ol, y Georgina Teixidor.","protected":false},"excerpt":{"rendered":"<p>&nbsp; &nbsp; &nbsp; &nbsp; El diumenge 12 de Maig de 2019 de 12h a 18h &#8211; entre\u00a0Can Casas i Can Serrat, al poble del Bruc Vam estar compartint &#8220;Fluffy Disk&#8221;, una proposta de Nyamnyam com a col\u00b7lectiu convidat per @canserrat &hellip; <a href=\"http:\/\/canserrat.org\/ca\/parasitio\/2018-2019-fluffy-disk-with-nyamnyam\">Continued<\/a><\/p>\n","protected":false},"author":3,"featured_media":3378,"parent":2878,"menu_order":0,"comment_status":"closed","ping_status":"closed","template":"","meta":{"_monsterinsights_skip_tracking":false,"_monsterinsights_sitenote_active":false,"_monsterinsights_sitenote_note":"","_monsterinsights_sitenote_category":0,"footnotes":""},"_links":{"self":[{"href":"http:\/\/canserrat.org\/ca\/wp-json\/wp\/v2\/pages\/4738"}],"collection":[{"href":"http:\/\/canserrat.org\/ca\/wp-json\/wp\/v2\/pages"}],"about":[{"href":"http:\/\/canserrat.org\/ca\/wp-json\/wp\/v2\/types\/page"}],"author":[{"embeddable":true,"href":"http:\/\/canserrat.org\/ca\/wp-json\/wp\/v2\/users\/3"}],"replies":[{"embeddable":true,"href":"http:\/\/canserrat.org\/ca\/wp-json\/wp\/v2\/comments?post=4738"}],"version-history":[{"count":4,"href":"http:\/\/canserrat.org\/ca\/wp-json\/wp\/v2\/pages\/4738\/revisions"}],"predecessor-version":[{"id":4753,"href":"http:\/\/canserrat.org\/ca\/wp-json\/wp\/v2\/pages\/4738\/revisions\/4753"}],"up":[{"embeddable":true,"href":"http:\/\/canserrat.org\/ca\/wp-json\/wp\/v2\/pages\/2878"}],"wp:featuredmedia":[{"embeddable":true,"href":"http:\/\/canserrat.org\/ca\/wp-json\/wp\/v2\/media\/3378"}],"wp:attachment":[{"href":"http:\/\/canserrat.org\/ca\/wp-json\/wp\/v2\/media?parent=4738"}],"curies":[{"name":"wp","href":"https:\/\/api.w.org\/{rel}","templated":true}]}}