{"id":4503,"date":"2020-01-13T17:56:09","date_gmt":"2020-01-13T17:56:09","guid":{"rendered":"http:\/\/canserrat.org\/?page_id=4503"},"modified":"2021-01-04T15:59:15","modified_gmt":"2021-01-04T15:59:15","slug":"activities","status":"publish","type":"page","link":"http:\/\/canserrat.org\/ca\/activities","title":{"rendered":"ACTIVITATS"},"content":{"rendered":"Can Serrat t\u00e9 com a objectiu acompanyar els projectes en resid\u00e8ncia i actuar com a motor de noves relacions entre els residents i el context local.<\/p>\n<p>Per alimentar els processos de producci\u00f3 i investigaci\u00f3, la resid\u00e8ncia organitza activitats que es repeteixen mensualment, mentre altres s&#8217;organitzen puntualment, fins i tot de manera improvisada segons els interessos del moment.","protected":false},"excerpt":{"rendered":"<p>Can Serrat t\u00e9 com a objectiu acompanyar els projectes en resid\u00e8ncia i actuar com a motor de noves relacions entre els residents i el context local. Per alimentar els processos de producci\u00f3 i investigaci\u00f3, la resid\u00e8ncia organitza activitats que es &hellip; <a href=\"http:\/\/canserrat.org\/ca\/activities\">Continued<\/a><\/p>\n","protected":false},"author":3,"featured_media":0,"parent":0,"menu_order":0,"comment_status":"closed","ping_status":"closed","template":"","meta":{"_monsterinsights_skip_tracking":false,"_monsterinsights_sitenote_active":false,"_monsterinsights_sitenote_note":"","_monsterinsights_sitenote_category":0,"footnotes":""},"_links":{"self":[{"href":"http:\/\/canserrat.org\/ca\/wp-json\/wp\/v2\/pages\/4503"}],"collection":[{"href":"http:\/\/canserrat.org\/ca\/wp-json\/wp\/v2\/pages"}],"about":[{"href":"http:\/\/canserrat.org\/ca\/wp-json\/wp\/v2\/types\/page"}],"author":[{"embeddable":true,"href":"http:\/\/canserrat.org\/ca\/wp-json\/wp\/v2\/users\/3"}],"replies":[{"embeddable":true,"href":"http:\/\/canserrat.org\/ca\/wp-json\/wp\/v2\/comments?post=4503"}],"version-history":[{"count":3,"href":"http:\/\/canserrat.org\/ca\/wp-json\/wp\/v2\/pages\/4503\/revisions"}],"predecessor-version":[{"id":5667,"href":"http:\/\/canserrat.org\/ca\/wp-json\/wp\/v2\/pages\/4503\/revisions\/5667"}],"wp:attachment":[{"href":"http:\/\/canserrat.org\/ca\/wp-json\/wp\/v2\/media?parent=4503"}],"curies":[{"name":"wp","href":"https:\/\/api.w.org\/{rel}","templated":true}]}}