{"id":4226,"date":"2019-11-01T18:47:15","date_gmt":"2019-11-01T18:47:15","guid":{"rendered":"http:\/\/canserrat.org\/?page_id=4226"},"modified":"2023-02-21T14:04:58","modified_gmt":"2023-02-21T14:04:58","slug":"brucstock-festival","status":"publish","type":"page","link":"http:\/\/canserrat.org\/ca\/transversal-projects\/brucstock-festival","title":{"rendered":"festival BRUCSTOCK"},"content":{"rendered":"<h2 style=\"text-align: center;\"><span style=\"color: #0000ff;\"><a style=\"color: #0000ff;\" href=\"http:\/\/www.brucstock.art\">www.brucstock.art<\/a><\/span><\/h2>\n<p>&nbsp;<\/p>\n<p>BRUCSTOCK Art &amp; Music Festival \u00e9s un festival d\u2019art i m\u00fasica experimental que explora el format en directe i t\u00e9 com a objectiu crear una plataforma per a artistes locals i internacionals. Brucstock est\u00e0 ubicat en una reserva natural del poble de El Bruc, als peus de la sagrada muntanya de Montserrat, a les afores de Barcelona. El festival t\u00e9 lloc al paisatge dels voltants del Centre d\u2019Art Internacional, Can Serrat<\/p>\n<p>BRUCSTOCK \u00e9s una organitzaci\u00f3 sense \u00e0nim de lucre i es va establir el 2012, iniciada i organitzada pels artistes noruecs Vilde von Krogh i Annette Stav Johanssen.<\/p>\n<p>El festival en la seva totalitat s\u2019organitza al paisatge dels voltants de Can Serrat. El programa actua com una composici\u00f3 org\u00e0nica entre l\u2019entorn natural i les contribucions, concerts, performances, pel\u00b7l\u00edcules i tallers dels artistes. Un jard\u00ed vibrant que inspira di\u00e0legs flotants entre artistes i visitants.<\/p>\n<p>En aquest bell entorn volem reactivar el potencial acad\u00e8mic que emana de l\u2019antic acad\u00e8mic-jard\u00ed grec. En aquest jard\u00ed, les discussions filos\u00f2fiques van quedar sense restriccions i van tenir un enfocament m\u00e9s conversacional que el model d\u2019ensenyament acad\u00e8mic modern basat en el mon\u00f2leg de l\u2019auditori. A m\u00e9s, el simposi era central com a lloc de discurs on els aliments i begudes eren elementals en l\u2019intercanvi d\u2019opinions. A Brucstock volem que la conversa tingui lloc entre tot tipus de persones, inspirades en el contingut del festival.<\/p>\n<p>El nom \u201cBrucstock\u201d t\u00e9 el seu origen en el nom del poble espec\u00edfic del lloc, El Bruc, i tamb\u00e9 es refereix a trav\u00e9s del seu t\u00edtol en el passat proper i se centra en l\u2019estat d\u2019\u00e0nim que existia en els anys 60-70; un per\u00edode en qu\u00e8 la m\u00fasica i l\u2019art es trobaven en una fase de fusi\u00f3 en expansi\u00f3 a trav\u00e9s d\u2019indicacions com el moviment hippie, Fluxus o Neo Dada, per citar alguns.<\/p>\n<p>Tamb\u00e9 assenyalem els grans canvis socials en el per\u00edode, especialment en termes de drets civils als Estats Units, el Moviment Gai i la segona major ona feminista a Europa i Am\u00e8rica. Brucstock tamb\u00e9 ser\u00e0 una plataforma per a discussions en un moment contemporani on temes com actituds racistes, anti-feministes i hom\u00f2fobes s\u2019estan expandint r\u00e0pidament al m\u00f3n.<\/p>\n<p>Can Serrat alberga els artistes, i part de les zones exteriors s\u2019utilitzen per acampar gratu\u00eftament per als visitants.<\/p>\n<p>Aix\u00f2 crea una situaci\u00f3 social i d\u2019intercanvi \u00edntima entre artistes i visitants; tots ells participants en una escultura social en curs amb erupcions art\u00edstiques. BRUCSTOCK Art &amp; Music Festival.<\/p>\n<p>&nbsp;<\/p>\n<p><a href=\"http:\/\/canserrat.org\/wp-content\/uploads\/2019\/11\/20112228_1493897697.2038_funddescription.jpg\"><img decoding=\"async\" loading=\"lazy\" class=\"alignnone wp-image-4228 size-full\" src=\"http:\/\/canserrat.org\/wp-content\/uploads\/2019\/11\/20112228_1493897697.2038_funddescription.jpg\" alt=\"\" width=\"1000\" height=\"666\" srcset=\"http:\/\/canserrat.org\/wp-content\/uploads\/2019\/11\/20112228_1493897697.2038_funddescription.jpg 1000w, http:\/\/canserrat.org\/wp-content\/uploads\/2019\/11\/20112228_1493897697.2038_funddescription-300x200.jpg 300w\" sizes=\"(max-width: 1000px) 100vw, 1000px\" \/><\/a>","protected":false},"excerpt":{"rendered":"<p>www.brucstock.art &nbsp; BRUCSTOCK Art &amp; Music Festival \u00e9s un festival d\u2019art i m\u00fasica experimental que explora el format en directe i t\u00e9 com a objectiu crear una plataforma per a artistes locals i internacionals. Brucstock est\u00e0 ubicat en una reserva &hellip; <a href=\"http:\/\/canserrat.org\/ca\/transversal-projects\/brucstock-festival\">Continued<\/a><\/p>\n","protected":false},"author":3,"featured_media":4227,"parent":4097,"menu_order":0,"comment_status":"closed","ping_status":"closed","template":"","meta":{"_monsterinsights_skip_tracking":false,"_monsterinsights_sitenote_active":false,"_monsterinsights_sitenote_note":"","_monsterinsights_sitenote_category":0,"footnotes":""},"_links":{"self":[{"href":"http:\/\/canserrat.org\/ca\/wp-json\/wp\/v2\/pages\/4226"}],"collection":[{"href":"http:\/\/canserrat.org\/ca\/wp-json\/wp\/v2\/pages"}],"about":[{"href":"http:\/\/canserrat.org\/ca\/wp-json\/wp\/v2\/types\/page"}],"author":[{"embeddable":true,"href":"http:\/\/canserrat.org\/ca\/wp-json\/wp\/v2\/users\/3"}],"replies":[{"embeddable":true,"href":"http:\/\/canserrat.org\/ca\/wp-json\/wp\/v2\/comments?post=4226"}],"version-history":[{"count":2,"href":"http:\/\/canserrat.org\/ca\/wp-json\/wp\/v2\/pages\/4226\/revisions"}],"predecessor-version":[{"id":7506,"href":"http:\/\/canserrat.org\/ca\/wp-json\/wp\/v2\/pages\/4226\/revisions\/7506"}],"up":[{"embeddable":true,"href":"http:\/\/canserrat.org\/ca\/wp-json\/wp\/v2\/pages\/4097"}],"wp:featuredmedia":[{"embeddable":true,"href":"http:\/\/canserrat.org\/ca\/wp-json\/wp\/v2\/media\/4227"}],"wp:attachment":[{"href":"http:\/\/canserrat.org\/ca\/wp-json\/wp\/v2\/media?parent=4226"}],"curies":[{"name":"wp","href":"https:\/\/api.w.org\/{rel}","templated":true}]}}