{"id":4101,"date":"2019-10-11T14:49:45","date_gmt":"2019-10-11T14:49:45","guid":{"rendered":"http:\/\/canserrat.org\/?page_id=4101"},"modified":"2020-12-22T14:00:59","modified_gmt":"2020-12-22T14:00:59","slug":"co-op-roca-verda","status":"publish","type":"page","link":"http:\/\/canserrat.org\/ca\/co-op-roca-verda","title":{"rendered":"Cooperativa Roca Verda"},"content":{"rendered":"<span style=\"font-weight: 400;\">A<\/span> <span style=\"font-weight: 400;\">l&#8217;<\/span><b>Associaci\u00f3 Roca Verda de Montserrat<\/b><span style=\"font-weight: 400;\"> pretenem fomentar el consum ecol\u00f2gic, sostenible i de proximitat. Tenim la seu a la Masia Can Serrat del Bruc.<\/span><\/p>\n<p><span style=\"font-weight: 400;\">El projecte va arrancar al Setembre 2019 despr\u00e9s de casi un any d&#8217;investigaci\u00f3\u00a0i organitzaci\u00f3. L&#8217;associaci\u00f3 la formem tretze unitats familiars de la zona i tenim la intenci\u00f3 d&#8217;ampliar els socis ben aviat.\u00a0<\/span><\/p>\n<p><span style=\"font-weight: 400;\">Les activitats que duem a terme tenen com a objectiu donar a con\u00e8ixer productors locals, de producte ecol\u00f2gic i sensibilitzats amb el medi ambient. La distribuci\u00f3 dels articles la fem amb consci\u00e8ncia de rebuig zero.<\/span><\/p>\n<p><span style=\"font-weight: 400;\">Les comandes les fem arribar als nostres prove\u00efdors els dilluns al mat\u00ed amb la intenci\u00f3 de poder rebre el g\u00e8nere abans de dimecres a les 5 de la tarda, que \u00e9s quan fem el repartiment. Sempre es pot negociar un altre horari.<\/span><\/p>\n<p>&nbsp;","protected":false},"excerpt":{"rendered":"<p>A l&#8217;Associaci\u00f3 Roca Verda de Montserrat pretenem fomentar el consum ecol\u00f2gic, sostenible i de proximitat. Tenim la seu a la Masia Can Serrat del Bruc. El projecte va arrancar al Setembre 2019 despr\u00e9s de casi un any d&#8217;investigaci\u00f3\u00a0i organitzaci\u00f3. L&#8217;associaci\u00f3 &hellip; <a href=\"http:\/\/canserrat.org\/ca\/co-op-roca-verda\">Continued<\/a><\/p>\n","protected":false},"author":3,"featured_media":0,"parent":0,"menu_order":0,"comment_status":"closed","ping_status":"closed","template":"","meta":{"_monsterinsights_skip_tracking":false,"_monsterinsights_sitenote_active":false,"_monsterinsights_sitenote_note":"","_monsterinsights_sitenote_category":0,"footnotes":""},"_links":{"self":[{"href":"http:\/\/canserrat.org\/ca\/wp-json\/wp\/v2\/pages\/4101"}],"collection":[{"href":"http:\/\/canserrat.org\/ca\/wp-json\/wp\/v2\/pages"}],"about":[{"href":"http:\/\/canserrat.org\/ca\/wp-json\/wp\/v2\/types\/page"}],"author":[{"embeddable":true,"href":"http:\/\/canserrat.org\/ca\/wp-json\/wp\/v2\/users\/3"}],"replies":[{"embeddable":true,"href":"http:\/\/canserrat.org\/ca\/wp-json\/wp\/v2\/comments?post=4101"}],"version-history":[{"count":1,"href":"http:\/\/canserrat.org\/ca\/wp-json\/wp\/v2\/pages\/4101\/revisions"}],"predecessor-version":[{"id":4102,"href":"http:\/\/canserrat.org\/ca\/wp-json\/wp\/v2\/pages\/4101\/revisions\/4102"}],"wp:attachment":[{"href":"http:\/\/canserrat.org\/ca\/wp-json\/wp\/v2\/media?parent=4101"}],"curies":[{"name":"wp","href":"https:\/\/api.w.org\/{rel}","templated":true}]}}