{"id":2878,"date":"2018-11-08T12:29:44","date_gmt":"2018-11-08T12:29:44","guid":{"rendered":"http:\/\/canserrat.org\/?page_id=2878"},"modified":"2025-06-06T13:14:06","modified_gmt":"2025-06-06T13:14:06","slug":"parasitio","status":"publish","type":"page","link":"http:\/\/canserrat.org\/ca\/parasitio","title":{"rendered":"Parasitio"},"content":{"rendered":"&nbsp;<\/p>\n<p><b>Parasitio <\/b><span style=\"font-weight: 400;\">\u00e9s la col\u00b7lecci\u00f3 editorial de Can Serrat que va comen\u00e7ar el 2018 al Bruc. Cada llibre \u00e9s un arxiu de di\u00e0leg entre col\u00b7laboradores del territori cultural catal\u00e0, Can Serrat, els seus habitants i l&#8217;entorn pr\u00f2xim de la masia. Cada edici\u00f3 s&#8217;apropia de formats reconeixibles i \u00e9s distribu\u00efda i infiltrada en espais rellevants amb el format que mimetitzen.<\/span><\/p>\n<p>&nbsp;<\/p>\n<p><em>FAR AWAY TREASURE<\/em> &#8212; 2017 (Presentat al Novembre de 2018 a l&#8217;Automatica, Bcn)<\/p>\n<p><em>FLUFFY DISC &#8212; 2018<\/em> (Presentat al 2021 a l&#8217;Automatica, Bcn)<\/p>\n<p><em>COLECTIVE ATTEMPT &#8212; 2019 <\/em>(en proc\u00e9s d&#8217;edici\u00f3)<\/p>\n<p><em>PER\u00cdMETRE &#8212; 2020-21 <\/em>(en proc\u00e9s d&#8217;edici\u00f3)<\/p>\n<p>&nbsp;<\/p>\n<p>&nbsp;<\/p>\n<p>&nbsp;<\/p>\n<div id=\"kad-wp-gallery12\" class=\"kad-wp-gallery kad-light-wp-gallery clearfix kt-gallery-column-3 rowtight\"><div class=\"tcol-lg-4 tcol-md-4 tcol-sm-4 tcol-xs-6 tcol-ss-12 g_item\"><div class=\"grid_item kad_gallery_fade_in gallery_item\"><a href=\"http:\/\/canserrat.org\/wp-content\/uploads\/2018\/11\/facebook-evento-FAT-1200x630px-762x400-1.jpg\" data-rel=\"lightbox\" class=\"lightboxhover\"><img src=\"http:\/\/canserrat.org\/wp-content\/uploads\/2018\/11\/facebook-evento-FAT-1200x630px-762x400-1-400x400.jpg\" width=\"400\" height=\"400\" alt=\"\" srcset=\"http:\/\/canserrat.org\/wp-content\/uploads\/2018\/11\/facebook-evento-FAT-1200x630px-762x400-1-400x400.jpg 400w, http:\/\/canserrat.org\/wp-content\/uploads\/2018\/11\/facebook-evento-FAT-1200x630px-762x400-1-150x150.jpg 150w\" sizes=\"(max-width: 400px) 100vw, 400px\" class=\"light-dropshaddow\"\/><\/a><\/div><\/div><div class=\"tcol-lg-4 tcol-md-4 tcol-sm-4 tcol-xs-6 tcol-ss-12 g_item\"><div class=\"grid_item kad_gallery_fade_in gallery_item\"><a href=\"http:\/\/canserrat.org\/wp-content\/uploads\/2018\/11\/45583926_2521970091362708_6026819004486647808_n.jpg\" data-rel=\"lightbox\" class=\"lightboxhover\"><img src=\"http:\/\/canserrat.org\/wp-content\/uploads\/2018\/11\/45583926_2521970091362708_6026819004486647808_n-400x400.jpg\" width=\"400\" height=\"400\" alt=\"\" srcset=\"http:\/\/canserrat.org\/wp-content\/uploads\/2018\/11\/45583926_2521970091362708_6026819004486647808_n-400x400.jpg 400w, http:\/\/canserrat.org\/wp-content\/uploads\/2018\/11\/45583926_2521970091362708_6026819004486647808_n-150x150.jpg 150w\" sizes=\"(max-width: 400px) 100vw, 400px\" class=\"light-dropshaddow\"\/><\/a><\/div><\/div><div class=\"tcol-lg-4 tcol-md-4 tcol-sm-4 tcol-xs-6 tcol-ss-12 g_item\"><div class=\"grid_item kad_gallery_fade_in gallery_item\"><a href=\"http:\/\/canserrat.org\/wp-content\/uploads\/2023\/02\/Fluffy.jpg\" data-rel=\"lightbox\" class=\"lightboxhover\"><img src=\"http:\/\/canserrat.org\/wp-content\/uploads\/2023\/02\/Fluffy-400x400.jpg\" width=\"400\" height=\"400\" alt=\"\" srcset=\"http:\/\/canserrat.org\/wp-content\/uploads\/2023\/02\/Fluffy-400x400.jpg 400w, http:\/\/canserrat.org\/wp-content\/uploads\/2023\/02\/Fluffy-300x300.jpg 300w, http:\/\/canserrat.org\/wp-content\/uploads\/2023\/02\/Fluffy-150x150.jpg 150w, http:\/\/canserrat.org\/wp-content\/uploads\/2023\/02\/Fluffy.jpg 799w\" sizes=\"(max-width: 400px) 100vw, 400px\" class=\"light-dropshaddow\"\/><\/a><\/div><\/div><\/div>\n<p>&nbsp;<\/p>\n<p>&nbsp;<\/p>\n<p>&nbsp;","protected":false},"excerpt":{"rendered":"<p>&nbsp; Parasitio \u00e9s la col\u00b7lecci\u00f3 editorial de Can Serrat que va comen\u00e7ar el 2018 al Bruc. Cada llibre \u00e9s un arxiu de di\u00e0leg entre col\u00b7laboradores del territori cultural catal\u00e0, Can Serrat, els seus habitants i l&#8217;entorn pr\u00f2xim de la masia. &hellip; <a href=\"http:\/\/canserrat.org\/ca\/parasitio\">Continued<\/a><\/p>\n","protected":false},"author":7,"featured_media":0,"parent":0,"menu_order":0,"comment_status":"closed","ping_status":"closed","template":"","meta":{"_monsterinsights_skip_tracking":false,"_monsterinsights_sitenote_active":false,"_monsterinsights_sitenote_note":"","_monsterinsights_sitenote_category":0,"footnotes":""},"_links":{"self":[{"href":"http:\/\/canserrat.org\/ca\/wp-json\/wp\/v2\/pages\/2878"}],"collection":[{"href":"http:\/\/canserrat.org\/ca\/wp-json\/wp\/v2\/pages"}],"about":[{"href":"http:\/\/canserrat.org\/ca\/wp-json\/wp\/v2\/types\/page"}],"author":[{"embeddable":true,"href":"http:\/\/canserrat.org\/ca\/wp-json\/wp\/v2\/users\/7"}],"replies":[{"embeddable":true,"href":"http:\/\/canserrat.org\/ca\/wp-json\/wp\/v2\/comments?post=2878"}],"version-history":[{"count":12,"href":"http:\/\/canserrat.org\/ca\/wp-json\/wp\/v2\/pages\/2878\/revisions"}],"predecessor-version":[{"id":8787,"href":"http:\/\/canserrat.org\/ca\/wp-json\/wp\/v2\/pages\/2878\/revisions\/8787"}],"wp:attachment":[{"href":"http:\/\/canserrat.org\/ca\/wp-json\/wp\/v2\/media?parent=2878"}],"curies":[{"name":"wp","href":"https:\/\/api.w.org\/{rel}","templated":true}]}}