{"id":2540,"date":"2018-07-30T15:27:57","date_gmt":"2018-07-30T15:27:57","guid":{"rendered":"http:\/\/canserrat.org\/?page_id=2540"},"modified":"2021-01-04T16:22:46","modified_gmt":"2021-01-04T16:22:46","slug":"catala-veu","status":"publish","type":"page","link":"http:\/\/canserrat.org\/ca\/espanol-proyectos\/catala-veu","title":{"rendered":"Veu"},"content":{"rendered":"<h1><\/h1>\n<div class=\"entry-content-asset videofit\"><iframe loading=\"lazy\" title=\"Can Serrat\" width=\"1140\" height=\"450\" scrolling=\"no\" frameborder=\"no\" src=\"https:\/\/w.soundcloud.com\/player\/?visual=true&#038;url=https%3A%2F%2Fapi.soundcloud.com%2Fusers%2F16685866&#038;show_artwork=true&#038;maxheight=1000&#038;maxwidth=1140\"><\/iframe><\/div>\n<p>&nbsp;<\/p>\n<p>Els arxius anteriors s\u00f3n lectures gravades seleccionades que van ser reprodu\u00efdes a trav\u00e9s d&#8217;altaveus i projectades en els carrers del Bruc des de la Biblioteca P\u00fablica del Bruc.<\/p>\n<p>&nbsp;<\/p>\n<p>La iniciativa va n\u00e9ixer en col\u00b7laboraci\u00f3 entre Can Serrat, la Biblioteca del Bruc \/ l&#8217;Ajuntament i en Carles Estrada. Amb escriptors de resid\u00e8ncia a Can Serrat, VEU esta concebut com una trobada de poesia i prosa estrangera i local.<\/p>\n<p>Cada tercer dimecres del mes oferiem la oportunitat d\u2019escoltar textos de poesia i prosa d\u2019autors catalans i espanyols, que s\u2019emitien de la biblioteca cap al carrer.<\/p>\n<p>Tothom est\u00e0 convidat a participar-hi.<\/p>\n<p>La idea era escollir un fragment d\u2019un text m\u00e9s llarg, una micronovel\u00b7la o un poema que hagueu escrit o de altra escriptor (en aquest cas s&#8217;ha de precisar qui \u00e9s l&#8217;autor i qui est\u00e0 llegint). Pot ser quelcom en proc\u00e9s o a punt de ser finalitzat, i incl\u00fas ja publicat.<\/p>\n<p>Si voleu participar, envieu-nos un text de m\u00e0xim 1 p\u00e0gina i l\u2019enregistrament d&#8217;una veu que pronunci\u00ef el text (mp3, enlla\u00e7 de soundcloud, etc.) a la seg\u00fcent adre\u00e7a: <a href=\"mailto:canserratart@gmail.com\">canserratart@gmail.com<\/a>. Abans de difondre el teu text, rebr\u00e0s\u00a0un correu per informar-te de quan\u00a0\u00e9s far\u00e0.<\/p>\n<p>El text no ha d&#8217;estar en angl\u00e8s.<\/p>\n<p>No dubteu posar-vos en contacte amb nosaltres si teniu alguna consulta al respecte.","protected":false},"excerpt":{"rendered":"<p>&nbsp; Els arxius anteriors s\u00f3n lectures gravades seleccionades que van ser reprodu\u00efdes a trav\u00e9s d&#8217;altaveus i projectades en els carrers del Bruc des de la Biblioteca P\u00fablica del Bruc. &nbsp; La iniciativa va n\u00e9ixer en col\u00b7laboraci\u00f3 entre Can Serrat, la &hellip; <a href=\"http:\/\/canserrat.org\/ca\/espanol-proyectos\/catala-veu\">Continued<\/a><\/p>\n","protected":false},"author":3,"featured_media":0,"parent":1964,"menu_order":0,"comment_status":"closed","ping_status":"closed","template":"","meta":{"_monsterinsights_skip_tracking":false,"_monsterinsights_sitenote_active":false,"_monsterinsights_sitenote_note":"","_monsterinsights_sitenote_category":0,"footnotes":""},"_links":{"self":[{"href":"http:\/\/canserrat.org\/ca\/wp-json\/wp\/v2\/pages\/2540"}],"collection":[{"href":"http:\/\/canserrat.org\/ca\/wp-json\/wp\/v2\/pages"}],"about":[{"href":"http:\/\/canserrat.org\/ca\/wp-json\/wp\/v2\/types\/page"}],"author":[{"embeddable":true,"href":"http:\/\/canserrat.org\/ca\/wp-json\/wp\/v2\/users\/3"}],"replies":[{"embeddable":true,"href":"http:\/\/canserrat.org\/ca\/wp-json\/wp\/v2\/comments?post=2540"}],"version-history":[{"count":7,"href":"http:\/\/canserrat.org\/ca\/wp-json\/wp\/v2\/pages\/2540\/revisions"}],"predecessor-version":[{"id":5669,"href":"http:\/\/canserrat.org\/ca\/wp-json\/wp\/v2\/pages\/2540\/revisions\/5669"}],"up":[{"embeddable":true,"href":"http:\/\/canserrat.org\/ca\/wp-json\/wp\/v2\/pages\/1964"}],"wp:attachment":[{"href":"http:\/\/canserrat.org\/ca\/wp-json\/wp\/v2\/media?parent=2540"}],"curies":[{"name":"wp","href":"https:\/\/api.w.org\/{rel}","templated":true}]}}